{"id":8380,"date":"2019-08-27T11:36:40","date_gmt":"2019-08-27T09:36:40","guid":{"rendered":"http:\/\/www.sinaptec.fr\/presse\/"},"modified":"2023-11-09T16:10:15","modified_gmt":"2023-11-09T15:10:15","slug":"press","status":"publish","type":"page","link":"https:\/\/www.sinaptec.fr\/en\/press\/","title":{"rendered":"Press"},"content":{"rendered":"[mk_page_section bg_color=&#8221;#f4f4f4&#8243; margin_bottom=&#8221;2&#8243; sidebar=&#8221;sidebar-1&#8243;][vc_column][mk_fancy_title tag_name=&#8221;h1&#8243; size=&#8221;30&#8243; font_weight=&#8221;300&#8243; font_family=&#8221;none&#8221;]Press[\/mk_fancy_title][\/vc_column][\/mk_page_section][mk_page_section bg_color=&#8221;#c5e1e2&#8243; padding_top=&#8221;20&#8243; sidebar=&#8221;sidebar-1&#8243;][vc_column][vc_column_text css=&#8221;.vc_custom_1582205791116{margin-bottom: 0px !important;}&#8221;]\n<h2><strong>Press releases :<\/strong><\/h2>\n[\/vc_column_text][\/vc_column][\/mk_page_section][mk_page_section bg_color=&#8221;#c5e1e2&#8243; sidebar=&#8221;sidebar-1&#8243;][vc_column width=&#8221;3\/4&#8243;][vc_column_text css=&#8221;.vc_custom_1580808396632{margin-bottom: 0px !important;}&#8221;]SinapTec \u00e0 l&#8217;honneur dans la Voix du Nord (janvier 2020)[\/vc_column_text][\/vc_column][vc_column width=&#8221;1\/4&#8243;][mk_button dimension=&#8221;two&#8221; size=&#8221;large&#8221; url=&#8221;http:\/\/www.sinaptec.fr\/wp-content\/uploads\/2020\/02\/parution-voix-du-nord-sinaptec.pdf&#8221; target=&#8221;_blank&#8221;]Read the article[\/mk_button][\/vc_column][\/mk_page_section][mk_page_section bg_color=&#8221;#c5e1e2&#8243; sidebar=&#8221;sidebar-1&#8243;][vc_column width=&#8221;3\/4&#8243;][vc_column_text css=&#8221;.vc_custom_1566900003916{margin-bottom: 0px !important;}&#8221;]SinapTec r\u00e9volutionne le monde du laboratoire avec la sortie du nouveau sonificateur Lab for axial probes, septembre 2015[\/vc_column_text][\/vc_column][vc_column width=&#8221;1\/4&#8243;][mk_button dimension=&#8221;two&#8221; size=&#8221;large&#8221; url=&#8221;http:\/\/www.sinaptec.fr\/wp-content\/uploads\/2019\/08\/1sinaptec-lab-fr.pdf&#8221; target=&#8221;_blank&#8221;]Read the article[\/mk_button][\/vc_column][\/mk_page_section][mk_page_section bg_color=&#8221;#c5e1e2&#8243; sidebar=&#8221;sidebar-1&#8243;][vc_column width=&#8221;3\/4&#8243;][vc_column_text css=&#8221;.vc_custom_1566900024507{margin-bottom: 0px !important;}&#8221;]Nouveau transducteur 100 kHz et nouveau g\u00e9n\u00e9rateur 1500 W (anglais), Mai 2015[\/vc_column_text][\/vc_column][vc_column width=&#8221;1\/4&#8243;][mk_button dimension=&#8221;two&#8221; size=&#8221;large&#8221; url=&#8221;http:\/\/www.sinaptec.fr\/wp-content\/uploads\/2019\/08\/communique-de-presse-journalistes-mai-2015_en.pdf&#8221; target=&#8221;_blank&#8221;]Read the article[\/mk_button][\/vc_column][\/mk_page_section][mk_page_section bg_color=&#8221;#c5e1e2&#8243; sidebar=&#8221;sidebar-1&#8243;][vc_column width=&#8221;3\/4&#8243;][vc_column_text css=&#8221;.vc_custom_1566900382751{margin-bottom: 0px !important;}&#8221;]Success story sur le d\u00e9p\u00f4t de couche mince (anglais), Septembre 2014[\/vc_column_text][\/vc_column][vc_column width=&#8221;1\/4&#8243;][mk_button dimension=&#8221;two&#8221; size=&#8221;large&#8221; url=&#8221;http:\/\/www.sinaptec.fr\/wp-content\/uploads\/2019\/08\/communique-de-presse-journalistes-mai-2015_en-1.pdf&#8221; target=&#8221;_blank&#8221;]Read the article[\/mk_button][\/vc_column][\/mk_page_section][mk_page_section bg_color=&#8221;#c5e1e2&#8243; sidebar=&#8221;sidebar-1&#8243;][vc_column width=&#8221;3\/4&#8243;][vc_column_text css=&#8221;.vc_custom_1566900434584{margin-bottom: 0px !important;}&#8221;]Nettoyage par ultrasons de tapis convoyeurs (anglais), Impact Delivered, EARTO, D\u00e9cembre 2012[\/vc_column_text][\/vc_column][vc_column width=&#8221;1\/4&#8243;][mk_button dimension=&#8221;two&#8221; size=&#8221;large&#8221; url=&#8221;http:\/\/www.sinaptec.fr\/wp-content\/uploads\/2019\/08\/impact-delivered_-article-sinaptec.pdf&#8221; target=&#8221;_blank&#8221;]Read the article[\/mk_button][\/vc_column][\/mk_page_section][mk_page_section bg_color=&#8221;#c5e1e2&#8243; sidebar=&#8221;sidebar-1&#8243;][vc_column width=&#8221;3\/4&#8243;][vc_column_text css=&#8221;.vc_custom_1566900481377{margin-bottom: 0px !important;}&#8221;]Success story Nettoyage efficace et ma\u00eetris\u00e9 en zone \u00e0 atmosph\u00e8re control\u00e9e, BioM\u00e9rieux, Mai 2012[\/vc_column_text][\/vc_column][vc_column width=&#8221;1\/4&#8243;][mk_button dimension=&#8221;two&#8221; size=&#8221;large&#8221; url=&#8221;http:\/\/www.sinaptec.fr\/wp-content\/uploads\/2019\/08\/sinaptec-sucess-story-reliable-cleaning-in-cleanroom-fr.pdf&#8221; target=&#8221;_blank&#8221;]Read the article[\/mk_button][\/vc_column][\/mk_page_section][mk_page_section bg_color=&#8221;#c5e1e2&#8243; sidebar=&#8221;sidebar-1&#8243;][vc_column width=&#8221;3\/4&#8243;][vc_column_text css=&#8221;.vc_custom_1566900525722{margin-bottom: 0px !important;}&#8221;]D\u00e9p\u00f4t de brevet sur la plateforme NexTgen, Avril 2012[\/vc_column_text][\/vc_column][vc_column width=&#8221;1\/4&#8243;][mk_button dimension=&#8221;two&#8221; size=&#8221;large&#8221; url=&#8221;http:\/\/www.sinaptec.fr\/wp-content\/uploads\/2019\/08\/cp_asrc_nextgen.pdf&#8221; target=&#8221;_blank&#8221;]Read the article[\/mk_button][\/vc_column][\/mk_page_section][mk_page_section bg_color=&#8221;#c5e1e2&#8243; sidebar=&#8221;sidebar-1&#8243;][vc_column width=&#8221;3\/4&#8243;][vc_column_text css=&#8221;.vc_custom_1566900712091{margin-bottom: 0px !important;}&#8221;]Success story Action anti-bulle pour bouteilles de lait, ASRC, SERAC, D\u00e9cembre 2011[\/vc_column_text][\/vc_column][vc_column width=&#8221;1\/4&#8243;][mk_button dimension=&#8221;two&#8221; size=&#8221;large&#8221; url=&#8221;http:\/\/www.sinaptec.fr\/wp-content\/uploads\/2019\/08\/communiqua-presse-asrc_sinaptec_action_anti_bulle.pdf&#8221; target=&#8221;_blank&#8221;]Read the article[\/mk_button][\/vc_column][\/mk_page_section][mk_page_section bg_color=&#8221;#c5e1e2&#8243; sidebar=&#8221;sidebar-1&#8243;][vc_column width=&#8221;3\/4&#8243;][vc_column_text css=&#8221;.vc_custom_1639481213034{margin-bottom: 0px !important;}&#8221;]<span lang=\"EN-US\">Gr\u00e2ce \u00e0 l&#8217;international, SinapTec ne passe plus sous les radars, Eco121, Novembre 2021<\/span>[\/vc_column_text][\/vc_column][vc_column width=&#8221;1\/4&#8243;][mk_button dimension=&#8221;two&#8221; size=&#8221;large&#8221; url=&#8221;https:\/\/www.sinaptec.fr\/wp-content\/uploads\/2021\/12\/eco-121-2.pdf&#8221; target=&#8221;_blank&#8221;]Read the article[\/mk_button][\/vc_column][\/mk_page_section][mk_page_section bg_color=&#8221;#c5e1e2&#8243; sidebar=&#8221;sidebar-1&#8243;][vc_column width=&#8221;3\/4&#8243;][vc_column_text css=&#8221;.vc_custom_1638977709942{margin-bottom: 0px !important;}&#8221;]<span lang=\"EN-US\">SinapTec oriente ses modules technologiques ultrasons vers le march\u00e9 de la sant\u00e9, Le Journal des Entreprises, Octobre 2021<\/span>[\/vc_column_text][\/vc_column][vc_column width=&#8221;1\/4&#8243;][mk_button dimension=&#8221;two&#8221; size=&#8221;large&#8221; url=&#8221;https:\/\/www.sinaptec.fr\/wp-content\/uploads\/2021\/12\/sinaptec_jde_octobre-2021-2.pdf&#8221; target=&#8221;_blank&#8221;]Read the article[\/mk_button][\/vc_column][\/mk_page_section][mk_page_section bg_color=&#8221;#c5e1e2&#8243; sidebar=&#8221;sidebar-1&#8243;][vc_column width=&#8221;3\/4&#8243;][vc_column_text css=&#8221;.vc_custom_1567085318101{margin-bottom: 0px !important;}&#8221;]Entretien avec Pascal Tierce, Pr\u00e9sident de SinapTec, L&#8217;Actualit\u00e9 Chimique, n\u00b0 410, Septembre 2016[\/vc_column_text][\/vc_column][vc_column width=&#8221;1\/4&#8243;][mk_button dimension=&#8221;two&#8221; size=&#8221;large&#8221; url=&#8221;http:\/\/www.sinaptec.fr\/wp-content\/uploads\/2019\/08\/actualite_chimique_n410_sept2016_p50.pdf&#8221; target=&#8221;_blank&#8221;]Read the article[\/mk_button][\/vc_column][\/mk_page_section][mk_page_section bg_color=&#8221;#c5e1e2&#8243; sidebar=&#8221;sidebar-1&#8243;][vc_column width=&#8221;3\/4&#8243;][vc_column_text css=&#8221;.vc_custom_1567085851525{margin-bottom: 0px !important;}&#8221;]Les ultrasons \u00e9tendent leurs applications, RIA, n\u00b0757, Juin 2014[\/vc_column_text][\/vc_column][vc_column width=&#8221;1\/4&#8243;][mk_button dimension=&#8221;two&#8221; size=&#8221;large&#8221; url=&#8221;http:\/\/www.sinaptec.fr\/wp-content\/uploads\/2019\/08\/ria_juin_2014.pdf&#8221; target=&#8221;_blank&#8221;]Read the article[\/mk_button][\/vc_column][\/mk_page_section][mk_page_section bg_color=&#8221;#c5e1e2&#8243; sidebar=&#8221;sidebar-1&#8243;][vc_column width=&#8221;3\/4&#8243;][vc_column_text css=&#8221;.vc_custom_1567086579851{margin-bottom: 0px !important;}&#8221;]Brevet pour une plateforme ultrasons universelle, DeviceMed France, n\u00b05, Novembre \/ D\u00e9cembre 2012[\/vc_column_text][\/vc_column][vc_column width=&#8221;1\/4&#8243;][mk_button dimension=&#8221;two&#8221; size=&#8221;large&#8221; url=&#8221;http:\/\/www.sinaptec.fr\/wp-content\/uploads\/2019\/08\/article_sinaptec.pdf&#8221; target=&#8221;_blank&#8221;]Read the article[\/mk_button][\/vc_column][\/mk_page_section][mk_page_section bg_color=&#8221;#c5e1e2&#8243; sidebar=&#8221;sidebar-1&#8243;][vc_column width=&#8221;3\/4&#8243;][vc_column_text css=&#8221;.vc_custom_1567087136243{margin-bottom: 0px !important;}&#8221;]SinapTec monte le son, Eco 121, n\u00b018, F\u00e9vrier 2012[\/vc_column_text][\/vc_column][vc_column width=&#8221;1\/4&#8243;][mk_button dimension=&#8221;two&#8221; size=&#8221;large&#8221; url=&#8221;http:\/\/www.sinaptec.fr\/wp-content\/uploads\/2019\/08\/eco121_fevrier_2012.pdf&#8221; target=&#8221;_blank&#8221;]Read the article[\/mk_button][\/vc_column][\/mk_page_section][mk_page_section bg_color=&#8221;#c5e1e2&#8243; sidebar=&#8221;sidebar-1&#8243;][vc_column width=&#8221;3\/4&#8243;][vc_column_text css=&#8221;.vc_custom_1567087363935{margin-bottom: 0px !important;}&#8221;]Sucess story, Nouvel \u00e9conomiste, n\u00b01585, Octobre 2011[\/vc_column_text][\/vc_column][vc_column width=&#8221;1\/4&#8243;][mk_button dimension=&#8221;two&#8221; size=&#8221;large&#8221; url=&#8221;http:\/\/www.sinaptec.fr\/wp-content\/uploads\/2019\/08\/cp-sinaptec-asrc-nouvel-economiste.pdf&#8221; target=&#8221;_blank&#8221;]Read the article[\/mk_button][\/vc_column][\/mk_page_section][mk_page_section bg_color=&#8221;#c5e1e2&#8243; sidebar=&#8221;sidebar-1&#8243;][vc_column width=&#8221;3\/4&#8243;][vc_column_text css=&#8221;.vc_custom_1567087417080{margin-bottom: 0px !important;}&#8221;]Annuaire Innovation &amp; Technologie[\/vc_column_text][\/vc_column][vc_column width=&#8221;1\/4&#8243;][mk_button dimension=&#8221;two&#8221; size=&#8221;large&#8221; url=&#8221;http:\/\/www.sinaptec.fr\/wp-content\/uploads\/2019\/08\/guide-de-la-rd-innovation-industrie-.pdf&#8221; target=&#8221;_blank&#8221;]Read the article[\/mk_button][\/vc_column][\/mk_page_section][mk_page_section bg_color=&#8221;#c5e1e2&#8243; sidebar=&#8221;sidebar-1&#8243;][vc_column width=&#8221;3\/4&#8243;][vc_column_text css=&#8221;.vc_custom_1567087525192{margin-bottom: 0px !important;}&#8221;]Les ultrasons am\u00e9liorent les aliments, Industrie &amp; Technologies, n\u00b0847, Adrianor, Avril 2003[\/vc_column_text][\/vc_column][vc_column width=&#8221;1\/4&#8243;][mk_button dimension=&#8221;two&#8221; size=&#8221;large&#8221; url=&#8221;http:\/\/www.sinaptec.fr\/wp-content\/uploads\/2019\/08\/article_it_texture_aliments.pdf&#8221; target=&#8221;_blank&#8221;]Read the article[\/mk_button][\/vc_column][\/mk_page_section][mk_page_section bg_color=&#8221;#c5e1e2&#8243; sidebar=&#8221;sidebar-1&#8243;][vc_column width=&#8221;3\/4&#8243;][vc_column_text css=&#8221;.vc_custom_1567087690625{margin-bottom: 0px !important;}&#8221;]SinapTec met les ultrasons au service de la technologie et de l&#8217;industrie, Novelect n\u00b0423, Octobre 2002[\/vc_column_text][\/vc_column][vc_column width=&#8221;1\/4&#8243;][mk_button dimension=&#8221;two&#8221; size=&#8221;large&#8221; url=&#8221;http:\/\/www.sinaptec.fr\/wp-content\/uploads\/2019\/08\/cahier-de-linnovation-nov-423-sinaptec.pdf&#8221; target=&#8221;_blank&#8221;]Read the article[\/mk_button][\/vc_column][\/mk_page_section][mk_page_section bg_color=&#8221;#c5e1e2&#8243; padding_top=&#8221;20&#8243; sidebar=&#8221;sidebar-1&#8243;][vc_column][vc_column_text css=&#8221;.vc_custom_1641395160209{margin-bottom: 0px !important;}&#8221;]\n<h2><strong>Publications :<\/strong><\/h2>\n[\/vc_column_text][\/vc_column][\/mk_page_section][mk_page_section bg_color=&#8221;#c5e1e2&#8243; sidebar=&#8221;sidebar-1&#8243;][vc_column width=&#8221;3\/4&#8243;][vc_column_text css=&#8221;.vc_custom_1590694494850{margin-bottom: 0px !important;}&#8221;]<span lang=\"EN-US\">Parution Ultrasonics \u2013 Sonochemistry \u2013 The use of non-cavitating coupling fluids for intensifying sonoelectrochemical processes<\/span>[\/vc_column_text][\/vc_column][vc_column width=&#8221;1\/4&#8243;][mk_button dimension=&#8221;two&#8221; size=&#8221;large&#8221; url=&#8221;http:\/\/www.sinaptec.fr\/wp-content\/uploads\/2020\/05\/the-use-of-non-cavitating-coupling-fluids.pdf&#8221; target=&#8221;_blank&#8221;]Read the publication[\/mk_button][\/vc_column][\/mk_page_section][mk_page_section bg_color=&#8221;#c5e1e2&#8243; sidebar=&#8221;sidebar-1&#8243;][vc_column width=&#8221;3\/4&#8243;][vc_column_text css=&#8221;.vc_custom_1580809240740{margin-bottom: 0px !important;}&#8221;]Parution Nature Scientific Reports &#8211; Selective and Catalyst-free Oxydation of D-Glucose to D-Glucuronic acid induced by HF Ultrasound[\/vc_column_text][\/vc_column][vc_column width=&#8221;1\/4&#8243;][mk_button dimension=&#8221;two&#8221; size=&#8221;large&#8221; url=&#8221;http:\/\/www.sinaptec.fr\/wp-content\/uploads\/2020\/02\/nature-scientific-reports-selective-and-catalyst-free-oxydation-of-d-glucose-to-d-glucuronic-acid-induced-by-hf-ultrasound.pdf&#8221; target=&#8221;_blank&#8221;]Read the publication[\/mk_button][\/vc_column][\/mk_page_section][mk_page_section bg_color=&#8221;#c5e1e2&#8243; sidebar=&#8221;sidebar-1&#8243;][vc_column width=&#8221;3\/4&#8243;][vc_column_text css=&#8221;.vc_custom_1580809166238{margin-bottom: 0px !important;}&#8221;]Parution Amaniampong et al 2018 (ChemSusChem) &#8211; Catalyst-Free Synthesis of Alkylpolyglycosides Induced by HF Ultrasound[\/vc_column_text][\/vc_column][vc_column width=&#8221;1\/4&#8243;][mk_button dimension=&#8221;two&#8221; size=&#8221;large&#8221; url=&#8221;http:\/\/www.sinaptec.fr\/wp-content\/uploads\/2020\/02\/amaniampong_et_al-2018-chemsuschem-catalyst-free-synthesis-of-alkylpolyglycosides-induced-by-hf-ultrasound.pdf&#8221; target=&#8221;_blank&#8221;]Read the publication[\/mk_button][\/vc_column][\/mk_page_section][mk_page_section bg_color=&#8221;#c5e1e2&#8243; sidebar=&#8221;sidebar-1&#8243;][vc_column width=&#8221;3\/4&#8243;][vc_column_text css=&#8221;.vc_custom_1580809075411{margin-bottom: 0px !important;}&#8221;]Parution JACS &#8211; Synergistic Effect of High-Frequency Ultrasound with Cupric Oxide[\/vc_column_text][\/vc_column][vc_column width=&#8221;1\/4&#8243;][mk_button dimension=&#8221;two&#8221; size=&#8221;large&#8221; url=&#8221;http:\/\/www.sinaptec.fr\/wp-content\/uploads\/2020\/02\/jacs-synergistic-effect-of-high-frequency-ultrasound-with-cupric-oxide.pdf&#8221; target=&#8221;_blank&#8221;]Read the publication[\/mk_button][\/vc_column][\/mk_page_section][mk_page_section bg_color=&#8221;#c5e1e2&#8243; sidebar=&#8221;sidebar-1&#8243;][vc_column width=&#8221;3\/4&#8243;][vc_column_text css=&#8221;.vc_custom_1599049962760{margin-bottom: 0px !important;}&#8221;]<span lang=\"EN-US\">Pr\u00e9paration rapide assist\u00e9e par ultrasons d&#8217;\u00e9talons d&#8217;eau pour le titrage coulom\u00e9trique Karl Fischer<\/span>[\/vc_column_text][\/vc_column][vc_column width=&#8221;1\/4&#8243;][mk_button dimension=&#8221;two&#8221; size=&#8221;large&#8221; url=&#8221;http:\/\/www.sinaptec.fr\/wp-content\/uploads\/2020\/09\/preparation-rapide-assistee-par-ultrasons-d-etalons-d-eau-pour-le-titrage-coulometrique-karl-fischer.pdf&#8221; target=&#8221;_blank&#8221;]Read the publication[\/mk_button][\/vc_column][\/mk_page_section][mk_page_section bg_color=&#8221;#c5e1e2&#8243; sidebar=&#8221;sidebar-1&#8243;][vc_column width=&#8221;3\/4&#8243;][vc_column_text css=&#8221;.vc_custom_1648132460200{margin-bottom: 0px !important;}&#8221;]\u00ab\u00a0Conversion of ammonia to hydrazine induced by high frequency ultrasound\u00a0\u00bb Angew. Chem. Int. Ed. 10.1002\/anie.202109516[\/vc_column_text][\/vc_column][vc_column width=&#8221;1\/4&#8243;][mk_button dimension=&#8221;two&#8221; size=&#8221;large&#8221; url=&#8221;https:\/\/www.sinaptec.fr\/wp-content\/uploads\/2022\/03\/conversion-of-ammonia-to-hydrazine-induced-by-high-frequency.pdf&#8221; target=&#8221;_blank&#8221;]Read the publication[\/mk_button][\/vc_column][\/mk_page_section][mk_page_section bg_color=&#8221;#c5e1e2&#8243; sidebar=&#8221;sidebar-1&#8243;][vc_column][mk_button dimension=&#8221;two&#8221; size=&#8221;xx-large&#8221; url=&#8221;contactez-nous-3&#8243; target=&#8221;_blank&#8221; align=&#8221;center&#8221;]Contact us[\/mk_button][\/vc_column][\/mk_page_section]\n","protected":false},"excerpt":{"rendered":"<p>[mk_page_section bg_color=&#8221;#f4f4f4&#8243; margin_bottom=&#8221;2&#8243; sidebar=&#8221;sidebar-1&#8243;][vc_column][mk_fancy_title tag_name=&#8221;h1&#8243; size=&#8221;30&#8243; font_weight=&#8221;300&#8243; font_family=&#8221;none&#8221;]Press[\/mk_fancy_title][\/vc_column][\/mk_page_section][mk_page_section bg_color=&#8221;#c5e1e2&#8243; padding_top=&#8221;20&#8243; sidebar=&#8221;sidebar-1&#8243;][vc_column][vc_column_text css=&#8221;.vc_custom_1582205791116{margin-bottom: 0px !important;}&#8221;] Press releases : [\/vc_column_text][\/vc_column][\/mk_page_section][mk_page_section bg_color=&#8221;#c5e1e2&#8243; sidebar=&#8221;sidebar-1&#8243;][vc_column width=&#8221;3\/4&#8243;][vc_column_text css=&#8221;.vc_custom_1580808396632{margin-bottom: 0px !important;}&#8221;]SinapTec \u00e0 l&#8217;honneur dans la Voix du Nord (janvier 2020)[\/vc_column_text][\/vc_column][vc_column width=&#8221;1\/4&#8243;][mk_button dimension=&#8221;two&#8221; size=&#8221;large&#8221; url=&#8221;http:\/\/www.sinaptec.fr\/wp-content\/uploads\/2020\/02\/parution-voix-du-nord-sinaptec.pdf&#8221; target=&#8221;_blank&#8221;]Read the article[\/mk_button][\/vc_column][\/mk_page_section][mk_page_section bg_color=&#8221;#c5e1e2&#8243; sidebar=&#8221;sidebar-1&#8243;][vc_column width=&#8221;3\/4&#8243;][vc_column_text css=&#8221;.vc_custom_1566900003916{margin-bottom: 0px !important;}&#8221;]SinapTec r\u00e9volutionne le monde du laboratoire avec la sortie du [&hellip;]<\/p>\n","protected":false},"author":1,"featured_media":0,"parent":0,"menu_order":0,"comment_status":"closed","ping_status":"closed","template":"","meta":{"_acf_changed":false,"footnotes":""},"class_list":["post-8380","page","type-page","status-publish","hentry"],"acf":[],"yoast_head":"<!-- This site is optimized with the Yoast SEO plugin v27.3 - https:\/\/yoast.com\/product\/yoast-seo-wordpress\/ -->\n<title>Press Releases - press kit | Sinaptec ultrasonic France<\/title>\n<meta name=\"description\" content=\"We are talking in the press about Sinaptec, a specialist in supporting companies with needs for ultrasound technology.\" \/>\n<meta name=\"robots\" content=\"index, follow, max-snippet:-1, max-image-preview:large, max-video-preview:-1\" \/>\n<link rel=\"canonical\" href=\"https:\/\/www.sinaptec.fr\/en\/press\/\" \/>\n<meta property=\"og:locale\" content=\"en_US\" \/>\n<meta property=\"og:type\" content=\"article\" \/>\n<meta property=\"og:title\" content=\"Press Releases - press kit | Sinaptec ultrasonic France\" \/>\n<meta property=\"og:description\" content=\"We are talking in the press about Sinaptec, a specialist in supporting companies with needs for ultrasound technology.\" \/>\n<meta property=\"og:url\" content=\"https:\/\/www.sinaptec.fr\/en\/press\/\" \/>\n<meta property=\"og:site_name\" content=\"Sinaptec\" \/>\n<meta property=\"article:modified_time\" content=\"2023-11-09T15:10:15+00:00\" \/>\n<meta property=\"og:image\" content=\"https:\/\/www.sinaptec.fr\/wp-content\/uploads\/2023\/11\/logo-synap-tec-metadonnees.jpg\" \/>\n\t<meta property=\"og:image:width\" content=\"1200\" \/>\n\t<meta property=\"og:image:height\" content=\"675\" \/>\n\t<meta property=\"og:image:type\" content=\"image\/jpeg\" \/>\n<meta name=\"twitter:card\" content=\"summary_large_image\" \/>\n<meta name=\"twitter:label1\" content=\"Est. reading time\" \/>\n\t<meta name=\"twitter:data1\" content=\"4 minutes\" \/>\n<script type=\"application\/ld+json\" class=\"yoast-schema-graph\">{\"@context\":\"https:\\\/\\\/schema.org\",\"@graph\":[{\"@type\":\"WebPage\",\"@id\":\"https:\\\/\\\/www.sinaptec.fr\\\/en\\\/press\\\/\",\"url\":\"https:\\\/\\\/www.sinaptec.fr\\\/en\\\/press\\\/\",\"name\":\"Press Releases - press kit | Sinaptec ultrasonic France\",\"isPartOf\":{\"@id\":\"https:\\\/\\\/www.sinaptec.fr\\\/en\\\/#website\"},\"datePublished\":\"2019-08-27T09:36:40+00:00\",\"dateModified\":\"2023-11-09T15:10:15+00:00\",\"description\":\"We are talking in the press about Sinaptec, a specialist in supporting companies with needs for ultrasound technology.\",\"breadcrumb\":{\"@id\":\"https:\\\/\\\/www.sinaptec.fr\\\/en\\\/press\\\/#breadcrumb\"},\"inLanguage\":\"en-US\",\"potentialAction\":[{\"@type\":\"ReadAction\",\"target\":[\"https:\\\/\\\/www.sinaptec.fr\\\/en\\\/press\\\/\"]}]},{\"@type\":\"BreadcrumbList\",\"@id\":\"https:\\\/\\\/www.sinaptec.fr\\\/en\\\/press\\\/#breadcrumb\",\"itemListElement\":[{\"@type\":\"ListItem\",\"position\":1,\"name\":\"Accueil\",\"item\":\"https:\\\/\\\/www.sinaptec.fr\\\/en\\\/\"},{\"@type\":\"ListItem\",\"position\":2,\"name\":\"Press\"}]},{\"@type\":\"WebSite\",\"@id\":\"https:\\\/\\\/www.sinaptec.fr\\\/en\\\/#website\",\"url\":\"https:\\\/\\\/www.sinaptec.fr\\\/en\\\/\",\"name\":\"Sinaptec\",\"description\":\"Technologie Ultrasons\",\"publisher\":{\"@id\":\"https:\\\/\\\/www.sinaptec.fr\\\/en\\\/#organization\"},\"alternateName\":\"Expertise Ultrason\",\"potentialAction\":[{\"@type\":\"SearchAction\",\"target\":{\"@type\":\"EntryPoint\",\"urlTemplate\":\"https:\\\/\\\/www.sinaptec.fr\\\/en\\\/?s={search_term_string}\"},\"query-input\":{\"@type\":\"PropertyValueSpecification\",\"valueRequired\":true,\"valueName\":\"search_term_string\"}}],\"inLanguage\":\"en-US\"},{\"@type\":\"Organization\",\"@id\":\"https:\\\/\\\/www.sinaptec.fr\\\/en\\\/#organization\",\"name\":\"Sinap Tec\",\"alternateName\":\"Sinap Tec\",\"url\":\"https:\\\/\\\/www.sinaptec.fr\\\/en\\\/\",\"logo\":{\"@type\":\"ImageObject\",\"inLanguage\":\"en-US\",\"@id\":\"https:\\\/\\\/www.sinaptec.fr\\\/en\\\/#\\\/schema\\\/logo\\\/image\\\/\",\"url\":\"https:\\\/\\\/www.sinaptec.fr\\\/wp-content\\\/uploads\\\/2023\\\/11\\\/logo-synap-tec-metadonnees.jpg\",\"contentUrl\":\"https:\\\/\\\/www.sinaptec.fr\\\/wp-content\\\/uploads\\\/2023\\\/11\\\/logo-synap-tec-metadonnees.jpg\",\"width\":1200,\"height\":675,\"caption\":\"Sinap Tec\"},\"image\":{\"@id\":\"https:\\\/\\\/www.sinaptec.fr\\\/en\\\/#\\\/schema\\\/logo\\\/image\\\/\"}}]}<\/script>\n<!-- \/ Yoast SEO plugin. -->","yoast_head_json":{"title":"Press Releases - press kit | Sinaptec ultrasonic France","description":"We are talking in the press about Sinaptec, a specialist in supporting companies with needs for ultrasound technology.","robots":{"index":"index","follow":"follow","max-snippet":"max-snippet:-1","max-image-preview":"max-image-preview:large","max-video-preview":"max-video-preview:-1"},"canonical":"https:\/\/www.sinaptec.fr\/en\/press\/","og_locale":"en_US","og_type":"article","og_title":"Press Releases - press kit | Sinaptec ultrasonic France","og_description":"We are talking in the press about Sinaptec, a specialist in supporting companies with needs for ultrasound technology.","og_url":"https:\/\/www.sinaptec.fr\/en\/press\/","og_site_name":"Sinaptec","article_modified_time":"2023-11-09T15:10:15+00:00","og_image":[{"width":1200,"height":675,"url":"https:\/\/www.sinaptec.fr\/wp-content\/uploads\/2023\/11\/logo-synap-tec-metadonnees.jpg","type":"image\/jpeg"}],"twitter_card":"summary_large_image","twitter_misc":{"Est. reading time":"4 minutes"},"schema":{"@context":"https:\/\/schema.org","@graph":[{"@type":"WebPage","@id":"https:\/\/www.sinaptec.fr\/en\/press\/","url":"https:\/\/www.sinaptec.fr\/en\/press\/","name":"Press Releases - press kit | Sinaptec ultrasonic France","isPartOf":{"@id":"https:\/\/www.sinaptec.fr\/en\/#website"},"datePublished":"2019-08-27T09:36:40+00:00","dateModified":"2023-11-09T15:10:15+00:00","description":"We are talking in the press about Sinaptec, a specialist in supporting companies with needs for ultrasound technology.","breadcrumb":{"@id":"https:\/\/www.sinaptec.fr\/en\/press\/#breadcrumb"},"inLanguage":"en-US","potentialAction":[{"@type":"ReadAction","target":["https:\/\/www.sinaptec.fr\/en\/press\/"]}]},{"@type":"BreadcrumbList","@id":"https:\/\/www.sinaptec.fr\/en\/press\/#breadcrumb","itemListElement":[{"@type":"ListItem","position":1,"name":"Accueil","item":"https:\/\/www.sinaptec.fr\/en\/"},{"@type":"ListItem","position":2,"name":"Press"}]},{"@type":"WebSite","@id":"https:\/\/www.sinaptec.fr\/en\/#website","url":"https:\/\/www.sinaptec.fr\/en\/","name":"Sinaptec","description":"Technologie Ultrasons","publisher":{"@id":"https:\/\/www.sinaptec.fr\/en\/#organization"},"alternateName":"Expertise Ultrason","potentialAction":[{"@type":"SearchAction","target":{"@type":"EntryPoint","urlTemplate":"https:\/\/www.sinaptec.fr\/en\/?s={search_term_string}"},"query-input":{"@type":"PropertyValueSpecification","valueRequired":true,"valueName":"search_term_string"}}],"inLanguage":"en-US"},{"@type":"Organization","@id":"https:\/\/www.sinaptec.fr\/en\/#organization","name":"Sinap Tec","alternateName":"Sinap Tec","url":"https:\/\/www.sinaptec.fr\/en\/","logo":{"@type":"ImageObject","inLanguage":"en-US","@id":"https:\/\/www.sinaptec.fr\/en\/#\/schema\/logo\/image\/","url":"https:\/\/www.sinaptec.fr\/wp-content\/uploads\/2023\/11\/logo-synap-tec-metadonnees.jpg","contentUrl":"https:\/\/www.sinaptec.fr\/wp-content\/uploads\/2023\/11\/logo-synap-tec-metadonnees.jpg","width":1200,"height":675,"caption":"Sinap Tec"},"image":{"@id":"https:\/\/www.sinaptec.fr\/en\/#\/schema\/logo\/image\/"}}]}},"_links":{"self":[{"href":"https:\/\/www.sinaptec.fr\/en\/wp-json\/wp\/v2\/pages\/8380","targetHints":{"allow":["GET"]}}],"collection":[{"href":"https:\/\/www.sinaptec.fr\/en\/wp-json\/wp\/v2\/pages"}],"about":[{"href":"https:\/\/www.sinaptec.fr\/en\/wp-json\/wp\/v2\/types\/page"}],"author":[{"embeddable":true,"href":"https:\/\/www.sinaptec.fr\/en\/wp-json\/wp\/v2\/users\/1"}],"replies":[{"embeddable":true,"href":"https:\/\/www.sinaptec.fr\/en\/wp-json\/wp\/v2\/comments?post=8380"}],"version-history":[{"count":14,"href":"https:\/\/www.sinaptec.fr\/en\/wp-json\/wp\/v2\/pages\/8380\/revisions"}],"predecessor-version":[{"id":10997,"href":"https:\/\/www.sinaptec.fr\/en\/wp-json\/wp\/v2\/pages\/8380\/revisions\/10997"}],"wp:attachment":[{"href":"https:\/\/www.sinaptec.fr\/en\/wp-json\/wp\/v2\/media?parent=8380"}],"curies":[{"name":"wp","href":"https:\/\/api.w.org\/{rel}","templated":true}]}}