{"id":8216,"date":"2019-10-03T17:43:54","date_gmt":"2019-10-03T15:43:54","guid":{"rendered":"http:\/\/www.sinaptec.fr\/nos-ressources\/"},"modified":"2023-11-09T15:59:22","modified_gmt":"2023-11-09T14:59:22","slug":"resources","status":"publish","type":"page","link":"https:\/\/www.sinaptec.fr\/en\/resources\/","title":{"rendered":"Resources"},"content":{"rendered":"[mk_page_section bg_color=&#8221;#f4f4f4&#8243; padding_top=&#8221;20&#8243; sidebar=&#8221;sidebar-1&#8243;][vc_column][mk_fancy_title tag_name=&#8221;h1&#8243; size=&#8221;30&#8243; font_family=&#8221;none&#8221;]Resources[\/mk_fancy_title][\/vc_column][\/mk_page_section][mk_page_section padding_top=&#8221;20&#8243; sidebar=&#8221;sidebar-1&#8243;][vc_column][vc_column_text css=&#8221;.vc_custom_1699541957438{margin-bottom: 0px !important;}&#8221;]\n<h2 style=\"font-size: 20px;\"><strong>Our Innovativeness in Ultrasonics:<\/strong><\/h2>\n<p>The large scope of ultrasonic applications requires instruments from a wide range of scientific and technical disciplines.<\/p>\n<p>Depending on the requirements, our team of engineers and technicians, all with extensive industrial experience, use:<\/p>\n<ul>\n<li>Their fundamental knowledge of the physics of ultrasound and the spreading of ultrasonic vibrations in the different media,<\/li>\n<li>Their latest tools and equipments in terms of modelling, design and research\u00a0: calculation software which uses 3D mechanical CAD \/ electronic CAD and mechanical CAD finite elements. The engineering department is able to design high-performance ultrasonic systems tailored to a great many applications.<\/li>\n<li>Vast skills in mechanics and electronics.<\/li>\n<li>Measure and control capabilities specific to ultrasound, ultra-sound\u00a0 specific measurement and control methods, impedance analyser, laser vibrometer\u2026<\/li>\n<li>A patented technology : Our technological platform NexTgen:\n<ul>\n<li>A unique combination between software and hardware which renders obsolete the traditional electronics of ultrasound production<\/li>\n<li>A set of tools and CAO software in order to speed up knowledge acquisition and diminish the time needed to bring to market<\/li>\n<\/ul>\n<\/li>\n<\/ul>\n<ul>\n<li>Strong commitment to reducing the \u00ab Time to Market \u00bb:\n<ul>\n<li>Our flexibility and adaptation capacity rest on our patented electronic technology &#8211; NexTgen Platform \u2013 on our control of the design of transducers as well as 35 years of exp\u00e9rience.<\/li>\n<li>Our experience in numerous fields of application.<\/li>\n<\/ul>\n<\/li>\n<\/ul>\n<h2 style=\"font-size: 20px;\"><strong>Our Organisation :<\/strong><\/h2>\n<ul>\n<li>A single face and contact for each of our fields of activities,<\/li>\n<li>A costumer service unit,<\/li>\n<li>A local production unit,<\/li>\n<li>A R &amp; D department to take on the challenges of tomorrow.<\/li>\n<\/ul>\n<h2 style=\"font-size: 20px;\"><strong>Member of\u00a0 a Network<\/strong>:<\/h2>\n<p>Our membership in a network makes sure we are in permanent contact with the key players in that part of research and industry which involves the development of ultrasound technology.<\/p>\n<h3 style=\"font-size: 16px;\"><strong>A few of our French research partners: <\/strong><strong>\u00a0<\/strong><\/h3>\n<ul>\n<li>INPT-ENSEEIHT \/ Groupe de Recherche en Electrodynamique (Toulouse),<\/li>\n<li>INPT-ENSIACET \/ Laboratoire de G\u00e9nie Chimique Ing\u00e9nierie des R\u00e9acteurs Polyphasiques Innovants &#8211; G\u00e9nie Sonochimique (TOULOUSE),<\/li>\n<li>Centre Rapsodee, UMR CNRS 5302 Ecole des mines d&#8217;Albi-Carmaux (ALBI),<\/li>\n<li>CRITT G\u00e9nie des Proc\u00e9d\u00e9s et Technologies Environnementales (Toulouse),<\/li>\n<li>UTINAM UMR 6213 CNRS\/ Universit\u00e9 de Franche Comt\u00e9 (Besan\u00e7on),<\/li>\n<li>Laboratoire de Chimie Mol\u00e9culaire et Environnement (LCME),<\/li>\n<li>Universit\u00e9 Savoie Mont-Blanc (Le Bourget du Lac),<\/li>\n<li>Institut Charles Viollette, Equipe ProBioGEM Polytech Lille USTL 1 Sciences et Technologies (Villeneuve d&#8217;Ascq).<\/li>\n<\/ul>\n<h3 style=\"font-size: 16px;\"><strong>Multi-partner research projects in France and Europe\u00a0: <\/strong><\/h3>\n<ul>\n<li>LOWTEV II: Low Temperature and Lean Cleaning System,<\/li>\n<li>PIEZOBIO: Development of piezoelectric solutions for cold plasma generation dedicated to biomedical applications,<\/li>\n<li>INEXUS: Intensification of the extraction processes of bioactive compounds from plant material with ultrasonics systems,<\/li>\n<li>ULTRACLEAN: Innovative ultrasonic antifouling system for membrane bioreactor (MBR) in wastewater treatment<\/li>\n<li>MASCOFIL: To develop a quality alternative mask for the general public, dedicated to the fight against pandemics, comfortable, washable, with high filtration performance and manufactured on an automatic machine,<\/li>\n<\/ul>\n[\/vc_column_text][\/vc_column][\/mk_page_section]\n","protected":false},"excerpt":{"rendered":"<p>[mk_page_section bg_color=&#8221;#f4f4f4&#8243; padding_top=&#8221;20&#8243; sidebar=&#8221;sidebar-1&#8243;][vc_column][mk_fancy_title tag_name=&#8221;h1&#8243; size=&#8221;30&#8243; font_family=&#8221;none&#8221;]Resources[\/mk_fancy_title][\/vc_column][\/mk_page_section][mk_page_section padding_top=&#8221;20&#8243; sidebar=&#8221;sidebar-1&#8243;][vc_column][vc_column_text css=&#8221;.vc_custom_1699541957438{margin-bottom: 0px !important;}&#8221;] Our Innovativeness in Ultrasonics: The large scope of ultrasonic applications requires instruments from a wide range of scientific and technical disciplines. Depending on the requirements, our team of engineers and technicians, all with extensive industrial experience, use: Their fundamental knowledge of the physics [&hellip;]<\/p>\n","protected":false},"author":1,"featured_media":0,"parent":0,"menu_order":0,"comment_status":"closed","ping_status":"closed","template":"","meta":{"_acf_changed":false,"footnotes":""},"class_list":["post-8216","page","type-page","status-publish","hentry"],"acf":[],"yoast_head":"<!-- This site is optimized with the Yoast SEO plugin v27.3 - https:\/\/yoast.com\/product\/yoast-seo-wordpress\/ -->\n<title>Resources for ultrasound innovation | SinapTec Ultrasonics<\/title>\n<meta name=\"description\" content=\"Thanks to resources for ultrasonic innovation, its oiled organization and its network built over 35 years, SinapTec is the ideal partner for your projects.\" \/>\n<meta name=\"robots\" content=\"index, follow, max-snippet:-1, max-image-preview:large, max-video-preview:-1\" \/>\n<link rel=\"canonical\" href=\"https:\/\/www.sinaptec.fr\/en\/resources\/\" \/>\n<meta property=\"og:locale\" content=\"en_US\" \/>\n<meta property=\"og:type\" content=\"article\" \/>\n<meta property=\"og:title\" content=\"Resources for ultrasound innovation | SinapTec Ultrasonics\" \/>\n<meta property=\"og:description\" content=\"Thanks to resources for ultrasonic innovation, its oiled organization and its network built over 35 years, SinapTec is the ideal partner for your projects.\" \/>\n<meta property=\"og:url\" content=\"https:\/\/www.sinaptec.fr\/en\/resources\/\" \/>\n<meta property=\"og:site_name\" content=\"Sinaptec\" \/>\n<meta property=\"article:modified_time\" content=\"2023-11-09T14:59:22+00:00\" \/>\n<meta property=\"og:image\" content=\"https:\/\/www.sinaptec.fr\/wp-content\/uploads\/2023\/11\/logo-synap-tec-metadonnees.jpg\" \/>\n\t<meta property=\"og:image:width\" content=\"1200\" \/>\n\t<meta property=\"og:image:height\" content=\"675\" \/>\n\t<meta property=\"og:image:type\" content=\"image\/jpeg\" \/>\n<meta name=\"twitter:card\" content=\"summary_large_image\" \/>\n<meta name=\"twitter:label1\" content=\"Est. reading time\" \/>\n\t<meta name=\"twitter:data1\" content=\"3 minutes\" \/>\n<script type=\"application\/ld+json\" class=\"yoast-schema-graph\">{\"@context\":\"https:\\\/\\\/schema.org\",\"@graph\":[{\"@type\":\"WebPage\",\"@id\":\"https:\\\/\\\/www.sinaptec.fr\\\/en\\\/resources\\\/\",\"url\":\"https:\\\/\\\/www.sinaptec.fr\\\/en\\\/resources\\\/\",\"name\":\"Resources for ultrasound innovation | SinapTec Ultrasonics\",\"isPartOf\":{\"@id\":\"https:\\\/\\\/www.sinaptec.fr\\\/en\\\/#website\"},\"datePublished\":\"2019-10-03T15:43:54+00:00\",\"dateModified\":\"2023-11-09T14:59:22+00:00\",\"description\":\"Thanks to resources for ultrasonic innovation, its oiled organization and its network built over 35 years, SinapTec is the ideal partner for your projects.\",\"breadcrumb\":{\"@id\":\"https:\\\/\\\/www.sinaptec.fr\\\/en\\\/resources\\\/#breadcrumb\"},\"inLanguage\":\"en-US\",\"potentialAction\":[{\"@type\":\"ReadAction\",\"target\":[\"https:\\\/\\\/www.sinaptec.fr\\\/en\\\/resources\\\/\"]}]},{\"@type\":\"BreadcrumbList\",\"@id\":\"https:\\\/\\\/www.sinaptec.fr\\\/en\\\/resources\\\/#breadcrumb\",\"itemListElement\":[{\"@type\":\"ListItem\",\"position\":1,\"name\":\"Accueil\",\"item\":\"https:\\\/\\\/www.sinaptec.fr\\\/en\\\/\"},{\"@type\":\"ListItem\",\"position\":2,\"name\":\"Resources\"}]},{\"@type\":\"WebSite\",\"@id\":\"https:\\\/\\\/www.sinaptec.fr\\\/en\\\/#website\",\"url\":\"https:\\\/\\\/www.sinaptec.fr\\\/en\\\/\",\"name\":\"Sinaptec\",\"description\":\"Technologie Ultrasons\",\"publisher\":{\"@id\":\"https:\\\/\\\/www.sinaptec.fr\\\/en\\\/#organization\"},\"alternateName\":\"Expertise Ultrason\",\"potentialAction\":[{\"@type\":\"SearchAction\",\"target\":{\"@type\":\"EntryPoint\",\"urlTemplate\":\"https:\\\/\\\/www.sinaptec.fr\\\/en\\\/?s={search_term_string}\"},\"query-input\":{\"@type\":\"PropertyValueSpecification\",\"valueRequired\":true,\"valueName\":\"search_term_string\"}}],\"inLanguage\":\"en-US\"},{\"@type\":\"Organization\",\"@id\":\"https:\\\/\\\/www.sinaptec.fr\\\/en\\\/#organization\",\"name\":\"Sinap Tec\",\"alternateName\":\"Sinap Tec\",\"url\":\"https:\\\/\\\/www.sinaptec.fr\\\/en\\\/\",\"logo\":{\"@type\":\"ImageObject\",\"inLanguage\":\"en-US\",\"@id\":\"https:\\\/\\\/www.sinaptec.fr\\\/en\\\/#\\\/schema\\\/logo\\\/image\\\/\",\"url\":\"https:\\\/\\\/www.sinaptec.fr\\\/wp-content\\\/uploads\\\/2023\\\/11\\\/logo-synap-tec-metadonnees.jpg\",\"contentUrl\":\"https:\\\/\\\/www.sinaptec.fr\\\/wp-content\\\/uploads\\\/2023\\\/11\\\/logo-synap-tec-metadonnees.jpg\",\"width\":1200,\"height\":675,\"caption\":\"Sinap Tec\"},\"image\":{\"@id\":\"https:\\\/\\\/www.sinaptec.fr\\\/en\\\/#\\\/schema\\\/logo\\\/image\\\/\"}}]}<\/script>\n<!-- \/ Yoast SEO plugin. -->","yoast_head_json":{"title":"Resources for ultrasound innovation | SinapTec Ultrasonics","description":"Thanks to resources for ultrasonic innovation, its oiled organization and its network built over 35 years, SinapTec is the ideal partner for your projects.","robots":{"index":"index","follow":"follow","max-snippet":"max-snippet:-1","max-image-preview":"max-image-preview:large","max-video-preview":"max-video-preview:-1"},"canonical":"https:\/\/www.sinaptec.fr\/en\/resources\/","og_locale":"en_US","og_type":"article","og_title":"Resources for ultrasound innovation | SinapTec Ultrasonics","og_description":"Thanks to resources for ultrasonic innovation, its oiled organization and its network built over 35 years, SinapTec is the ideal partner for your projects.","og_url":"https:\/\/www.sinaptec.fr\/en\/resources\/","og_site_name":"Sinaptec","article_modified_time":"2023-11-09T14:59:22+00:00","og_image":[{"width":1200,"height":675,"url":"https:\/\/www.sinaptec.fr\/wp-content\/uploads\/2023\/11\/logo-synap-tec-metadonnees.jpg","type":"image\/jpeg"}],"twitter_card":"summary_large_image","twitter_misc":{"Est. reading time":"3 minutes"},"schema":{"@context":"https:\/\/schema.org","@graph":[{"@type":"WebPage","@id":"https:\/\/www.sinaptec.fr\/en\/resources\/","url":"https:\/\/www.sinaptec.fr\/en\/resources\/","name":"Resources for ultrasound innovation | SinapTec Ultrasonics","isPartOf":{"@id":"https:\/\/www.sinaptec.fr\/en\/#website"},"datePublished":"2019-10-03T15:43:54+00:00","dateModified":"2023-11-09T14:59:22+00:00","description":"Thanks to resources for ultrasonic innovation, its oiled organization and its network built over 35 years, SinapTec is the ideal partner for your projects.","breadcrumb":{"@id":"https:\/\/www.sinaptec.fr\/en\/resources\/#breadcrumb"},"inLanguage":"en-US","potentialAction":[{"@type":"ReadAction","target":["https:\/\/www.sinaptec.fr\/en\/resources\/"]}]},{"@type":"BreadcrumbList","@id":"https:\/\/www.sinaptec.fr\/en\/resources\/#breadcrumb","itemListElement":[{"@type":"ListItem","position":1,"name":"Accueil","item":"https:\/\/www.sinaptec.fr\/en\/"},{"@type":"ListItem","position":2,"name":"Resources"}]},{"@type":"WebSite","@id":"https:\/\/www.sinaptec.fr\/en\/#website","url":"https:\/\/www.sinaptec.fr\/en\/","name":"Sinaptec","description":"Technologie Ultrasons","publisher":{"@id":"https:\/\/www.sinaptec.fr\/en\/#organization"},"alternateName":"Expertise Ultrason","potentialAction":[{"@type":"SearchAction","target":{"@type":"EntryPoint","urlTemplate":"https:\/\/www.sinaptec.fr\/en\/?s={search_term_string}"},"query-input":{"@type":"PropertyValueSpecification","valueRequired":true,"valueName":"search_term_string"}}],"inLanguage":"en-US"},{"@type":"Organization","@id":"https:\/\/www.sinaptec.fr\/en\/#organization","name":"Sinap Tec","alternateName":"Sinap Tec","url":"https:\/\/www.sinaptec.fr\/en\/","logo":{"@type":"ImageObject","inLanguage":"en-US","@id":"https:\/\/www.sinaptec.fr\/en\/#\/schema\/logo\/image\/","url":"https:\/\/www.sinaptec.fr\/wp-content\/uploads\/2023\/11\/logo-synap-tec-metadonnees.jpg","contentUrl":"https:\/\/www.sinaptec.fr\/wp-content\/uploads\/2023\/11\/logo-synap-tec-metadonnees.jpg","width":1200,"height":675,"caption":"Sinap Tec"},"image":{"@id":"https:\/\/www.sinaptec.fr\/en\/#\/schema\/logo\/image\/"}}]}},"_links":{"self":[{"href":"https:\/\/www.sinaptec.fr\/en\/wp-json\/wp\/v2\/pages\/8216","targetHints":{"allow":["GET"]}}],"collection":[{"href":"https:\/\/www.sinaptec.fr\/en\/wp-json\/wp\/v2\/pages"}],"about":[{"href":"https:\/\/www.sinaptec.fr\/en\/wp-json\/wp\/v2\/types\/page"}],"author":[{"embeddable":true,"href":"https:\/\/www.sinaptec.fr\/en\/wp-json\/wp\/v2\/users\/1"}],"replies":[{"embeddable":true,"href":"https:\/\/www.sinaptec.fr\/en\/wp-json\/wp\/v2\/comments?post=8216"}],"version-history":[{"count":11,"href":"https:\/\/www.sinaptec.fr\/en\/wp-json\/wp\/v2\/pages\/8216\/revisions"}],"predecessor-version":[{"id":10991,"href":"https:\/\/www.sinaptec.fr\/en\/wp-json\/wp\/v2\/pages\/8216\/revisions\/10991"}],"wp:attachment":[{"href":"https:\/\/www.sinaptec.fr\/en\/wp-json\/wp\/v2\/media?parent=8216"}],"curies":[{"name":"wp","href":"https:\/\/api.w.org\/{rel}","templated":true}]}}