{"id":8107,"date":"2019-07-16T09:29:35","date_gmt":"2019-07-16T07:29:35","guid":{"rendered":"http:\/\/www.sinaptec.fr\/nucleaire\/"},"modified":"2024-05-24T14:58:59","modified_gmt":"2024-05-24T12:58:59","slug":"nuclear","status":"publish","type":"page","link":"https:\/\/www.sinaptec.fr\/en\/nuclear\/","title":{"rendered":"Nuclear technology"},"content":{"rendered":"[mk_page_section bg_color=&#8221;#f4f4f4&#8243; margin_bottom=&#8221;10&#8243; sidebar=&#8221;sidebar-1&#8243;][vc_column][mk_fancy_title tag_name=&#8221;h1&#8243; size=&#8221;30&#8243; margin_bottom=&#8221;0&#8243; font_family=&#8221;none&#8221;]Nuclear Technology[\/mk_fancy_title][mk_fancy_title size=&#8221;20&#8243; font_weight=&#8221;500&#8243; margin_bottom=&#8221;0&#8243; font_family=&#8221;none&#8221;]Durable Technology for use in Nuclear environments[\/mk_fancy_title][\/vc_column][\/mk_page_section][mk_page_section][vc_column][vc_single_image image=&#8221;12330&#8243; img_size=&#8221;1160&#215;420&#8243;][vc_column_text css=&#8221;.vc_custom_1704651861039{margin-bottom: 0px !important;}&#8221;]\n<p style=\"text-align: center;\">A question about the following? Need a quote or more information?<\/p>\n[\/vc_column_text][mk_button dimension=&#8221;two&#8221; size=&#8221;large&#8221; url=&#8221;https:\/\/www.sinaptec.fr\/en\/contact-us\/&#8221; target=&#8221;_blank&#8221; align=&#8221;center&#8221;]Contact us[\/mk_button][\/vc_column][\/mk_page_section][mk_page_section][vc_column][vc_column_text css=&#8221;.vc_custom_1581001771169{margin-bottom: 0px !important;}&#8221;]In 1995 SinapTec was assigned the task of finding a solution for the <strong>sieving <\/strong>of powders within the recycling as part of the fuel cycle. After its successful development and with now 25 years of experience to its credit, SinapTec has evolved into the obvious first-stop contract partner for the development and implementation of durable technologies in the nuclear power industry.[\/vc_column_text][\/vc_column][\/mk_page_section][mk_page_section][vc_column width=&#8221;1\/2&#8243;][mk_fancy_title size=&#8221;30&#8243; font_family=&#8221;none&#8221;]Fuel Cycle[\/mk_fancy_title][vc_column_text css=&#8221;.vc_custom_1581002078703{margin-bottom: 0px !important;}&#8221;]\n<ul>\n<li>Sieving of funnels,<\/li>\n<li>Cleaning of filters<\/li>\n<li>Sieving of powders<\/li>\n<\/ul>\n[\/vc_column_text][\/vc_column][vc_column width=&#8221;1\/2&#8243;][vc_single_image image=&#8221;7053&#8243; img_size=&#8221;250&#215;250&#8243;][\/vc_column][\/mk_page_section][mk_page_section][vc_column width=&#8221;1\/2&#8243;][vc_single_image image=&#8221;8129&#8243; img_size=&#8221;full&#8221;][\/vc_column][vc_column width=&#8221;1\/2&#8243;][mk_fancy_title size=&#8221;30&#8243; font_family=&#8221;none&#8221;]Decontamination[\/mk_fancy_title][vc_column_text css=&#8221;.vc_custom_1581001932038{margin-bottom: 0px !important;}&#8221;]\n<ul>\n<li>Dedusting by acoustic wind,<\/li>\n<li>Decalcification of pipes and tubes,<\/li>\n<li>Declassification of waste,<\/li>\n<li>Decontamination in liquid media,<\/li>\n<li>Fine particle agglomeration for filtration,<\/li>\n<\/ul>\n[\/vc_column_text][\/vc_column][\/mk_page_section][mk_page_section][vc_column width=&#8221;1\/2&#8243;][mk_fancy_title size=&#8221;30&#8243; font_family=&#8221;none&#8221;]Measure and Control[\/mk_fancy_title][vc_column_text css=&#8221;.vc_custom_1581002118557{margin-bottom: 0px !important;}&#8221;]\n<ul>\n<li>Measure and control in security areas.<\/li>\n<\/ul>\n[\/vc_column_text][\/vc_column][vc_column width=&#8221;1\/2&#8243;][vc_single_image image=&#8221;10716&#8243; img_size=&#8221;full&#8221;][\/vc_column][\/mk_page_section]\n","protected":false},"excerpt":{"rendered":"<p>[mk_page_section bg_color=&#8221;#f4f4f4&#8243; margin_bottom=&#8221;10&#8243; sidebar=&#8221;sidebar-1&#8243;][vc_column][mk_fancy_title tag_name=&#8221;h1&#8243; size=&#8221;30&#8243; margin_bottom=&#8221;0&#8243; font_family=&#8221;none&#8221;]Nuclear Technology[\/mk_fancy_title][mk_fancy_title size=&#8221;20&#8243; font_weight=&#8221;500&#8243; margin_bottom=&#8221;0&#8243; font_family=&#8221;none&#8221;]Durable Technology for use in Nuclear environments[\/mk_fancy_title][\/vc_column][\/mk_page_section][mk_page_section][vc_column][vc_single_image image=&#8221;12330&#8243; img_size=&#8221;1160&#215;420&#8243;][vc_column_text css=&#8221;.vc_custom_1704651861039{margin-bottom: 0px !important;}&#8221;] A question about the following? Need a quote or more information? [\/vc_column_text][mk_button dimension=&#8221;two&#8221; size=&#8221;large&#8221; url=&#8221;https:\/\/www.sinaptec.fr\/en\/contact-us\/&#8221; target=&#8221;_blank&#8221; align=&#8221;center&#8221;]Contact us[\/mk_button][\/vc_column][\/mk_page_section][mk_page_section][vc_column][vc_column_text css=&#8221;.vc_custom_1581001771169{margin-bottom: 0px !important;}&#8221;]In 1995 SinapTec was assigned the task of finding a solution [&hellip;]<\/p>\n","protected":false},"author":1,"featured_media":0,"parent":0,"menu_order":0,"comment_status":"closed","ping_status":"closed","template":"","meta":{"_acf_changed":false,"footnotes":""},"class_list":["post-8107","page","type-page","status-publish","hentry"],"acf":[],"yoast_head":"<!-- This site is optimized with the Yoast SEO plugin v27.3 - https:\/\/yoast.com\/product\/yoast-seo-wordpress\/ -->\n<title>Ultrasonic Nuclear Technology |\u00a0SinapTec ultrasonic<\/title>\n<meta name=\"description\" content=\"35 ans d\u2019exp\u00e9rience ont fait de SinapTec le sp\u00e9cialiste de la mise en \u0153uvre de la technologie des ultrasons dans le Nucl\u00e9aire, initi\u00e9e dans le tamisage...\" \/>\n<meta name=\"robots\" content=\"index, follow, max-snippet:-1, max-image-preview:large, max-video-preview:-1\" \/>\n<link rel=\"canonical\" href=\"https:\/\/www.sinaptec.fr\/en\/nuclear\/\" \/>\n<meta property=\"og:locale\" content=\"en_US\" \/>\n<meta property=\"og:type\" content=\"article\" \/>\n<meta property=\"og:title\" content=\"Ultrasonic Nuclear Technology |\u00a0SinapTec ultrasonic\" \/>\n<meta property=\"og:description\" content=\"35 ans d\u2019exp\u00e9rience ont fait de SinapTec le sp\u00e9cialiste de la mise en \u0153uvre de la technologie des ultrasons dans le Nucl\u00e9aire, initi\u00e9e dans le tamisage...\" \/>\n<meta property=\"og:url\" content=\"https:\/\/www.sinaptec.fr\/en\/nuclear\/\" \/>\n<meta property=\"og:site_name\" content=\"Sinaptec\" \/>\n<meta property=\"article:modified_time\" content=\"2024-05-24T12:58:59+00:00\" \/>\n<meta property=\"og:image\" content=\"https:\/\/www.sinaptec.fr\/wp-content\/uploads\/2023\/11\/logo-synap-tec-metadonnees.jpg\" \/>\n\t<meta property=\"og:image:width\" content=\"1200\" \/>\n\t<meta property=\"og:image:height\" content=\"675\" \/>\n\t<meta property=\"og:image:type\" content=\"image\/jpeg\" \/>\n<meta name=\"twitter:card\" content=\"summary_large_image\" \/>\n<meta name=\"twitter:label1\" content=\"Est. reading time\" \/>\n\t<meta name=\"twitter:data1\" content=\"1 minute\" \/>\n<script type=\"application\/ld+json\" class=\"yoast-schema-graph\">{\"@context\":\"https:\\\/\\\/schema.org\",\"@graph\":[{\"@type\":\"WebPage\",\"@id\":\"https:\\\/\\\/www.sinaptec.fr\\\/en\\\/nuclear\\\/\",\"url\":\"https:\\\/\\\/www.sinaptec.fr\\\/en\\\/nuclear\\\/\",\"name\":\"Ultrasonic Nuclear Technology |\u00a0SinapTec ultrasonic\",\"isPartOf\":{\"@id\":\"https:\\\/\\\/www.sinaptec.fr\\\/en\\\/#website\"},\"datePublished\":\"2019-07-16T07:29:35+00:00\",\"dateModified\":\"2024-05-24T12:58:59+00:00\",\"description\":\"35 ans d\u2019exp\u00e9rience ont fait de SinapTec le sp\u00e9cialiste de la mise en \u0153uvre de la technologie des ultrasons dans le Nucl\u00e9aire, initi\u00e9e dans le tamisage...\",\"breadcrumb\":{\"@id\":\"https:\\\/\\\/www.sinaptec.fr\\\/en\\\/nuclear\\\/#breadcrumb\"},\"inLanguage\":\"en-US\",\"potentialAction\":[{\"@type\":\"ReadAction\",\"target\":[\"https:\\\/\\\/www.sinaptec.fr\\\/en\\\/nuclear\\\/\"]}]},{\"@type\":\"BreadcrumbList\",\"@id\":\"https:\\\/\\\/www.sinaptec.fr\\\/en\\\/nuclear\\\/#breadcrumb\",\"itemListElement\":[{\"@type\":\"ListItem\",\"position\":1,\"name\":\"Accueil\",\"item\":\"https:\\\/\\\/www.sinaptec.fr\\\/en\\\/\"},{\"@type\":\"ListItem\",\"position\":2,\"name\":\"Nuclear technology\"}]},{\"@type\":\"WebSite\",\"@id\":\"https:\\\/\\\/www.sinaptec.fr\\\/en\\\/#website\",\"url\":\"https:\\\/\\\/www.sinaptec.fr\\\/en\\\/\",\"name\":\"Sinaptec\",\"description\":\"Technologie Ultrasons\",\"publisher\":{\"@id\":\"https:\\\/\\\/www.sinaptec.fr\\\/en\\\/#organization\"},\"alternateName\":\"Expertise Ultrason\",\"potentialAction\":[{\"@type\":\"SearchAction\",\"target\":{\"@type\":\"EntryPoint\",\"urlTemplate\":\"https:\\\/\\\/www.sinaptec.fr\\\/en\\\/?s={search_term_string}\"},\"query-input\":{\"@type\":\"PropertyValueSpecification\",\"valueRequired\":true,\"valueName\":\"search_term_string\"}}],\"inLanguage\":\"en-US\"},{\"@type\":\"Organization\",\"@id\":\"https:\\\/\\\/www.sinaptec.fr\\\/en\\\/#organization\",\"name\":\"Sinap Tec\",\"alternateName\":\"Sinap Tec\",\"url\":\"https:\\\/\\\/www.sinaptec.fr\\\/en\\\/\",\"logo\":{\"@type\":\"ImageObject\",\"inLanguage\":\"en-US\",\"@id\":\"https:\\\/\\\/www.sinaptec.fr\\\/en\\\/#\\\/schema\\\/logo\\\/image\\\/\",\"url\":\"https:\\\/\\\/www.sinaptec.fr\\\/wp-content\\\/uploads\\\/2023\\\/11\\\/logo-synap-tec-metadonnees.jpg\",\"contentUrl\":\"https:\\\/\\\/www.sinaptec.fr\\\/wp-content\\\/uploads\\\/2023\\\/11\\\/logo-synap-tec-metadonnees.jpg\",\"width\":1200,\"height\":675,\"caption\":\"Sinap Tec\"},\"image\":{\"@id\":\"https:\\\/\\\/www.sinaptec.fr\\\/en\\\/#\\\/schema\\\/logo\\\/image\\\/\"}}]}<\/script>\n<!-- \/ Yoast SEO plugin. -->","yoast_head_json":{"title":"Ultrasonic Nuclear Technology |\u00a0SinapTec ultrasonic","description":"35 ans d\u2019exp\u00e9rience ont fait de SinapTec le sp\u00e9cialiste de la mise en \u0153uvre de la technologie des ultrasons dans le Nucl\u00e9aire, initi\u00e9e dans le tamisage...","robots":{"index":"index","follow":"follow","max-snippet":"max-snippet:-1","max-image-preview":"max-image-preview:large","max-video-preview":"max-video-preview:-1"},"canonical":"https:\/\/www.sinaptec.fr\/en\/nuclear\/","og_locale":"en_US","og_type":"article","og_title":"Ultrasonic Nuclear Technology |\u00a0SinapTec ultrasonic","og_description":"35 ans d\u2019exp\u00e9rience ont fait de SinapTec le sp\u00e9cialiste de la mise en \u0153uvre de la technologie des ultrasons dans le Nucl\u00e9aire, initi\u00e9e dans le tamisage...","og_url":"https:\/\/www.sinaptec.fr\/en\/nuclear\/","og_site_name":"Sinaptec","article_modified_time":"2024-05-24T12:58:59+00:00","og_image":[{"width":1200,"height":675,"url":"https:\/\/www.sinaptec.fr\/wp-content\/uploads\/2023\/11\/logo-synap-tec-metadonnees.jpg","type":"image\/jpeg"}],"twitter_card":"summary_large_image","twitter_misc":{"Est. reading time":"1 minute"},"schema":{"@context":"https:\/\/schema.org","@graph":[{"@type":"WebPage","@id":"https:\/\/www.sinaptec.fr\/en\/nuclear\/","url":"https:\/\/www.sinaptec.fr\/en\/nuclear\/","name":"Ultrasonic Nuclear Technology |\u00a0SinapTec ultrasonic","isPartOf":{"@id":"https:\/\/www.sinaptec.fr\/en\/#website"},"datePublished":"2019-07-16T07:29:35+00:00","dateModified":"2024-05-24T12:58:59+00:00","description":"35 ans d\u2019exp\u00e9rience ont fait de SinapTec le sp\u00e9cialiste de la mise en \u0153uvre de la technologie des ultrasons dans le Nucl\u00e9aire, initi\u00e9e dans le tamisage...","breadcrumb":{"@id":"https:\/\/www.sinaptec.fr\/en\/nuclear\/#breadcrumb"},"inLanguage":"en-US","potentialAction":[{"@type":"ReadAction","target":["https:\/\/www.sinaptec.fr\/en\/nuclear\/"]}]},{"@type":"BreadcrumbList","@id":"https:\/\/www.sinaptec.fr\/en\/nuclear\/#breadcrumb","itemListElement":[{"@type":"ListItem","position":1,"name":"Accueil","item":"https:\/\/www.sinaptec.fr\/en\/"},{"@type":"ListItem","position":2,"name":"Nuclear technology"}]},{"@type":"WebSite","@id":"https:\/\/www.sinaptec.fr\/en\/#website","url":"https:\/\/www.sinaptec.fr\/en\/","name":"Sinaptec","description":"Technologie Ultrasons","publisher":{"@id":"https:\/\/www.sinaptec.fr\/en\/#organization"},"alternateName":"Expertise Ultrason","potentialAction":[{"@type":"SearchAction","target":{"@type":"EntryPoint","urlTemplate":"https:\/\/www.sinaptec.fr\/en\/?s={search_term_string}"},"query-input":{"@type":"PropertyValueSpecification","valueRequired":true,"valueName":"search_term_string"}}],"inLanguage":"en-US"},{"@type":"Organization","@id":"https:\/\/www.sinaptec.fr\/en\/#organization","name":"Sinap Tec","alternateName":"Sinap Tec","url":"https:\/\/www.sinaptec.fr\/en\/","logo":{"@type":"ImageObject","inLanguage":"en-US","@id":"https:\/\/www.sinaptec.fr\/en\/#\/schema\/logo\/image\/","url":"https:\/\/www.sinaptec.fr\/wp-content\/uploads\/2023\/11\/logo-synap-tec-metadonnees.jpg","contentUrl":"https:\/\/www.sinaptec.fr\/wp-content\/uploads\/2023\/11\/logo-synap-tec-metadonnees.jpg","width":1200,"height":675,"caption":"Sinap Tec"},"image":{"@id":"https:\/\/www.sinaptec.fr\/en\/#\/schema\/logo\/image\/"}}]}},"_links":{"self":[{"href":"https:\/\/www.sinaptec.fr\/en\/wp-json\/wp\/v2\/pages\/8107","targetHints":{"allow":["GET"]}}],"collection":[{"href":"https:\/\/www.sinaptec.fr\/en\/wp-json\/wp\/v2\/pages"}],"about":[{"href":"https:\/\/www.sinaptec.fr\/en\/wp-json\/wp\/v2\/types\/page"}],"author":[{"embeddable":true,"href":"https:\/\/www.sinaptec.fr\/en\/wp-json\/wp\/v2\/users\/1"}],"replies":[{"embeddable":true,"href":"https:\/\/www.sinaptec.fr\/en\/wp-json\/wp\/v2\/comments?post=8107"}],"version-history":[{"count":10,"href":"https:\/\/www.sinaptec.fr\/en\/wp-json\/wp\/v2\/pages\/8107\/revisions"}],"predecessor-version":[{"id":12334,"href":"https:\/\/www.sinaptec.fr\/en\/wp-json\/wp\/v2\/pages\/8107\/revisions\/12334"}],"wp:attachment":[{"href":"https:\/\/www.sinaptec.fr\/en\/wp-json\/wp\/v2\/media?parent=8107"}],"curies":[{"name":"wp","href":"https:\/\/api.w.org\/{rel}","templated":true}]}}