{"id":16586,"date":"2025-12-08T10:15:57","date_gmt":"2025-12-08T09:15:57","guid":{"rendered":"https:\/\/www.sinaptec.fr\/?page_id=16586"},"modified":"2025-12-08T10:15:57","modified_gmt":"2025-12-08T09:15:57","slug":"inside-ultrasonic-generators-the-integrated-solution-for-your-industrial-processes","status":"publish","type":"page","link":"https:\/\/www.sinaptec.fr\/en\/ultrasound-cleaning\/inside-ultrasonic-generators-the-integrated-solution-for-your-industrial-processes\/","title":{"rendered":"Inside ultrasonic generators: the integrated solution for your industrial processes"},"content":{"rendered":"<div class=\"wpb-content-wrapper\">[vc_row][vc_column][vc_column_text css=&#8221;.vc_custom_1756392160859{margin-bottom: 0px !important;}&#8221;]\n<p style=\"text-align: justify;\"><span style=\"color: #000000;\">Notre\u00a0<strong>g\u00e9n\u00e9rateur ultrasons Inside<\/strong>\u00a0est une solution \u00e9lectronique compacte, num\u00e9rique et performante, con\u00e7ue pour une int\u00e9gration directe dans vos \u00e9quipements industriels.<\/span><\/p>\n<p style=\"text-align: justify;\"><span style=\"color: #000000;\">\u00c9quip\u00e9 de la technologie brevet\u00e9e NexTgen, ce syst\u00e8me 100% num\u00e9rique offre un pilotage pr\u00e9cis des transducteurs (de quelques kHz \u00e0 100 kHz, jusqu\u2019\u00e0 2000 W), une supervision \u00e0 distance par une liaison Ethernet. Il s\u2019adapte ais\u00e9ment \u00e0 des applications vari\u00e9es comme le nettoyage, le d\u00e9gazage, l\u2019homog\u00e9n\u00e9isation, l\u2019\u00e9mulsification ou encore la d\u00e9coupe, le soudage ultrasonique\u2026<\/span><\/p>\n[\/vc_column_text][\/vc_column][\/vc_row][vc_row][vc_column][mk_fancy_title font_family=&#8221;none&#8221;]\n<h2>What is an ultrasonic generator?<\/h2>\n<hr \/>\n<h2><\/h2>\n[\/mk_fancy_title][vc_column_text css=&#8221;.vc_custom_1756392168044{margin-bottom: 0px !important;}&#8221;]\n<p data-start=\"53\" data-end=\"225\"><span style=\"color: #000000;\">An <strong>ultrasonic generator<\/strong> is a device that converts a supply voltage (mains 230V or low voltage 24V) into a higher-frequency electrical signal ranging from 10 kHz to 5 MHz.<\/span><\/p>\n<p data-start=\"227\" data-end=\"483\"><span style=\"color: #000000;\">It is paired with an ultrasonic transducer, whose role is to convert the high-frequency electrical signal produced by the generator into mechanical vibration. This mechanical vibration is then transmitted into a medium depending on the final application.<\/span><\/p>\n[\/vc_column_text][\/vc_column][\/vc_row][vc_row][vc_column][mk_fancy_title font_family=&#8221;none&#8221;]\n<h2>Our Inside ultrasonic generators: compact, powerful, and smart<\/h2>\n<hr \/>\n<h2><\/h2>\n[\/mk_fancy_title][vc_column_text css=&#8221;.vc_custom_1756392175335{margin-bottom: 0px !important;}&#8221;]<span style=\"color: #000000;\">The <strong>Inside ultrasonic generator<\/strong> range has been developed to meet the demands of industrial environments. Our Inside ultrasonic generator allows simple and fast integration into your production lines. Thanks to its compact design, advanced connectivity, and digital control, it can be easily integrated into any type of automated system.<\/span><\/p>\n[\/vc_column_text][vc_row_inner][vc_column_inner width=&#8221;1\/3&#8243;][vc_single_image image=&#8221;13483&#8243; img_size=&#8221;Medium&#8221; alignment=&#8221;center&#8221; css=&#8221;&#8221;][\/vc_column_inner][vc_column_inner width=&#8221;2\/3&#8243;][vc_empty_space][vc_column_text css=&#8221;.vc_custom_1765185039217{margin-bottom: 0px !important;}&#8221;]<span style=\"color: #000000;\">\ud83d\udd39 Cabinet integration<\/span><br data-start=\"75\" data-end=\"78\" \/><span style=\"color: #000000;\">\ud83d\udd39 Ethernet \/ RS485 communication<\/span><br data-start=\"111\" data-end=\"114\" \/><span style=\"color: #000000;\">\ud83d\udd39 Remote diagnostics and updates<\/span><br data-start=\"147\" data-end=\"150\" \/><span style=\"color: #000000;\">\ud83d\udd39 Operating safety<\/span><br data-start=\"169\" data-end=\"172\" data-is-only-node=\"\" \/><span style=\"color: #000000;\">\ud83d\udd39 Embedded intelligence<\/span><\/p>\n<p><span style=\"color: #000000;\">\u27a1\ufe0f This model is part of our<span style=\"color: #0000ff;\"><strong><span style=\"font-size: 14pt;\"><a style=\"color: #0000ff;\" href=\"https:\/\/www.sinaptec.fr\/en\/ultrasonic-modules-and-components\/\"> ultrasonic generator<\/a> <\/span><\/strong><\/span>range, offering optimized solutions for every need.<\/span>[\/vc_column_text][\/vc_column_inner][\/vc_row_inner][\/vc_column][\/vc_row][vc_row][vc_column][mk_fancy_title font_family=&#8221;none&#8221;]\n<h2>Our Inside models: power levels and associated uses<\/h2>\n<hr \/>\n<h2><\/h2>\n[\/mk_fancy_title][vc_column_text css=&#8221;.vc_custom_1756392389961{margin-bottom: 0px !important;}&#8221;]Our Inside generators cover a wide range of power levels suited to different industrial applications:[\/vc_column_text][vc_single_image image=&#8221;13797&#8243; img_size=&#8221;591&#215;364&#8243; alignment=&#8221;center&#8221; css=&#8221;&#8221;][vc_column_text css=&#8221;.vc_custom_1756392516859{margin-bottom: 0px !important;}&#8221;]\n<p data-start=\"53\" data-end=\"154\"><span style=\"color: #000000;\">\ud83d\udd39 <strong data-start=\"56\" data-end=\"68\">INSIDE30<\/strong>: up to 30 W for very low-power applications such as spraying and sample preparation<\/span><\/p>\n<p data-start=\"156\" data-end=\"221\"><span style=\"color: #000000;\">\ud83d\udd39 <strong data-start=\"159\" data-end=\"172\">INSIDE150<\/strong>: up to 150 W, ideal for small-volume degassing<\/span><\/p>\n<p data-start=\"223\" data-end=\"302\"><span style=\"color: #000000;\">\ud83d\udd39 <strong data-start=\"226\" data-end=\"239\">INSIDE500<\/strong>: up to 500 W, suitable for emulsification and homogenization<\/span><\/p>\n<p data-start=\"304\" data-end=\"409\"><span style=\"color: #000000;\">\ud83d\udd39 <strong data-start=\"307\" data-end=\"321\">INSIDE1500<\/strong>: up to 1500 W continuous (3000 W peak), perfect for cleaning, sieving, and unclogging<\/span><\/p>\n<p data-start=\"411\" data-end=\"524\"><span style=\"color: #000000;\">\ud83d\udd39 <strong data-start=\"414\" data-end=\"433\">INSIDE2000\/3000<\/strong>: up to 3000 W in pulsed mode, optimized for thermoplastic welding and ultrasonic cutting<\/span><\/p>\n<p data-start=\"526\" data-end=\"906\"><span style=\"color: #000000;\">This complete range meets all industrial needs in ultrasonic processing, from the smallest volumes to the most demanding processes. Whatever your industrial field, our Inside ultrasonic generator adapts to your performance requirements. Each Inside ultrasonic generator is designed to ensure reliability, power, and stability, even in the most demanding industrial environments.<\/span><\/p>\n<p data-start=\"908\" data-end=\"982\"><span style=\"color: #000000;\">\ud83d\udc49 Our experts can guide you toward the model best suited to your needs.<\/span><\/p>\n[\/vc_column_text][\/vc_column][\/vc_row][vc_row][vc_column][mk_fancy_title font_family=&#8221;none&#8221;]\n<h2>Customized ultrasonic solutions for your specific needs<\/h2>\n<hr \/>\n<h2><\/h2>\n[\/mk_fancy_title][vc_column_text css=&#8221;.vc_custom_1765185073499{margin-bottom: 0px !important;}&#8221;]\n<p style=\"text-align: justify;\" data-start=\"53\" data-end=\"227\"><span style=\"color: #000000;\">Our <strong>Inside ultrasonic generators<\/strong> can be delivered pre-integrated in an electrical cabinet, upon request, for faster and safer implementation in your industrial environment.<\/span><\/p>\n<p style=\"text-align: justify;\" data-start=\"229\" data-end=\"357\"><span style=\"color: #000000;\">This flexibility makes it easy to integrate the Inside ultrasonic generator into automated or semi-automated production lines.<\/span><\/p>\n<p style=\"text-align: justify;\" data-start=\"359\" data-end=\"389\"><span style=\"color: #000000;\">\u27a1\ufe0f <span style=\"color: #0000ff;\"><strong><a style=\"color: #0000ff;\" href=\"https:\/\/www.sinaptec.fr\/en\/contact-us\/\">Contact us<\/a><\/strong><\/span> to learn more.<\/span><\/p>\n[\/vc_column_text][\/vc_column][\/vc_row][vc_row][vc_column][mk_fancy_title font_family=&#8221;none&#8221;]\n<h2>The technical advantages of inside ultrasonic generator<\/h2>\n<hr \/>\n<h2><\/h2>\n[\/mk_fancy_title][vc_column_text css=&#8221;.vc_custom_1765184853272{margin-bottom: 0px !important;}&#8221;]\n<p data-start=\"53\" data-end=\"100\"><span style=\"color: #000000;\">\ud83d\udd39 Equipped with patented NexTgen technology.<\/span><\/p>\n<p data-start=\"102\" data-end=\"207\"><span style=\"color: #000000;\">\ud83d\udd39 NexTgen Inside generators integrate easily into many environments thanks to their compact footprint.<\/span><\/p>\n<p data-start=\"209\" data-end=\"326\"><span style=\"color: #000000;\">\ud83d\udd39 They are protected against voltage, current, frequency, and temperature drifts, and come with a 2-year warranty.<\/span><\/p>\n<p data-start=\"328\" data-end=\"454\"><span style=\"color: #000000;\">\ud83d\udd39 Various control interfaces are available to ensure perfect integration into your process and guarantee full traceability.<\/span><\/p>\n<p data-start=\"456\" data-end=\"550\"><span style=\"color: #000000;\">\ud83d\udd39 Frequency and power are self-regulated to ensure the stability of the ultrasonic process.<\/span><\/p>\n<p data-start=\"552\" data-end=\"665\"><span style=\"color: #000000;\">\ud83d\udd39 Generator and transducer parameters can be monitored and diagnosed remotely via a local Internet connection.<\/span><\/p>\n[\/vc_column_text][\/vc_column][\/vc_row][vc_row][vc_column][mk_fancy_title font_family=&#8221;none&#8221;]\n<h2 data-start=\"35\" data-end=\"89\"><strong data-start=\"35\" data-end=\"87\">Two configurations suited to ultrasonic cleaning<\/strong><\/h2>\n<hr \/>\n<p data-start=\"35\" data-end=\"89\">[\/mk_fancy_title][vc_column_text css=&#8221;.vc_custom_1765183315005{margin-bottom: 0px !important;}&#8221;]<span style=\"color: #000000;\"><strong>\ud83d\udd39Classic configuration :<\/strong><\/span><\/p>\n<p><span style=\"color: #000000;\">This configuration includes a dry-contact input for starting \/stopping the cleaning and a fault output.<\/span><\/p>\n<p><span style=\"color: #000000;\"><strong>\ud83d\udd39Process configuration <\/strong><strong>:<\/strong><\/span><\/p>\n<p><span style=\"color: #000000;\">The additional functions, usually handled by external modules, are directly integrated into the generator:<\/span><\/p>\n<ul>\n<li><span style=\"color: #000000;\">Power setpoint and mesurement via 0-10V<\/span><\/li>\n<li><span style=\"color: #000000;\">Bath temperature control<\/span><\/li>\n<li><span style=\"color: #000000;\">Mode selection(normal, degassing, frequency modulation)<\/span><\/li>\n<li><span style=\"color: #000000;\">Water level monitoring<\/span><\/li>\n<\/ul>\n[\/vc_column_text][\/vc_column][\/vc_row][vc_row][vc_column][mk_fancy_title font_family=&#8221;none&#8221;]\n<h2>Advanced Connectivity: Ethernet &amp; RS485<\/h2>\n<hr \/>\n[\/mk_fancy_title][vc_column_text css=&#8221;.vc_custom_1765184333812{margin-bottom: 0px !important;}&#8221;]\n<p style=\"text-align: justify;\" data-start=\"224\" data-end=\"397\"><span style=\"color: #000000;\">They incorporate standard industrial communication protocols\u2026<\/span><br data-start=\"285\" data-end=\"288\" \/><span style=\"color: #000000;\">Our ultrasonic generator includes standard industrial communication protocols (Ethernet and RS485), enabling:<\/span><\/p>\n<p style=\"text-align: justify;\" data-start=\"399\" data-end=\"585\"><span style=\"color: #000000;\">\ud83d\udd39 Full control via PLC or operator interface<\/span><br data-start=\"444\" data-end=\"447\" \/><span style=\"color: #000000;\">\ud83d\udd39 Precise management of ultrasonic cycles<\/span><br data-start=\"489\" data-end=\"492\" \/><span style=\"color: #000000;\">\ud83d\udd39 Real-time monitoring of frequency and power<\/span><br data-start=\"538\" data-end=\"541\" \/><span style=\"color: #000000;\">\ud83d\udd39 Access to advanced diagnostic functions<\/span><\/p>\n<p style=\"text-align: justify;\" data-start=\"587\" data-end=\"721\"><span style=\"color: #000000;\">This connectivity ensures optimal integration into your industrial environment and efficient supervision of your ultrasonic processes.<\/span><\/p>\n[\/vc_column_text][\/vc_column][\/vc_row][vc_row][vc_column][mk_fancy_title font_family=&#8221;none&#8221;]\n<h2>NexTgen Software: a Central Interface for Control, Traceability and Optimization<\/h2>\n<hr \/>\n[\/mk_fancy_title][vc_column_text css=&#8221;.vc_custom_1765184679884{margin-bottom: 0px !important;}&#8221;]\n<p style=\"text-align: justify;\" data-start=\"160\" data-end=\"427\"><span style=\"color: #000000;\">For any application (cleaning, welding, etc.), the <strong>NexTgen software<\/strong> plays a key role in operating Inside ultrasonic generators. It enables users to configure, monitor, and optimize generator parameters in real time, while ensuring complete traceability of operations.<\/span><\/p>\n<p style=\"text-align: justify;\" data-start=\"429\" data-end=\"699\"><span style=\"color: #000000;\">Available in two versions, it adapts to all levels of requirements\u2014from basic adjustments to advanced control of industrial processes. It was specifically designed to unlock the full potential of the Inside ultrasonic generator and optimize its performance in real time.<\/span><\/p>\n<p style=\"text-align: justify;\" data-start=\"701\" data-end=\"738\"><span style=\"color: #000000;\">\ud83d\udd39 <strong data-start=\"704\" data-end=\"736\">NexTgen Start (free version)<\/strong><\/span><\/p>\n<ul style=\"text-align: justify;\" data-start=\"739\" data-end=\"906\">\n<li data-start=\"739\" data-end=\"769\">\n<p data-start=\"741\" data-end=\"769\"><span style=\"color: #000000;\">Timer and power adjustment<\/span><\/p>\n<\/li>\n<li data-start=\"770\" data-end=\"906\">\n<p data-start=\"772\" data-end=\"906\"><span style=\"color: #000000;\">Real-time visualization of generator status (temperature, frequency, power, etc.)<\/span><br data-start=\"853\" data-end=\"856\" \/><span style=\"color: #000000;\">\u2192 Ideal for standard operations or testing phases.<\/span><\/p>\n<\/li>\n<\/ul>\n<p style=\"text-align: justify;\" data-start=\"908\" data-end=\"933\"><span style=\"color: #000000;\">\ud83d\udd39 <strong data-start=\"911\" data-end=\"931\">NexTgen Advanced<\/strong><\/span><\/p>\n<ul data-start=\"934\" data-end=\"1188\">\n<li style=\"text-align: justify;\" data-start=\"934\" data-end=\"1009\">\n<p data-start=\"936\" data-end=\"1009\"><span style=\"color: #000000;\">Access to advanced configuration, monitoring, and traceability features<\/span><\/p>\n<\/li>\n<li data-start=\"1010\" data-end=\"1188\">\n<p style=\"text-align: justify;\" data-start=\"1012\" data-end=\"1188\"><span style=\"color: #000000;\">Control of complex parameters and export of operating data<\/span><br data-start=\"1070\" data-end=\"1073\" \/><span style=\"color: #000000;\">\u2192 Ideal for integration into demanding industrial environments and applications requiring fine-grained supervision.<\/span><\/p>\n<\/li>\n<\/ul>\n[\/vc_column_text][vc_row_inner][vc_column_inner][mk_fancy_title font_family=&#8221;none&#8221;]\n<h2>Any questions? Need a demonstration?<\/h2>\n<hr \/>\n[\/mk_fancy_title][vc_column_text css=&#8221;.vc_custom_1765184787854{margin-bottom: 0px !important;}&#8221;]\n<p style=\"text-align: justify;\"><span style=\"color: #000000;\">Our experts are available to answer all your technical questions.<\/span><\/p>\n<p style=\"text-align: justify;\"><span style=\"color: #000000;\">Contact us today!<\/span><\/p>\n[\/vc_column_text][mk_button size=&#8221;large&#8221; url=&#8221;https:\/\/www.sinaptec.fr\/en\/contact-us\/&#8221; target=&#8221;_blank&#8221;]Contact us ![\/mk_button][\/vc_column_inner][\/vc_row_inner][\/vc_column][\/vc_row]\n<\/div>","protected":false},"excerpt":{"rendered":"<p>[vc_row][vc_column][vc_column_text css=&#8221;.vc_custom_1756392160859{margin-bottom: 0px !important;}&#8221;] Notre\u00a0g\u00e9n\u00e9rateur ultrasons Inside\u00a0est une solution \u00e9lectronique compacte, num\u00e9rique et performante, con\u00e7ue pour une int\u00e9gration directe dans vos \u00e9quipements industriels. \u00c9quip\u00e9 de la technologie brevet\u00e9e NexTgen, ce syst\u00e8me 100% num\u00e9rique offre un pilotage pr\u00e9cis des transducteurs (de quelques kHz \u00e0 100 kHz, jusqu\u2019\u00e0 2000 W), une supervision \u00e0 distance par une liaison [&hellip;]<\/p>\n","protected":false},"author":5,"featured_media":0,"parent":8248,"menu_order":0,"comment_status":"closed","ping_status":"closed","template":"","meta":{"_acf_changed":false,"footnotes":""},"class_list":["post-16586","page","type-page","status-publish","hentry"],"acf":[],"yoast_head":"<!-- This site is optimized with the Yoast SEO plugin v27.4 - https:\/\/yoast.com\/product\/yoast-seo-wordpress\/ -->\n<title>Inside ultrasonic generators: the integrated solution for your industrial processes - Sinaptec<\/title>\n<meta name=\"description\" content=\"Discover our Inside ultrasonic generators: compact, powerful, and easy to integrate. Ideal for cleaning, welding, cutting, and advanced industrial processes.\" \/>\n<meta name=\"robots\" content=\"index, follow, max-snippet:-1, max-image-preview:large, max-video-preview:-1\" \/>\n<link rel=\"canonical\" href=\"https:\/\/www.sinaptec.fr\/en\/ultrasound-cleaning\/inside-ultrasonic-generators-the-integrated-solution-for-your-industrial-processes\/\" \/>\n<meta property=\"og:locale\" content=\"en_US\" \/>\n<meta property=\"og:type\" content=\"article\" \/>\n<meta property=\"og:title\" content=\"Inside ultrasonic generators: the integrated solution for your industrial processes - Sinaptec\" \/>\n<meta property=\"og:description\" content=\"Discover our Inside ultrasonic generators: compact, powerful, and easy to integrate. Ideal for cleaning, welding, cutting, and advanced industrial processes.\" \/>\n<meta property=\"og:url\" content=\"https:\/\/www.sinaptec.fr\/en\/ultrasound-cleaning\/inside-ultrasonic-generators-the-integrated-solution-for-your-industrial-processes\/\" \/>\n<meta property=\"og:site_name\" content=\"Sinaptec\" \/>\n<meta property=\"og:image\" content=\"https:\/\/www.sinaptec.fr\/wp-content\/uploads\/2023\/11\/logo-synap-tec-metadonnees.jpg\" \/>\n\t<meta property=\"og:image:width\" content=\"1200\" \/>\n\t<meta property=\"og:image:height\" content=\"675\" \/>\n\t<meta property=\"og:image:type\" content=\"image\/jpeg\" \/>\n<meta name=\"twitter:card\" content=\"summary_large_image\" \/>\n<meta name=\"twitter:label1\" content=\"Est. reading time\" \/>\n\t<meta name=\"twitter:data1\" content=\"6 minutes\" \/>\n<script type=\"application\/ld+json\" class=\"yoast-schema-graph\">{\"@context\":\"https:\\\/\\\/schema.org\",\"@graph\":[{\"@type\":\"WebPage\",\"@id\":\"https:\\\/\\\/www.sinaptec.fr\\\/en\\\/ultrasound-cleaning\\\/inside-ultrasonic-generators-the-integrated-solution-for-your-industrial-processes\\\/\",\"url\":\"https:\\\/\\\/www.sinaptec.fr\\\/en\\\/ultrasound-cleaning\\\/inside-ultrasonic-generators-the-integrated-solution-for-your-industrial-processes\\\/\",\"name\":\"Inside ultrasonic generators: the integrated solution for your industrial processes - Sinaptec\",\"isPartOf\":{\"@id\":\"https:\\\/\\\/www.sinaptec.fr\\\/en\\\/#website\"},\"datePublished\":\"2025-12-08T09:15:57+00:00\",\"description\":\"Discover our Inside ultrasonic generators: compact, powerful, and easy to integrate. Ideal for cleaning, welding, cutting, and advanced industrial processes.\",\"breadcrumb\":{\"@id\":\"https:\\\/\\\/www.sinaptec.fr\\\/en\\\/ultrasound-cleaning\\\/inside-ultrasonic-generators-the-integrated-solution-for-your-industrial-processes\\\/#breadcrumb\"},\"inLanguage\":\"en-US\",\"potentialAction\":[{\"@type\":\"ReadAction\",\"target\":[\"https:\\\/\\\/www.sinaptec.fr\\\/en\\\/ultrasound-cleaning\\\/inside-ultrasonic-generators-the-integrated-solution-for-your-industrial-processes\\\/\"]}]},{\"@type\":\"BreadcrumbList\",\"@id\":\"https:\\\/\\\/www.sinaptec.fr\\\/en\\\/ultrasound-cleaning\\\/inside-ultrasonic-generators-the-integrated-solution-for-your-industrial-processes\\\/#breadcrumb\",\"itemListElement\":[{\"@type\":\"ListItem\",\"position\":1,\"name\":\"Accueil\",\"item\":\"https:\\\/\\\/www.sinaptec.fr\\\/en\\\/\"},{\"@type\":\"ListItem\",\"position\":2,\"name\":\"Ultrasonic Cleaning\",\"item\":\"https:\\\/\\\/www.sinaptec.fr\\\/en\\\/ultrasound-cleaning\\\/\"},{\"@type\":\"ListItem\",\"position\":3,\"name\":\"Inside ultrasonic generators: the integrated solution for your industrial processes\"}]},{\"@type\":\"WebSite\",\"@id\":\"https:\\\/\\\/www.sinaptec.fr\\\/en\\\/#website\",\"url\":\"https:\\\/\\\/www.sinaptec.fr\\\/en\\\/\",\"name\":\"Sinaptec\",\"description\":\"Technologie Ultrasons\",\"publisher\":{\"@id\":\"https:\\\/\\\/www.sinaptec.fr\\\/en\\\/#organization\"},\"alternateName\":\"Expertise Ultrason\",\"potentialAction\":[{\"@type\":\"SearchAction\",\"target\":{\"@type\":\"EntryPoint\",\"urlTemplate\":\"https:\\\/\\\/www.sinaptec.fr\\\/en\\\/?s={search_term_string}\"},\"query-input\":{\"@type\":\"PropertyValueSpecification\",\"valueRequired\":true,\"valueName\":\"search_term_string\"}}],\"inLanguage\":\"en-US\"},{\"@type\":\"Organization\",\"@id\":\"https:\\\/\\\/www.sinaptec.fr\\\/en\\\/#organization\",\"name\":\"Sinap Tec\",\"alternateName\":\"Sinap Tec\",\"url\":\"https:\\\/\\\/www.sinaptec.fr\\\/en\\\/\",\"logo\":{\"@type\":\"ImageObject\",\"inLanguage\":\"en-US\",\"@id\":\"https:\\\/\\\/www.sinaptec.fr\\\/en\\\/#\\\/schema\\\/logo\\\/image\\\/\",\"url\":\"https:\\\/\\\/www.sinaptec.fr\\\/wp-content\\\/uploads\\\/2023\\\/11\\\/logo-synap-tec-metadonnees.jpg\",\"contentUrl\":\"https:\\\/\\\/www.sinaptec.fr\\\/wp-content\\\/uploads\\\/2023\\\/11\\\/logo-synap-tec-metadonnees.jpg\",\"width\":1200,\"height\":675,\"caption\":\"Sinap Tec\"},\"image\":{\"@id\":\"https:\\\/\\\/www.sinaptec.fr\\\/en\\\/#\\\/schema\\\/logo\\\/image\\\/\"}}]}<\/script>\n<!-- \/ Yoast SEO plugin. -->","yoast_head_json":{"title":"Inside ultrasonic generators: the integrated solution for your industrial processes - Sinaptec","description":"Discover our Inside ultrasonic generators: compact, powerful, and easy to integrate. Ideal for cleaning, welding, cutting, and advanced industrial processes.","robots":{"index":"index","follow":"follow","max-snippet":"max-snippet:-1","max-image-preview":"max-image-preview:large","max-video-preview":"max-video-preview:-1"},"canonical":"https:\/\/www.sinaptec.fr\/en\/ultrasound-cleaning\/inside-ultrasonic-generators-the-integrated-solution-for-your-industrial-processes\/","og_locale":"en_US","og_type":"article","og_title":"Inside ultrasonic generators: the integrated solution for your industrial processes - Sinaptec","og_description":"Discover our Inside ultrasonic generators: compact, powerful, and easy to integrate. Ideal for cleaning, welding, cutting, and advanced industrial processes.","og_url":"https:\/\/www.sinaptec.fr\/en\/ultrasound-cleaning\/inside-ultrasonic-generators-the-integrated-solution-for-your-industrial-processes\/","og_site_name":"Sinaptec","og_image":[{"width":1200,"height":675,"url":"https:\/\/www.sinaptec.fr\/wp-content\/uploads\/2023\/11\/logo-synap-tec-metadonnees.jpg","type":"image\/jpeg"}],"twitter_card":"summary_large_image","twitter_misc":{"Est. reading time":"6 minutes"},"schema":{"@context":"https:\/\/schema.org","@graph":[{"@type":"WebPage","@id":"https:\/\/www.sinaptec.fr\/en\/ultrasound-cleaning\/inside-ultrasonic-generators-the-integrated-solution-for-your-industrial-processes\/","url":"https:\/\/www.sinaptec.fr\/en\/ultrasound-cleaning\/inside-ultrasonic-generators-the-integrated-solution-for-your-industrial-processes\/","name":"Inside ultrasonic generators: the integrated solution for your industrial processes - Sinaptec","isPartOf":{"@id":"https:\/\/www.sinaptec.fr\/en\/#website"},"datePublished":"2025-12-08T09:15:57+00:00","description":"Discover our Inside ultrasonic generators: compact, powerful, and easy to integrate. Ideal for cleaning, welding, cutting, and advanced industrial processes.","breadcrumb":{"@id":"https:\/\/www.sinaptec.fr\/en\/ultrasound-cleaning\/inside-ultrasonic-generators-the-integrated-solution-for-your-industrial-processes\/#breadcrumb"},"inLanguage":"en-US","potentialAction":[{"@type":"ReadAction","target":["https:\/\/www.sinaptec.fr\/en\/ultrasound-cleaning\/inside-ultrasonic-generators-the-integrated-solution-for-your-industrial-processes\/"]}]},{"@type":"BreadcrumbList","@id":"https:\/\/www.sinaptec.fr\/en\/ultrasound-cleaning\/inside-ultrasonic-generators-the-integrated-solution-for-your-industrial-processes\/#breadcrumb","itemListElement":[{"@type":"ListItem","position":1,"name":"Accueil","item":"https:\/\/www.sinaptec.fr\/en\/"},{"@type":"ListItem","position":2,"name":"Ultrasonic Cleaning","item":"https:\/\/www.sinaptec.fr\/en\/ultrasound-cleaning\/"},{"@type":"ListItem","position":3,"name":"Inside ultrasonic generators: the integrated solution for your industrial processes"}]},{"@type":"WebSite","@id":"https:\/\/www.sinaptec.fr\/en\/#website","url":"https:\/\/www.sinaptec.fr\/en\/","name":"Sinaptec","description":"Technologie Ultrasons","publisher":{"@id":"https:\/\/www.sinaptec.fr\/en\/#organization"},"alternateName":"Expertise Ultrason","potentialAction":[{"@type":"SearchAction","target":{"@type":"EntryPoint","urlTemplate":"https:\/\/www.sinaptec.fr\/en\/?s={search_term_string}"},"query-input":{"@type":"PropertyValueSpecification","valueRequired":true,"valueName":"search_term_string"}}],"inLanguage":"en-US"},{"@type":"Organization","@id":"https:\/\/www.sinaptec.fr\/en\/#organization","name":"Sinap Tec","alternateName":"Sinap Tec","url":"https:\/\/www.sinaptec.fr\/en\/","logo":{"@type":"ImageObject","inLanguage":"en-US","@id":"https:\/\/www.sinaptec.fr\/en\/#\/schema\/logo\/image\/","url":"https:\/\/www.sinaptec.fr\/wp-content\/uploads\/2023\/11\/logo-synap-tec-metadonnees.jpg","contentUrl":"https:\/\/www.sinaptec.fr\/wp-content\/uploads\/2023\/11\/logo-synap-tec-metadonnees.jpg","width":1200,"height":675,"caption":"Sinap Tec"},"image":{"@id":"https:\/\/www.sinaptec.fr\/en\/#\/schema\/logo\/image\/"}}]}},"_links":{"self":[{"href":"https:\/\/www.sinaptec.fr\/en\/wp-json\/wp\/v2\/pages\/16586","targetHints":{"allow":["GET"]}}],"collection":[{"href":"https:\/\/www.sinaptec.fr\/en\/wp-json\/wp\/v2\/pages"}],"about":[{"href":"https:\/\/www.sinaptec.fr\/en\/wp-json\/wp\/v2\/types\/page"}],"author":[{"embeddable":true,"href":"https:\/\/www.sinaptec.fr\/en\/wp-json\/wp\/v2\/users\/5"}],"replies":[{"embeddable":true,"href":"https:\/\/www.sinaptec.fr\/en\/wp-json\/wp\/v2\/comments?post=16586"}],"version-history":[{"count":8,"href":"https:\/\/www.sinaptec.fr\/en\/wp-json\/wp\/v2\/pages\/16586\/revisions"}],"predecessor-version":[{"id":16858,"href":"https:\/\/www.sinaptec.fr\/en\/wp-json\/wp\/v2\/pages\/16586\/revisions\/16858"}],"up":[{"embeddable":true,"href":"https:\/\/www.sinaptec.fr\/en\/wp-json\/wp\/v2\/pages\/8248"}],"wp:attachment":[{"href":"https:\/\/www.sinaptec.fr\/en\/wp-json\/wp\/v2\/media?parent=16586"}],"curies":[{"name":"wp","href":"https:\/\/api.w.org\/{rel}","templated":true}]}}