{"id":9334,"date":"2022-02-15T10:04:15","date_gmt":"2022-02-15T09:04:15","guid":{"rendered":"https:\/\/www.sinaptec.fr\/?page_id=9334"},"modified":"2022-02-15T10:04:15","modified_gmt":"2022-02-15T09:04:15","slug":"rechtliche-hinweise","status":"publish","type":"page","link":"https:\/\/www.sinaptec.fr\/de\/rechtliche-hinweise\/","title":{"rendered":"Rechtliche Hinweise"},"content":{"rendered":"<div class=\"wpb-content-wrapper\"><div class=\"mk-page-section-wrapper\" data-mk-full-width=\"true\" data-mk-full-width-init=\"true\" data-mk-stretch-content=\"true\">\n<div id=\"page-section-5\" class=\"mk-page-section self-hosted   full_layout full-width-5 js-el js-master-row     mk-in-viewport\" data-intro-effect=\"false\">\n<div class=\"page-section-content vc_row-fluid mk-grid \">\n<div class=\"mk-padding-wrapper wpb_row\">\n<div class=\"vc_col-sm-12 wpb_column column_container   _ height-full\">\n<div class=\" vc_custom_1595406267368\">\n<div id=\"text-block-7\" class=\"mk-text-block   \">\n<h4>EIGENT\u00dcMER DER WEBSEITE:<\/h4>\n<p>Die Gesellschaft SAS SinapTec, eingetragen ins Handelsregistervon Lille M\u00e9tropole unter der Nummer329 504 963 00086, vertreten durch ihren Gesch\u00e4ftsf\u00fchrer, Pascal TIERCE.<\/p>\n<h4>Firmensitz:<\/h4>\n<p>Synergie Park<br \/>\n7 avenue Pierre et Marie Curie<br \/>\n59260 LEZENNES<\/p>\n<h4>VERANTWORTLICH F\u00dcR DIE VER\u00d6FFENTLICHUNG:<\/h4>\n<p>Pascal Tierce, in seiner Eigenschaft als Gesch\u00e4ftsf\u00fchrer der GesellschaftSAS SinapTec.<\/p>\n<h4>BILDNACHWEISE:<\/h4>\n<ul>\n<li>Bilder und Animationen: Thomas Fauchille im Namen derSarl Matanga Corp<\/li>\n<li>Inhalte: SinapTec<\/li>\n<li>Webhost : <a href=\"http:\/\/www.ovh.com\/\" target=\"_blank\" rel=\"noopener noreferrer\">OVH<\/a><\/li>\n<\/ul>\n<p>Um weitere Informationen zu Funktion und Nutzung der Webseite www.sinaptec.fr, zu erhalten, k\u00f6nnen Sie uns per E-Mail kontaktieren\u00a0<a href=\"https:\/\/www.sinaptec.fr\/FR\/Contactez-nous-3.html\"><img loading=\"lazy\" decoding=\"async\" src=\"https:\/\/www.sinaptec.fr\/documentation\/icone_enveloppe.jpg\" alt=\"\" width=\"28\" height=\"20\" align=\"absmiddle\" \/><\/a> ooderanrufen <img loading=\"lazy\" decoding=\"async\" src=\"https:\/\/www.sinaptec.fr\/documentation\/icone_telephone.jpg\" alt=\"\" width=\"17\" height=\"18\" align=\"absmiddle\" \/>\u00a003.20.61.03.89.<\/p>\n<div align=\"justify\">\n<h4>GEISTIGES EIGENTUM:<\/h4>\n<\/div>\n<p>GEISTIGES EIGENTUM:Vorliegende Seite ist Eigentum der Gesellschaft SinapTec, die im Sinne der Artikel L. 111.1und folgende des Gesetzes \u00fcber Geistiges Eigentum (Code de la propri\u00e9t\u00e9 intellectuelle) als Urheberin gilt. Fotografien, Texte, Spr\u00fcche, Zeichnungen, Bilder, animierte Sequenzen mit oder ohne Ton ebenso wie jegliche sonstige in die Webseite aufgenommenen Bestandteile und Werke sind Eigentum der Gesellschaft SinapTec oder Dritter, die der Gesellschaft SinapTec die Genehmigung zur Nutzung dieser Inhalte erteilt haben. Die Vervielf\u00e4ltigung von Inhalten der Webseite auf Papier oder in elektronischer Form ist zul\u00e4ssig unter der Bedingung, dass sie sich ausschlie\u00dflich auf einen pers\u00f6nlichen Gebrauch beschr\u00e4nkt. Ausgeschlossen sind s\u00e4mtliche Verwendungenzu Werbe-oder kommerziellen Zwecken und Informationen. Au\u00dferdem m\u00fcssen die zul\u00e4ssigen Verwendungen den Bestimmungen des Artikels L122-5 des Gesetzes \u00fcber Geistiges Eigentum (Code de la propri\u00e9t\u00e9 intellectuelle) entsprechen. Mit Ausnahme oben genannter Bestimmungen sind s\u00e4mtliche Vervielf\u00e4ltigungen, Darstellungen, Nutzungen oder \u00c4nderungen, gleich welchen Verfahrens und auf welchem Tr\u00e4germedium, ganz oder teilweise, des gesamten oder von Teilen des Inhalts dieser Webseite ohne vorherige Zustimmung von Seiten der GesellschaftSinapTec, strengstens untersagt und stellen den Straftatbestand der F\u00e4lschung dar.<\/p>\n<h4>HYPERLINKS:<\/h4>\n<p>SinapTec erteilt allen Webseiten oder anderen Medien die Genehmigung die Webseite zu zitieren oder zu ihr einen Hyperlink zu ihren Inhalten zu erstellen, unter der Bedingung, dass:<br \/>\n\u2022 die aufgerufene Seite nicht im Inneren anderer Seiten der verlinkenden Websiteerscheint, insbesondere mithilfe von Rahmen (oder \u00abFrames\u00bb), das hei\u00dft, dass Seiten der Webseite sinaptec.fr nicht im Innern von Seiten einer anderen Webseite erscheinen, sondern durch \u00d6ffnen eines eigenen Fensters zug\u00e4nglich werden.<br \/>\n\u2022 die Quellangabe eines jeden Links genannt wird, insbesondere wenn es sic h um einen Direktlink zu einem Inhalt handelt.<br \/>\n\u2022 der Zugang zu den Seiten, die verlinkt sind mit der Webseite www.sinaptec.fr kostenlos ist. Vorliegende Genehmigung erstreckt sich nicht auf Seiten pornographischen oder fremdenfeindlichen Inhaltes oder auf solche, deren Inhalte gem\u00e4\u00df g\u00e4ngigen Ma\u00dfst\u00e4ben bei einer Mehrheit der Bev\u00f6lkerung Anstoss erregen k\u00f6nnen. Die Gesellschaft SinapTec beh\u00e4lt sich das Recht vor die L\u00f6schung eines Links zu verlangen, den sie als nicht ihren Publikationsrichtlinien entsprechend betrachtet. Die Gesellschaft SinapTec kann auf keinen Fall haftbar gemacht werden f\u00fcr die Bereitstellung solcher Seiten, zu denen eine Verlinkung besteht und \u00fcbernimmt keinerlei Verantwortung f\u00fcr Inhalte, Produkte, Dienstleistungen, u.s.w. verlinkter Seiten oder solcher, von denen Verlinkungen ausgehen.<\/p>\n<\/div>\n<\/div>\n<\/div>\n<\/div>\n<\/div>\n<\/div>\n<\/div>\n<div class=\"mk-page-section-wrapper\" data-mk-full-width=\"true\" data-mk-full-width-init=\"true\" data-mk-stretch-content=\"true\">\n<div id=\"politique-de-confidentialite\" class=\"mk-page-section self-hosted   full_layout full-width-8 js-el js-master-row     mk-in-viewport\" data-intro-effect=\"false\">\n<div class=\"page-section-content vc_row-fluid mk-grid \">\n<div class=\"mk-padding-wrapper wpb_row\">\n<div class=\"vc_col-sm-12 wpb_column column_container   _ height-full\">\n<div class=\" vc_custom_1580989011921\">\n<div id=\"text-block-10\" class=\"mk-text-block   \">\n<h4>PERSONENBEZOGENE DATEN:<\/h4>\n<div class=\"page\" data-page-number=\"2\" data-loaded=\"true\">\n<div class=\"textLayer\">Die auf der Webseite erfassten personenbezogenen Daten entstammen der freiwilligen \u00dcbermittlung beim Versand einer elektronischen Nachricht auf dem Wege eines Formulars, der freiwilligen Registrierung oder der Anforderung eines beschr\u00e4nkten Zugangs zu einem begrenzten Raum. Die erfassten elektronischen Nachrichten dienen nur dazu die angeforderten Informationen zu \u00fcbermitteln. SinapTec speichert diesevertraulich gehaltenen Daten f\u00fcr eine Dauer, die ein Jahr nicht \u00fcberschreitet. Die erfassten elektronischen Adressen werden weder an Dritte abgetretennoch seitens SinapTecweiter verarbeitet.<\/div>\n<div class=\"annotationLayer\"><\/div>\n<\/div>\n<div class=\"page\" data-page-number=\"3\" data-loaded=\"true\">\n<div class=\"canvasWrapper\"><\/div>\n<div class=\"textLayer\">Die Internetseite der Gesellschaft SinapTec verwendet keine Verfahrenen automatisierter Datenerfassung: Cookies, Java-Appletsoder Active X gem\u00e4\u00df Artikel34 des Gesetzes\u00fcber die informationelle Selbstbestimmung (\u00ab Informatique et Libert\u00e9s \u00bb) Nummer78-17 vom6.Januar1978, ge\u00e4ndert am 6.August2004verf\u00fcgen Sie \u00fcber \u00fcber ein Zugangs-, \u00c4nderungs-, Berichtigungs-L\u00f6schungsrecht von Sie betreffenden Daten. Dieses Recht k\u00f6nnen Sie aus\u00fcben durch einfache schriftliche Aufforderung an die folgende Adresse:<\/div>\n<\/div>\n<p align=\"justify\"><strong>SinapTec<\/strong><br \/>\nSynergie Park<br \/>\n7 avenue Pierre et Marie Curie<br \/>\n59260 LEZENNES<\/p>\n<\/div>\n<\/div>\n<\/div>\n<\/div>\n<\/div>\n<\/div>\n<\/div>\n<\/div>","protected":false},"excerpt":{"rendered":"<p>EIGENT\u00dcMER DER WEBSEITE: Die Gesellschaft SAS SinapTec, eingetragen ins Handelsregistervon Lille M\u00e9tropole unter der Nummer329 504 963 00086, vertreten durch ihren Gesch\u00e4ftsf\u00fchrer, Pascal TIERCE. Firmensitz: Synergie Park 7 avenue Pierre et Marie Curie 59260 LEZENNES VERANTWORTLICH F\u00dcR DIE VER\u00d6FFENTLICHUNG: Pascal Tierce, in seiner Eigenschaft als Gesch\u00e4ftsf\u00fchrer der GesellschaftSAS SinapTec. BILDNACHWEISE: Bilder und Animationen: Thomas Fauchille [&hellip;]<\/p>\n","protected":false},"author":4,"featured_media":0,"parent":0,"menu_order":0,"comment_status":"closed","ping_status":"closed","template":"","meta":{"_acf_changed":false,"footnotes":""},"class_list":["post-9334","page","type-page","status-publish","hentry"],"acf":[],"yoast_head":"<!-- This site is optimized with the Yoast SEO plugin v27.3 - https:\/\/yoast.com\/product\/yoast-seo-wordpress\/ -->\n<title>Rechtliche Hinweise - Sinaptec<\/title>\n<meta name=\"robots\" content=\"index, follow, max-snippet:-1, max-image-preview:large, max-video-preview:-1\" \/>\n<link rel=\"canonical\" href=\"https:\/\/www.sinaptec.fr\/de\/rechtliche-hinweise\/\" \/>\n<meta property=\"og:locale\" content=\"de_DE\" \/>\n<meta property=\"og:type\" content=\"article\" \/>\n<meta property=\"og:title\" content=\"Rechtliche Hinweise - Sinaptec\" \/>\n<meta property=\"og:description\" content=\"EIGENT\u00dcMER DER WEBSEITE: Die Gesellschaft SAS SinapTec, eingetragen ins Handelsregistervon Lille M\u00e9tropole unter der Nummer329 504 963 00086, vertreten durch ihren Gesch\u00e4ftsf\u00fchrer, Pascal TIERCE. Firmensitz: Synergie Park 7 avenue Pierre et Marie Curie 59260 LEZENNES VERANTWORTLICH F\u00dcR DIE VER\u00d6FFENTLICHUNG: Pascal Tierce, in seiner Eigenschaft als Gesch\u00e4ftsf\u00fchrer der GesellschaftSAS SinapTec. BILDNACHWEISE: Bilder und Animationen: Thomas Fauchille [&hellip;]\" \/>\n<meta property=\"og:url\" content=\"https:\/\/www.sinaptec.fr\/de\/rechtliche-hinweise\/\" \/>\n<meta property=\"og:site_name\" content=\"Sinaptec\" \/>\n<meta property=\"og:image\" content=\"https:\/\/www.sinaptec.fr\/documentation\/icone_enveloppe.jpg\" \/>\n<meta name=\"twitter:card\" content=\"summary_large_image\" \/>\n<meta name=\"twitter:label1\" content=\"Gesch\u00e4tzte Lesezeit\" \/>\n\t<meta name=\"twitter:data1\" content=\"3\u00a0Minuten\" \/>\n<script type=\"application\/ld+json\" class=\"yoast-schema-graph\">{\"@context\":\"https:\\\/\\\/schema.org\",\"@graph\":[{\"@type\":\"WebPage\",\"@id\":\"https:\\\/\\\/www.sinaptec.fr\\\/de\\\/rechtliche-hinweise\\\/\",\"url\":\"https:\\\/\\\/www.sinaptec.fr\\\/de\\\/rechtliche-hinweise\\\/\",\"name\":\"Rechtliche Hinweise - Sinaptec\",\"isPartOf\":{\"@id\":\"https:\\\/\\\/www.sinaptec.fr\\\/de\\\/#website\"},\"primaryImageOfPage\":{\"@id\":\"https:\\\/\\\/www.sinaptec.fr\\\/de\\\/rechtliche-hinweise\\\/#primaryimage\"},\"image\":{\"@id\":\"https:\\\/\\\/www.sinaptec.fr\\\/de\\\/rechtliche-hinweise\\\/#primaryimage\"},\"thumbnailUrl\":\"https:\\\/\\\/www.sinaptec.fr\\\/documentation\\\/icone_enveloppe.jpg\",\"datePublished\":\"2022-02-15T09:04:15+00:00\",\"breadcrumb\":{\"@id\":\"https:\\\/\\\/www.sinaptec.fr\\\/de\\\/rechtliche-hinweise\\\/#breadcrumb\"},\"inLanguage\":\"de\",\"potentialAction\":[{\"@type\":\"ReadAction\",\"target\":[\"https:\\\/\\\/www.sinaptec.fr\\\/de\\\/rechtliche-hinweise\\\/\"]}]},{\"@type\":\"ImageObject\",\"inLanguage\":\"de\",\"@id\":\"https:\\\/\\\/www.sinaptec.fr\\\/de\\\/rechtliche-hinweise\\\/#primaryimage\",\"url\":\"https:\\\/\\\/www.sinaptec.fr\\\/documentation\\\/icone_enveloppe.jpg\",\"contentUrl\":\"https:\\\/\\\/www.sinaptec.fr\\\/documentation\\\/icone_enveloppe.jpg\"},{\"@type\":\"BreadcrumbList\",\"@id\":\"https:\\\/\\\/www.sinaptec.fr\\\/de\\\/rechtliche-hinweise\\\/#breadcrumb\",\"itemListElement\":[{\"@type\":\"ListItem\",\"position\":1,\"name\":\"Accueil\",\"item\":\"https:\\\/\\\/www.sinaptec.fr\\\/de\\\/\"},{\"@type\":\"ListItem\",\"position\":2,\"name\":\"Rechtliche Hinweise\"}]},{\"@type\":\"WebSite\",\"@id\":\"https:\\\/\\\/www.sinaptec.fr\\\/de\\\/#website\",\"url\":\"https:\\\/\\\/www.sinaptec.fr\\\/de\\\/\",\"name\":\"Sinaptec\",\"description\":\"Technologie Ultrasons\",\"publisher\":{\"@id\":\"https:\\\/\\\/www.sinaptec.fr\\\/de\\\/#organization\"},\"alternateName\":\"Expertise Ultrason\",\"potentialAction\":[{\"@type\":\"SearchAction\",\"target\":{\"@type\":\"EntryPoint\",\"urlTemplate\":\"https:\\\/\\\/www.sinaptec.fr\\\/de\\\/?s={search_term_string}\"},\"query-input\":{\"@type\":\"PropertyValueSpecification\",\"valueRequired\":true,\"valueName\":\"search_term_string\"}}],\"inLanguage\":\"de\"},{\"@type\":\"Organization\",\"@id\":\"https:\\\/\\\/www.sinaptec.fr\\\/de\\\/#organization\",\"name\":\"Sinap Tec\",\"alternateName\":\"Sinap Tec\",\"url\":\"https:\\\/\\\/www.sinaptec.fr\\\/de\\\/\",\"logo\":{\"@type\":\"ImageObject\",\"inLanguage\":\"de\",\"@id\":\"https:\\\/\\\/www.sinaptec.fr\\\/de\\\/#\\\/schema\\\/logo\\\/image\\\/\",\"url\":\"https:\\\/\\\/www.sinaptec.fr\\\/wp-content\\\/uploads\\\/2023\\\/11\\\/logo-synap-tec-metadonnees.jpg\",\"contentUrl\":\"https:\\\/\\\/www.sinaptec.fr\\\/wp-content\\\/uploads\\\/2023\\\/11\\\/logo-synap-tec-metadonnees.jpg\",\"width\":1200,\"height\":675,\"caption\":\"Sinap Tec\"},\"image\":{\"@id\":\"https:\\\/\\\/www.sinaptec.fr\\\/de\\\/#\\\/schema\\\/logo\\\/image\\\/\"}}]}<\/script>\n<!-- \/ Yoast SEO plugin. -->","yoast_head_json":{"title":"Rechtliche Hinweise - Sinaptec","robots":{"index":"index","follow":"follow","max-snippet":"max-snippet:-1","max-image-preview":"max-image-preview:large","max-video-preview":"max-video-preview:-1"},"canonical":"https:\/\/www.sinaptec.fr\/de\/rechtliche-hinweise\/","og_locale":"de_DE","og_type":"article","og_title":"Rechtliche Hinweise - Sinaptec","og_description":"EIGENT\u00dcMER DER WEBSEITE: Die Gesellschaft SAS SinapTec, eingetragen ins Handelsregistervon Lille M\u00e9tropole unter der Nummer329 504 963 00086, vertreten durch ihren Gesch\u00e4ftsf\u00fchrer, Pascal TIERCE. Firmensitz: Synergie Park 7 avenue Pierre et Marie Curie 59260 LEZENNES VERANTWORTLICH F\u00dcR DIE VER\u00d6FFENTLICHUNG: Pascal Tierce, in seiner Eigenschaft als Gesch\u00e4ftsf\u00fchrer der GesellschaftSAS SinapTec. BILDNACHWEISE: Bilder und Animationen: Thomas Fauchille [&hellip;]","og_url":"https:\/\/www.sinaptec.fr\/de\/rechtliche-hinweise\/","og_site_name":"Sinaptec","og_image":[{"url":"https:\/\/www.sinaptec.fr\/documentation\/icone_enveloppe.jpg","type":"","width":"","height":""}],"twitter_card":"summary_large_image","twitter_misc":{"Gesch\u00e4tzte Lesezeit":"3\u00a0Minuten"},"schema":{"@context":"https:\/\/schema.org","@graph":[{"@type":"WebPage","@id":"https:\/\/www.sinaptec.fr\/de\/rechtliche-hinweise\/","url":"https:\/\/www.sinaptec.fr\/de\/rechtliche-hinweise\/","name":"Rechtliche Hinweise - Sinaptec","isPartOf":{"@id":"https:\/\/www.sinaptec.fr\/de\/#website"},"primaryImageOfPage":{"@id":"https:\/\/www.sinaptec.fr\/de\/rechtliche-hinweise\/#primaryimage"},"image":{"@id":"https:\/\/www.sinaptec.fr\/de\/rechtliche-hinweise\/#primaryimage"},"thumbnailUrl":"https:\/\/www.sinaptec.fr\/documentation\/icone_enveloppe.jpg","datePublished":"2022-02-15T09:04:15+00:00","breadcrumb":{"@id":"https:\/\/www.sinaptec.fr\/de\/rechtliche-hinweise\/#breadcrumb"},"inLanguage":"de","potentialAction":[{"@type":"ReadAction","target":["https:\/\/www.sinaptec.fr\/de\/rechtliche-hinweise\/"]}]},{"@type":"ImageObject","inLanguage":"de","@id":"https:\/\/www.sinaptec.fr\/de\/rechtliche-hinweise\/#primaryimage","url":"https:\/\/www.sinaptec.fr\/documentation\/icone_enveloppe.jpg","contentUrl":"https:\/\/www.sinaptec.fr\/documentation\/icone_enveloppe.jpg"},{"@type":"BreadcrumbList","@id":"https:\/\/www.sinaptec.fr\/de\/rechtliche-hinweise\/#breadcrumb","itemListElement":[{"@type":"ListItem","position":1,"name":"Accueil","item":"https:\/\/www.sinaptec.fr\/de\/"},{"@type":"ListItem","position":2,"name":"Rechtliche Hinweise"}]},{"@type":"WebSite","@id":"https:\/\/www.sinaptec.fr\/de\/#website","url":"https:\/\/www.sinaptec.fr\/de\/","name":"Sinaptec","description":"Technologie Ultrasons","publisher":{"@id":"https:\/\/www.sinaptec.fr\/de\/#organization"},"alternateName":"Expertise Ultrason","potentialAction":[{"@type":"SearchAction","target":{"@type":"EntryPoint","urlTemplate":"https:\/\/www.sinaptec.fr\/de\/?s={search_term_string}"},"query-input":{"@type":"PropertyValueSpecification","valueRequired":true,"valueName":"search_term_string"}}],"inLanguage":"de"},{"@type":"Organization","@id":"https:\/\/www.sinaptec.fr\/de\/#organization","name":"Sinap Tec","alternateName":"Sinap Tec","url":"https:\/\/www.sinaptec.fr\/de\/","logo":{"@type":"ImageObject","inLanguage":"de","@id":"https:\/\/www.sinaptec.fr\/de\/#\/schema\/logo\/image\/","url":"https:\/\/www.sinaptec.fr\/wp-content\/uploads\/2023\/11\/logo-synap-tec-metadonnees.jpg","contentUrl":"https:\/\/www.sinaptec.fr\/wp-content\/uploads\/2023\/11\/logo-synap-tec-metadonnees.jpg","width":1200,"height":675,"caption":"Sinap Tec"},"image":{"@id":"https:\/\/www.sinaptec.fr\/de\/#\/schema\/logo\/image\/"}}]}},"_links":{"self":[{"href":"https:\/\/www.sinaptec.fr\/de\/wp-json\/wp\/v2\/pages\/9334","targetHints":{"allow":["GET"]}}],"collection":[{"href":"https:\/\/www.sinaptec.fr\/de\/wp-json\/wp\/v2\/pages"}],"about":[{"href":"https:\/\/www.sinaptec.fr\/de\/wp-json\/wp\/v2\/types\/page"}],"author":[{"embeddable":true,"href":"https:\/\/www.sinaptec.fr\/de\/wp-json\/wp\/v2\/users\/4"}],"replies":[{"embeddable":true,"href":"https:\/\/www.sinaptec.fr\/de\/wp-json\/wp\/v2\/comments?post=9334"}],"version-history":[{"count":1,"href":"https:\/\/www.sinaptec.fr\/de\/wp-json\/wp\/v2\/pages\/9334\/revisions"}],"predecessor-version":[{"id":9336,"href":"https:\/\/www.sinaptec.fr\/de\/wp-json\/wp\/v2\/pages\/9334\/revisions\/9336"}],"wp:attachment":[{"href":"https:\/\/www.sinaptec.fr\/de\/wp-json\/wp\/v2\/media?parent=9334"}],"curies":[{"name":"wp","href":"https:\/\/api.w.org\/{rel}","templated":true}]}}