{"id":8942,"date":"2019-05-24T17:17:01","date_gmt":"2019-05-24T15:17:01","guid":{"rendered":"https:\/\/www.sinaptec.fr\/produits\/"},"modified":"2024-06-12T16:06:35","modified_gmt":"2024-06-12T14:06:35","slug":"produkte","status":"publish","type":"page","link":"https:\/\/www.sinaptec.fr\/de\/produkte\/","title":{"rendered":"Produkte"},"content":{"rendered":"[mk_page_section bg_color=&#8220;#f4f4f4&#8243; sidebar=&#8220;sidebar-1&#8243;][vc_column][mk_fancy_title tag_name=&#8220;h1&#8243; size=&#8220;30&#8243; font_weight=&#8220;300&#8243; font_family=&#8220;none&#8220;]Produkte[\/mk_fancy_title][vc_column_text css=&#8220;.vc_custom_1609262064687{margin-bottom: 0px !important;}&#8220;]\n<p class=\"p1\"><span class=\"s1\">Ganz gleich welcher Bedarf, ob eine klassische Nutzung oder Sonderanwendungen, die Flexibilit\u00e4t unserer Generatortechnologie <b>\u00ab\u00a0NexTgen core Inside\u00a0\u00bb<\/b> bedeutet einen einzigartigen Vorteil bei der Erstellung von Ultraschalll\u00f6sungen binnen kurzer Frist und zu geringeren Kosten. <\/span><\/p>\n[\/vc_column_text][\/vc_column][\/mk_page_section][mk_page_section bg_color=&#8220;#ebebeb&#8220; sidebar=&#8220;sidebar-1&#8243;][vc_column width=&#8220;1\/2&#8243;][vc_empty_space][vc_empty_space][vc_empty_space][vc_empty_space][vc_single_image image=&#8220;12434&#8243; img_size=&#8220;full&#8220; alignment=&#8220;center&#8220;][\/vc_column][vc_column width=&#8220;1\/2&#8243;][mk_fancy_title size=&#8220;30&#8243; font_weight=&#8220;500&#8243; font_family=&#8220;none&#8220;]\n<p class=\"p1\"><span class=\"s1\">Ultraschallmodule f\u00fcr die Industrie<\/span><\/p>\n[\/mk_fancy_title][vc_column_text css=&#8220;.vc_custom_1609262117909{margin-bottom: 0px !important;}&#8220;]\n<p class=\"p1\"><span class=\"s1\">Unsere Palette an Ultraschallmodulen <b>\u00ab\u00a0NexTgen Core Inside\u00a0\u00bb<\/b> f\u00fcr die Industrie wurde entworfen, um bestm\u00f6glichst auf die Anforderungen der Industrie zu reagieren.<\/span><\/p>\n<p class=\"p1\"><span class=\"s1\">In einem Frequenzbereich von zwischen 20kHz und 100kHz sowie f\u00fcr Leistungen von wenigen Watt (Zerst\u00e4ubung von Aerosolen) bis hinauf zu 5kW f\u00fcr die Industriereinigung kann unser Angebot die Mehrzahl der Industrieanforderungen befriedigen.<\/span><\/p>\n<p class=\"p1\"><span class=\"s1\">Unsere Entwicklungskapazit\u00e4ten sowie die Flexibilit\u00e4t unserer Technologie erlauben uns unter Einhaltung des besten Preis-Leistungsverh\u00e4ltnisses auf die besonderen Umst\u00e4nde einer Umgebung oder eines Anforderungsprofils zu reagieren.<\/span><\/p>\n<p class=\"p1\"><span class=\"s1\">Unsere Produktionskapazit\u00e4ten gew\u00e4hrleisten einen wettbewerbsf\u00e4higen Preis, ganz gleich, ob der Bedarf bei einigen wenigen Einheiten liegt oder bei mehreren hundert Ger\u00e4ten.<\/span><\/p>\n[\/vc_column_text][vc_empty_space height=&#8220;20px&#8220;][mk_button dimension=&#8220;two&#8220; url=&#8220;\/nettoyage-ultrason\/&#8220;]Reinigung[\/mk_button][mk_button dimension=&#8220;two&#8220; url=&#8220;\/soudage-decoupe\/&#8220;]Schweissen-Schneiden[\/mk_button][mk_button dimension=&#8220;two&#8220; url=&#8220;\/atomisation\/&#8220;]Zerst\u00e4ubung[\/mk_button][mk_button dimension=&#8220;two&#8220; url=&#8220;\/traitement-des-poudres\/&#8220;]Behandlung von Pulver[\/mk_button][mk_button dimension=&#8220;two&#8220; url=&#8220;\/ultrasonic-liquid-processing\/&#8220;]Ultrasonic Liquid Processing (Flu\u0308ssigkeitsverarbeitung)[\/mk_button][mk_button dimension=&#8220;two&#8220; url=&#8220;\/demoussage-ultrason\/&#8220;]Entsch\u00e4umen[\/mk_button][\/vc_column][\/mk_page_section][mk_page_section bg_color=&#8220;#ebebeb&#8220; sidebar=&#8220;sidebar-1&#8243;][vc_column width=&#8220;1\/2&#8243;][mk_fancy_title size=&#8220;30&#8243; font_weight=&#8220;500&#8243; font_family=&#8220;none&#8220;]\n<p class=\"p1\"><span class=\"s1\">Komponenten nach OEM-Standards<\/span><\/p>\n[\/mk_fancy_title][vc_column_text css=&#8220;.vc_custom_1609262460776{margin-bottom: 0px !important;}&#8220;]\n<p class=\"p1\"><span class=\"s1\">Das Angebot an OEM-Ultraschallkomponenten dient dazu technologische L\u00f6sungen f\u00fcr neue Anwendungen oder besondere Umgebungen bereitzustellen&#8230;<\/span><\/p>\n<p class=\"p1\"><span class=\"s1\">Diese Komponenten st\u00fctzen sich auf unsere klassischen Industrieanlagen, die von unseren Teams an die besondere Spezifikation angepasst werden.<\/span><\/p>\n<p class=\"p1\"><span class=\"s1\">Hierzu z\u00e4hlt die Umsetzung einer Anwendung mit un\u00fcblicher Ultraschallfrequenz in einer von hohem Druck oder Temperatur gekennzeichneten Umgebung, der Austausch von veraltetem Material, die Entwicklung einer Machbarkeitsphase im Rahmen von Produktinnovation bis zur sp\u00e4teren Erweiterung der L\u00f6sung auf Serienstandard.<\/span><\/p>\n[\/vc_column_text][mk_button dimension=&#8220;two&#8220; size=&#8220;large&#8220; url=&#8220;\/modules-eom-standard\/&#8220;]Weiterlesen[\/mk_button][\/vc_column][vc_column width=&#8220;1\/2&#8243;][vc_single_image image=&#8220;8775&#8243; img_size=&#8220;full&#8220;][\/vc_column][\/mk_page_section][mk_page_section bg_color=&#8220;#ebebeb&#8220; sidebar=&#8220;sidebar-1&#8243;][vc_column width=&#8220;1\/2&#8243;][vc_single_image image=&#8220;8778&#8243; img_size=&#8220;full&#8220;][\/vc_column][vc_column width=&#8220;1\/2&#8243;][mk_fancy_title size=&#8220;30&#8243; font_weight=&#8220;500&#8243; font_family=&#8220;none&#8220;]\n<p class=\"p1\"><span class=\"s1\">Ma\u00dfgeschneiderte Module<\/span><\/p>\n[\/mk_fancy_title][vc_column_text css=&#8220;.vc_custom_1609262491621{margin-bottom: 0px !important;}&#8220;]\n<p class=\"p1\"><span class=\"s1\">Unsere Technologie \u00ab<b>\u00a0NexTgen Core Inside\u00a0<\/b>\u00bb erleichtert die Entwicklung ma\u00dfgeschneiderter Module, sobald es n\u00f6tig wird Einschr\u00e4nkungen durch hohe Belastungen zu ber\u00fccksichtigen. <\/span><\/p>\n<p class=\"p1\"><span class=\"s1\">Die Machbarkeitsphase, falls eine solche n\u00f6tig sein sollte, l\u00e4sst sich dank unserer klassischen Generatorserie schnell in ihrer G\u00fcltigkeit best\u00e4tigen, indem diese die von den Modulen zu erwartenden Spezifikationen und Leistungsmerkmale liefern.<\/span><\/p>\n<p class=\"p1\"><span class=\"s1\">Die Entwicklungs- und technische Planungsphase f\u00fchrt zu einem perfekt auf Ihren Bedarf zugeschnittenen Generatormodul und Wandler.<\/span><\/p>\n<p class=\"p1\"><span class=\"s1\">Die ma\u00dfgeschneiderten Ultraschallmodule haben ihren Nutzen im Bereich von Biologie und Biowissenschaften erwiesen,<span class=\"Apple-converted-space\">\u00a0 <\/span>sie werden beispielsweise im Rahmen der Probenaufbereitung auf tragbare Ger\u00e4te oder automatisierte Schnellanalysesysteme montiert.<\/span><\/p>\n[\/vc_column_text][mk_button dimension=&#8220;two&#8220; size=&#8220;large&#8220; url=&#8220;\/modules-et-composants\/&#8220;]Module und Bauteile[\/mk_button][mk_button dimension=&#8220;two&#8220; size=&#8220;large&#8220; url=&#8220;\/mesure-et-controle\/&#8220;]Mess- und Regeltechnik[\/mk_button][\/vc_column][\/mk_page_section][mk_page_section bg_color=&#8220;#ebebeb&#8220; sidebar=&#8220;sidebar-1&#8243;][vc_column width=&#8220;1\/2&#8243;][mk_fancy_title size=&#8220;30&#8243; font_weight=&#8220;500&#8243; font_family=&#8220;none&#8220;]Ultraschallhomogenisator[\/mk_fancy_title][vc_column_text css=&#8220;.vc_custom_1609262951418{margin-bottom: 0px !important;}&#8220;]\n<p class=\"p1\">Dieses Ger\u00e4t ist das Ergebnis einer engen Zusammenarbeit zwischen unseren Elektronik- und Computeringenieuren und <strong>unseren Ultraschallexperten<\/strong>. Durch die Implementierung der neuesten Signalverarbeitungstechnologien und die t\u00e4gliche Arbeit unserer Techniker zur Sicherstellung der Qualit\u00e4t der Ultraschallergebnisse konnte die Leistung auf h\u00f6chstem Niveau optimiert werden.<\/p>\n[\/vc_column_text][mk_button dimension=&#8220;two&#8220; size=&#8220;large&#8220; url=&#8220;\/homogeneisateur-ultrasons\/&#8220;]Weiterlesen[\/mk_button][\/vc_column][vc_column width=&#8220;1\/2&#8243;][vc_single_image image=&#8220;8789&#8243; img_size=&#8220;full&#8220;][\/vc_column][\/mk_page_section]\n","protected":false},"excerpt":{"rendered":"<p>[mk_page_section bg_color=&#8220;#f4f4f4&#8243; sidebar=&#8220;sidebar-1&#8243;][vc_column][mk_fancy_title tag_name=&#8220;h1&#8243; size=&#8220;30&#8243; font_weight=&#8220;300&#8243; font_family=&#8220;none&#8220;]Produkte[\/mk_fancy_title][vc_column_text css=&#8220;.vc_custom_1609262064687{margin-bottom: 0px !important;}&#8220;] Ganz gleich welcher Bedarf, ob eine klassische Nutzung oder Sonderanwendungen, die Flexibilit\u00e4t unserer Generatortechnologie \u00ab\u00a0NexTgen core Inside\u00a0\u00bb bedeutet einen einzigartigen Vorteil bei der Erstellung von Ultraschalll\u00f6sungen binnen kurzer Frist und zu geringeren Kosten. [\/vc_column_text][\/vc_column][\/mk_page_section][mk_page_section bg_color=&#8220;#ebebeb&#8220; sidebar=&#8220;sidebar-1&#8243;][vc_column width=&#8220;1\/2&#8243;][vc_empty_space][vc_empty_space][vc_empty_space][vc_empty_space][vc_single_image image=&#8220;12434&#8243; img_size=&#8220;full&#8220; alignment=&#8220;center&#8220;][\/vc_column][vc_column width=&#8220;1\/2&#8243;][mk_fancy_title size=&#8220;30&#8243; font_weight=&#8220;500&#8243; font_family=&#8220;none&#8220;] Ultraschallmodule [&hellip;]<\/p>\n","protected":false},"author":1,"featured_media":0,"parent":0,"menu_order":0,"comment_status":"closed","ping_status":"closed","template":"","meta":{"_acf_changed":false,"footnotes":""},"class_list":["post-8942","page","type-page","status-publish","hentry"],"acf":[],"yoast_head":"<!-- This site is optimized with the Yoast SEO plugin v27.3 - https:\/\/yoast.com\/product\/yoast-seo-wordpress\/ -->\n<title>Ultraschallprodukte - Bereiche und Dienstleistungen | SinapTec<\/title>\n<meta name=\"description\" content=\"Mit 30 Jahren Erfahrung bietet SinapTec eine innovative Reihe von Ultraschallgeneratoren und -wandlern f\u00fcr verschiedene industrielle Anwendungen.\" \/>\n<meta name=\"robots\" content=\"index, follow, max-snippet:-1, max-image-preview:large, max-video-preview:-1\" \/>\n<link rel=\"canonical\" href=\"https:\/\/www.sinaptec.fr\/de\/produkte\/\" \/>\n<meta property=\"og:locale\" content=\"de_DE\" \/>\n<meta property=\"og:type\" content=\"article\" \/>\n<meta property=\"og:title\" content=\"Ultraschallprodukte - Bereiche und Dienstleistungen | SinapTec\" \/>\n<meta property=\"og:description\" content=\"Mit 30 Jahren Erfahrung bietet SinapTec eine innovative Reihe von Ultraschallgeneratoren und -wandlern f\u00fcr verschiedene industrielle Anwendungen.\" \/>\n<meta property=\"og:url\" content=\"https:\/\/www.sinaptec.fr\/de\/produkte\/\" \/>\n<meta property=\"og:site_name\" content=\"Sinaptec\" \/>\n<meta property=\"article:modified_time\" content=\"2024-06-12T14:06:35+00:00\" \/>\n<meta property=\"og:image\" content=\"https:\/\/www.sinaptec.fr\/wp-content\/uploads\/2023\/11\/logo-synap-tec-metadonnees.jpg\" \/>\n\t<meta property=\"og:image:width\" content=\"1200\" \/>\n\t<meta property=\"og:image:height\" content=\"675\" \/>\n\t<meta property=\"og:image:type\" content=\"image\/jpeg\" \/>\n<meta name=\"twitter:card\" content=\"summary_large_image\" \/>\n<meta name=\"twitter:label1\" content=\"Gesch\u00e4tzte Lesezeit\" \/>\n\t<meta name=\"twitter:data1\" content=\"4\u00a0Minuten\" \/>\n<script type=\"application\/ld+json\" class=\"yoast-schema-graph\">{\"@context\":\"https:\\\/\\\/schema.org\",\"@graph\":[{\"@type\":\"WebPage\",\"@id\":\"https:\\\/\\\/www.sinaptec.fr\\\/de\\\/produkte\\\/\",\"url\":\"https:\\\/\\\/www.sinaptec.fr\\\/de\\\/produkte\\\/\",\"name\":\"Ultraschallprodukte - Bereiche und Dienstleistungen | SinapTec\",\"isPartOf\":{\"@id\":\"https:\\\/\\\/www.sinaptec.fr\\\/de\\\/#website\"},\"datePublished\":\"2019-05-24T15:17:01+00:00\",\"dateModified\":\"2024-06-12T14:06:35+00:00\",\"description\":\"Mit 30 Jahren Erfahrung bietet SinapTec eine innovative Reihe von Ultraschallgeneratoren und -wandlern f\u00fcr verschiedene industrielle Anwendungen.\",\"breadcrumb\":{\"@id\":\"https:\\\/\\\/www.sinaptec.fr\\\/de\\\/produkte\\\/#breadcrumb\"},\"inLanguage\":\"de\",\"potentialAction\":[{\"@type\":\"ReadAction\",\"target\":[\"https:\\\/\\\/www.sinaptec.fr\\\/de\\\/produkte\\\/\"]}]},{\"@type\":\"BreadcrumbList\",\"@id\":\"https:\\\/\\\/www.sinaptec.fr\\\/de\\\/produkte\\\/#breadcrumb\",\"itemListElement\":[{\"@type\":\"ListItem\",\"position\":1,\"name\":\"Accueil\",\"item\":\"https:\\\/\\\/www.sinaptec.fr\\\/de\\\/\"},{\"@type\":\"ListItem\",\"position\":2,\"name\":\"Produkte\"}]},{\"@type\":\"WebSite\",\"@id\":\"https:\\\/\\\/www.sinaptec.fr\\\/de\\\/#website\",\"url\":\"https:\\\/\\\/www.sinaptec.fr\\\/de\\\/\",\"name\":\"Sinaptec\",\"description\":\"Technologie Ultrasons\",\"publisher\":{\"@id\":\"https:\\\/\\\/www.sinaptec.fr\\\/de\\\/#organization\"},\"alternateName\":\"Expertise Ultrason\",\"potentialAction\":[{\"@type\":\"SearchAction\",\"target\":{\"@type\":\"EntryPoint\",\"urlTemplate\":\"https:\\\/\\\/www.sinaptec.fr\\\/de\\\/?s={search_term_string}\"},\"query-input\":{\"@type\":\"PropertyValueSpecification\",\"valueRequired\":true,\"valueName\":\"search_term_string\"}}],\"inLanguage\":\"de\"},{\"@type\":\"Organization\",\"@id\":\"https:\\\/\\\/www.sinaptec.fr\\\/de\\\/#organization\",\"name\":\"Sinap Tec\",\"alternateName\":\"Sinap Tec\",\"url\":\"https:\\\/\\\/www.sinaptec.fr\\\/de\\\/\",\"logo\":{\"@type\":\"ImageObject\",\"inLanguage\":\"de\",\"@id\":\"https:\\\/\\\/www.sinaptec.fr\\\/de\\\/#\\\/schema\\\/logo\\\/image\\\/\",\"url\":\"https:\\\/\\\/www.sinaptec.fr\\\/wp-content\\\/uploads\\\/2023\\\/11\\\/logo-synap-tec-metadonnees.jpg\",\"contentUrl\":\"https:\\\/\\\/www.sinaptec.fr\\\/wp-content\\\/uploads\\\/2023\\\/11\\\/logo-synap-tec-metadonnees.jpg\",\"width\":1200,\"height\":675,\"caption\":\"Sinap Tec\"},\"image\":{\"@id\":\"https:\\\/\\\/www.sinaptec.fr\\\/de\\\/#\\\/schema\\\/logo\\\/image\\\/\"}}]}<\/script>\n<!-- \/ Yoast SEO plugin. -->","yoast_head_json":{"title":"Ultraschallprodukte - Bereiche und Dienstleistungen | SinapTec","description":"Mit 30 Jahren Erfahrung bietet SinapTec eine innovative Reihe von Ultraschallgeneratoren und -wandlern f\u00fcr verschiedene industrielle Anwendungen.","robots":{"index":"index","follow":"follow","max-snippet":"max-snippet:-1","max-image-preview":"max-image-preview:large","max-video-preview":"max-video-preview:-1"},"canonical":"https:\/\/www.sinaptec.fr\/de\/produkte\/","og_locale":"de_DE","og_type":"article","og_title":"Ultraschallprodukte - Bereiche und Dienstleistungen | SinapTec","og_description":"Mit 30 Jahren Erfahrung bietet SinapTec eine innovative Reihe von Ultraschallgeneratoren und -wandlern f\u00fcr verschiedene industrielle Anwendungen.","og_url":"https:\/\/www.sinaptec.fr\/de\/produkte\/","og_site_name":"Sinaptec","article_modified_time":"2024-06-12T14:06:35+00:00","og_image":[{"width":1200,"height":675,"url":"https:\/\/www.sinaptec.fr\/wp-content\/uploads\/2023\/11\/logo-synap-tec-metadonnees.jpg","type":"image\/jpeg"}],"twitter_card":"summary_large_image","twitter_misc":{"Gesch\u00e4tzte Lesezeit":"4\u00a0Minuten"},"schema":{"@context":"https:\/\/schema.org","@graph":[{"@type":"WebPage","@id":"https:\/\/www.sinaptec.fr\/de\/produkte\/","url":"https:\/\/www.sinaptec.fr\/de\/produkte\/","name":"Ultraschallprodukte - Bereiche und Dienstleistungen | SinapTec","isPartOf":{"@id":"https:\/\/www.sinaptec.fr\/de\/#website"},"datePublished":"2019-05-24T15:17:01+00:00","dateModified":"2024-06-12T14:06:35+00:00","description":"Mit 30 Jahren Erfahrung bietet SinapTec eine innovative Reihe von Ultraschallgeneratoren und -wandlern f\u00fcr verschiedene industrielle Anwendungen.","breadcrumb":{"@id":"https:\/\/www.sinaptec.fr\/de\/produkte\/#breadcrumb"},"inLanguage":"de","potentialAction":[{"@type":"ReadAction","target":["https:\/\/www.sinaptec.fr\/de\/produkte\/"]}]},{"@type":"BreadcrumbList","@id":"https:\/\/www.sinaptec.fr\/de\/produkte\/#breadcrumb","itemListElement":[{"@type":"ListItem","position":1,"name":"Accueil","item":"https:\/\/www.sinaptec.fr\/de\/"},{"@type":"ListItem","position":2,"name":"Produkte"}]},{"@type":"WebSite","@id":"https:\/\/www.sinaptec.fr\/de\/#website","url":"https:\/\/www.sinaptec.fr\/de\/","name":"Sinaptec","description":"Technologie Ultrasons","publisher":{"@id":"https:\/\/www.sinaptec.fr\/de\/#organization"},"alternateName":"Expertise Ultrason","potentialAction":[{"@type":"SearchAction","target":{"@type":"EntryPoint","urlTemplate":"https:\/\/www.sinaptec.fr\/de\/?s={search_term_string}"},"query-input":{"@type":"PropertyValueSpecification","valueRequired":true,"valueName":"search_term_string"}}],"inLanguage":"de"},{"@type":"Organization","@id":"https:\/\/www.sinaptec.fr\/de\/#organization","name":"Sinap Tec","alternateName":"Sinap Tec","url":"https:\/\/www.sinaptec.fr\/de\/","logo":{"@type":"ImageObject","inLanguage":"de","@id":"https:\/\/www.sinaptec.fr\/de\/#\/schema\/logo\/image\/","url":"https:\/\/www.sinaptec.fr\/wp-content\/uploads\/2023\/11\/logo-synap-tec-metadonnees.jpg","contentUrl":"https:\/\/www.sinaptec.fr\/wp-content\/uploads\/2023\/11\/logo-synap-tec-metadonnees.jpg","width":1200,"height":675,"caption":"Sinap Tec"},"image":{"@id":"https:\/\/www.sinaptec.fr\/de\/#\/schema\/logo\/image\/"}}]}},"_links":{"self":[{"href":"https:\/\/www.sinaptec.fr\/de\/wp-json\/wp\/v2\/pages\/8942","targetHints":{"allow":["GET"]}}],"collection":[{"href":"https:\/\/www.sinaptec.fr\/de\/wp-json\/wp\/v2\/pages"}],"about":[{"href":"https:\/\/www.sinaptec.fr\/de\/wp-json\/wp\/v2\/types\/page"}],"author":[{"embeddable":true,"href":"https:\/\/www.sinaptec.fr\/de\/wp-json\/wp\/v2\/users\/1"}],"replies":[{"embeddable":true,"href":"https:\/\/www.sinaptec.fr\/de\/wp-json\/wp\/v2\/comments?post=8942"}],"version-history":[{"count":8,"href":"https:\/\/www.sinaptec.fr\/de\/wp-json\/wp\/v2\/pages\/8942\/revisions"}],"predecessor-version":[{"id":12747,"href":"https:\/\/www.sinaptec.fr\/de\/wp-json\/wp\/v2\/pages\/8942\/revisions\/12747"}],"wp:attachment":[{"href":"https:\/\/www.sinaptec.fr\/de\/wp-json\/wp\/v2\/media?parent=8942"}],"curies":[{"name":"wp","href":"https:\/\/api.w.org\/{rel}","templated":true}]}}