{"id":8935,"date":"2015-06-10T09:50:24","date_gmt":"2015-06-10T07:50:24","guid":{"rendered":"https:\/\/www.sinaptec.fr\/nos-activites-ultrasons\/"},"modified":"2024-05-30T09:27:11","modified_gmt":"2024-05-30T07:27:11","slug":"unsere-ultraschalltatigkeitfelder","status":"publish","type":"page","link":"https:\/\/www.sinaptec.fr\/de\/unsere-ultraschalltatigkeitfelder\/","title":{"rendered":"Unsere T\u00e4tigkeitfelder"},"content":{"rendered":"[mk_page_section bg_color=&#8220;#f4f4f4&#8243; sidebar=&#8220;sidebar-1&#8243;][vc_column][mk_fancy_title tag_name=&#8220;h1&#8243; color=&#8220;#222222&#8243; size=&#8220;30&#8243; font_weight=&#8220;300&#8243; font_family=&#8220;none&#8220;]Unsere T\u00e4tigkeitfelder[\/mk_fancy_title][\/vc_column][\/mk_page_section][mk_page_section bg_color=&#8220;#ebebeb&#8220; attachment=&#8220;fixed&#8220; bg_position=&#8220;center center&#8220; bg_repeat=&#8220;no-repeat&#8220; video_opacity=&#8220;1&#8243; min_height=&#8220;0&#8243; padding_top=&#8220;0&#8243; padding_bottom=&#8220;0&#8243; first_page=&#8220;false&#8220; last_page=&#8220;false&#8220; sidebar=&#8220;sidebar-1&#8243;][vc_column width=&#8220;1\/2&#8243;][mk_image src=&#8220;https:\/\/www.sinaptec.fr\/wp-content\/uploads\/2024\/05\/modules-composants-nextgen.jpg&#8220; align=&#8220;right&#8220; margin_bottom=&#8220;9&#8243; animation=&#8220;left-to-right&#8220; crop=&#8220;false&#8220;][\/vc_column][vc_column width=&#8220;1\/2&#8243;][mk_fancy_title color=&#8220;#222222&#8243; size=&#8220;30&#8243; font_weight=&#8220;500&#8243; txt_transform=&#8220;capitalize&#8220; letter_spacing=&#8220;1&#8243; margin_top=&#8220;15&#8243; margin_bottom=&#8220;10&#8243; font_family=&#8220;Montserrat&#8220; font_type=&#8220;google&#8220;]\n<p class=\"p1\"><span class=\"s1\">Ultraschallmodule und -komponenten<\/span><\/p>\n[\/mk_fancy_title][vc_column_text disable_pattern=&#8220;false&#8220; css=&#8220;.vc_custom_1609260396829{margin-bottom: 0px !important;}&#8220;]\n<p class=\"p1\"><span class=\"s1\"><b>Unsere Technologie<\/b>, die auf unserer Entwicklungsplattform\u00a0NexTgen\u00ae\u00a0basiert, ist das ideale Werkzeug f\u00fcr <b>Entfaltung und Bereitstellung jeder Art von Anwendung oder Verfahren mit Ultraschall<\/b> und f\u00fcr die Herstellung des an Ihre technologischen Zw\u00e4nge sowie die Anforderungen Ihres Marktes angepassten Wandlers \u2026<\/span><\/p>\n[\/vc_column_text][mk_button dimension=&#8220;two&#8220; size=&#8220;medium&#8220; url=&#8220;modules-et-composants-ultrasons\/&#8220; margin_top=&#8220;25&#8243; margin_bottom=&#8220;0&#8243;]Weiterlesen[\/mk_button][\/vc_column][\/mk_page_section][mk_page_section bg_color=&#8220;#ebebeb&#8220; attachment=&#8220;fixed&#8220; bg_position=&#8220;center center&#8220; bg_repeat=&#8220;no-repeat&#8220; video_opacity=&#8220;1&#8243; min_height=&#8220;0&#8243; padding_top=&#8220;0&#8243; padding_bottom=&#8220;0&#8243; first_page=&#8220;false&#8220; last_page=&#8220;false&#8220; sidebar=&#8220;sidebar-1&#8243;][vc_column width=&#8220;1\/2&#8243;][mk_fancy_title color=&#8220;#222222&#8243; size=&#8220;30&#8243; font_weight=&#8220;500&#8243; txt_transform=&#8220;capitalize&#8220; letter_spacing=&#8220;1&#8243; margin_top=&#8220;15&#8243; margin_bottom=&#8220;&#8220; font_family=&#8220;Montserrat&#8220; font_type=&#8220;google&#8220;]\n<p class=\"p1\"><span class=\"s1\">Industrie und Ultraschall\u00a0<\/span><\/p>\n[\/mk_fancy_title][vc_column_text disable_pattern=&#8220;false&#8220; css=&#8220;.vc_custom_1609260450439{margin-bottom: 0px !important;}&#8220;]\n<p class=\"p1\"><span class=\"s1\">SinapTec bietet durch seine integrierte Technologie \u00ab\u00a0<b>NexTgen\u00ae Core Inside\u00a0\u00bb <\/b>ein breites Angebot an einsatzbereiten elektronischen Ultraschallgeneratoren und -wandlern f\u00fcr s\u00e4mtliche industriellen Anwendungen und Verfahren mit Ultraschall, darunter das Ultraschallschwei\u00dfen, die Ultraschallreinigung, das Ultraschallschneiden, die Ultraschallentsch\u00e4umung, die Zerst\u00e4ubung von Aerosolen mittels Ultraschall.<\/span><\/p>\n<p class=\"p1\"><span class=\"s1\">Mit Unterst\u00fctzung durch unsere Expertenteams ist diese Technologie leicht in Industrieanlagen zu integrieren.<\/span><\/p>\n<p class=\"p1\"><span class=\"s1\">Ausgehend von ihrer Entwicklung als onlinef\u00e4hige Ultraschallger\u00e4te, werden diese w\u00e4hrend ihres gesamten Lebenszyklus \u00fcberwacht dank unserer F\u00e4higkeit im <b>Fernmodus einzugreifen, wodurch wir Ihnen Reaktionsschnelligkeit und Kostenkontrolle garantieren k\u00f6nnen<\/b>. <\/span><\/p>\n[\/vc_column_text][mk_button dimension=&#8220;two&#8220; size=&#8220;medium&#8220; url=&#8220;industrie\/&#8220; margin_top=&#8220;25&#8243;]Weiterlesen[\/mk_button][\/vc_column][vc_column width=&#8220;1\/2&#8243;][mk_image src=&#8220;https:\/\/www.sinaptec.fr\/wp-content\/uploads\/2024\/05\/modules-ultrasons-industrie-sinaptec-2-1.jpg&#8220; image_size=&#8220;full&#8220; align=&#8220;center&#8220; animation=&#8220;right-to-left&#8220; crop=&#8220;false&#8220;][\/vc_column][\/mk_page_section][mk_page_section bg_color=&#8220;#ebebeb&#8220; attachment=&#8220;fixed&#8220; bg_position=&#8220;center center&#8220; bg_repeat=&#8220;no-repeat&#8220; video_opacity=&#8220;1&#8243; min_height=&#8220;0&#8243; padding_top=&#8220;0&#8243; padding_bottom=&#8220;0&#8243; first_page=&#8220;false&#8220; last_page=&#8220;false&#8220; sidebar=&#8220;sidebar-1&#8243;][vc_column width=&#8220;1\/2&#8243;][mk_image src=&#8220;https:\/\/www.sinaptec.fr\/wp-content\/uploads\/2024\/05\/ultrasons-nucleaire-sinaptec.jpg&#8220; image_width=&#8220;830&#8243; margin_bottom=&#8220;0&#8243; animation=&#8220;left-to-right&#8220; crop=&#8220;false&#8220;][\/vc_column][vc_column width=&#8220;1\/2&#8243;][mk_fancy_title color=&#8220;#222222&#8243; size=&#8220;30&#8243; font_weight=&#8220;500&#8243; txt_transform=&#8220;capitalize&#8220; letter_spacing=&#8220;1&#8243; margin_top=&#8220;15&#8243; margin_bottom=&#8220;10&#8243; font_family=&#8220;Montserrat&#8220; font_type=&#8220;google&#8220;]\n<p class=\"p1\"><span class=\"s1\">Atomtechnik<\/span><\/p>\n[\/mk_fancy_title][vc_column_text disable_pattern=&#8220;false&#8220; css=&#8220;.vc_custom_1609260496430{margin-bottom: 0px !important;}&#8220;]\n<p class=\"p1\"><span class=\"s1\">Ultraschall wird in zahlreichen Anwendungen der Atomindustrie genutzt, in der Forschung (Sonochemie&#8230;), im Brennstoffkreislauf (Behebung von Verstopfungen, Filtrierung, S\u00e4uberung in aktiver Zone\u2026) oder w\u00e4hrend der R\u00fcckbauphase zur Behandlung von Abfallmaterialien (Dekontamination mittels Ultraschall\u2026).<\/span><\/p>\n<p class=\"p1\"><span class=\"s1\">Unsere Technologie \u00ab<b>\u00a0NexTgen Core Inside\u00a0<\/b>\u00bb hat ihre Leistungsf\u00e4higkeit und Zuverl\u00e4ssigkeit in diesem herausfordernden Umfeld unter Beiweis gestellt. <\/span><\/p>\n[\/vc_column_text][mk_button dimension=&#8220;two&#8220; size=&#8220;medium&#8220; url=&#8220;nucleaire\/&#8220; margin_top=&#8220;25&#8243; margin_bottom=&#8220;&#8220;]Weiterlesen[\/mk_button][\/vc_column][\/mk_page_section][mk_page_section bg_color=&#8220;#ebebeb&#8220; attachment=&#8220;fixed&#8220; bg_position=&#8220;center center&#8220; bg_repeat=&#8220;no-repeat&#8220; video_opacity=&#8220;1&#8243; min_height=&#8220;0&#8243; padding_top=&#8220;0&#8243; padding_bottom=&#8220;0&#8243; first_page=&#8220;false&#8220; last_page=&#8220;false&#8220; sidebar=&#8220;sidebar-1&#8243;][vc_column width=&#8220;1\/2&#8243;][mk_fancy_title color=&#8220;#222222&#8243; size=&#8220;30&#8243; font_weight=&#8220;500&#8243; txt_transform=&#8220;capitalize&#8220; letter_spacing=&#8220;1&#8243; margin_top=&#8220;15&#8243; margin_bottom=&#8220;&#8220; font_family=&#8220;Montserrat&#8220; font_type=&#8220;google&#8220;]\n<p class=\"p1\"><span class=\"s1\">Forschung<\/span><\/p>\n[\/mk_fancy_title][vc_column_text disable_pattern=&#8220;false&#8220; css=&#8220;.vc_custom_1609260531102{margin-bottom: 0px !important;}&#8220;]\n<p class=\"p1\"><span class=\"s1\">Die von SinapTec im Bereich der Industrie angesammelte Erfahrung, verbunden mit unserem Forschungsschwerpunkt auf Technologien zur Erzeugung von Ultraschallwellen, hat ganz nat\u00fcrlich in die Konzeption einer Reihe von Laboranalyseger\u00e4ten gem\u00fcndet, die zum Ziel haben alle Ultraschallvariablen eines Prozesses zu kontrollieren, also Garant einer exakten Analyset\u00e4tigkeit zu werden.<\/span><\/p>\n[\/vc_column_text][mk_button dimension=&#8220;two&#8220; size=&#8220;medium&#8220; url=&#8220;recherche\/&#8220; margin_top=&#8220;25&#8243;]Weiterlesen[\/mk_button][\/vc_column][vc_column width=&#8220;1\/2&#8243;][mk_image src=&#8220;http:\/\/www.sinaptec.fr\/wp-content\/uploads\/2020\/07\/activites-recherche.jpg&#8220; animation=&#8220;right-to-left&#8220; crop=&#8220;false&#8220;][\/vc_column][\/mk_page_section][mk_page_section bg_color=&#8220;#ebebeb&#8220; attachment=&#8220;fixed&#8220; bg_position=&#8220;center center&#8220; bg_repeat=&#8220;no-repeat&#8220; video_opacity=&#8220;1&#8243; min_height=&#8220;0&#8243; padding_top=&#8220;0&#8243; padding_bottom=&#8220;0&#8243; first_page=&#8220;false&#8220; last_page=&#8220;false&#8220; sidebar=&#8220;sidebar-1&#8243;][vc_column width=&#8220;1\/2&#8243;][mk_image src=&#8220;http:\/\/www.sinaptec.fr\/wp-content\/uploads\/2020\/01\/laboratoire-analyses-ultrasons.jpg&#8220; image_width=&#8220;830&#8243; margin_bottom=&#8220;0&#8243; animation=&#8220;left-to-right&#8220; crop=&#8220;false&#8220;][\/vc_column][vc_column width=&#8220;1\/2&#8243;][mk_fancy_title color=&#8220;#222222&#8243; size=&#8220;30&#8243; font_weight=&#8220;500&#8243; txt_transform=&#8220;capitalize&#8220; letter_spacing=&#8220;1&#8243; margin_top=&#8220;15&#8243; margin_bottom=&#8220;10&#8243; font_family=&#8220;Montserrat&#8220; font_type=&#8220;google&#8220;]\n<p class=\"p1\"><span class=\"s1\">Gesundheit<\/span><\/p>\n[\/mk_fancy_title][vc_column_text disable_pattern=&#8220;false&#8220; css=&#8220;.vc_custom_1609260570524{margin-bottom: 0px !important;}&#8220;]\n<p class=\"p1\"><span class=\"s1\">Leistungsstarke Ultraschallwellen bilden bei der <b>Probenvorbereitung<\/b> f\u00fcr die biologische Analyse eine ausgezeichnete Alternative zu den enzymatischen Methoden. Man verwendet sie in <b>zahllosen<\/b> <b>Anwendungen<\/b> der <b>In-Vitro-Forschung<\/b>, der <b>Medikamentenherstellung<\/b> oder der <b>HIFU-Therapien<\/b> mittels Ultraschall, die die nicht-invasive Behandlung vieler Pathologien erm\u00f6glichen. <\/span><\/p>\n[\/vc_column_text][mk_button dimension=&#8220;two&#8220; size=&#8220;medium&#8220; url=&#8220;sante\/&#8220; margin_bottom=&#8220;&#8220;]Weiterlesen[\/mk_button][\/vc_column][\/mk_page_section]\n","protected":false},"excerpt":{"rendered":"<p>[mk_page_section bg_color=&#8220;#f4f4f4&#8243; sidebar=&#8220;sidebar-1&#8243;][vc_column][mk_fancy_title tag_name=&#8220;h1&#8243; color=&#8220;#222222&#8243; size=&#8220;30&#8243; font_weight=&#8220;300&#8243; font_family=&#8220;none&#8220;]Unsere T\u00e4tigkeitfelder[\/mk_fancy_title][\/vc_column][\/mk_page_section][mk_page_section bg_color=&#8220;#ebebeb&#8220; attachment=&#8220;fixed&#8220; bg_position=&#8220;center center&#8220; bg_repeat=&#8220;no-repeat&#8220; video_opacity=&#8220;1&#8243; min_height=&#8220;0&#8243; padding_top=&#8220;0&#8243; padding_bottom=&#8220;0&#8243; first_page=&#8220;false&#8220; last_page=&#8220;false&#8220; sidebar=&#8220;sidebar-1&#8243;][vc_column width=&#8220;1\/2&#8243;][mk_image src=&#8220;https:\/\/www.sinaptec.fr\/wp-content\/uploads\/2024\/05\/modules-composants-nextgen.jpg&#8220; align=&#8220;right&#8220; margin_bottom=&#8220;9&#8243; animation=&#8220;left-to-right&#8220; crop=&#8220;false&#8220;][\/vc_column][vc_column width=&#8220;1\/2&#8243;][mk_fancy_title color=&#8220;#222222&#8243; size=&#8220;30&#8243; font_weight=&#8220;500&#8243; txt_transform=&#8220;capitalize&#8220; letter_spacing=&#8220;1&#8243; margin_top=&#8220;15&#8243; margin_bottom=&#8220;10&#8243; font_family=&#8220;Montserrat&#8220; font_type=&#8220;google&#8220;] Ultraschallmodule und -komponenten [\/mk_fancy_title][vc_column_text disable_pattern=&#8220;false&#8220; css=&#8220;.vc_custom_1609260396829{margin-bottom: 0px !important;}&#8220;] Unsere Technologie, die auf unserer Entwicklungsplattform\u00a0NexTgen\u00ae\u00a0basiert, ist das ideale Werkzeug [&hellip;]<\/p>\n","protected":false},"author":3,"featured_media":0,"parent":0,"menu_order":0,"comment_status":"closed","ping_status":"closed","template":"","meta":{"_acf_changed":false,"footnotes":""},"class_list":["post-8935","page","type-page","status-publish","hentry"],"acf":[],"yoast_head":"<!-- This site is optimized with the Yoast SEO plugin v27.3 - https:\/\/yoast.com\/product\/yoast-seo-wordpress\/ -->\n<title>T\u00e4tigkeitfelder von Ultraschall |\u00a0SinapTec<\/title>\n<meta name=\"description\" content=\"Entdecken Sie die Ultraschall-Anwendungsbereiche von Sinaptec, dem unbestrittenen Spezialisten f\u00fcr Ultraschalltechnologie: Schneiden, Schwei\u00dfen, Reinigen und mehr.\" \/>\n<meta name=\"robots\" content=\"index, follow, max-snippet:-1, max-image-preview:large, max-video-preview:-1\" \/>\n<link rel=\"canonical\" href=\"https:\/\/www.sinaptec.fr\/de\/unsere-ultraschalltatigkeitfelder\/\" \/>\n<meta property=\"og:locale\" content=\"de_DE\" \/>\n<meta property=\"og:type\" content=\"article\" \/>\n<meta property=\"og:title\" content=\"T\u00e4tigkeitfelder von Ultraschall |\u00a0SinapTec\" \/>\n<meta property=\"og:description\" content=\"Entdecken Sie die Ultraschall-Anwendungsbereiche von Sinaptec, dem unbestrittenen Spezialisten f\u00fcr Ultraschalltechnologie: Schneiden, Schwei\u00dfen, Reinigen und mehr.\" \/>\n<meta property=\"og:url\" content=\"https:\/\/www.sinaptec.fr\/de\/unsere-ultraschalltatigkeitfelder\/\" \/>\n<meta property=\"og:site_name\" content=\"Sinaptec\" \/>\n<meta property=\"article:modified_time\" content=\"2024-05-30T07:27:11+00:00\" \/>\n<meta property=\"og:image\" content=\"https:\/\/www.sinaptec.fr\/wp-content\/uploads\/2023\/11\/logo-synap-tec-metadonnees.jpg\" \/>\n\t<meta property=\"og:image:width\" content=\"1200\" \/>\n\t<meta property=\"og:image:height\" content=\"675\" \/>\n\t<meta property=\"og:image:type\" content=\"image\/jpeg\" \/>\n<meta name=\"twitter:card\" content=\"summary_large_image\" \/>\n<meta name=\"twitter:label1\" content=\"Gesch\u00e4tzte Lesezeit\" \/>\n\t<meta name=\"twitter:data1\" content=\"3\u00a0Minuten\" \/>\n<script type=\"application\/ld+json\" class=\"yoast-schema-graph\">{\"@context\":\"https:\\\/\\\/schema.org\",\"@graph\":[{\"@type\":\"WebPage\",\"@id\":\"https:\\\/\\\/www.sinaptec.fr\\\/de\\\/unsere-ultraschalltatigkeitfelder\\\/\",\"url\":\"https:\\\/\\\/www.sinaptec.fr\\\/de\\\/unsere-ultraschalltatigkeitfelder\\\/\",\"name\":\"T\u00e4tigkeitfelder von Ultraschall |\u00a0SinapTec\",\"isPartOf\":{\"@id\":\"https:\\\/\\\/www.sinaptec.fr\\\/de\\\/#website\"},\"datePublished\":\"2015-06-10T07:50:24+00:00\",\"dateModified\":\"2024-05-30T07:27:11+00:00\",\"description\":\"Entdecken Sie die Ultraschall-Anwendungsbereiche von Sinaptec, dem unbestrittenen Spezialisten f\u00fcr Ultraschalltechnologie: Schneiden, Schwei\u00dfen, Reinigen und mehr.\",\"breadcrumb\":{\"@id\":\"https:\\\/\\\/www.sinaptec.fr\\\/de\\\/unsere-ultraschalltatigkeitfelder\\\/#breadcrumb\"},\"inLanguage\":\"de\",\"potentialAction\":[{\"@type\":\"ReadAction\",\"target\":[\"https:\\\/\\\/www.sinaptec.fr\\\/de\\\/unsere-ultraschalltatigkeitfelder\\\/\"]}]},{\"@type\":\"BreadcrumbList\",\"@id\":\"https:\\\/\\\/www.sinaptec.fr\\\/de\\\/unsere-ultraschalltatigkeitfelder\\\/#breadcrumb\",\"itemListElement\":[{\"@type\":\"ListItem\",\"position\":1,\"name\":\"Accueil\",\"item\":\"https:\\\/\\\/www.sinaptec.fr\\\/de\\\/\"},{\"@type\":\"ListItem\",\"position\":2,\"name\":\"Unsere T\u00e4tigkeitfelder\"}]},{\"@type\":\"WebSite\",\"@id\":\"https:\\\/\\\/www.sinaptec.fr\\\/de\\\/#website\",\"url\":\"https:\\\/\\\/www.sinaptec.fr\\\/de\\\/\",\"name\":\"Sinaptec\",\"description\":\"Technologie Ultrasons\",\"publisher\":{\"@id\":\"https:\\\/\\\/www.sinaptec.fr\\\/de\\\/#organization\"},\"alternateName\":\"Expertise Ultrason\",\"potentialAction\":[{\"@type\":\"SearchAction\",\"target\":{\"@type\":\"EntryPoint\",\"urlTemplate\":\"https:\\\/\\\/www.sinaptec.fr\\\/de\\\/?s={search_term_string}\"},\"query-input\":{\"@type\":\"PropertyValueSpecification\",\"valueRequired\":true,\"valueName\":\"search_term_string\"}}],\"inLanguage\":\"de\"},{\"@type\":\"Organization\",\"@id\":\"https:\\\/\\\/www.sinaptec.fr\\\/de\\\/#organization\",\"name\":\"Sinap Tec\",\"alternateName\":\"Sinap Tec\",\"url\":\"https:\\\/\\\/www.sinaptec.fr\\\/de\\\/\",\"logo\":{\"@type\":\"ImageObject\",\"inLanguage\":\"de\",\"@id\":\"https:\\\/\\\/www.sinaptec.fr\\\/de\\\/#\\\/schema\\\/logo\\\/image\\\/\",\"url\":\"https:\\\/\\\/www.sinaptec.fr\\\/wp-content\\\/uploads\\\/2023\\\/11\\\/logo-synap-tec-metadonnees.jpg\",\"contentUrl\":\"https:\\\/\\\/www.sinaptec.fr\\\/wp-content\\\/uploads\\\/2023\\\/11\\\/logo-synap-tec-metadonnees.jpg\",\"width\":1200,\"height\":675,\"caption\":\"Sinap Tec\"},\"image\":{\"@id\":\"https:\\\/\\\/www.sinaptec.fr\\\/de\\\/#\\\/schema\\\/logo\\\/image\\\/\"}}]}<\/script>\n<!-- \/ Yoast SEO plugin. -->","yoast_head_json":{"title":"T\u00e4tigkeitfelder von Ultraschall |\u00a0SinapTec","description":"Entdecken Sie die Ultraschall-Anwendungsbereiche von Sinaptec, dem unbestrittenen Spezialisten f\u00fcr Ultraschalltechnologie: Schneiden, Schwei\u00dfen, Reinigen und mehr.","robots":{"index":"index","follow":"follow","max-snippet":"max-snippet:-1","max-image-preview":"max-image-preview:large","max-video-preview":"max-video-preview:-1"},"canonical":"https:\/\/www.sinaptec.fr\/de\/unsere-ultraschalltatigkeitfelder\/","og_locale":"de_DE","og_type":"article","og_title":"T\u00e4tigkeitfelder von Ultraschall |\u00a0SinapTec","og_description":"Entdecken Sie die Ultraschall-Anwendungsbereiche von Sinaptec, dem unbestrittenen Spezialisten f\u00fcr Ultraschalltechnologie: Schneiden, Schwei\u00dfen, Reinigen und mehr.","og_url":"https:\/\/www.sinaptec.fr\/de\/unsere-ultraschalltatigkeitfelder\/","og_site_name":"Sinaptec","article_modified_time":"2024-05-30T07:27:11+00:00","og_image":[{"width":1200,"height":675,"url":"https:\/\/www.sinaptec.fr\/wp-content\/uploads\/2023\/11\/logo-synap-tec-metadonnees.jpg","type":"image\/jpeg"}],"twitter_card":"summary_large_image","twitter_misc":{"Gesch\u00e4tzte Lesezeit":"3\u00a0Minuten"},"schema":{"@context":"https:\/\/schema.org","@graph":[{"@type":"WebPage","@id":"https:\/\/www.sinaptec.fr\/de\/unsere-ultraschalltatigkeitfelder\/","url":"https:\/\/www.sinaptec.fr\/de\/unsere-ultraschalltatigkeitfelder\/","name":"T\u00e4tigkeitfelder von Ultraschall |\u00a0SinapTec","isPartOf":{"@id":"https:\/\/www.sinaptec.fr\/de\/#website"},"datePublished":"2015-06-10T07:50:24+00:00","dateModified":"2024-05-30T07:27:11+00:00","description":"Entdecken Sie die Ultraschall-Anwendungsbereiche von Sinaptec, dem unbestrittenen Spezialisten f\u00fcr Ultraschalltechnologie: Schneiden, Schwei\u00dfen, Reinigen und mehr.","breadcrumb":{"@id":"https:\/\/www.sinaptec.fr\/de\/unsere-ultraschalltatigkeitfelder\/#breadcrumb"},"inLanguage":"de","potentialAction":[{"@type":"ReadAction","target":["https:\/\/www.sinaptec.fr\/de\/unsere-ultraschalltatigkeitfelder\/"]}]},{"@type":"BreadcrumbList","@id":"https:\/\/www.sinaptec.fr\/de\/unsere-ultraschalltatigkeitfelder\/#breadcrumb","itemListElement":[{"@type":"ListItem","position":1,"name":"Accueil","item":"https:\/\/www.sinaptec.fr\/de\/"},{"@type":"ListItem","position":2,"name":"Unsere T\u00e4tigkeitfelder"}]},{"@type":"WebSite","@id":"https:\/\/www.sinaptec.fr\/de\/#website","url":"https:\/\/www.sinaptec.fr\/de\/","name":"Sinaptec","description":"Technologie Ultrasons","publisher":{"@id":"https:\/\/www.sinaptec.fr\/de\/#organization"},"alternateName":"Expertise Ultrason","potentialAction":[{"@type":"SearchAction","target":{"@type":"EntryPoint","urlTemplate":"https:\/\/www.sinaptec.fr\/de\/?s={search_term_string}"},"query-input":{"@type":"PropertyValueSpecification","valueRequired":true,"valueName":"search_term_string"}}],"inLanguage":"de"},{"@type":"Organization","@id":"https:\/\/www.sinaptec.fr\/de\/#organization","name":"Sinap Tec","alternateName":"Sinap Tec","url":"https:\/\/www.sinaptec.fr\/de\/","logo":{"@type":"ImageObject","inLanguage":"de","@id":"https:\/\/www.sinaptec.fr\/de\/#\/schema\/logo\/image\/","url":"https:\/\/www.sinaptec.fr\/wp-content\/uploads\/2023\/11\/logo-synap-tec-metadonnees.jpg","contentUrl":"https:\/\/www.sinaptec.fr\/wp-content\/uploads\/2023\/11\/logo-synap-tec-metadonnees.jpg","width":1200,"height":675,"caption":"Sinap Tec"},"image":{"@id":"https:\/\/www.sinaptec.fr\/de\/#\/schema\/logo\/image\/"}}]}},"_links":{"self":[{"href":"https:\/\/www.sinaptec.fr\/de\/wp-json\/wp\/v2\/pages\/8935","targetHints":{"allow":["GET"]}}],"collection":[{"href":"https:\/\/www.sinaptec.fr\/de\/wp-json\/wp\/v2\/pages"}],"about":[{"href":"https:\/\/www.sinaptec.fr\/de\/wp-json\/wp\/v2\/types\/page"}],"author":[{"embeddable":true,"href":"https:\/\/www.sinaptec.fr\/de\/wp-json\/wp\/v2\/users\/3"}],"replies":[{"embeddable":true,"href":"https:\/\/www.sinaptec.fr\/de\/wp-json\/wp\/v2\/comments?post=8935"}],"version-history":[{"count":11,"href":"https:\/\/www.sinaptec.fr\/de\/wp-json\/wp\/v2\/pages\/8935\/revisions"}],"predecessor-version":[{"id":12486,"href":"https:\/\/www.sinaptec.fr\/de\/wp-json\/wp\/v2\/pages\/8935\/revisions\/12486"}],"wp:attachment":[{"href":"https:\/\/www.sinaptec.fr\/de\/wp-json\/wp\/v2\/media?parent=8935"}],"curies":[{"name":"wp","href":"https:\/\/api.w.org\/{rel}","templated":true}]}}