{"id":8571,"date":"2020-01-16T15:18:43","date_gmt":"2020-01-16T14:18:43","guid":{"rendered":"http:\/\/www.sinaptec.fr\/mesure-et-controle\/"},"modified":"2023-11-14T17:57:17","modified_gmt":"2023-11-14T16:57:17","slug":"mess-und-regeltechnik","status":"publish","type":"page","link":"https:\/\/www.sinaptec.fr\/de\/mess-und-regeltechnik\/","title":{"rendered":"Mess- und Regeltechnik"},"content":{"rendered":"[mk_page_section][vc_column][vc_column_text css=&#8220;.vc_custom_1699980952439{margin-bottom: 0px !important;}&#8220;]\n<h2 style=\"font-size: 18px;\">Unser Systemansatz<\/h2>\n<p>Eine Messanlage besteht aus verschiedenen Unterbaugruppen : Sensoren, Bearbeitung und Aufbereitung von Signalen. Wenn auch diese Bauteile im wesentlichen auf dem Markt erh\u00e4ltlich sind, bedarf ihre Implementierung einer soliden Kenntnis des Ultraschallph\u00e4nomens um die beste L\u00f6sung zu analysieren, zu definieren und zu entwickeln. Unser Systemansatz deckt mannigfaltige Aspekte der Messung und Regelung per Ultraschall in einem breiten Frequenzbereich ab. Unsere Grundlagenkompetenzen sowie unser multidisziplin\u00e4res technisches Team (Ultraschall, Elektronik, Mechanik, Software, Akustik&#8230;) erbringen ein Angebot an Komplettl\u00f6sungen auf hohem Leistungsniveau.[\/vc_column_text][\/vc_column][\/mk_page_section][mk_page_section][vc_column][vc_column_text css=&#8220;.vc_custom_1699981008732{margin-bottom: 0px !important;}&#8220;]\n<h2 style=\"font-size: 18px;\">Unsere Entwicklungstools<\/h2>\n<p align=\"justify\">Nach Bestimmung der fu\u0308r die Messung angepassten Sensoren, richtet sich die Erstellung der Hardware auf die allgemeinen Softwaretools fu\u0308r Entwicklung. Wir nutzen die Funktionalit\u00e4ten und die Flexibilit\u00e4t der Plattform National Instruments.<\/p>\n<div align=\"justify\">\n<p>Die Me\u00dfsignale werden erfasst und entweder auf einer Datenerfassungskarte National Instrument verarbeitet oder auf einer eigens dafu\u0308r in das System eingebetteten Elektronikkarte. Die Software Labview bietet zahlreiche M\u00f6glichkeiten zur Aufarbeitung von Me\u00dfsignalen und zur raschen Erstellung leistungsf\u00e4higer, pers\u00f6nlich zugeschnittener Interfaces um :<\/p>\n<ul>\n<li>Parameterdateien zu verwalten,<\/li>\n<li>Kommunikations- und Me\u00dfanalyseinterfaces mittels Grafiken und intuitiver Kartografien zu entwickeln,<\/li>\n<li>Die Diagnostik und Qualit\u00e4tskontrolle zu unterstu\u0308tzen,<\/li>\n<li>Die Stabilit\u00e4t und Verl\u00e4\u00dflichkeit der L\u00f6sung zu bestimmen,<\/li>\n<li>Die Kartografien zu analysieren.<\/li>\n<li>Datenspeicherungen vorzunehmen,<\/li>\n<li>Am Ende einen Kontrollbericht zu erstellen,<\/li>\n<li>Den Verlauf der Messungen und Normabweichungen aufzuzeichnen.<\/li>\n<\/ul>\n<p>Zur Beantwortung all dieser Anforderungen dient unser Knowhow in diesen Technologien, das es uns erm\u00f6glicht Ihnen eine <strong>ma\u00dfgeschneiderte dynamische L\u00f6sung anzubieten.<\/strong>.<\/p>\n<\/div>\n[\/vc_column_text][mk_button dimension=&#8220;two&#8220; size=&#8220;large&#8220; url=&#8220;kontakt&#8220;]Kontakt aufnehmen[\/mk_button][\/vc_column][\/mk_page_section]\n","protected":false},"excerpt":{"rendered":"<p>[mk_page_section][vc_column][vc_column_text css=&#8220;.vc_custom_1699980952439{margin-bottom: 0px !important;}&#8220;] Unser Systemansatz Eine Messanlage besteht aus verschiedenen Unterbaugruppen : Sensoren, Bearbeitung und Aufbereitung von Signalen. Wenn auch diese Bauteile im wesentlichen auf dem Markt erh\u00e4ltlich sind, bedarf ihre Implementierung einer soliden Kenntnis des Ultraschallph\u00e4nomens um die beste L\u00f6sung zu analysieren, zu definieren und zu entwickeln. Unser Systemansatz deckt mannigfaltige Aspekte der [&hellip;]<\/p>\n","protected":false},"author":1,"featured_media":0,"parent":0,"menu_order":0,"comment_status":"closed","ping_status":"closed","template":"","meta":{"_acf_changed":false,"footnotes":""},"class_list":["post-8571","page","type-page","status-publish","hentry"],"acf":[],"yoast_head":"<!-- This site is optimized with the Yoast SEO plugin v27.4 - https:\/\/yoast.com\/product\/yoast-seo-wordpress\/ -->\n<title>Mess- und Regeltechnik |\u00a0SinapTec Ultrasonics<\/title>\n<meta name=\"description\" content=\"Unser Know-how, unsere Ultraschallerfahrung und unser Team von Ingenieuren setzen die Mess- und Steuerungsl\u00f6sung f\u00fcr Ihre Anwendung ein.\" \/>\n<meta name=\"robots\" content=\"index, follow, max-snippet:-1, max-image-preview:large, max-video-preview:-1\" \/>\n<link rel=\"canonical\" href=\"https:\/\/www.sinaptec.fr\/de\/mess-und-regeltechnik\/\" \/>\n<meta property=\"og:locale\" content=\"de_DE\" \/>\n<meta property=\"og:type\" content=\"article\" \/>\n<meta property=\"og:title\" content=\"Mess- und Regeltechnik |\u00a0SinapTec Ultrasonics\" \/>\n<meta property=\"og:description\" content=\"Unser Know-how, unsere Ultraschallerfahrung und unser Team von Ingenieuren setzen die Mess- und Steuerungsl\u00f6sung f\u00fcr Ihre Anwendung ein.\" \/>\n<meta property=\"og:url\" content=\"https:\/\/www.sinaptec.fr\/de\/mess-und-regeltechnik\/\" \/>\n<meta property=\"og:site_name\" content=\"Sinaptec\" \/>\n<meta property=\"article:modified_time\" content=\"2023-11-14T16:57:17+00:00\" \/>\n<meta property=\"og:image\" content=\"https:\/\/www.sinaptec.fr\/wp-content\/uploads\/2023\/11\/logo-synap-tec-metadonnees.jpg\" \/>\n\t<meta property=\"og:image:width\" content=\"1200\" \/>\n\t<meta property=\"og:image:height\" content=\"675\" \/>\n\t<meta property=\"og:image:type\" content=\"image\/jpeg\" \/>\n<meta name=\"twitter:card\" content=\"summary_large_image\" \/>\n<meta name=\"twitter:label1\" content=\"Gesch\u00e4tzte Lesezeit\" \/>\n\t<meta name=\"twitter:data1\" content=\"2\u00a0Minuten\" \/>\n<script type=\"application\/ld+json\" class=\"yoast-schema-graph\">{\"@context\":\"https:\\\/\\\/schema.org\",\"@graph\":[{\"@type\":\"WebPage\",\"@id\":\"https:\\\/\\\/www.sinaptec.fr\\\/de\\\/mess-und-regeltechnik\\\/\",\"url\":\"https:\\\/\\\/www.sinaptec.fr\\\/de\\\/mess-und-regeltechnik\\\/\",\"name\":\"Mess- und Regeltechnik |\u00a0SinapTec Ultrasonics\",\"isPartOf\":{\"@id\":\"https:\\\/\\\/www.sinaptec.fr\\\/de\\\/#website\"},\"datePublished\":\"2020-01-16T14:18:43+00:00\",\"dateModified\":\"2023-11-14T16:57:17+00:00\",\"description\":\"Unser Know-how, unsere Ultraschallerfahrung und unser Team von Ingenieuren setzen die Mess- und Steuerungsl\u00f6sung f\u00fcr Ihre Anwendung ein.\",\"breadcrumb\":{\"@id\":\"https:\\\/\\\/www.sinaptec.fr\\\/de\\\/mess-und-regeltechnik\\\/#breadcrumb\"},\"inLanguage\":\"de\",\"potentialAction\":[{\"@type\":\"ReadAction\",\"target\":[\"https:\\\/\\\/www.sinaptec.fr\\\/de\\\/mess-und-regeltechnik\\\/\"]}]},{\"@type\":\"BreadcrumbList\",\"@id\":\"https:\\\/\\\/www.sinaptec.fr\\\/de\\\/mess-und-regeltechnik\\\/#breadcrumb\",\"itemListElement\":[{\"@type\":\"ListItem\",\"position\":1,\"name\":\"Accueil\",\"item\":\"https:\\\/\\\/www.sinaptec.fr\\\/de\\\/\"},{\"@type\":\"ListItem\",\"position\":2,\"name\":\"Mess- und Regeltechnik\"}]},{\"@type\":\"WebSite\",\"@id\":\"https:\\\/\\\/www.sinaptec.fr\\\/de\\\/#website\",\"url\":\"https:\\\/\\\/www.sinaptec.fr\\\/de\\\/\",\"name\":\"Sinaptec\",\"description\":\"Technologie Ultrasons\",\"publisher\":{\"@id\":\"https:\\\/\\\/www.sinaptec.fr\\\/de\\\/#organization\"},\"alternateName\":\"Expertise Ultrason\",\"potentialAction\":[{\"@type\":\"SearchAction\",\"target\":{\"@type\":\"EntryPoint\",\"urlTemplate\":\"https:\\\/\\\/www.sinaptec.fr\\\/de\\\/?s={search_term_string}\"},\"query-input\":{\"@type\":\"PropertyValueSpecification\",\"valueRequired\":true,\"valueName\":\"search_term_string\"}}],\"inLanguage\":\"de\"},{\"@type\":\"Organization\",\"@id\":\"https:\\\/\\\/www.sinaptec.fr\\\/de\\\/#organization\",\"name\":\"Sinap Tec\",\"alternateName\":\"Sinap Tec\",\"url\":\"https:\\\/\\\/www.sinaptec.fr\\\/de\\\/\",\"logo\":{\"@type\":\"ImageObject\",\"inLanguage\":\"de\",\"@id\":\"https:\\\/\\\/www.sinaptec.fr\\\/de\\\/#\\\/schema\\\/logo\\\/image\\\/\",\"url\":\"https:\\\/\\\/www.sinaptec.fr\\\/wp-content\\\/uploads\\\/2023\\\/11\\\/logo-synap-tec-metadonnees.jpg\",\"contentUrl\":\"https:\\\/\\\/www.sinaptec.fr\\\/wp-content\\\/uploads\\\/2023\\\/11\\\/logo-synap-tec-metadonnees.jpg\",\"width\":1200,\"height\":675,\"caption\":\"Sinap Tec\"},\"image\":{\"@id\":\"https:\\\/\\\/www.sinaptec.fr\\\/de\\\/#\\\/schema\\\/logo\\\/image\\\/\"}}]}<\/script>\n<!-- \/ Yoast SEO plugin. -->","yoast_head_json":{"title":"Mess- und Regeltechnik |\u00a0SinapTec Ultrasonics","description":"Unser Know-how, unsere Ultraschallerfahrung und unser Team von Ingenieuren setzen die Mess- und Steuerungsl\u00f6sung f\u00fcr Ihre Anwendung ein.","robots":{"index":"index","follow":"follow","max-snippet":"max-snippet:-1","max-image-preview":"max-image-preview:large","max-video-preview":"max-video-preview:-1"},"canonical":"https:\/\/www.sinaptec.fr\/de\/mess-und-regeltechnik\/","og_locale":"de_DE","og_type":"article","og_title":"Mess- und Regeltechnik |\u00a0SinapTec Ultrasonics","og_description":"Unser Know-how, unsere Ultraschallerfahrung und unser Team von Ingenieuren setzen die Mess- und Steuerungsl\u00f6sung f\u00fcr Ihre Anwendung ein.","og_url":"https:\/\/www.sinaptec.fr\/de\/mess-und-regeltechnik\/","og_site_name":"Sinaptec","article_modified_time":"2023-11-14T16:57:17+00:00","og_image":[{"width":1200,"height":675,"url":"https:\/\/www.sinaptec.fr\/wp-content\/uploads\/2023\/11\/logo-synap-tec-metadonnees.jpg","type":"image\/jpeg"}],"twitter_card":"summary_large_image","twitter_misc":{"Gesch\u00e4tzte Lesezeit":"2\u00a0Minuten"},"schema":{"@context":"https:\/\/schema.org","@graph":[{"@type":"WebPage","@id":"https:\/\/www.sinaptec.fr\/de\/mess-und-regeltechnik\/","url":"https:\/\/www.sinaptec.fr\/de\/mess-und-regeltechnik\/","name":"Mess- und Regeltechnik |\u00a0SinapTec Ultrasonics","isPartOf":{"@id":"https:\/\/www.sinaptec.fr\/de\/#website"},"datePublished":"2020-01-16T14:18:43+00:00","dateModified":"2023-11-14T16:57:17+00:00","description":"Unser Know-how, unsere Ultraschallerfahrung und unser Team von Ingenieuren setzen die Mess- und Steuerungsl\u00f6sung f\u00fcr Ihre Anwendung ein.","breadcrumb":{"@id":"https:\/\/www.sinaptec.fr\/de\/mess-und-regeltechnik\/#breadcrumb"},"inLanguage":"de","potentialAction":[{"@type":"ReadAction","target":["https:\/\/www.sinaptec.fr\/de\/mess-und-regeltechnik\/"]}]},{"@type":"BreadcrumbList","@id":"https:\/\/www.sinaptec.fr\/de\/mess-und-regeltechnik\/#breadcrumb","itemListElement":[{"@type":"ListItem","position":1,"name":"Accueil","item":"https:\/\/www.sinaptec.fr\/de\/"},{"@type":"ListItem","position":2,"name":"Mess- und Regeltechnik"}]},{"@type":"WebSite","@id":"https:\/\/www.sinaptec.fr\/de\/#website","url":"https:\/\/www.sinaptec.fr\/de\/","name":"Sinaptec","description":"Technologie Ultrasons","publisher":{"@id":"https:\/\/www.sinaptec.fr\/de\/#organization"},"alternateName":"Expertise Ultrason","potentialAction":[{"@type":"SearchAction","target":{"@type":"EntryPoint","urlTemplate":"https:\/\/www.sinaptec.fr\/de\/?s={search_term_string}"},"query-input":{"@type":"PropertyValueSpecification","valueRequired":true,"valueName":"search_term_string"}}],"inLanguage":"de"},{"@type":"Organization","@id":"https:\/\/www.sinaptec.fr\/de\/#organization","name":"Sinap Tec","alternateName":"Sinap Tec","url":"https:\/\/www.sinaptec.fr\/de\/","logo":{"@type":"ImageObject","inLanguage":"de","@id":"https:\/\/www.sinaptec.fr\/de\/#\/schema\/logo\/image\/","url":"https:\/\/www.sinaptec.fr\/wp-content\/uploads\/2023\/11\/logo-synap-tec-metadonnees.jpg","contentUrl":"https:\/\/www.sinaptec.fr\/wp-content\/uploads\/2023\/11\/logo-synap-tec-metadonnees.jpg","width":1200,"height":675,"caption":"Sinap Tec"},"image":{"@id":"https:\/\/www.sinaptec.fr\/de\/#\/schema\/logo\/image\/"}}]}},"_links":{"self":[{"href":"https:\/\/www.sinaptec.fr\/de\/wp-json\/wp\/v2\/pages\/8571","targetHints":{"allow":["GET"]}}],"collection":[{"href":"https:\/\/www.sinaptec.fr\/de\/wp-json\/wp\/v2\/pages"}],"about":[{"href":"https:\/\/www.sinaptec.fr\/de\/wp-json\/wp\/v2\/types\/page"}],"author":[{"embeddable":true,"href":"https:\/\/www.sinaptec.fr\/de\/wp-json\/wp\/v2\/users\/1"}],"replies":[{"embeddable":true,"href":"https:\/\/www.sinaptec.fr\/de\/wp-json\/wp\/v2\/comments?post=8571"}],"version-history":[{"count":8,"href":"https:\/\/www.sinaptec.fr\/de\/wp-json\/wp\/v2\/pages\/8571\/revisions"}],"predecessor-version":[{"id":11141,"href":"https:\/\/www.sinaptec.fr\/de\/wp-json\/wp\/v2\/pages\/8571\/revisions\/11141"}],"wp:attachment":[{"href":"https:\/\/www.sinaptec.fr\/de\/wp-json\/wp\/v2\/media?parent=8571"}],"curies":[{"name":"wp","href":"https:\/\/api.w.org\/{rel}","templated":true}]}}