{"id":8558,"date":"2020-01-16T15:12:25","date_gmt":"2020-01-16T14:12:25","guid":{"rendered":"http:\/\/www.sinaptec.fr\/modules-eom-standard\/"},"modified":"2023-11-14T17:50:17","modified_gmt":"2023-11-14T16:50:17","slug":"oem-module","status":"publish","type":"page","link":"https:\/\/www.sinaptec.fr\/de\/oem-module\/","title":{"rendered":"OEM-Module"},"content":{"rendered":"[mk_page_section][vc_column][vc_column_text css=&#8220;.vc_custom_1583932232334{margin-bottom: 0px !important;}&#8220;]Unser Sortiment an Generatoren erm\u00f6glicht dank der Flexibilit\u00e4t unserer Technologie die Entwicklung jeder Art von neuer Anwendung,<\/p>\n<ul>\n<li>Fu\u0308r Konzeptstudien, -muster, durch Verbindung mit unserem Wandlersortiment (Konverter) oder einem Spezialwandler (Konverter),<\/li>\n<li>Fu\u0308r den Einsatz in einer Hochbelastungsumgebung (Druck, Temperatur, Strahlung\u2026),<\/li>\n<li>Fu\u0308r einleitende Entwicklungsstudien,<\/li>\n<li>Fu\u0308r die Entwicklung Ihrer abschlie\u00dfenden L\u00f6sung, sei sie in eine Anlage integriert, als Modell oder in einem Ger\u00e4t<\/li>\n<\/ul>\n<p>Die Kraft unserer Konzeption, die Kraft unseres Engagements bestehen darin Ihnen dasjenige Ger\u00e4t anzubieten, das Ihren Spezifikationen am n\u00e4chsten kommt, um es dann binnen weniger Tage , weniger Wochen umzusetzen.[\/vc_column_text][\/vc_column][\/mk_page_section][mk_page_section][vc_column width=&#8220;1\/2&#8243;][vc_single_image image=&#8220;7720&#8243; img_size=&#8220;full&#8220;][vc_single_image image=&#8220;7723&#8243; img_size=&#8220;full&#8220;][\/vc_column][vc_column width=&#8220;1\/2&#8243;][vc_column_text css=&#8220;.vc_custom_1699980540296{margin-bottom: 0px !important;}&#8220;]\n<h2 style=\"font-size: 18px;\">Ultraschallgeneratoren<\/h2>\n<p>Eine einzigartige Plattform fu\u0308r die Regelung und Optimierung der Steuerung, die Messung der Leistung&#8230;, drei Generatorfamilien, mehr als 30 Patente : Seit den Anf\u00e4ngen der Kommerzialiserung vor u\u0308ber 6 Jahren wurde bei keiner einzigen Anwendung unserer Technologie kundenseitig ein Fehler angemahnt.[\/vc_column_text][mk_button dimension=&#8220;two&#8220; size=&#8220;large&#8220; url=&#8220;kontakt&#8220;]Kontakt aufnehmen[\/mk_button][\/vc_column][\/mk_page_section][mk_page_section][vc_column width=&#8220;1\/2&#8243;][vc_column_text css=&#8220;.vc_custom_1699980574724{margin-bottom: 0px !important;}&#8220;]\n<h2 style=\"font-size: 18px;\">Spezialwandler (Konverter):<\/h2>\n<p>Jenseits unseres industriellen Angebots haben wir zahlreiche Wandler (Konverter) mit unterschiedlichen Frequenzen, Leistungen und Nutzungen entwickelt. Die Ultraschallphysik ist Bestandteil der DNA von SinapTec, wir entwickeln unsere Wandler (Konverter) und Tools mithilfe der neuesten multiphysikalischen Simulationstools.[\/vc_column_text][mk_button dimension=&#8220;two&#8220; size=&#8220;large&#8220; url=&#8220;kontakt&#8220;]Kontakt aufnehmen[\/mk_button][\/vc_column][vc_column width=&#8220;1\/2&#8243;][vc_single_image image=&#8220;8096&#8243; img_size=&#8220;full&#8220;][\/vc_column][\/mk_page_section]\n","protected":false},"excerpt":{"rendered":"<p>[mk_page_section][vc_column][vc_column_text css=&#8220;.vc_custom_1583932232334{margin-bottom: 0px !important;}&#8220;]Unser Sortiment an Generatoren erm\u00f6glicht dank der Flexibilit\u00e4t unserer Technologie die Entwicklung jeder Art von neuer Anwendung, Fu\u0308r Konzeptstudien, -muster, durch Verbindung mit unserem Wandlersortiment (Konverter) oder einem Spezialwandler (Konverter), Fu\u0308r den Einsatz in einer Hochbelastungsumgebung (Druck, Temperatur, Strahlung\u2026), Fu\u0308r einleitende Entwicklungsstudien, Fu\u0308r die Entwicklung Ihrer abschlie\u00dfenden L\u00f6sung, sei sie in eine [&hellip;]<\/p>\n","protected":false},"author":1,"featured_media":0,"parent":0,"menu_order":0,"comment_status":"closed","ping_status":"closed","template":"","meta":{"_acf_changed":false,"footnotes":""},"class_list":["post-8558","page","type-page","status-publish","hentry"],"acf":[],"yoast_head":"<!-- This site is optimized with the Yoast SEO plugin v27.3 - https:\/\/yoast.com\/product\/yoast-seo-wordpress\/ -->\n<title>Ultraschall OEM-Module | SinapTec Ultrasonics<\/title>\n<meta name=\"description\" content=\"Perfekt angepasste, flexible und wirtschaftliche Module und Ultraschallger\u00e4te f\u00fcr die Entwicklung neuer Anwendungen.\" \/>\n<meta name=\"robots\" content=\"index, follow, max-snippet:-1, max-image-preview:large, max-video-preview:-1\" \/>\n<link rel=\"canonical\" href=\"https:\/\/www.sinaptec.fr\/de\/oem-module\/\" \/>\n<meta property=\"og:locale\" content=\"de_DE\" \/>\n<meta property=\"og:type\" content=\"article\" \/>\n<meta property=\"og:title\" content=\"Ultraschall OEM-Module | SinapTec Ultrasonics\" \/>\n<meta property=\"og:description\" content=\"Perfekt angepasste, flexible und wirtschaftliche Module und Ultraschallger\u00e4te f\u00fcr die Entwicklung neuer Anwendungen.\" \/>\n<meta property=\"og:url\" content=\"https:\/\/www.sinaptec.fr\/de\/oem-module\/\" \/>\n<meta property=\"og:site_name\" content=\"Sinaptec\" \/>\n<meta property=\"article:modified_time\" content=\"2023-11-14T16:50:17+00:00\" \/>\n<meta property=\"og:image\" content=\"https:\/\/www.sinaptec.fr\/wp-content\/uploads\/2023\/11\/logo-synap-tec-metadonnees.jpg\" \/>\n\t<meta property=\"og:image:width\" content=\"1200\" \/>\n\t<meta property=\"og:image:height\" content=\"675\" \/>\n\t<meta property=\"og:image:type\" content=\"image\/jpeg\" \/>\n<meta name=\"twitter:card\" content=\"summary_large_image\" \/>\n<meta name=\"twitter:label1\" content=\"Gesch\u00e4tzte Lesezeit\" \/>\n\t<meta name=\"twitter:data1\" content=\"1\u00a0Minute\" \/>\n<script type=\"application\/ld+json\" class=\"yoast-schema-graph\">{\"@context\":\"https:\\\/\\\/schema.org\",\"@graph\":[{\"@type\":\"WebPage\",\"@id\":\"https:\\\/\\\/www.sinaptec.fr\\\/de\\\/oem-module\\\/\",\"url\":\"https:\\\/\\\/www.sinaptec.fr\\\/de\\\/oem-module\\\/\",\"name\":\"Ultraschall OEM-Module | SinapTec Ultrasonics\",\"isPartOf\":{\"@id\":\"https:\\\/\\\/www.sinaptec.fr\\\/de\\\/#website\"},\"datePublished\":\"2020-01-16T14:12:25+00:00\",\"dateModified\":\"2023-11-14T16:50:17+00:00\",\"description\":\"Perfekt angepasste, flexible und wirtschaftliche Module und Ultraschallger\u00e4te f\u00fcr die Entwicklung neuer Anwendungen.\",\"breadcrumb\":{\"@id\":\"https:\\\/\\\/www.sinaptec.fr\\\/de\\\/oem-module\\\/#breadcrumb\"},\"inLanguage\":\"de\",\"potentialAction\":[{\"@type\":\"ReadAction\",\"target\":[\"https:\\\/\\\/www.sinaptec.fr\\\/de\\\/oem-module\\\/\"]}]},{\"@type\":\"BreadcrumbList\",\"@id\":\"https:\\\/\\\/www.sinaptec.fr\\\/de\\\/oem-module\\\/#breadcrumb\",\"itemListElement\":[{\"@type\":\"ListItem\",\"position\":1,\"name\":\"Accueil\",\"item\":\"https:\\\/\\\/www.sinaptec.fr\\\/de\\\/\"},{\"@type\":\"ListItem\",\"position\":2,\"name\":\"OEM-Module\"}]},{\"@type\":\"WebSite\",\"@id\":\"https:\\\/\\\/www.sinaptec.fr\\\/de\\\/#website\",\"url\":\"https:\\\/\\\/www.sinaptec.fr\\\/de\\\/\",\"name\":\"Sinaptec\",\"description\":\"Technologie Ultrasons\",\"publisher\":{\"@id\":\"https:\\\/\\\/www.sinaptec.fr\\\/de\\\/#organization\"},\"alternateName\":\"Expertise Ultrason\",\"potentialAction\":[{\"@type\":\"SearchAction\",\"target\":{\"@type\":\"EntryPoint\",\"urlTemplate\":\"https:\\\/\\\/www.sinaptec.fr\\\/de\\\/?s={search_term_string}\"},\"query-input\":{\"@type\":\"PropertyValueSpecification\",\"valueRequired\":true,\"valueName\":\"search_term_string\"}}],\"inLanguage\":\"de\"},{\"@type\":\"Organization\",\"@id\":\"https:\\\/\\\/www.sinaptec.fr\\\/de\\\/#organization\",\"name\":\"Sinap Tec\",\"alternateName\":\"Sinap Tec\",\"url\":\"https:\\\/\\\/www.sinaptec.fr\\\/de\\\/\",\"logo\":{\"@type\":\"ImageObject\",\"inLanguage\":\"de\",\"@id\":\"https:\\\/\\\/www.sinaptec.fr\\\/de\\\/#\\\/schema\\\/logo\\\/image\\\/\",\"url\":\"https:\\\/\\\/www.sinaptec.fr\\\/wp-content\\\/uploads\\\/2023\\\/11\\\/logo-synap-tec-metadonnees.jpg\",\"contentUrl\":\"https:\\\/\\\/www.sinaptec.fr\\\/wp-content\\\/uploads\\\/2023\\\/11\\\/logo-synap-tec-metadonnees.jpg\",\"width\":1200,\"height\":675,\"caption\":\"Sinap Tec\"},\"image\":{\"@id\":\"https:\\\/\\\/www.sinaptec.fr\\\/de\\\/#\\\/schema\\\/logo\\\/image\\\/\"}}]}<\/script>\n<!-- \/ Yoast SEO plugin. -->","yoast_head_json":{"title":"Ultraschall OEM-Module | SinapTec Ultrasonics","description":"Perfekt angepasste, flexible und wirtschaftliche Module und Ultraschallger\u00e4te f\u00fcr die Entwicklung neuer Anwendungen.","robots":{"index":"index","follow":"follow","max-snippet":"max-snippet:-1","max-image-preview":"max-image-preview:large","max-video-preview":"max-video-preview:-1"},"canonical":"https:\/\/www.sinaptec.fr\/de\/oem-module\/","og_locale":"de_DE","og_type":"article","og_title":"Ultraschall OEM-Module | SinapTec Ultrasonics","og_description":"Perfekt angepasste, flexible und wirtschaftliche Module und Ultraschallger\u00e4te f\u00fcr die Entwicklung neuer Anwendungen.","og_url":"https:\/\/www.sinaptec.fr\/de\/oem-module\/","og_site_name":"Sinaptec","article_modified_time":"2023-11-14T16:50:17+00:00","og_image":[{"width":1200,"height":675,"url":"https:\/\/www.sinaptec.fr\/wp-content\/uploads\/2023\/11\/logo-synap-tec-metadonnees.jpg","type":"image\/jpeg"}],"twitter_card":"summary_large_image","twitter_misc":{"Gesch\u00e4tzte Lesezeit":"1\u00a0Minute"},"schema":{"@context":"https:\/\/schema.org","@graph":[{"@type":"WebPage","@id":"https:\/\/www.sinaptec.fr\/de\/oem-module\/","url":"https:\/\/www.sinaptec.fr\/de\/oem-module\/","name":"Ultraschall OEM-Module | SinapTec Ultrasonics","isPartOf":{"@id":"https:\/\/www.sinaptec.fr\/de\/#website"},"datePublished":"2020-01-16T14:12:25+00:00","dateModified":"2023-11-14T16:50:17+00:00","description":"Perfekt angepasste, flexible und wirtschaftliche Module und Ultraschallger\u00e4te f\u00fcr die Entwicklung neuer Anwendungen.","breadcrumb":{"@id":"https:\/\/www.sinaptec.fr\/de\/oem-module\/#breadcrumb"},"inLanguage":"de","potentialAction":[{"@type":"ReadAction","target":["https:\/\/www.sinaptec.fr\/de\/oem-module\/"]}]},{"@type":"BreadcrumbList","@id":"https:\/\/www.sinaptec.fr\/de\/oem-module\/#breadcrumb","itemListElement":[{"@type":"ListItem","position":1,"name":"Accueil","item":"https:\/\/www.sinaptec.fr\/de\/"},{"@type":"ListItem","position":2,"name":"OEM-Module"}]},{"@type":"WebSite","@id":"https:\/\/www.sinaptec.fr\/de\/#website","url":"https:\/\/www.sinaptec.fr\/de\/","name":"Sinaptec","description":"Technologie Ultrasons","publisher":{"@id":"https:\/\/www.sinaptec.fr\/de\/#organization"},"alternateName":"Expertise Ultrason","potentialAction":[{"@type":"SearchAction","target":{"@type":"EntryPoint","urlTemplate":"https:\/\/www.sinaptec.fr\/de\/?s={search_term_string}"},"query-input":{"@type":"PropertyValueSpecification","valueRequired":true,"valueName":"search_term_string"}}],"inLanguage":"de"},{"@type":"Organization","@id":"https:\/\/www.sinaptec.fr\/de\/#organization","name":"Sinap Tec","alternateName":"Sinap Tec","url":"https:\/\/www.sinaptec.fr\/de\/","logo":{"@type":"ImageObject","inLanguage":"de","@id":"https:\/\/www.sinaptec.fr\/de\/#\/schema\/logo\/image\/","url":"https:\/\/www.sinaptec.fr\/wp-content\/uploads\/2023\/11\/logo-synap-tec-metadonnees.jpg","contentUrl":"https:\/\/www.sinaptec.fr\/wp-content\/uploads\/2023\/11\/logo-synap-tec-metadonnees.jpg","width":1200,"height":675,"caption":"Sinap Tec"},"image":{"@id":"https:\/\/www.sinaptec.fr\/de\/#\/schema\/logo\/image\/"}}]}},"_links":{"self":[{"href":"https:\/\/www.sinaptec.fr\/de\/wp-json\/wp\/v2\/pages\/8558","targetHints":{"allow":["GET"]}}],"collection":[{"href":"https:\/\/www.sinaptec.fr\/de\/wp-json\/wp\/v2\/pages"}],"about":[{"href":"https:\/\/www.sinaptec.fr\/de\/wp-json\/wp\/v2\/types\/page"}],"author":[{"embeddable":true,"href":"https:\/\/www.sinaptec.fr\/de\/wp-json\/wp\/v2\/users\/1"}],"replies":[{"embeddable":true,"href":"https:\/\/www.sinaptec.fr\/de\/wp-json\/wp\/v2\/comments?post=8558"}],"version-history":[{"count":6,"href":"https:\/\/www.sinaptec.fr\/de\/wp-json\/wp\/v2\/pages\/8558\/revisions"}],"predecessor-version":[{"id":11135,"href":"https:\/\/www.sinaptec.fr\/de\/wp-json\/wp\/v2\/pages\/8558\/revisions\/11135"}],"wp:attachment":[{"href":"https:\/\/www.sinaptec.fr\/de\/wp-json\/wp\/v2\/media?parent=8558"}],"curies":[{"name":"wp","href":"https:\/\/api.w.org\/{rel}","templated":true}]}}