{"id":8552,"date":"2019-10-31T17:05:11","date_gmt":"2019-10-31T16:05:11","guid":{"rendered":"http:\/\/www.sinaptec.fr\/homogeneisateur-ultrasons\/"},"modified":"2024-05-29T16:08:04","modified_gmt":"2024-05-29T14:08:04","slug":"ultraschallhomogenisation","status":"publish","type":"page","link":"https:\/\/www.sinaptec.fr\/de\/ultraschallhomogenisation\/","title":{"rendered":"Ultraschallhomogenisation"},"content":{"rendered":"[mk_page_section][vc_column][vc_column_text css=&#8220;.vc_custom_1583924128771{margin-bottom: 0px !important;}&#8220;]Unsere Erfahrungen im Industriebereich zusammen mit den Forschungsleistungen bei den Technologien zur Erzeugung von Ultraschall, sind ganz natu\u0308rlich eingemu\u0308ndet in die Entwicklung eines bahnbrechend neuartigen Laborinstrumentariums.<\/p>\n<p>Diese Sorte von Anlagen sind das Resultat einer engen Zusammenarbeit zwischen Elektroingenieuren, Informatikern und unseren <strong>Fachleuten fu\u0308r Ultraschall<\/strong>. Der Einsatz der neuesten Technologien aus der Signalverarbeitung und die t\u00e4gliche Arbeit unserer Techniker im Bemu\u0308hen um die Sicherstellung der Qualit\u00e4t hat uns die gr\u00f6\u00dftm\u00f6gliche Leistungssteigerung erlaubt.[\/vc_column_text][\/vc_column][\/mk_page_section][mk_page_section][vc_column width=&#8220;1\/2&#8243;][vc_single_image image=&#8220;7715&#8243; img_size=&#8220;full&#8220;][\/vc_column][vc_column width=&#8220;1\/2&#8243;][vc_column_text css=&#8220;.vc_custom_1699980294786{margin-bottom: 0px !important;}&#8220;]\n<h2 style=\"font-size: 18px;\">Lab fu\u0308r Axialsonden<\/h2>\n<p>Ideal abgestimmt auf kleine Volumina und hohe lokale Intensit\u00e4ten. Die Auswahl der<br \/>\nSonotrode bestimmt die Leistungen. Dieses Werkzeug f\u00e4chert sich in drei Leistungsmodelle<br \/>\nund verschiedene Frequenzen auf : Lab120, Lab500 und Lab750.<\/p>\n<p>Verfu\u0308gbare Frequenzen : 12Khz \/ 20 Khz \/ 35Khz[\/vc_column_text][mk_button dimension=&#8220;two&#8220; size=&#8220;large&#8220; url=&#8220;https:\/\/www.silabtec.com\/de\/homogeneisateurs-a-ultrason\/&#8220; target=&#8220;_blank&#8220;]Wissenswert[\/mk_button][\/vc_column][\/mk_page_section][mk_page_section][vc_column width=&#8220;1\/2&#8243;][vc_column_text css=&#8220;.vc_custom_1699980309891{margin-bottom: 0px !important;}&#8220;]\n<h2 style=\"font-size: 18px;\">Lab fu\u0308r Radialsonden<\/h2>\n<p>Dieses leicht einsetzbare Ger\u00e4t erzeugt eine au\u00dfergew\u00f6hnliche Leistungsdichte und<br \/>\nerm\u00f6glicht die \u00dcberpru\u0308fung im fortlaufenden Betrieb.<\/p>\n<p>Verfu\u0308gbare Frequenz : 20 KHz[\/vc_column_text][mk_button dimension=&#8220;two&#8220; size=&#8220;large&#8220; url=&#8220;https:\/\/www.silabtec.com\/de\/homogeneisateurs-a-ultrason\/&#8220; target=&#8220;_blank&#8220;]Wissenswert[\/mk_button][\/vc_column][vc_column width=&#8220;1\/2&#8243;][vc_single_image image=&#8220;7766&#8243; img_size=&#8220;full&#8220;][\/vc_column][\/mk_page_section][mk_page_section][vc_column width=&#8220;1\/2&#8243;][vc_single_image image=&#8220;12395&#8243; img_size=&#8220;full&#8220;][\/vc_column][vc_column width=&#8220;1\/2&#8243;][vc_column_text css=&#8220;.vc_custom_1699980323261{margin-bottom: 0px !important;}&#8220;]\n<h2 style=\"font-size: 18px;\">Lab fu\u0308r Rohre<\/h2>\n<p>Dieses Ger\u00e4t, das Effizienz und \u00c4sthetik miteinander verbindet, ist am besten geeignet fu\u0308r<br \/>\nindustrielle Extrapolationsstudien im Hinblick auf eine durchgehende Serienproduktion.<\/p>\n<p>Verfu\u0308gbare Frequenz : 22 KHz[\/vc_column_text][mk_button dimension=&#8220;two&#8220; size=&#8220;large&#8220; url=&#8220;https:\/\/www.silabtec.com\/de\/homogeneisateurs-a-ultrason\/&#8220; target=&#8220;_blank&#8220;]Wissenswert[\/mk_button][\/vc_column][\/mk_page_section][mk_page_section][vc_column width=&#8220;1\/2&#8243;][vc_column_text css=&#8220;.vc_custom_1699980337880{margin-bottom: 0px !important;}&#8220;]\n<h2 style=\"font-size: 18px;\">Lab fu\u0308r Cuphorn<\/h2>\n<p><strong>Der Cuphorn<\/strong> ist das ideale Ger\u00e4t fu\u0308r sehr starke Leistung bei reduziertem Volumen. Sein<br \/>\neinzigartiges Design ist sehr flexibel ausgelegt, um daran Nebenger\u00e4te, wie solche fu\u0308r die<br \/>\nBehandlung von Mikrovolumina bei der Bakterienlyse, anzuschlie\u00dfen oder fu\u0308r die thermische<br \/>\nRegulierung von Proben, etc.<br \/>\nDie Reihe CupHorn liegt in zahlreichen Frequenzen ab 20 kHz bis 500 kHz vor.[\/vc_column_text][mk_button dimension=&#8220;two&#8220; size=&#8220;large&#8220; url=&#8220;https:\/\/www.silabtec.com\/de\/homogeneisateurs-a-ultrason\/&#8220; target=&#8220;_blank&#8220;]Wissenswert[\/mk_button][\/vc_column][vc_column width=&#8220;1\/2&#8243;][vc_single_image image=&#8220;7763&#8243; img_size=&#8220;full&#8220;][\/vc_column][\/mk_page_section][mk_page_section][vc_column width=&#8220;1\/2&#8243;][vc_single_image image=&#8220;7758&#8243; img_size=&#8220;full&#8220;][\/vc_column][vc_column width=&#8220;1\/2&#8243;][vc_column_text css=&#8220;.vc_custom_1699980350936{margin-bottom: 0px !important;}&#8220;]\n<h2 style=\"font-size: 18px;\">NexTgen Software Lab Premium<\/h2>\n<p>Bei der Entwicklung unserer PC-Software hatten wir die intuitive Anpassbarkeit von Steuermodus und Generatorparametern im Sinn. <strong>Dies l\u00e4\u00dft die Optimierung der Parameter und die bessere Kontrolle des Ultraschallprozesses zu.<\/strong>[\/vc_column_text][mk_button dimension=&#8220;two&#8220; size=&#8220;large&#8220; url=&#8220;https:\/\/www.silabtec.com\/de\/homogeneisateurs-a-ultrason\/&#8220; target=&#8220;_blank&#8220;]Wissenswert[\/mk_button][\/vc_column][\/mk_page_section]\n","protected":false},"excerpt":{"rendered":"<p>[mk_page_section][vc_column][vc_column_text css=&#8220;.vc_custom_1583924128771{margin-bottom: 0px !important;}&#8220;]Unsere Erfahrungen im Industriebereich zusammen mit den Forschungsleistungen bei den Technologien zur Erzeugung von Ultraschall, sind ganz natu\u0308rlich eingemu\u0308ndet in die Entwicklung eines bahnbrechend neuartigen Laborinstrumentariums. Diese Sorte von Anlagen sind das Resultat einer engen Zusammenarbeit zwischen Elektroingenieuren, Informatikern und unseren Fachleuten fu\u0308r Ultraschall. Der Einsatz der neuesten Technologien aus der Signalverarbeitung [&hellip;]<\/p>\n","protected":false},"author":1,"featured_media":0,"parent":0,"menu_order":0,"comment_status":"closed","ping_status":"closed","template":"","meta":{"_acf_changed":false,"footnotes":""},"class_list":["post-8552","page","type-page","status-publish","hentry"],"acf":[],"yoast_head":"<!-- This site is optimized with the Yoast SEO plugin v27.3 - https:\/\/yoast.com\/product\/yoast-seo-wordpress\/ -->\n<title>Ultraschallhomogenisation | SinapTec Ultrasonics<\/title>\n<meta name=\"description\" content=\"Unsere Palette an Ultraschallger\u00e4ten und Ultraschallhomogenisatoren ist eine Referenz f\u00fcr ihre Leistung und ihre Konnektivit\u00e4t zur Analyse von Ultraschallmessungen.\" \/>\n<meta name=\"robots\" content=\"index, follow, max-snippet:-1, max-image-preview:large, max-video-preview:-1\" \/>\n<link rel=\"canonical\" href=\"https:\/\/www.sinaptec.fr\/de\/ultraschallhomogenisation\/\" \/>\n<meta property=\"og:locale\" content=\"de_DE\" \/>\n<meta property=\"og:type\" content=\"article\" \/>\n<meta property=\"og:title\" content=\"Ultraschallhomogenisation | SinapTec Ultrasonics\" \/>\n<meta property=\"og:description\" content=\"Unsere Palette an Ultraschallger\u00e4ten und Ultraschallhomogenisatoren ist eine Referenz f\u00fcr ihre Leistung und ihre Konnektivit\u00e4t zur Analyse von Ultraschallmessungen.\" \/>\n<meta property=\"og:url\" content=\"https:\/\/www.sinaptec.fr\/de\/ultraschallhomogenisation\/\" \/>\n<meta property=\"og:site_name\" content=\"Sinaptec\" \/>\n<meta property=\"article:modified_time\" content=\"2024-05-29T14:08:04+00:00\" \/>\n<meta property=\"og:image\" content=\"https:\/\/www.sinaptec.fr\/wp-content\/uploads\/2023\/11\/logo-synap-tec-metadonnees.jpg\" \/>\n\t<meta property=\"og:image:width\" content=\"1200\" \/>\n\t<meta property=\"og:image:height\" content=\"675\" \/>\n\t<meta property=\"og:image:type\" content=\"image\/jpeg\" \/>\n<meta name=\"twitter:card\" content=\"summary_large_image\" \/>\n<meta name=\"twitter:label1\" content=\"Gesch\u00e4tzte Lesezeit\" \/>\n\t<meta name=\"twitter:data1\" content=\"2\u00a0Minuten\" \/>\n<script type=\"application\/ld+json\" class=\"yoast-schema-graph\">{\"@context\":\"https:\\\/\\\/schema.org\",\"@graph\":[{\"@type\":\"WebPage\",\"@id\":\"https:\\\/\\\/www.sinaptec.fr\\\/de\\\/ultraschallhomogenisation\\\/\",\"url\":\"https:\\\/\\\/www.sinaptec.fr\\\/de\\\/ultraschallhomogenisation\\\/\",\"name\":\"Ultraschallhomogenisation | SinapTec Ultrasonics\",\"isPartOf\":{\"@id\":\"https:\\\/\\\/www.sinaptec.fr\\\/de\\\/#website\"},\"datePublished\":\"2019-10-31T16:05:11+00:00\",\"dateModified\":\"2024-05-29T14:08:04+00:00\",\"description\":\"Unsere Palette an Ultraschallger\u00e4ten und Ultraschallhomogenisatoren ist eine Referenz f\u00fcr ihre Leistung und ihre Konnektivit\u00e4t zur Analyse von Ultraschallmessungen.\",\"breadcrumb\":{\"@id\":\"https:\\\/\\\/www.sinaptec.fr\\\/de\\\/ultraschallhomogenisation\\\/#breadcrumb\"},\"inLanguage\":\"de\",\"potentialAction\":[{\"@type\":\"ReadAction\",\"target\":[\"https:\\\/\\\/www.sinaptec.fr\\\/de\\\/ultraschallhomogenisation\\\/\"]}]},{\"@type\":\"BreadcrumbList\",\"@id\":\"https:\\\/\\\/www.sinaptec.fr\\\/de\\\/ultraschallhomogenisation\\\/#breadcrumb\",\"itemListElement\":[{\"@type\":\"ListItem\",\"position\":1,\"name\":\"Accueil\",\"item\":\"https:\\\/\\\/www.sinaptec.fr\\\/de\\\/\"},{\"@type\":\"ListItem\",\"position\":2,\"name\":\"Ultraschallhomogenisation\"}]},{\"@type\":\"WebSite\",\"@id\":\"https:\\\/\\\/www.sinaptec.fr\\\/de\\\/#website\",\"url\":\"https:\\\/\\\/www.sinaptec.fr\\\/de\\\/\",\"name\":\"Sinaptec\",\"description\":\"Technologie Ultrasons\",\"publisher\":{\"@id\":\"https:\\\/\\\/www.sinaptec.fr\\\/de\\\/#organization\"},\"alternateName\":\"Expertise Ultrason\",\"potentialAction\":[{\"@type\":\"SearchAction\",\"target\":{\"@type\":\"EntryPoint\",\"urlTemplate\":\"https:\\\/\\\/www.sinaptec.fr\\\/de\\\/?s={search_term_string}\"},\"query-input\":{\"@type\":\"PropertyValueSpecification\",\"valueRequired\":true,\"valueName\":\"search_term_string\"}}],\"inLanguage\":\"de\"},{\"@type\":\"Organization\",\"@id\":\"https:\\\/\\\/www.sinaptec.fr\\\/de\\\/#organization\",\"name\":\"Sinap Tec\",\"alternateName\":\"Sinap Tec\",\"url\":\"https:\\\/\\\/www.sinaptec.fr\\\/de\\\/\",\"logo\":{\"@type\":\"ImageObject\",\"inLanguage\":\"de\",\"@id\":\"https:\\\/\\\/www.sinaptec.fr\\\/de\\\/#\\\/schema\\\/logo\\\/image\\\/\",\"url\":\"https:\\\/\\\/www.sinaptec.fr\\\/wp-content\\\/uploads\\\/2023\\\/11\\\/logo-synap-tec-metadonnees.jpg\",\"contentUrl\":\"https:\\\/\\\/www.sinaptec.fr\\\/wp-content\\\/uploads\\\/2023\\\/11\\\/logo-synap-tec-metadonnees.jpg\",\"width\":1200,\"height\":675,\"caption\":\"Sinap Tec\"},\"image\":{\"@id\":\"https:\\\/\\\/www.sinaptec.fr\\\/de\\\/#\\\/schema\\\/logo\\\/image\\\/\"}}]}<\/script>\n<!-- \/ Yoast SEO plugin. -->","yoast_head_json":{"title":"Ultraschallhomogenisation | SinapTec Ultrasonics","description":"Unsere Palette an Ultraschallger\u00e4ten und Ultraschallhomogenisatoren ist eine Referenz f\u00fcr ihre Leistung und ihre Konnektivit\u00e4t zur Analyse von Ultraschallmessungen.","robots":{"index":"index","follow":"follow","max-snippet":"max-snippet:-1","max-image-preview":"max-image-preview:large","max-video-preview":"max-video-preview:-1"},"canonical":"https:\/\/www.sinaptec.fr\/de\/ultraschallhomogenisation\/","og_locale":"de_DE","og_type":"article","og_title":"Ultraschallhomogenisation | SinapTec Ultrasonics","og_description":"Unsere Palette an Ultraschallger\u00e4ten und Ultraschallhomogenisatoren ist eine Referenz f\u00fcr ihre Leistung und ihre Konnektivit\u00e4t zur Analyse von Ultraschallmessungen.","og_url":"https:\/\/www.sinaptec.fr\/de\/ultraschallhomogenisation\/","og_site_name":"Sinaptec","article_modified_time":"2024-05-29T14:08:04+00:00","og_image":[{"width":1200,"height":675,"url":"https:\/\/www.sinaptec.fr\/wp-content\/uploads\/2023\/11\/logo-synap-tec-metadonnees.jpg","type":"image\/jpeg"}],"twitter_card":"summary_large_image","twitter_misc":{"Gesch\u00e4tzte Lesezeit":"2\u00a0Minuten"},"schema":{"@context":"https:\/\/schema.org","@graph":[{"@type":"WebPage","@id":"https:\/\/www.sinaptec.fr\/de\/ultraschallhomogenisation\/","url":"https:\/\/www.sinaptec.fr\/de\/ultraschallhomogenisation\/","name":"Ultraschallhomogenisation | SinapTec Ultrasonics","isPartOf":{"@id":"https:\/\/www.sinaptec.fr\/de\/#website"},"datePublished":"2019-10-31T16:05:11+00:00","dateModified":"2024-05-29T14:08:04+00:00","description":"Unsere Palette an Ultraschallger\u00e4ten und Ultraschallhomogenisatoren ist eine Referenz f\u00fcr ihre Leistung und ihre Konnektivit\u00e4t zur Analyse von Ultraschallmessungen.","breadcrumb":{"@id":"https:\/\/www.sinaptec.fr\/de\/ultraschallhomogenisation\/#breadcrumb"},"inLanguage":"de","potentialAction":[{"@type":"ReadAction","target":["https:\/\/www.sinaptec.fr\/de\/ultraschallhomogenisation\/"]}]},{"@type":"BreadcrumbList","@id":"https:\/\/www.sinaptec.fr\/de\/ultraschallhomogenisation\/#breadcrumb","itemListElement":[{"@type":"ListItem","position":1,"name":"Accueil","item":"https:\/\/www.sinaptec.fr\/de\/"},{"@type":"ListItem","position":2,"name":"Ultraschallhomogenisation"}]},{"@type":"WebSite","@id":"https:\/\/www.sinaptec.fr\/de\/#website","url":"https:\/\/www.sinaptec.fr\/de\/","name":"Sinaptec","description":"Technologie Ultrasons","publisher":{"@id":"https:\/\/www.sinaptec.fr\/de\/#organization"},"alternateName":"Expertise Ultrason","potentialAction":[{"@type":"SearchAction","target":{"@type":"EntryPoint","urlTemplate":"https:\/\/www.sinaptec.fr\/de\/?s={search_term_string}"},"query-input":{"@type":"PropertyValueSpecification","valueRequired":true,"valueName":"search_term_string"}}],"inLanguage":"de"},{"@type":"Organization","@id":"https:\/\/www.sinaptec.fr\/de\/#organization","name":"Sinap Tec","alternateName":"Sinap Tec","url":"https:\/\/www.sinaptec.fr\/de\/","logo":{"@type":"ImageObject","inLanguage":"de","@id":"https:\/\/www.sinaptec.fr\/de\/#\/schema\/logo\/image\/","url":"https:\/\/www.sinaptec.fr\/wp-content\/uploads\/2023\/11\/logo-synap-tec-metadonnees.jpg","contentUrl":"https:\/\/www.sinaptec.fr\/wp-content\/uploads\/2023\/11\/logo-synap-tec-metadonnees.jpg","width":1200,"height":675,"caption":"Sinap Tec"},"image":{"@id":"https:\/\/www.sinaptec.fr\/de\/#\/schema\/logo\/image\/"}}]}},"_links":{"self":[{"href":"https:\/\/www.sinaptec.fr\/de\/wp-json\/wp\/v2\/pages\/8552","targetHints":{"allow":["GET"]}}],"collection":[{"href":"https:\/\/www.sinaptec.fr\/de\/wp-json\/wp\/v2\/pages"}],"about":[{"href":"https:\/\/www.sinaptec.fr\/de\/wp-json\/wp\/v2\/types\/page"}],"author":[{"embeddable":true,"href":"https:\/\/www.sinaptec.fr\/de\/wp-json\/wp\/v2\/users\/1"}],"replies":[{"embeddable":true,"href":"https:\/\/www.sinaptec.fr\/de\/wp-json\/wp\/v2\/comments?post=8552"}],"version-history":[{"count":7,"href":"https:\/\/www.sinaptec.fr\/de\/wp-json\/wp\/v2\/pages\/8552\/revisions"}],"predecessor-version":[{"id":12401,"href":"https:\/\/www.sinaptec.fr\/de\/wp-json\/wp\/v2\/pages\/8552\/revisions\/12401"}],"wp:attachment":[{"href":"https:\/\/www.sinaptec.fr\/de\/wp-json\/wp\/v2\/media?parent=8552"}],"curies":[{"name":"wp","href":"https:\/\/api.w.org\/{rel}","templated":true}]}}