{"id":8546,"date":"2020-01-30T11:49:24","date_gmt":"2020-01-30T10:49:24","guid":{"rendered":"http:\/\/www.sinaptec.fr\/ultrasonic-liquid-processing\/"},"modified":"2023-11-14T17:40:42","modified_gmt":"2023-11-14T16:40:42","slug":"ultraschallbehandlung-von-fluessigkeiten","status":"publish","type":"page","link":"https:\/\/www.sinaptec.fr\/de\/ultraschallbehandlung-von-fluessigkeiten\/","title":{"rendered":"Ultrasonic Liquid Processing (Flu\u0308ssigkeitsverarbeitung)"},"content":{"rendered":"[mk_page_section][vc_column][vc_column_text css=&#8220;.vc_custom_1583923624075{margin-bottom: 0px !important;}&#8220;]\n<p class=\"p1\">Der Einsatz von Ultraschall zu industriellen Zwecken wie der Behandlung von Produkten wird durch unsere Erfahrungen erleichtert, die wir im Rahmen der Teilnahme an zahlreichen Forschungsprojekten zusammen mit unseren Partnern aus dem universit\u00e4ren Raum gesammelt haben. Hinzu kommt unsere Entwicklungsarbeit im Hochleistungsbereich. Wir verf\u00fcgen \u00fcber elektronische Module von \u00fcber 5 kW St\u00e4rke, die mit Wandlern (Konvertern) verbunden, eine gesteigerte Kapitalrendite der Anlagen erm\u00f6glicht.<\/p>\n<p class=\"p1\">Die von SinapTec angebotenen Anlagen beruhen auf Modulen, die fl\u00fcssige Medien als Batch oder im Dauerbetrieb verarbeiten k\u00f6nnen.<\/p>\n<p class=\"p1\">Wie erarbeiten die optimale Industriel\u00f6sung auf der Grundlage von Simulationen und experimentellen Modellen mithilfe von Labor- und Pilotanlagen.<\/p>\n<p class=\"p1\">Diese Anlagen werden dann auf Industriema\u00dfstab f\u00fcr folgende Anwendungen eingesetzt:<\/p>\n<ul>\n<li>Homogenisierung,<\/li>\n<li>Deagglomerierung \/ Dispersion von Pulver<\/li>\n<li>Emulsion,<\/li>\n<li>Aufl\u00f6sung,<\/li>\n<li>Extraktion,<\/li>\n<li>Zelllyse,<\/li>\n<li>Sonochemie<\/li>\n<\/ul>\n<p>Usw&#8230;[\/vc_column_text][\/vc_column][\/mk_page_section][mk_page_section][vc_column width=&#8220;1\/2&#8243;][vc_column_text css=&#8220;.vc_custom_1699979995651{margin-bottom: 0px !important;}&#8220;]\n<h2 style=\"font-size: 18px;\">Pipe For Industry (Tauchrohr)<\/h2>\n<p>Unser Pipe for Industry (Tauchrohr), in Verbindung mit unseren Generatoren der Reihe Inside 4kW, ist das natu\u0308rliche Derivat unserer Reihe an Laborger\u00e4ten, die sich durch hohe Leistungsdichte und hervorragende Ertr\u00e4ge auszeichnen.<br \/>\nEntwickelt rund um ein Rohr, bietet es den entscheidenden Vorteil den Abstrom nicht zu st\u00f6ren, da die durch den Ultraschall erzeugte Erregung au\u00dfen stattfindet. Sie ist daher perfekt angepasst an stark feststoffhaltige Flu\u0308ssigkeiten.<\/p>\n<p>Da jede Anwendung ihre Besonderheiten hat, ku\u0308mmern sich unsere Ingenieure um die Bereitstellung der entsprechenden Serienreife.[\/vc_column_text][mk_button dimension=&#8220;two&#8220; size=&#8220;medium&#8220; url=&#8220;kontakt&#8220;]Kontakt aufnehmen[\/mk_button][\/vc_column][vc_column width=&#8220;1\/2&#8243;][vc_single_image image=&#8220;8133&#8243; img_size=&#8220;full&#8220;][\/vc_column][\/mk_page_section][mk_page_section][vc_column width=&#8220;1\/2&#8243;][vc_single_image image=&#8220;8073&#8243; img_size=&#8220;full&#8220;][\/vc_column][vc_column width=&#8220;1\/2&#8243;][vc_column_text css=&#8220;.vc_custom_1699980023173{margin-bottom: 0px !important;}&#8220;]\n<h2 style=\"font-size: 18px;\"><strong>Bar for Industry (Tauchstab)<\/strong><\/h2>\n<p>Ausgehend von unserem Angebot fu\u0308r Laboranwendungen bieten wir unsere Sender-Schwingst\u00e4be fu\u0308r die Industrie. In Verbindung mit unseren Generatoren der Reihe Inside 4kW erleichtern sie den Einsatz von Ultraschall in allen Feldern der Industrie, die ihre Liquid Processing-Verfahren (Flu\u0308ssigkeitsverarbeitung) optimieren wollen.<br \/>\nInstalliert als Batch oder als Loopger\u00e4t (Ru\u0308ckfu\u0308hrungsanlage), sorgen die Sender-Schwingst\u00e4be fu\u0308r eine homogene Verteilung, ein hohes Leistungsergebnis in einem \u00e4u\u00dferst kompakten Volumen bei gleichzeitiger leichter Wartung.[\/vc_column_text][mk_button dimension=&#8220;two&#8220; size=&#8220;medium&#8220; url=&#8220;kontakt&#8220;]Kontakt aufnehmen[\/mk_button][\/vc_column][\/mk_page_section]\n","protected":false},"excerpt":{"rendered":"<p>[mk_page_section][vc_column][vc_column_text css=&#8220;.vc_custom_1583923624075{margin-bottom: 0px !important;}&#8220;] Der Einsatz von Ultraschall zu industriellen Zwecken wie der Behandlung von Produkten wird durch unsere Erfahrungen erleichtert, die wir im Rahmen der Teilnahme an zahlreichen Forschungsprojekten zusammen mit unseren Partnern aus dem universit\u00e4ren Raum gesammelt haben. Hinzu kommt unsere Entwicklungsarbeit im Hochleistungsbereich. Wir verf\u00fcgen \u00fcber elektronische Module von \u00fcber 5 kW [&hellip;]<\/p>\n","protected":false},"author":1,"featured_media":0,"parent":0,"menu_order":0,"comment_status":"closed","ping_status":"closed","template":"","meta":{"_acf_changed":false,"footnotes":""},"class_list":["post-8546","page","type-page","status-publish","hentry"],"acf":[],"yoast_head":"<!-- This site is optimized with the Yoast SEO plugin v27.3 - https:\/\/yoast.com\/product\/yoast-seo-wordpress\/ -->\n<title>Ultraschallbehandlung von Fl\u00fcssigkeiten | SinapTec Ultrasonics<\/title>\n<meta name=\"robots\" content=\"index, follow, max-snippet:-1, max-image-preview:large, max-video-preview:-1\" \/>\n<link rel=\"canonical\" href=\"https:\/\/www.sinaptec.fr\/de\/ultraschallbehandlung-von-fluessigkeiten\/\" \/>\n<meta property=\"og:locale\" content=\"de_DE\" \/>\n<meta property=\"og:type\" content=\"article\" \/>\n<meta property=\"og:title\" content=\"Ultraschallbehandlung von Fl\u00fcssigkeiten | SinapTec Ultrasonics\" \/>\n<meta property=\"og:description\" content=\"[mk_page_section][vc_column][vc_column_text css=&#8220;.vc_custom_1583923624075{margin-bottom: 0px !important;}&#8220;] Der Einsatz von Ultraschall zu industriellen Zwecken wie der Behandlung von Produkten wird durch unsere Erfahrungen erleichtert, die wir im Rahmen der Teilnahme an zahlreichen Forschungsprojekten zusammen mit unseren Partnern aus dem universit\u00e4ren Raum gesammelt haben. Hinzu kommt unsere Entwicklungsarbeit im Hochleistungsbereich. Wir verf\u00fcgen \u00fcber elektronische Module von \u00fcber 5 kW [&hellip;]\" \/>\n<meta property=\"og:url\" content=\"https:\/\/www.sinaptec.fr\/de\/ultraschallbehandlung-von-fluessigkeiten\/\" \/>\n<meta property=\"og:site_name\" content=\"Sinaptec\" \/>\n<meta property=\"article:modified_time\" content=\"2023-11-14T16:40:42+00:00\" \/>\n<meta property=\"og:image\" content=\"https:\/\/www.sinaptec.fr\/wp-content\/uploads\/2023\/11\/logo-synap-tec-metadonnees.jpg\" \/>\n\t<meta property=\"og:image:width\" content=\"1200\" \/>\n\t<meta property=\"og:image:height\" content=\"675\" \/>\n\t<meta property=\"og:image:type\" content=\"image\/jpeg\" \/>\n<meta name=\"twitter:card\" content=\"summary_large_image\" \/>\n<meta name=\"twitter:label1\" content=\"Gesch\u00e4tzte Lesezeit\" \/>\n\t<meta name=\"twitter:data1\" content=\"2\u00a0Minuten\" \/>\n<script type=\"application\/ld+json\" class=\"yoast-schema-graph\">{\"@context\":\"https:\\\/\\\/schema.org\",\"@graph\":[{\"@type\":\"WebPage\",\"@id\":\"https:\\\/\\\/www.sinaptec.fr\\\/de\\\/ultraschallbehandlung-von-fluessigkeiten\\\/\",\"url\":\"https:\\\/\\\/www.sinaptec.fr\\\/de\\\/ultraschallbehandlung-von-fluessigkeiten\\\/\",\"name\":\"Ultraschallbehandlung von Fl\u00fcssigkeiten | SinapTec Ultrasonics\",\"isPartOf\":{\"@id\":\"https:\\\/\\\/www.sinaptec.fr\\\/de\\\/#website\"},\"datePublished\":\"2020-01-30T10:49:24+00:00\",\"dateModified\":\"2023-11-14T16:40:42+00:00\",\"breadcrumb\":{\"@id\":\"https:\\\/\\\/www.sinaptec.fr\\\/de\\\/ultraschallbehandlung-von-fluessigkeiten\\\/#breadcrumb\"},\"inLanguage\":\"de\",\"potentialAction\":[{\"@type\":\"ReadAction\",\"target\":[\"https:\\\/\\\/www.sinaptec.fr\\\/de\\\/ultraschallbehandlung-von-fluessigkeiten\\\/\"]}]},{\"@type\":\"BreadcrumbList\",\"@id\":\"https:\\\/\\\/www.sinaptec.fr\\\/de\\\/ultraschallbehandlung-von-fluessigkeiten\\\/#breadcrumb\",\"itemListElement\":[{\"@type\":\"ListItem\",\"position\":1,\"name\":\"Accueil\",\"item\":\"https:\\\/\\\/www.sinaptec.fr\\\/de\\\/\"},{\"@type\":\"ListItem\",\"position\":2,\"name\":\"Ultrasonic Liquid Processing (Flu\u0308ssigkeitsverarbeitung)\"}]},{\"@type\":\"WebSite\",\"@id\":\"https:\\\/\\\/www.sinaptec.fr\\\/de\\\/#website\",\"url\":\"https:\\\/\\\/www.sinaptec.fr\\\/de\\\/\",\"name\":\"Sinaptec\",\"description\":\"Technologie Ultrasons\",\"publisher\":{\"@id\":\"https:\\\/\\\/www.sinaptec.fr\\\/de\\\/#organization\"},\"alternateName\":\"Expertise Ultrason\",\"potentialAction\":[{\"@type\":\"SearchAction\",\"target\":{\"@type\":\"EntryPoint\",\"urlTemplate\":\"https:\\\/\\\/www.sinaptec.fr\\\/de\\\/?s={search_term_string}\"},\"query-input\":{\"@type\":\"PropertyValueSpecification\",\"valueRequired\":true,\"valueName\":\"search_term_string\"}}],\"inLanguage\":\"de\"},{\"@type\":\"Organization\",\"@id\":\"https:\\\/\\\/www.sinaptec.fr\\\/de\\\/#organization\",\"name\":\"Sinap Tec\",\"alternateName\":\"Sinap Tec\",\"url\":\"https:\\\/\\\/www.sinaptec.fr\\\/de\\\/\",\"logo\":{\"@type\":\"ImageObject\",\"inLanguage\":\"de\",\"@id\":\"https:\\\/\\\/www.sinaptec.fr\\\/de\\\/#\\\/schema\\\/logo\\\/image\\\/\",\"url\":\"https:\\\/\\\/www.sinaptec.fr\\\/wp-content\\\/uploads\\\/2023\\\/11\\\/logo-synap-tec-metadonnees.jpg\",\"contentUrl\":\"https:\\\/\\\/www.sinaptec.fr\\\/wp-content\\\/uploads\\\/2023\\\/11\\\/logo-synap-tec-metadonnees.jpg\",\"width\":1200,\"height\":675,\"caption\":\"Sinap Tec\"},\"image\":{\"@id\":\"https:\\\/\\\/www.sinaptec.fr\\\/de\\\/#\\\/schema\\\/logo\\\/image\\\/\"}}]}<\/script>\n<!-- \/ Yoast SEO plugin. -->","yoast_head_json":{"title":"Ultraschallbehandlung von Fl\u00fcssigkeiten | SinapTec Ultrasonics","robots":{"index":"index","follow":"follow","max-snippet":"max-snippet:-1","max-image-preview":"max-image-preview:large","max-video-preview":"max-video-preview:-1"},"canonical":"https:\/\/www.sinaptec.fr\/de\/ultraschallbehandlung-von-fluessigkeiten\/","og_locale":"de_DE","og_type":"article","og_title":"Ultraschallbehandlung von Fl\u00fcssigkeiten | SinapTec Ultrasonics","og_description":"[mk_page_section][vc_column][vc_column_text css=&#8220;.vc_custom_1583923624075{margin-bottom: 0px !important;}&#8220;] Der Einsatz von Ultraschall zu industriellen Zwecken wie der Behandlung von Produkten wird durch unsere Erfahrungen erleichtert, die wir im Rahmen der Teilnahme an zahlreichen Forschungsprojekten zusammen mit unseren Partnern aus dem universit\u00e4ren Raum gesammelt haben. Hinzu kommt unsere Entwicklungsarbeit im Hochleistungsbereich. Wir verf\u00fcgen \u00fcber elektronische Module von \u00fcber 5 kW [&hellip;]","og_url":"https:\/\/www.sinaptec.fr\/de\/ultraschallbehandlung-von-fluessigkeiten\/","og_site_name":"Sinaptec","article_modified_time":"2023-11-14T16:40:42+00:00","og_image":[{"width":1200,"height":675,"url":"https:\/\/www.sinaptec.fr\/wp-content\/uploads\/2023\/11\/logo-synap-tec-metadonnees.jpg","type":"image\/jpeg"}],"twitter_card":"summary_large_image","twitter_misc":{"Gesch\u00e4tzte Lesezeit":"2\u00a0Minuten"},"schema":{"@context":"https:\/\/schema.org","@graph":[{"@type":"WebPage","@id":"https:\/\/www.sinaptec.fr\/de\/ultraschallbehandlung-von-fluessigkeiten\/","url":"https:\/\/www.sinaptec.fr\/de\/ultraschallbehandlung-von-fluessigkeiten\/","name":"Ultraschallbehandlung von Fl\u00fcssigkeiten | SinapTec Ultrasonics","isPartOf":{"@id":"https:\/\/www.sinaptec.fr\/de\/#website"},"datePublished":"2020-01-30T10:49:24+00:00","dateModified":"2023-11-14T16:40:42+00:00","breadcrumb":{"@id":"https:\/\/www.sinaptec.fr\/de\/ultraschallbehandlung-von-fluessigkeiten\/#breadcrumb"},"inLanguage":"de","potentialAction":[{"@type":"ReadAction","target":["https:\/\/www.sinaptec.fr\/de\/ultraschallbehandlung-von-fluessigkeiten\/"]}]},{"@type":"BreadcrumbList","@id":"https:\/\/www.sinaptec.fr\/de\/ultraschallbehandlung-von-fluessigkeiten\/#breadcrumb","itemListElement":[{"@type":"ListItem","position":1,"name":"Accueil","item":"https:\/\/www.sinaptec.fr\/de\/"},{"@type":"ListItem","position":2,"name":"Ultrasonic Liquid Processing (Flu\u0308ssigkeitsverarbeitung)"}]},{"@type":"WebSite","@id":"https:\/\/www.sinaptec.fr\/de\/#website","url":"https:\/\/www.sinaptec.fr\/de\/","name":"Sinaptec","description":"Technologie Ultrasons","publisher":{"@id":"https:\/\/www.sinaptec.fr\/de\/#organization"},"alternateName":"Expertise Ultrason","potentialAction":[{"@type":"SearchAction","target":{"@type":"EntryPoint","urlTemplate":"https:\/\/www.sinaptec.fr\/de\/?s={search_term_string}"},"query-input":{"@type":"PropertyValueSpecification","valueRequired":true,"valueName":"search_term_string"}}],"inLanguage":"de"},{"@type":"Organization","@id":"https:\/\/www.sinaptec.fr\/de\/#organization","name":"Sinap Tec","alternateName":"Sinap Tec","url":"https:\/\/www.sinaptec.fr\/de\/","logo":{"@type":"ImageObject","inLanguage":"de","@id":"https:\/\/www.sinaptec.fr\/de\/#\/schema\/logo\/image\/","url":"https:\/\/www.sinaptec.fr\/wp-content\/uploads\/2023\/11\/logo-synap-tec-metadonnees.jpg","contentUrl":"https:\/\/www.sinaptec.fr\/wp-content\/uploads\/2023\/11\/logo-synap-tec-metadonnees.jpg","width":1200,"height":675,"caption":"Sinap Tec"},"image":{"@id":"https:\/\/www.sinaptec.fr\/de\/#\/schema\/logo\/image\/"}}]}},"_links":{"self":[{"href":"https:\/\/www.sinaptec.fr\/de\/wp-json\/wp\/v2\/pages\/8546","targetHints":{"allow":["GET"]}}],"collection":[{"href":"https:\/\/www.sinaptec.fr\/de\/wp-json\/wp\/v2\/pages"}],"about":[{"href":"https:\/\/www.sinaptec.fr\/de\/wp-json\/wp\/v2\/types\/page"}],"author":[{"embeddable":true,"href":"https:\/\/www.sinaptec.fr\/de\/wp-json\/wp\/v2\/users\/1"}],"replies":[{"embeddable":true,"href":"https:\/\/www.sinaptec.fr\/de\/wp-json\/wp\/v2\/comments?post=8546"}],"version-history":[{"count":6,"href":"https:\/\/www.sinaptec.fr\/de\/wp-json\/wp\/v2\/pages\/8546\/revisions"}],"predecessor-version":[{"id":11132,"href":"https:\/\/www.sinaptec.fr\/de\/wp-json\/wp\/v2\/pages\/8546\/revisions\/11132"}],"wp:attachment":[{"href":"https:\/\/www.sinaptec.fr\/de\/wp-json\/wp\/v2\/media?parent=8546"}],"curies":[{"name":"wp","href":"https:\/\/api.w.org\/{rel}","templated":true}]}}