{"id":8540,"date":"2020-01-22T11:48:29","date_gmt":"2020-01-22T10:48:29","guid":{"rendered":"http:\/\/www.sinaptec.fr\/traitement-des-poudres\/"},"modified":"2024-05-24T15:18:35","modified_gmt":"2024-05-24T13:18:35","slug":"behandlung-von-pulver","status":"publish","type":"page","link":"https:\/\/www.sinaptec.fr\/de\/behandlung-von-pulver\/","title":{"rendered":"Behandlung von Pulver"},"content":{"rendered":"[mk_page_section][vc_column width=&#8220;1\/2&#8243;][vc_column_text css=&#8220;.vc_custom_1699978044640{margin-bottom: 0px !important;}&#8220;]\n<h2 style=\"font-size: 18px;\">Ultraschallvibrator<\/h2>\n<p>Unsere Ultraschallvibratoren erzeugen durch mehrere Dutzend St\u00f6\u00dfe pro Sekunde eine Schwingungserregung von einigen Mikron Amplitude und wirken damit den Kr\u00e4ften, die das Anhaften der Partikel an Oberfl\u00e4chen bewirken, entgegen.<\/p>\n<p>Unsere kompakten Systeme passen sich leicht den Erfordernissen Ihrer Anwendungen an.[\/vc_column_text][mk_button dimension=&#8220;two&#8220; size=&#8220;medium&#8220; url=&#8220;kontakt&#8220;]Kontakt aufnehmen[\/mk_button][\/vc_column][vc_column width=&#8220;1\/2&#8243;][vc_single_image image=&#8220;8357&#8243; img_size=&#8220;full&#8220;][\/vc_column][\/mk_page_section][mk_page_section][vc_column width=&#8220;1\/2&#8243;][vc_single_image image=&#8220;12267&#8243; img_size=&#8220;full&#8220;][\/vc_column][vc_column width=&#8220;1\/2&#8243;][vc_column_text css=&#8220;.vc_custom_1699978086583{margin-bottom: 0px !important;}&#8220;]\n<h2 style=\"font-size: 18px;\">Modul fu\u0308r das Ultraschallsieben<\/h2>\n<p>Die Ultraschallschwingungen reduzieren die Reibungskoeffizienten zwischen den Partikeln und vergr\u00f6\u00dfern somit die Durchflussmenge des Pulvers.<\/p>\n<p>Die Ultraschallschwingung verbindet sich mit der klassischen mechanischen Vibration eines Siebes. Der Ultraschallsender wird mittig oberhalb des Siebgeflechts montiert.<br \/>\nDie Anlage wird optional als ATEX-Version angeboten.<\/p>\n<p>Das Sieben mittels Ultraschall erm\u00f6glicht :<\/p>\n<ul>\n<li>Die Durchflussmenge zu steigern<\/li>\n<li>Die st\u00e4ndige Selbstreinigung des Siebgeflechtes<\/li>\n<\/ul>\n[\/vc_column_text][mk_button dimension=&#8220;two&#8220; size=&#8220;medium&#8220; url=&#8220;kontakt&#8220;]Kontakt aufnehmen[\/mk_button][\/vc_column][\/mk_page_section][mk_page_section][vc_column width=&#8220;1\/2&#8243;][vc_column_text css=&#8220;.vc_custom_1699978104137{margin-bottom: 0px !important;}&#8220;]\n<h2 style=\"font-size: 18px;\">Generator in Schaltschrank fu\u0308r Sieben und Vibrator<\/h2>\n<p>Unsere Ultraschallgeneratoren der Reihe NexTgen steuern unsere Wandler (Konverter) fu\u0308r das Sieben und die Ultraschallvibration.<\/p>\n<p>In Verbindung mit der Software NexTgen Advanced erlauben sie eine uneingeschr\u00e4nkte Ru\u0308ckverfolgbarkeit des Prozesses sowie die regelm\u00e4\u00dfige Diagnose der Wandler (Konverter).[\/vc_column_text][mk_button dimension=&#8220;two&#8220; size=&#8220;medium&#8220; url=&#8220;kontakt&#8220;]Kontakt aufnehmen[\/mk_button][\/vc_column][vc_column width=&#8220;1\/2&#8243;][vc_single_image image=&#8220;8360&#8243; img_size=&#8220;full&#8220;][\/vc_column][\/mk_page_section]\n","protected":false},"excerpt":{"rendered":"<p>[mk_page_section][vc_column width=&#8220;1\/2&#8243;][vc_column_text css=&#8220;.vc_custom_1699978044640{margin-bottom: 0px !important;}&#8220;] Ultraschallvibrator Unsere Ultraschallvibratoren erzeugen durch mehrere Dutzend St\u00f6\u00dfe pro Sekunde eine Schwingungserregung von einigen Mikron Amplitude und wirken damit den Kr\u00e4ften, die das Anhaften der Partikel an Oberfl\u00e4chen bewirken, entgegen. Unsere kompakten Systeme passen sich leicht den Erfordernissen Ihrer Anwendungen an.[\/vc_column_text][mk_button dimension=&#8220;two&#8220; size=&#8220;medium&#8220; url=&#8220;kontakt&#8220;]Kontakt aufnehmen[\/mk_button][\/vc_column][vc_column width=&#8220;1\/2&#8243;][vc_single_image image=&#8220;8357&#8243; img_size=&#8220;full&#8220;][\/vc_column][\/mk_page_section][mk_page_section][vc_column width=&#8220;1\/2&#8243;][vc_single_image image=&#8220;12267&#8243; [&hellip;]<\/p>\n","protected":false},"author":1,"featured_media":0,"parent":0,"menu_order":0,"comment_status":"closed","ping_status":"closed","template":"","meta":{"_acf_changed":false,"footnotes":""},"class_list":["post-8540","page","type-page","status-publish","hentry"],"acf":[],"yoast_head":"<!-- This site is optimized with the Yoast SEO plugin v27.3 - https:\/\/yoast.com\/product\/yoast-seo-wordpress\/ -->\n<title>L\u00f6sungs-Ultraschall f\u00fcr Pulverhandling<\/title>\n<meta name=\"robots\" content=\"index, follow, max-snippet:-1, max-image-preview:large, max-video-preview:-1\" \/>\n<link rel=\"canonical\" href=\"https:\/\/www.sinaptec.fr\/de\/behandlung-von-pulver\/\" \/>\n<meta property=\"og:locale\" content=\"de_DE\" \/>\n<meta property=\"og:type\" content=\"article\" \/>\n<meta property=\"og:title\" content=\"L\u00f6sungs-Ultraschall f\u00fcr Pulverhandling\" \/>\n<meta property=\"og:description\" content=\"[mk_page_section][vc_column width=&#8220;1\/2&#8243;][vc_column_text css=&#8220;.vc_custom_1699978044640{margin-bottom: 0px !important;}&#8220;] Ultraschallvibrator Unsere Ultraschallvibratoren erzeugen durch mehrere Dutzend St\u00f6\u00dfe pro Sekunde eine Schwingungserregung von einigen Mikron Amplitude und wirken damit den Kr\u00e4ften, die das Anhaften der Partikel an Oberfl\u00e4chen bewirken, entgegen. Unsere kompakten Systeme passen sich leicht den Erfordernissen Ihrer Anwendungen an.[\/vc_column_text][mk_button dimension=&#8220;two&#8220; size=&#8220;medium&#8220; url=&#8220;kontakt&#8220;]Kontakt aufnehmen[\/mk_button][\/vc_column][vc_column width=&#8220;1\/2&#8243;][vc_single_image image=&#8220;8357&#8243; img_size=&#8220;full&#8220;][\/vc_column][\/mk_page_section][mk_page_section][vc_column width=&#8220;1\/2&#8243;][vc_single_image image=&#8220;12267&#8243; [&hellip;]\" \/>\n<meta property=\"og:url\" content=\"https:\/\/www.sinaptec.fr\/de\/behandlung-von-pulver\/\" \/>\n<meta property=\"og:site_name\" content=\"Sinaptec\" \/>\n<meta property=\"article:modified_time\" content=\"2024-05-24T13:18:35+00:00\" \/>\n<meta property=\"og:image\" content=\"https:\/\/www.sinaptec.fr\/wp-content\/uploads\/2023\/11\/logo-synap-tec-metadonnees.jpg\" \/>\n\t<meta property=\"og:image:width\" content=\"1200\" \/>\n\t<meta property=\"og:image:height\" content=\"675\" \/>\n\t<meta property=\"og:image:type\" content=\"image\/jpeg\" \/>\n<meta name=\"twitter:card\" content=\"summary_large_image\" \/>\n<meta name=\"twitter:label1\" content=\"Gesch\u00e4tzte Lesezeit\" \/>\n\t<meta name=\"twitter:data1\" content=\"1\u00a0Minute\" \/>\n<script type=\"application\/ld+json\" class=\"yoast-schema-graph\">{\"@context\":\"https:\\\/\\\/schema.org\",\"@graph\":[{\"@type\":\"WebPage\",\"@id\":\"https:\\\/\\\/www.sinaptec.fr\\\/de\\\/behandlung-von-pulver\\\/\",\"url\":\"https:\\\/\\\/www.sinaptec.fr\\\/de\\\/behandlung-von-pulver\\\/\",\"name\":\"L\u00f6sungs-Ultraschall f\u00fcr Pulverhandling\",\"isPartOf\":{\"@id\":\"https:\\\/\\\/www.sinaptec.fr\\\/de\\\/#website\"},\"datePublished\":\"2020-01-22T10:48:29+00:00\",\"dateModified\":\"2024-05-24T13:18:35+00:00\",\"breadcrumb\":{\"@id\":\"https:\\\/\\\/www.sinaptec.fr\\\/de\\\/behandlung-von-pulver\\\/#breadcrumb\"},\"inLanguage\":\"de\",\"potentialAction\":[{\"@type\":\"ReadAction\",\"target\":[\"https:\\\/\\\/www.sinaptec.fr\\\/de\\\/behandlung-von-pulver\\\/\"]}]},{\"@type\":\"BreadcrumbList\",\"@id\":\"https:\\\/\\\/www.sinaptec.fr\\\/de\\\/behandlung-von-pulver\\\/#breadcrumb\",\"itemListElement\":[{\"@type\":\"ListItem\",\"position\":1,\"name\":\"Accueil\",\"item\":\"https:\\\/\\\/www.sinaptec.fr\\\/de\\\/\"},{\"@type\":\"ListItem\",\"position\":2,\"name\":\"Behandlung von Pulver\"}]},{\"@type\":\"WebSite\",\"@id\":\"https:\\\/\\\/www.sinaptec.fr\\\/de\\\/#website\",\"url\":\"https:\\\/\\\/www.sinaptec.fr\\\/de\\\/\",\"name\":\"Sinaptec\",\"description\":\"Technologie Ultrasons\",\"publisher\":{\"@id\":\"https:\\\/\\\/www.sinaptec.fr\\\/de\\\/#organization\"},\"alternateName\":\"Expertise Ultrason\",\"potentialAction\":[{\"@type\":\"SearchAction\",\"target\":{\"@type\":\"EntryPoint\",\"urlTemplate\":\"https:\\\/\\\/www.sinaptec.fr\\\/de\\\/?s={search_term_string}\"},\"query-input\":{\"@type\":\"PropertyValueSpecification\",\"valueRequired\":true,\"valueName\":\"search_term_string\"}}],\"inLanguage\":\"de\"},{\"@type\":\"Organization\",\"@id\":\"https:\\\/\\\/www.sinaptec.fr\\\/de\\\/#organization\",\"name\":\"Sinap Tec\",\"alternateName\":\"Sinap Tec\",\"url\":\"https:\\\/\\\/www.sinaptec.fr\\\/de\\\/\",\"logo\":{\"@type\":\"ImageObject\",\"inLanguage\":\"de\",\"@id\":\"https:\\\/\\\/www.sinaptec.fr\\\/de\\\/#\\\/schema\\\/logo\\\/image\\\/\",\"url\":\"https:\\\/\\\/www.sinaptec.fr\\\/wp-content\\\/uploads\\\/2023\\\/11\\\/logo-synap-tec-metadonnees.jpg\",\"contentUrl\":\"https:\\\/\\\/www.sinaptec.fr\\\/wp-content\\\/uploads\\\/2023\\\/11\\\/logo-synap-tec-metadonnees.jpg\",\"width\":1200,\"height\":675,\"caption\":\"Sinap Tec\"},\"image\":{\"@id\":\"https:\\\/\\\/www.sinaptec.fr\\\/de\\\/#\\\/schema\\\/logo\\\/image\\\/\"}}]}<\/script>\n<!-- \/ Yoast SEO plugin. -->","yoast_head_json":{"title":"L\u00f6sungs-Ultraschall f\u00fcr Pulverhandling","robots":{"index":"index","follow":"follow","max-snippet":"max-snippet:-1","max-image-preview":"max-image-preview:large","max-video-preview":"max-video-preview:-1"},"canonical":"https:\/\/www.sinaptec.fr\/de\/behandlung-von-pulver\/","og_locale":"de_DE","og_type":"article","og_title":"L\u00f6sungs-Ultraschall f\u00fcr Pulverhandling","og_description":"[mk_page_section][vc_column width=&#8220;1\/2&#8243;][vc_column_text css=&#8220;.vc_custom_1699978044640{margin-bottom: 0px !important;}&#8220;] Ultraschallvibrator Unsere Ultraschallvibratoren erzeugen durch mehrere Dutzend St\u00f6\u00dfe pro Sekunde eine Schwingungserregung von einigen Mikron Amplitude und wirken damit den Kr\u00e4ften, die das Anhaften der Partikel an Oberfl\u00e4chen bewirken, entgegen. Unsere kompakten Systeme passen sich leicht den Erfordernissen Ihrer Anwendungen an.[\/vc_column_text][mk_button dimension=&#8220;two&#8220; size=&#8220;medium&#8220; url=&#8220;kontakt&#8220;]Kontakt aufnehmen[\/mk_button][\/vc_column][vc_column width=&#8220;1\/2&#8243;][vc_single_image image=&#8220;8357&#8243; img_size=&#8220;full&#8220;][\/vc_column][\/mk_page_section][mk_page_section][vc_column width=&#8220;1\/2&#8243;][vc_single_image image=&#8220;12267&#8243; [&hellip;]","og_url":"https:\/\/www.sinaptec.fr\/de\/behandlung-von-pulver\/","og_site_name":"Sinaptec","article_modified_time":"2024-05-24T13:18:35+00:00","og_image":[{"width":1200,"height":675,"url":"https:\/\/www.sinaptec.fr\/wp-content\/uploads\/2023\/11\/logo-synap-tec-metadonnees.jpg","type":"image\/jpeg"}],"twitter_card":"summary_large_image","twitter_misc":{"Gesch\u00e4tzte Lesezeit":"1\u00a0Minute"},"schema":{"@context":"https:\/\/schema.org","@graph":[{"@type":"WebPage","@id":"https:\/\/www.sinaptec.fr\/de\/behandlung-von-pulver\/","url":"https:\/\/www.sinaptec.fr\/de\/behandlung-von-pulver\/","name":"L\u00f6sungs-Ultraschall f\u00fcr Pulverhandling","isPartOf":{"@id":"https:\/\/www.sinaptec.fr\/de\/#website"},"datePublished":"2020-01-22T10:48:29+00:00","dateModified":"2024-05-24T13:18:35+00:00","breadcrumb":{"@id":"https:\/\/www.sinaptec.fr\/de\/behandlung-von-pulver\/#breadcrumb"},"inLanguage":"de","potentialAction":[{"@type":"ReadAction","target":["https:\/\/www.sinaptec.fr\/de\/behandlung-von-pulver\/"]}]},{"@type":"BreadcrumbList","@id":"https:\/\/www.sinaptec.fr\/de\/behandlung-von-pulver\/#breadcrumb","itemListElement":[{"@type":"ListItem","position":1,"name":"Accueil","item":"https:\/\/www.sinaptec.fr\/de\/"},{"@type":"ListItem","position":2,"name":"Behandlung von Pulver"}]},{"@type":"WebSite","@id":"https:\/\/www.sinaptec.fr\/de\/#website","url":"https:\/\/www.sinaptec.fr\/de\/","name":"Sinaptec","description":"Technologie Ultrasons","publisher":{"@id":"https:\/\/www.sinaptec.fr\/de\/#organization"},"alternateName":"Expertise Ultrason","potentialAction":[{"@type":"SearchAction","target":{"@type":"EntryPoint","urlTemplate":"https:\/\/www.sinaptec.fr\/de\/?s={search_term_string}"},"query-input":{"@type":"PropertyValueSpecification","valueRequired":true,"valueName":"search_term_string"}}],"inLanguage":"de"},{"@type":"Organization","@id":"https:\/\/www.sinaptec.fr\/de\/#organization","name":"Sinap Tec","alternateName":"Sinap Tec","url":"https:\/\/www.sinaptec.fr\/de\/","logo":{"@type":"ImageObject","inLanguage":"de","@id":"https:\/\/www.sinaptec.fr\/de\/#\/schema\/logo\/image\/","url":"https:\/\/www.sinaptec.fr\/wp-content\/uploads\/2023\/11\/logo-synap-tec-metadonnees.jpg","contentUrl":"https:\/\/www.sinaptec.fr\/wp-content\/uploads\/2023\/11\/logo-synap-tec-metadonnees.jpg","width":1200,"height":675,"caption":"Sinap Tec"},"image":{"@id":"https:\/\/www.sinaptec.fr\/de\/#\/schema\/logo\/image\/"}}]}},"_links":{"self":[{"href":"https:\/\/www.sinaptec.fr\/de\/wp-json\/wp\/v2\/pages\/8540","targetHints":{"allow":["GET"]}}],"collection":[{"href":"https:\/\/www.sinaptec.fr\/de\/wp-json\/wp\/v2\/pages"}],"about":[{"href":"https:\/\/www.sinaptec.fr\/de\/wp-json\/wp\/v2\/types\/page"}],"author":[{"embeddable":true,"href":"https:\/\/www.sinaptec.fr\/de\/wp-json\/wp\/v2\/users\/1"}],"replies":[{"embeddable":true,"href":"https:\/\/www.sinaptec.fr\/de\/wp-json\/wp\/v2\/comments?post=8540"}],"version-history":[{"count":7,"href":"https:\/\/www.sinaptec.fr\/de\/wp-json\/wp\/v2\/pages\/8540\/revisions"}],"predecessor-version":[{"id":12336,"href":"https:\/\/www.sinaptec.fr\/de\/wp-json\/wp\/v2\/pages\/8540\/revisions\/12336"}],"wp:attachment":[{"href":"https:\/\/www.sinaptec.fr\/de\/wp-json\/wp\/v2\/media?parent=8540"}],"curies":[{"name":"wp","href":"https:\/\/api.w.org\/{rel}","templated":true}]}}