{"id":8528,"date":"2020-01-22T11:36:52","date_gmt":"2020-01-22T10:36:52","guid":{"rendered":"http:\/\/www.sinaptec.fr\/atomisation\/"},"modified":"2024-05-24T15:26:40","modified_gmt":"2024-05-24T13:26:40","slug":"zerstaeubung-vernebelung","status":"publish","type":"page","link":"https:\/\/www.sinaptec.fr\/de\/zerstaeubung-vernebelung\/","title":{"rendered":"Zerst\u00e4ubung Vernebelung"},"content":{"rendered":"[mk_page_section][vc_column width=&#8220;1\/2&#8243;][vc_column_text css=&#8220;.vc_custom_1699979381602{margin-bottom: 0px !important;}&#8220;]\n<h2 style=\"font-size: 18px;\">Module Niederfrequenzdu\u0308sen<\/h2>\n<p>Eine Fl\u00fcssigkeit wird bei Ber\u00fchrung mit einer mittels Ultraschall zum Vibrieren gebrachten Oberfl\u00e4che zerst\u00e4ubt und erzeugt dabei feine Tr\u00f6pfchen einer genau kontrollierbaren Gr\u00f6\u00dfe. Bei geringem Platzbedarf werden unsere Zerst\u00e4ubungsd\u00fcsen als OEM-Module angeboten und f\u00fcr eine Bandbreite von Anwendungen eingesetzt<\/p>\n<ul>\n<li>Befeuchtung,<\/li>\n<li>Dekontamination durch DVA,<\/li>\n<li>Spr\u00fchen zur Diffusion in Innenr\u00e4umen und gasf\u00f6rmigen Umgebungen,<\/li>\n<li>Herstellung von Tracern,<\/li>\n<li>\u00dcberwachung der Atmosph\u00e4re<\/li>\n<\/ul>\n[\/vc_column_text][mk_button dimension=&#8220;two&#8220; size=&#8220;medium&#8220; url=&#8220;kontakt&#8220;]Kontakt aufnehmen[\/mk_button][\/vc_column][vc_column width=&#8220;1\/2&#8243;][vc_single_image image=&#8220;12339&#8243; img_size=&#8220;full&#8220;][\/vc_column][\/mk_page_section][mk_page_section][vc_column width=&#8220;1\/2&#8243;][vc_single_image image=&#8220;12159&#8243; img_size=&#8220;full&#8220;][\/vc_column][vc_column width=&#8220;1\/2&#8243;][vc_column_text css=&#8220;.vc_custom_1699979397883{margin-bottom: 0px !important;}&#8220;]\n<h2 style=\"font-size: 18px;\">Module fu\u0308r Hochfrequenz<\/h2>\n<p>In einem Frequenzbereich von 100 kHz, wird ein Ultraschallsender am Boden einer Flu\u0308ssigkeitsmasse platziert. Dank eines akustischen Feldes wird eine Font\u00e4ne erzeugt, an deren Oberfl\u00e4che ein Spru\u0308hnebel entsteht. Bei geringem Platzbedarf bieten wir unsere Spru\u0308hnebelgeneratoren als OEM-Module an, die fu\u0308r ein gro\u00dfes Spektrum von Anwendungen einsetzbar sind:<\/p>\n<ul>\n<li>Befeuchtung<\/li>\n<li>Herstellung medizinischer Aerosole<\/li>\n<li>Le D\u00e9p\u00f4t en couche mince<\/li>\n<li>Du\u0308nnschichtauftrag<\/li>\n<li>Spru\u0308hen zur Diffusion in Innenr\u00e4umen und gasf\u00f6rmigen Umgebungen<\/li>\n<li>Herstellung von Tracern,<\/li>\n<li>\u00dcberwachung der Atmosph\u00e4re von Innenr\u00e4umen<\/li>\n<\/ul>\n[\/vc_column_text][mk_button dimension=&#8220;two&#8220; size=&#8220;medium&#8220; url=&#8220;kontakt&#8220;]Kontakt aufnehmen[\/mk_button][\/vc_column][\/mk_page_section]\n","protected":false},"excerpt":{"rendered":"<p>[mk_page_section][vc_column width=&#8220;1\/2&#8243;][vc_column_text css=&#8220;.vc_custom_1699979381602{margin-bottom: 0px !important;}&#8220;] Module Niederfrequenzdu\u0308sen Eine Fl\u00fcssigkeit wird bei Ber\u00fchrung mit einer mittels Ultraschall zum Vibrieren gebrachten Oberfl\u00e4che zerst\u00e4ubt und erzeugt dabei feine Tr\u00f6pfchen einer genau kontrollierbaren Gr\u00f6\u00dfe. Bei geringem Platzbedarf werden unsere Zerst\u00e4ubungsd\u00fcsen als OEM-Module angeboten und f\u00fcr eine Bandbreite von Anwendungen eingesetzt Befeuchtung, Dekontamination durch DVA, Spr\u00fchen zur Diffusion in Innenr\u00e4umen [&hellip;]<\/p>\n","protected":false},"author":1,"featured_media":0,"parent":0,"menu_order":0,"comment_status":"closed","ping_status":"closed","template":"","meta":{"_acf_changed":false,"footnotes":""},"class_list":["post-8528","page","type-page","status-publish","hentry"],"acf":[],"yoast_head":"<!-- This site is optimized with the Yoast SEO plugin v27.3 - https:\/\/yoast.com\/product\/yoast-seo-wordpress\/ -->\n<title>Zerst\u00e4ubung Vernebelung | SinapTec Ultrasonics<\/title>\n<meta name=\"description\" content=\"Ultraschallzerst\u00e4ubung und -spritzen haben viele Vorteile: eine geringe Stellfl\u00e4che f\u00fcr einen geringeren Verbrauch. SinapTec ist ein wichtiger Akteur.\" \/>\n<meta name=\"robots\" content=\"index, follow, max-snippet:-1, max-image-preview:large, max-video-preview:-1\" \/>\n<link rel=\"canonical\" href=\"https:\/\/www.sinaptec.fr\/de\/zerstaeubung-vernebelung\/\" \/>\n<meta property=\"og:locale\" content=\"de_DE\" \/>\n<meta property=\"og:type\" content=\"article\" \/>\n<meta property=\"og:title\" content=\"Zerst\u00e4ubung Vernebelung | SinapTec Ultrasonics\" \/>\n<meta property=\"og:description\" content=\"Ultraschallzerst\u00e4ubung und -spritzen haben viele Vorteile: eine geringe Stellfl\u00e4che f\u00fcr einen geringeren Verbrauch. SinapTec ist ein wichtiger Akteur.\" \/>\n<meta property=\"og:url\" content=\"https:\/\/www.sinaptec.fr\/de\/zerstaeubung-vernebelung\/\" \/>\n<meta property=\"og:site_name\" content=\"Sinaptec\" \/>\n<meta property=\"article:modified_time\" content=\"2024-05-24T13:26:40+00:00\" \/>\n<meta property=\"og:image\" content=\"https:\/\/www.sinaptec.fr\/wp-content\/uploads\/2023\/11\/logo-synap-tec-metadonnees.jpg\" \/>\n\t<meta property=\"og:image:width\" content=\"1200\" \/>\n\t<meta property=\"og:image:height\" content=\"675\" \/>\n\t<meta property=\"og:image:type\" content=\"image\/jpeg\" \/>\n<meta name=\"twitter:card\" content=\"summary_large_image\" \/>\n<meta name=\"twitter:label1\" content=\"Gesch\u00e4tzte Lesezeit\" \/>\n\t<meta name=\"twitter:data1\" content=\"2\u00a0Minuten\" \/>\n<script type=\"application\/ld+json\" class=\"yoast-schema-graph\">{\"@context\":\"https:\\\/\\\/schema.org\",\"@graph\":[{\"@type\":\"WebPage\",\"@id\":\"https:\\\/\\\/www.sinaptec.fr\\\/de\\\/zerstaeubung-vernebelung\\\/\",\"url\":\"https:\\\/\\\/www.sinaptec.fr\\\/de\\\/zerstaeubung-vernebelung\\\/\",\"name\":\"Zerst\u00e4ubung Vernebelung | SinapTec Ultrasonics\",\"isPartOf\":{\"@id\":\"https:\\\/\\\/www.sinaptec.fr\\\/de\\\/#website\"},\"datePublished\":\"2020-01-22T10:36:52+00:00\",\"dateModified\":\"2024-05-24T13:26:40+00:00\",\"description\":\"Ultraschallzerst\u00e4ubung und -spritzen haben viele Vorteile: eine geringe Stellfl\u00e4che f\u00fcr einen geringeren Verbrauch. SinapTec ist ein wichtiger Akteur.\",\"breadcrumb\":{\"@id\":\"https:\\\/\\\/www.sinaptec.fr\\\/de\\\/zerstaeubung-vernebelung\\\/#breadcrumb\"},\"inLanguage\":\"de\",\"potentialAction\":[{\"@type\":\"ReadAction\",\"target\":[\"https:\\\/\\\/www.sinaptec.fr\\\/de\\\/zerstaeubung-vernebelung\\\/\"]}]},{\"@type\":\"BreadcrumbList\",\"@id\":\"https:\\\/\\\/www.sinaptec.fr\\\/de\\\/zerstaeubung-vernebelung\\\/#breadcrumb\",\"itemListElement\":[{\"@type\":\"ListItem\",\"position\":1,\"name\":\"Accueil\",\"item\":\"https:\\\/\\\/www.sinaptec.fr\\\/de\\\/\"},{\"@type\":\"ListItem\",\"position\":2,\"name\":\"Zerst\u00e4ubung Vernebelung\"}]},{\"@type\":\"WebSite\",\"@id\":\"https:\\\/\\\/www.sinaptec.fr\\\/de\\\/#website\",\"url\":\"https:\\\/\\\/www.sinaptec.fr\\\/de\\\/\",\"name\":\"Sinaptec\",\"description\":\"Technologie Ultrasons\",\"publisher\":{\"@id\":\"https:\\\/\\\/www.sinaptec.fr\\\/de\\\/#organization\"},\"alternateName\":\"Expertise Ultrason\",\"potentialAction\":[{\"@type\":\"SearchAction\",\"target\":{\"@type\":\"EntryPoint\",\"urlTemplate\":\"https:\\\/\\\/www.sinaptec.fr\\\/de\\\/?s={search_term_string}\"},\"query-input\":{\"@type\":\"PropertyValueSpecification\",\"valueRequired\":true,\"valueName\":\"search_term_string\"}}],\"inLanguage\":\"de\"},{\"@type\":\"Organization\",\"@id\":\"https:\\\/\\\/www.sinaptec.fr\\\/de\\\/#organization\",\"name\":\"Sinap Tec\",\"alternateName\":\"Sinap Tec\",\"url\":\"https:\\\/\\\/www.sinaptec.fr\\\/de\\\/\",\"logo\":{\"@type\":\"ImageObject\",\"inLanguage\":\"de\",\"@id\":\"https:\\\/\\\/www.sinaptec.fr\\\/de\\\/#\\\/schema\\\/logo\\\/image\\\/\",\"url\":\"https:\\\/\\\/www.sinaptec.fr\\\/wp-content\\\/uploads\\\/2023\\\/11\\\/logo-synap-tec-metadonnees.jpg\",\"contentUrl\":\"https:\\\/\\\/www.sinaptec.fr\\\/wp-content\\\/uploads\\\/2023\\\/11\\\/logo-synap-tec-metadonnees.jpg\",\"width\":1200,\"height\":675,\"caption\":\"Sinap Tec\"},\"image\":{\"@id\":\"https:\\\/\\\/www.sinaptec.fr\\\/de\\\/#\\\/schema\\\/logo\\\/image\\\/\"}}]}<\/script>\n<!-- \/ Yoast SEO plugin. -->","yoast_head_json":{"title":"Zerst\u00e4ubung Vernebelung | SinapTec Ultrasonics","description":"Ultraschallzerst\u00e4ubung und -spritzen haben viele Vorteile: eine geringe Stellfl\u00e4che f\u00fcr einen geringeren Verbrauch. SinapTec ist ein wichtiger Akteur.","robots":{"index":"index","follow":"follow","max-snippet":"max-snippet:-1","max-image-preview":"max-image-preview:large","max-video-preview":"max-video-preview:-1"},"canonical":"https:\/\/www.sinaptec.fr\/de\/zerstaeubung-vernebelung\/","og_locale":"de_DE","og_type":"article","og_title":"Zerst\u00e4ubung Vernebelung | SinapTec Ultrasonics","og_description":"Ultraschallzerst\u00e4ubung und -spritzen haben viele Vorteile: eine geringe Stellfl\u00e4che f\u00fcr einen geringeren Verbrauch. SinapTec ist ein wichtiger Akteur.","og_url":"https:\/\/www.sinaptec.fr\/de\/zerstaeubung-vernebelung\/","og_site_name":"Sinaptec","article_modified_time":"2024-05-24T13:26:40+00:00","og_image":[{"width":1200,"height":675,"url":"https:\/\/www.sinaptec.fr\/wp-content\/uploads\/2023\/11\/logo-synap-tec-metadonnees.jpg","type":"image\/jpeg"}],"twitter_card":"summary_large_image","twitter_misc":{"Gesch\u00e4tzte Lesezeit":"2\u00a0Minuten"},"schema":{"@context":"https:\/\/schema.org","@graph":[{"@type":"WebPage","@id":"https:\/\/www.sinaptec.fr\/de\/zerstaeubung-vernebelung\/","url":"https:\/\/www.sinaptec.fr\/de\/zerstaeubung-vernebelung\/","name":"Zerst\u00e4ubung Vernebelung | SinapTec Ultrasonics","isPartOf":{"@id":"https:\/\/www.sinaptec.fr\/de\/#website"},"datePublished":"2020-01-22T10:36:52+00:00","dateModified":"2024-05-24T13:26:40+00:00","description":"Ultraschallzerst\u00e4ubung und -spritzen haben viele Vorteile: eine geringe Stellfl\u00e4che f\u00fcr einen geringeren Verbrauch. SinapTec ist ein wichtiger Akteur.","breadcrumb":{"@id":"https:\/\/www.sinaptec.fr\/de\/zerstaeubung-vernebelung\/#breadcrumb"},"inLanguage":"de","potentialAction":[{"@type":"ReadAction","target":["https:\/\/www.sinaptec.fr\/de\/zerstaeubung-vernebelung\/"]}]},{"@type":"BreadcrumbList","@id":"https:\/\/www.sinaptec.fr\/de\/zerstaeubung-vernebelung\/#breadcrumb","itemListElement":[{"@type":"ListItem","position":1,"name":"Accueil","item":"https:\/\/www.sinaptec.fr\/de\/"},{"@type":"ListItem","position":2,"name":"Zerst\u00e4ubung Vernebelung"}]},{"@type":"WebSite","@id":"https:\/\/www.sinaptec.fr\/de\/#website","url":"https:\/\/www.sinaptec.fr\/de\/","name":"Sinaptec","description":"Technologie Ultrasons","publisher":{"@id":"https:\/\/www.sinaptec.fr\/de\/#organization"},"alternateName":"Expertise Ultrason","potentialAction":[{"@type":"SearchAction","target":{"@type":"EntryPoint","urlTemplate":"https:\/\/www.sinaptec.fr\/de\/?s={search_term_string}"},"query-input":{"@type":"PropertyValueSpecification","valueRequired":true,"valueName":"search_term_string"}}],"inLanguage":"de"},{"@type":"Organization","@id":"https:\/\/www.sinaptec.fr\/de\/#organization","name":"Sinap Tec","alternateName":"Sinap Tec","url":"https:\/\/www.sinaptec.fr\/de\/","logo":{"@type":"ImageObject","inLanguage":"de","@id":"https:\/\/www.sinaptec.fr\/de\/#\/schema\/logo\/image\/","url":"https:\/\/www.sinaptec.fr\/wp-content\/uploads\/2023\/11\/logo-synap-tec-metadonnees.jpg","contentUrl":"https:\/\/www.sinaptec.fr\/wp-content\/uploads\/2023\/11\/logo-synap-tec-metadonnees.jpg","width":1200,"height":675,"caption":"Sinap Tec"},"image":{"@id":"https:\/\/www.sinaptec.fr\/de\/#\/schema\/logo\/image\/"}}]}},"_links":{"self":[{"href":"https:\/\/www.sinaptec.fr\/de\/wp-json\/wp\/v2\/pages\/8528","targetHints":{"allow":["GET"]}}],"collection":[{"href":"https:\/\/www.sinaptec.fr\/de\/wp-json\/wp\/v2\/pages"}],"about":[{"href":"https:\/\/www.sinaptec.fr\/de\/wp-json\/wp\/v2\/types\/page"}],"author":[{"embeddable":true,"href":"https:\/\/www.sinaptec.fr\/de\/wp-json\/wp\/v2\/users\/1"}],"replies":[{"embeddable":true,"href":"https:\/\/www.sinaptec.fr\/de\/wp-json\/wp\/v2\/comments?post=8528"}],"version-history":[{"count":7,"href":"https:\/\/www.sinaptec.fr\/de\/wp-json\/wp\/v2\/pages\/8528\/revisions"}],"predecessor-version":[{"id":12342,"href":"https:\/\/www.sinaptec.fr\/de\/wp-json\/wp\/v2\/pages\/8528\/revisions\/12342"}],"wp:attachment":[{"href":"https:\/\/www.sinaptec.fr\/de\/wp-json\/wp\/v2\/media?parent=8528"}],"curies":[{"name":"wp","href":"https:\/\/api.w.org\/{rel}","templated":true}]}}