{"id":8512,"date":"2019-10-31T17:06:49","date_gmt":"2019-10-31T16:06:49","guid":{"rendered":"http:\/\/www.sinaptec.fr\/nettoyage-ultrason\/"},"modified":"2024-05-29T16:26:48","modified_gmt":"2024-05-29T14:26:48","slug":"ultraschall-reinigung","status":"publish","type":"page","link":"https:\/\/www.sinaptec.fr\/de\/ultraschall-reinigung\/","title":{"rendered":"Reinigung"},"content":{"rendered":"[mk_page_section bg_color=&#8220;#f4f4f4&#8243; sidebar=&#8220;sidebar-1&#8243;][vc_column][mk_fancy_title tag_name=&#8220;h1&#8243; size=&#8220;30&#8243; font_weight=&#8220;300&#8243; font_family=&#8220;none&#8220;]Reinigung[\/mk_fancy_title][\/vc_column][\/mk_page_section][mk_page_section][vc_column width=&#8220;1\/2&#8243;][vc_single_image image=&#8220;12178&#8243; img_size=&#8220;full&#8220;][\/vc_column][vc_column width=&#8220;1\/2&#8243;][vc_column_text css=&#8220;.vc_custom_1699976844897{margin-bottom: 0px !important;}&#8220;]\n<h2 style=\"font-size: 18px;\">Bauteile f\u00fcr Becken<\/h2>\n<p>In Verbindung mit unseren Generatoren Inside oder Incase, stellen die von SinapTec entworfenen Ultraschallwandler (Konverter) <strong>mit ihrer Schwingungsamplitude sowie optimierten Ertr\u00e4gen den Qualit\u00e4tsstandard dar<\/strong>. Sie dienen dem Zweck der Reinigung. Man kann sie an die verschiedenen Beckenw\u00e4nde anbringen, um die zu reinigenden Bereiche der kritischen Teile besser zu erreichen. Unser Sortiment deckt den Unser Sortiment deckt den Leistungsbereich von 50 Watt bis 5kW ab und die Frequenzen gehen von 22kHz bis 100kHz.[\/vc_column_text][mk_button dimension=&#8220;two&#8220; size=&#8220;large&#8220; url=&#8220;kontakt&#8220;]Kontakt aufnehmen[\/mk_button][\/vc_column][\/mk_page_section][mk_page_section][vc_column width=&#8220;1\/2&#8243;][vc_column_text css=&#8220;.vc_custom_1699976812872{margin-bottom: 0px !important;}&#8220;]\n<h2 style=\"font-size: 18px;\"><strong>Tauchblocks f\u00fcr Reinigungsbecken<\/strong><\/h2>\n<p>In Verbindung mit unseren Generatoren Inside oder Incase, sind die eintauchbaren Sender in jedem Beckentyp leicht zu installieren. Ganz gleich, ob befestigt oder aufgestellt, ihr <strong>Austausch ist schnell und problemlos<\/strong>. Verfu\u0308gbar in verschiedenen Frequenzen, werden die eintauchbaren Ultraschallreinigungssender mit unterschiedlichen Einbaumethoden angeboten : per Haken, Montagebu\u0308gel, oder einfach am Beckenboden aufgestellt.[\/vc_column_text][mk_button dimension=&#8220;two&#8220; size=&#8220;large&#8220; url=&#8220;kontakt&#8220;]Kontakt aufnehmen[\/mk_button][\/vc_column][vc_column width=&#8220;1\/2&#8243;][vc_single_image image=&#8220;12404&#8243; img_size=&#8220;full&#8220;][\/vc_column][\/mk_page_section][mk_page_section][vc_column width=&#8220;1\/2&#8243;][vc_single_image image=&#8220;12410&#8243; img_size=&#8220;full&#8220;][\/vc_column][vc_column width=&#8220;1\/2&#8243;][vc_column_text css=&#8220;.vc_custom_1699976879913{margin-bottom: 0px !important;}&#8220;]\n<h2 style=\"font-size: 18px;\"><strong>Wandlerplatten f\u00fcr Reinigungsbecken<\/strong><\/h2>\n<p>In Verbindung mit unseren Generatoren Inside oder Incase, erm\u00f6glichen die auf dem Boden oder an den W\u00e4nden des Reinigungsbeckens angebrachten Wandlerplatten eine Platzersparnis im Beckeninnern und bleiben dennoch zugleich abmontierbar im Falle eines Austausches. Dieser Sendertyp richtet sich insbesondere an Maschinenbauer und Ger\u00e4tehersteller, die eine sichere, wasserdichte Installation gew\u00e4hrleisten k\u00f6nnen.[\/vc_column_text][mk_button dimension=&#8220;two&#8220; size=&#8220;large&#8220; url=&#8220;kontakt&#8220;]Kontakt aufnehmen[\/mk_button][\/vc_column][\/mk_page_section][mk_page_section][vc_column width=&#8220;1\/2&#8243;][vc_column_text css=&#8220;.vc_custom_1699976906403{margin-bottom: 0px !important;}&#8220;]\n<h2 style=\"font-size: 18px;\"><strong>Tauchst\u00e4be<\/strong><\/h2>\n<p>In Verbindung mit unseren Generatoren Inside oder Incase, sind die Ultraschallsonden und -st\u00e4be vom Zylindertyp mit Radialemission entworfen worden fu\u0308r eine Ultraschallstreuung von von 360\u00b0. Diese Ultraschallst\u00e4be bieten verschiedene Montagearten, etwa an der Beckenau\u00dfenseite durch die Wand hindurch oder eingetaucht als wasserdichte Installation im Beckeninnern.[\/vc_column_text][mk_button dimension=&#8220;two&#8220; size=&#8220;large&#8220; url=&#8220;kontakt&#8220;]Kontakt aufnehmen[\/mk_button][\/vc_column][vc_column width=&#8220;1\/2&#8243;][vc_single_image image=&#8220;8073&#8243; img_size=&#8220;full&#8220;][\/vc_column][\/mk_page_section][mk_page_section][vc_column width=&#8220;1\/2&#8243;][vc_single_image image=&#8220;8076&#8243; img_size=&#8220;full&#8220;][\/vc_column][vc_column width=&#8220;1\/2&#8243;][vc_column_text css=&#8220;.vc_custom_1699976938919{margin-bottom: 0px !important;}&#8220;]\n<h2 style=\"font-size: 18px;\"><strong>Multifrequenz- \/ Multi-Becken Module<\/strong><\/h2>\n<p>Das Modell Incase 1000 ist fu\u0308r Multifrequenzkonfigurationen entwickelt worden, die fu\u0308r die konsekutive Behandlung mit verschiedenen Frequenzen vorgesehen ist. Unsere Technologie automatisiert die Steuerung der Zyklen und erreicht damit eine einzigartige Reinigungsleistung sowie Reproduzierbarkeit. Eine der Optionen erlaubt die Steuerung mehrer Becken hintereinander bei gleicher Wirksamkeit.[\/vc_column_text][mk_button dimension=&#8220;two&#8220; size=&#8220;large&#8220; url=&#8220;kontakt&#8220;]Kontakt aufnehmen[\/mk_button][\/vc_column][\/mk_page_section][mk_page_section][vc_column width=&#8220;1\/2&#8243;][vc_column_text css=&#8220;.vc_custom_1699976963476{margin-bottom: 0px !important;}&#8220;]\n<h2 style=\"font-size: 18px;\"><strong>Nextgen Analyser<\/strong><\/h2>\n<p><a href=\"http:\/\/www.sinaptec-ultrasonic-cleaning.com\/fr\/outils-nextgen\/appareil-de-controle-d-efficacite-du-nettoyage-ultrason\"><strong>NexTgen Ultrasonic Analyser<\/strong><\/a> f\u00fchrt in Echtzeit die Diagnose und Verlaufskontrolle der Ultraschallger\u00e4te Ihrer Reinigungsanlagen durch. S\u00e4mtliche Funktionalit\u00e4ten sind standardm\u00e4\u00dfig in die gesamte Reihe unserer Ultraschallgeneratoren eingebaut.<\/p>\n<p>In Verbindung mit unserer PC-Software NexTgen Advanced k\u00f6nnen die Daten auf dem PC erfasst und f\u00fcr eine sp\u00e4tere Leistungsanalyse gespeichert werden.[\/vc_column_text][mk_button dimension=&#8220;two&#8220; size=&#8220;large&#8220; url=&#8220;kontakt&#8220;]Kontakt aufnehmen[\/mk_button][\/vc_column][vc_column width=&#8220;1\/2&#8243;][vc_single_image image=&#8220;12345&#8243; img_size=&#8220;full&#8220;][\/vc_column][\/mk_page_section][mk_page_section][vc_column width=&#8220;1\/2&#8243;][vc_single_image image=&#8220;12357&#8243; img_size=&#8220;full&#8220;][\/vc_column][vc_column width=&#8220;1\/2&#8243;][vc_column_text css=&#8220;.vc_custom_1699976991095{margin-bottom: 0px !important;}&#8220;]\n<h2 style=\"font-size: 18px;\"><strong>Nextgen PC Software<\/strong><\/h2>\n<p>Mittels unserer PC-Software w\u00e4hlt man <strong>den Funktionsmodus des Generators<\/strong> (Tuning Frequenz, Sweep Frequency, Random Frequency, Multi-Frequency&#8230;) und optimisiert die Parameter, um den Ultraschallprozess zu steuern.<\/p>\n<p>Im Fernbedienungsmodus stellt die NexTgen PC Software ein <strong>einzigartiges Diagnosetool<\/strong> fu\u0308r die Onlinesteuerung dar, indem unser Kundendienst aus der Ferne Zugriff erh\u00e4lt und dadurch Maschinenstillstandszeiten verku\u0308rzt werden.[\/vc_column_text][mk_button dimension=&#8220;two&#8220; size=&#8220;large&#8220; url=&#8220;kontakt&#8220;]Kontakt aufnehmen[\/mk_button][\/vc_column][\/mk_page_section]\n","protected":false},"excerpt":{"rendered":"<p>[mk_page_section bg_color=&#8220;#f4f4f4&#8243; sidebar=&#8220;sidebar-1&#8243;][vc_column][mk_fancy_title tag_name=&#8220;h1&#8243; size=&#8220;30&#8243; font_weight=&#8220;300&#8243; font_family=&#8220;none&#8220;]Reinigung[\/mk_fancy_title][\/vc_column][\/mk_page_section][mk_page_section][vc_column width=&#8220;1\/2&#8243;][vc_single_image image=&#8220;12178&#8243; img_size=&#8220;full&#8220;][\/vc_column][vc_column width=&#8220;1\/2&#8243;][vc_column_text css=&#8220;.vc_custom_1699976844897{margin-bottom: 0px !important;}&#8220;] Bauteile f\u00fcr Becken In Verbindung mit unseren Generatoren Inside oder Incase, stellen die von SinapTec entworfenen Ultraschallwandler (Konverter) mit ihrer Schwingungsamplitude sowie optimierten Ertr\u00e4gen den Qualit\u00e4tsstandard dar. Sie dienen dem Zweck der Reinigung. Man kann sie an die verschiedenen Beckenw\u00e4nde anbringen, [&hellip;]<\/p>\n","protected":false},"author":1,"featured_media":0,"parent":0,"menu_order":0,"comment_status":"closed","ping_status":"closed","template":"","meta":{"_acf_changed":false,"footnotes":""},"class_list":["post-8512","page","type-page","status-publish","hentry"],"acf":[],"yoast_head":"<!-- This site is optimized with the Yoast SEO plugin v27.3 - https:\/\/yoast.com\/product\/yoast-seo-wordpress\/ -->\n<title>Ultraschallreinigung |\u00a0SinapTec Ultrasonics France<\/title>\n<meta name=\"robots\" content=\"index, follow, max-snippet:-1, max-image-preview:large, max-video-preview:-1\" \/>\n<link rel=\"canonical\" href=\"https:\/\/www.sinaptec.fr\/de\/ultraschall-reinigung\/\" \/>\n<meta property=\"og:locale\" content=\"de_DE\" \/>\n<meta property=\"og:type\" content=\"article\" \/>\n<meta property=\"og:title\" content=\"Ultraschallreinigung |\u00a0SinapTec Ultrasonics France\" \/>\n<meta property=\"og:description\" content=\"[mk_page_section bg_color=&#8220;#f4f4f4&#8243; sidebar=&#8220;sidebar-1&#8243;][vc_column][mk_fancy_title tag_name=&#8220;h1&#8243; size=&#8220;30&#8243; font_weight=&#8220;300&#8243; font_family=&#8220;none&#8220;]Reinigung[\/mk_fancy_title][\/vc_column][\/mk_page_section][mk_page_section][vc_column width=&#8220;1\/2&#8243;][vc_single_image image=&#8220;12178&#8243; img_size=&#8220;full&#8220;][\/vc_column][vc_column width=&#8220;1\/2&#8243;][vc_column_text css=&#8220;.vc_custom_1699976844897{margin-bottom: 0px !important;}&#8220;] Bauteile f\u00fcr Becken In Verbindung mit unseren Generatoren Inside oder Incase, stellen die von SinapTec entworfenen Ultraschallwandler (Konverter) mit ihrer Schwingungsamplitude sowie optimierten Ertr\u00e4gen den Qualit\u00e4tsstandard dar. Sie dienen dem Zweck der Reinigung. Man kann sie an die verschiedenen Beckenw\u00e4nde anbringen, [&hellip;]\" \/>\n<meta property=\"og:url\" content=\"https:\/\/www.sinaptec.fr\/de\/ultraschall-reinigung\/\" \/>\n<meta property=\"og:site_name\" content=\"Sinaptec\" \/>\n<meta property=\"article:modified_time\" content=\"2024-05-29T14:26:48+00:00\" \/>\n<meta property=\"og:image\" content=\"https:\/\/www.sinaptec.fr\/wp-content\/uploads\/2023\/11\/logo-synap-tec-metadonnees.jpg\" \/>\n\t<meta property=\"og:image:width\" content=\"1200\" \/>\n\t<meta property=\"og:image:height\" content=\"675\" \/>\n\t<meta property=\"og:image:type\" content=\"image\/jpeg\" \/>\n<meta name=\"twitter:card\" content=\"summary_large_image\" \/>\n<meta name=\"twitter:label1\" content=\"Gesch\u00e4tzte Lesezeit\" \/>\n\t<meta name=\"twitter:data1\" content=\"3\u00a0Minuten\" \/>\n<script type=\"application\/ld+json\" class=\"yoast-schema-graph\">{\"@context\":\"https:\\\/\\\/schema.org\",\"@graph\":[{\"@type\":\"WebPage\",\"@id\":\"https:\\\/\\\/www.sinaptec.fr\\\/de\\\/ultraschall-reinigung\\\/\",\"url\":\"https:\\\/\\\/www.sinaptec.fr\\\/de\\\/ultraschall-reinigung\\\/\",\"name\":\"Ultraschallreinigung |\u00a0SinapTec Ultrasonics France\",\"isPartOf\":{\"@id\":\"https:\\\/\\\/www.sinaptec.fr\\\/de\\\/#website\"},\"datePublished\":\"2019-10-31T16:06:49+00:00\",\"dateModified\":\"2024-05-29T14:26:48+00:00\",\"breadcrumb\":{\"@id\":\"https:\\\/\\\/www.sinaptec.fr\\\/de\\\/ultraschall-reinigung\\\/#breadcrumb\"},\"inLanguage\":\"de\",\"potentialAction\":[{\"@type\":\"ReadAction\",\"target\":[\"https:\\\/\\\/www.sinaptec.fr\\\/de\\\/ultraschall-reinigung\\\/\"]}]},{\"@type\":\"BreadcrumbList\",\"@id\":\"https:\\\/\\\/www.sinaptec.fr\\\/de\\\/ultraschall-reinigung\\\/#breadcrumb\",\"itemListElement\":[{\"@type\":\"ListItem\",\"position\":1,\"name\":\"Accueil\",\"item\":\"https:\\\/\\\/www.sinaptec.fr\\\/de\\\/\"},{\"@type\":\"ListItem\",\"position\":2,\"name\":\"Reinigung\"}]},{\"@type\":\"WebSite\",\"@id\":\"https:\\\/\\\/www.sinaptec.fr\\\/de\\\/#website\",\"url\":\"https:\\\/\\\/www.sinaptec.fr\\\/de\\\/\",\"name\":\"Sinaptec\",\"description\":\"Technologie Ultrasons\",\"publisher\":{\"@id\":\"https:\\\/\\\/www.sinaptec.fr\\\/de\\\/#organization\"},\"alternateName\":\"Expertise Ultrason\",\"potentialAction\":[{\"@type\":\"SearchAction\",\"target\":{\"@type\":\"EntryPoint\",\"urlTemplate\":\"https:\\\/\\\/www.sinaptec.fr\\\/de\\\/?s={search_term_string}\"},\"query-input\":{\"@type\":\"PropertyValueSpecification\",\"valueRequired\":true,\"valueName\":\"search_term_string\"}}],\"inLanguage\":\"de\"},{\"@type\":\"Organization\",\"@id\":\"https:\\\/\\\/www.sinaptec.fr\\\/de\\\/#organization\",\"name\":\"Sinap Tec\",\"alternateName\":\"Sinap Tec\",\"url\":\"https:\\\/\\\/www.sinaptec.fr\\\/de\\\/\",\"logo\":{\"@type\":\"ImageObject\",\"inLanguage\":\"de\",\"@id\":\"https:\\\/\\\/www.sinaptec.fr\\\/de\\\/#\\\/schema\\\/logo\\\/image\\\/\",\"url\":\"https:\\\/\\\/www.sinaptec.fr\\\/wp-content\\\/uploads\\\/2023\\\/11\\\/logo-synap-tec-metadonnees.jpg\",\"contentUrl\":\"https:\\\/\\\/www.sinaptec.fr\\\/wp-content\\\/uploads\\\/2023\\\/11\\\/logo-synap-tec-metadonnees.jpg\",\"width\":1200,\"height\":675,\"caption\":\"Sinap Tec\"},\"image\":{\"@id\":\"https:\\\/\\\/www.sinaptec.fr\\\/de\\\/#\\\/schema\\\/logo\\\/image\\\/\"}}]}<\/script>\n<!-- \/ Yoast SEO plugin. -->","yoast_head_json":{"title":"Ultraschallreinigung |\u00a0SinapTec Ultrasonics France","robots":{"index":"index","follow":"follow","max-snippet":"max-snippet:-1","max-image-preview":"max-image-preview:large","max-video-preview":"max-video-preview:-1"},"canonical":"https:\/\/www.sinaptec.fr\/de\/ultraschall-reinigung\/","og_locale":"de_DE","og_type":"article","og_title":"Ultraschallreinigung |\u00a0SinapTec Ultrasonics France","og_description":"[mk_page_section bg_color=&#8220;#f4f4f4&#8243; sidebar=&#8220;sidebar-1&#8243;][vc_column][mk_fancy_title tag_name=&#8220;h1&#8243; size=&#8220;30&#8243; font_weight=&#8220;300&#8243; font_family=&#8220;none&#8220;]Reinigung[\/mk_fancy_title][\/vc_column][\/mk_page_section][mk_page_section][vc_column width=&#8220;1\/2&#8243;][vc_single_image image=&#8220;12178&#8243; img_size=&#8220;full&#8220;][\/vc_column][vc_column width=&#8220;1\/2&#8243;][vc_column_text css=&#8220;.vc_custom_1699976844897{margin-bottom: 0px !important;}&#8220;] Bauteile f\u00fcr Becken In Verbindung mit unseren Generatoren Inside oder Incase, stellen die von SinapTec entworfenen Ultraschallwandler (Konverter) mit ihrer Schwingungsamplitude sowie optimierten Ertr\u00e4gen den Qualit\u00e4tsstandard dar. Sie dienen dem Zweck der Reinigung. Man kann sie an die verschiedenen Beckenw\u00e4nde anbringen, [&hellip;]","og_url":"https:\/\/www.sinaptec.fr\/de\/ultraschall-reinigung\/","og_site_name":"Sinaptec","article_modified_time":"2024-05-29T14:26:48+00:00","og_image":[{"width":1200,"height":675,"url":"https:\/\/www.sinaptec.fr\/wp-content\/uploads\/2023\/11\/logo-synap-tec-metadonnees.jpg","type":"image\/jpeg"}],"twitter_card":"summary_large_image","twitter_misc":{"Gesch\u00e4tzte Lesezeit":"3\u00a0Minuten"},"schema":{"@context":"https:\/\/schema.org","@graph":[{"@type":"WebPage","@id":"https:\/\/www.sinaptec.fr\/de\/ultraschall-reinigung\/","url":"https:\/\/www.sinaptec.fr\/de\/ultraschall-reinigung\/","name":"Ultraschallreinigung |\u00a0SinapTec Ultrasonics France","isPartOf":{"@id":"https:\/\/www.sinaptec.fr\/de\/#website"},"datePublished":"2019-10-31T16:06:49+00:00","dateModified":"2024-05-29T14:26:48+00:00","breadcrumb":{"@id":"https:\/\/www.sinaptec.fr\/de\/ultraschall-reinigung\/#breadcrumb"},"inLanguage":"de","potentialAction":[{"@type":"ReadAction","target":["https:\/\/www.sinaptec.fr\/de\/ultraschall-reinigung\/"]}]},{"@type":"BreadcrumbList","@id":"https:\/\/www.sinaptec.fr\/de\/ultraschall-reinigung\/#breadcrumb","itemListElement":[{"@type":"ListItem","position":1,"name":"Accueil","item":"https:\/\/www.sinaptec.fr\/de\/"},{"@type":"ListItem","position":2,"name":"Reinigung"}]},{"@type":"WebSite","@id":"https:\/\/www.sinaptec.fr\/de\/#website","url":"https:\/\/www.sinaptec.fr\/de\/","name":"Sinaptec","description":"Technologie Ultrasons","publisher":{"@id":"https:\/\/www.sinaptec.fr\/de\/#organization"},"alternateName":"Expertise Ultrason","potentialAction":[{"@type":"SearchAction","target":{"@type":"EntryPoint","urlTemplate":"https:\/\/www.sinaptec.fr\/de\/?s={search_term_string}"},"query-input":{"@type":"PropertyValueSpecification","valueRequired":true,"valueName":"search_term_string"}}],"inLanguage":"de"},{"@type":"Organization","@id":"https:\/\/www.sinaptec.fr\/de\/#organization","name":"Sinap Tec","alternateName":"Sinap Tec","url":"https:\/\/www.sinaptec.fr\/de\/","logo":{"@type":"ImageObject","inLanguage":"de","@id":"https:\/\/www.sinaptec.fr\/de\/#\/schema\/logo\/image\/","url":"https:\/\/www.sinaptec.fr\/wp-content\/uploads\/2023\/11\/logo-synap-tec-metadonnees.jpg","contentUrl":"https:\/\/www.sinaptec.fr\/wp-content\/uploads\/2023\/11\/logo-synap-tec-metadonnees.jpg","width":1200,"height":675,"caption":"Sinap Tec"},"image":{"@id":"https:\/\/www.sinaptec.fr\/de\/#\/schema\/logo\/image\/"}}]}},"_links":{"self":[{"href":"https:\/\/www.sinaptec.fr\/de\/wp-json\/wp\/v2\/pages\/8512","targetHints":{"allow":["GET"]}}],"collection":[{"href":"https:\/\/www.sinaptec.fr\/de\/wp-json\/wp\/v2\/pages"}],"about":[{"href":"https:\/\/www.sinaptec.fr\/de\/wp-json\/wp\/v2\/types\/page"}],"author":[{"embeddable":true,"href":"https:\/\/www.sinaptec.fr\/de\/wp-json\/wp\/v2\/users\/1"}],"replies":[{"embeddable":true,"href":"https:\/\/www.sinaptec.fr\/de\/wp-json\/wp\/v2\/comments?post=8512"}],"version-history":[{"count":14,"href":"https:\/\/www.sinaptec.fr\/de\/wp-json\/wp\/v2\/pages\/8512\/revisions"}],"predecessor-version":[{"id":12417,"href":"https:\/\/www.sinaptec.fr\/de\/wp-json\/wp\/v2\/pages\/8512\/revisions\/12417"}],"wp:attachment":[{"href":"https:\/\/www.sinaptec.fr\/de\/wp-json\/wp\/v2\/media?parent=8512"}],"curies":[{"name":"wp","href":"https:\/\/api.w.org\/{rel}","templated":true}]}}