{"id":8491,"date":"2019-06-25T10:05:31","date_gmt":"2019-06-25T08:05:31","guid":{"rendered":"http:\/\/www.sinaptec.fr\/recrutement-sinaptec\/"},"modified":"2023-11-14T18:08:26","modified_gmt":"2023-11-14T17:08:26","slug":"rekrutierung","status":"publish","type":"page","link":"https:\/\/www.sinaptec.fr\/de\/rekrutierung\/","title":{"rendered":"Rekrutierung"},"content":{"rendered":"[mk_page_section][vc_column][vc_column_text css=&#8220;.vc_custom_1583771802993{margin-bottom: 0px !important;}&#8220;]Im Rahmen unserer internationalen Entwicklung im Bereich Industrie und Medizin und um unser starkes Wachstum zu unterst\u00fctzen:<\/p>\n<p>Wir suchen:<\/p>\n<p><strong>Client-Anwendungen entwickeln<\/strong><\/p>\n<p><strong>&#8211; Ein Entwicklungs- und Anwendungsingenieur:<\/strong><\/p>\n<p>Er hat einen praktischen Sinn und eine akute Neugier. Nach einer Schulung in unseren Technologien war er an der Entwicklung und Feinabstimmung von Ultraschallanwendungen f\u00fcr unsere Kunden beteiligt. Sein Sinn f\u00fcr Gr\u00fcndlichkeit, gute Synthesef\u00e4higkeiten und einfache zwischenmenschliche F\u00e4higkeiten sind unerl\u00e4sslich.<\/p>\n<p>Mechanische, elektronische oder mechatronische Ausbildung, eine erste erfolgreiche Erfahrung wird ein zus\u00e4tzlicher Vorteil sein.<\/p>\n<p>Er muss Englisch in Wort und Schrift beherrschen, um an technischen Besprechungen oder dem Schreiben von technischen Notizen teilnehmen zu k\u00f6nnen.<\/p>\n<p><strong>&#8211; Ein B\u00fcrotechniker f\u00fcr Maschinenbau:<\/strong><\/p>\n<p>Er hat eine Konstruktionspraxis in der Pr\u00e4zisionsmechanik und ist autonom bei der Durchf\u00fchrung der ihm anvertrauten Projekte. In Zusammenarbeit mit Anwendungsingenieuren beteiligt er sich an der Realisierung von Werkstattentw\u00fcrfen f\u00fcr Montage-, Validierungs- und Prototypentests.<\/p>\n<p>Er liebt Technik, liebt verschiedene Herausforderungen und m\u00f6chte lernen, die Besonderheiten unserer Technologie vollst\u00e4ndig zu verstehen.<\/p>\n<p><strong>Um unser Produktionsteam zu st\u00e4rken:<\/strong><\/p>\n<p>Ein Lehrling zur St\u00e4rkung unserer mechanischen Werkstatt f\u00fcr Werkzeugmaschinen:<\/p>\n<p>Um sich zu bewerben, senden Sie bitte Ihren Lebenslauf und Ihre Anspr\u00fcche an Danielle: sinaptec-online@sinaptec-ultrasonic.com<\/p>\n<p>Um unser Angebot herunterzuladen, <a href=\"https:\/\/www.sinaptec.fr\/wp-content\/uploads\/2019\/09\/candidature.pdf\">klicken Sie hier<\/a>[\/vc_column_text][\/vc_column][\/mk_page_section]\n","protected":false},"excerpt":{"rendered":"<p>[mk_page_section][vc_column][vc_column_text css=&#8220;.vc_custom_1583771802993{margin-bottom: 0px !important;}&#8220;]Im Rahmen unserer internationalen Entwicklung im Bereich Industrie und Medizin und um unser starkes Wachstum zu unterst\u00fctzen: Wir suchen: Client-Anwendungen entwickeln &#8211; Ein Entwicklungs- und Anwendungsingenieur: Er hat einen praktischen Sinn und eine akute Neugier. Nach einer Schulung in unseren Technologien war er an der Entwicklung und Feinabstimmung von Ultraschallanwendungen f\u00fcr unsere [&hellip;]<\/p>\n","protected":false},"author":1,"featured_media":0,"parent":0,"menu_order":0,"comment_status":"closed","ping_status":"closed","template":"","meta":{"_acf_changed":false,"footnotes":""},"class_list":["post-8491","page","type-page","status-publish","hentry"],"acf":[],"yoast_head":"<!-- This site is optimized with the Yoast SEO plugin v27.4 - https:\/\/yoast.com\/product\/yoast-seo-wordpress\/ -->\n<title>Jobs und Rekrutierung | SinapTec ultrasonic<\/title>\n<meta name=\"description\" content=\"Geben Sie Ihrer Karriere Fl\u00fcgel und bewerben Sie sich bei SinapTec, einem wichtigen Akteur bei der Unterst\u00fctzung von Projekten, die Ultraschall erfordern.\" \/>\n<meta name=\"robots\" content=\"index, follow, max-snippet:-1, max-image-preview:large, max-video-preview:-1\" \/>\n<link rel=\"canonical\" href=\"https:\/\/www.sinaptec.fr\/de\/rekrutierung\/\" \/>\n<meta property=\"og:locale\" content=\"de_DE\" \/>\n<meta property=\"og:type\" content=\"article\" \/>\n<meta property=\"og:title\" content=\"Jobs und Rekrutierung | SinapTec ultrasonic\" \/>\n<meta property=\"og:description\" content=\"Geben Sie Ihrer Karriere Fl\u00fcgel und bewerben Sie sich bei SinapTec, einem wichtigen Akteur bei der Unterst\u00fctzung von Projekten, die Ultraschall erfordern.\" \/>\n<meta property=\"og:url\" content=\"https:\/\/www.sinaptec.fr\/de\/rekrutierung\/\" \/>\n<meta property=\"og:site_name\" content=\"Sinaptec\" \/>\n<meta property=\"article:modified_time\" content=\"2023-11-14T17:08:26+00:00\" \/>\n<meta property=\"og:image\" content=\"https:\/\/www.sinaptec.fr\/wp-content\/uploads\/2023\/11\/logo-synap-tec-metadonnees.jpg\" \/>\n\t<meta property=\"og:image:width\" content=\"1200\" \/>\n\t<meta property=\"og:image:height\" content=\"675\" \/>\n\t<meta property=\"og:image:type\" content=\"image\/jpeg\" \/>\n<meta name=\"twitter:card\" content=\"summary_large_image\" \/>\n<meta name=\"twitter:label1\" content=\"Gesch\u00e4tzte Lesezeit\" \/>\n\t<meta name=\"twitter:data1\" content=\"2\u00a0Minuten\" \/>\n<script type=\"application\/ld+json\" class=\"yoast-schema-graph\">{\"@context\":\"https:\\\/\\\/schema.org\",\"@graph\":[{\"@type\":\"WebPage\",\"@id\":\"https:\\\/\\\/www.sinaptec.fr\\\/de\\\/rekrutierung\\\/\",\"url\":\"https:\\\/\\\/www.sinaptec.fr\\\/de\\\/rekrutierung\\\/\",\"name\":\"Jobs und Rekrutierung | SinapTec ultrasonic\",\"isPartOf\":{\"@id\":\"https:\\\/\\\/www.sinaptec.fr\\\/de\\\/#website\"},\"datePublished\":\"2019-06-25T08:05:31+00:00\",\"dateModified\":\"2023-11-14T17:08:26+00:00\",\"description\":\"Geben Sie Ihrer Karriere Fl\u00fcgel und bewerben Sie sich bei SinapTec, einem wichtigen Akteur bei der Unterst\u00fctzung von Projekten, die Ultraschall erfordern.\",\"breadcrumb\":{\"@id\":\"https:\\\/\\\/www.sinaptec.fr\\\/de\\\/rekrutierung\\\/#breadcrumb\"},\"inLanguage\":\"de\",\"potentialAction\":[{\"@type\":\"ReadAction\",\"target\":[\"https:\\\/\\\/www.sinaptec.fr\\\/de\\\/rekrutierung\\\/\"]}]},{\"@type\":\"BreadcrumbList\",\"@id\":\"https:\\\/\\\/www.sinaptec.fr\\\/de\\\/rekrutierung\\\/#breadcrumb\",\"itemListElement\":[{\"@type\":\"ListItem\",\"position\":1,\"name\":\"Accueil\",\"item\":\"https:\\\/\\\/www.sinaptec.fr\\\/de\\\/\"},{\"@type\":\"ListItem\",\"position\":2,\"name\":\"Rekrutierung\"}]},{\"@type\":\"WebSite\",\"@id\":\"https:\\\/\\\/www.sinaptec.fr\\\/de\\\/#website\",\"url\":\"https:\\\/\\\/www.sinaptec.fr\\\/de\\\/\",\"name\":\"Sinaptec\",\"description\":\"Technologie Ultrasons\",\"publisher\":{\"@id\":\"https:\\\/\\\/www.sinaptec.fr\\\/de\\\/#organization\"},\"alternateName\":\"Expertise Ultrason\",\"potentialAction\":[{\"@type\":\"SearchAction\",\"target\":{\"@type\":\"EntryPoint\",\"urlTemplate\":\"https:\\\/\\\/www.sinaptec.fr\\\/de\\\/?s={search_term_string}\"},\"query-input\":{\"@type\":\"PropertyValueSpecification\",\"valueRequired\":true,\"valueName\":\"search_term_string\"}}],\"inLanguage\":\"de\"},{\"@type\":\"Organization\",\"@id\":\"https:\\\/\\\/www.sinaptec.fr\\\/de\\\/#organization\",\"name\":\"Sinap Tec\",\"alternateName\":\"Sinap Tec\",\"url\":\"https:\\\/\\\/www.sinaptec.fr\\\/de\\\/\",\"logo\":{\"@type\":\"ImageObject\",\"inLanguage\":\"de\",\"@id\":\"https:\\\/\\\/www.sinaptec.fr\\\/de\\\/#\\\/schema\\\/logo\\\/image\\\/\",\"url\":\"https:\\\/\\\/www.sinaptec.fr\\\/wp-content\\\/uploads\\\/2023\\\/11\\\/logo-synap-tec-metadonnees.jpg\",\"contentUrl\":\"https:\\\/\\\/www.sinaptec.fr\\\/wp-content\\\/uploads\\\/2023\\\/11\\\/logo-synap-tec-metadonnees.jpg\",\"width\":1200,\"height\":675,\"caption\":\"Sinap Tec\"},\"image\":{\"@id\":\"https:\\\/\\\/www.sinaptec.fr\\\/de\\\/#\\\/schema\\\/logo\\\/image\\\/\"}}]}<\/script>\n<!-- \/ Yoast SEO plugin. -->","yoast_head_json":{"title":"Jobs und Rekrutierung | SinapTec ultrasonic","description":"Geben Sie Ihrer Karriere Fl\u00fcgel und bewerben Sie sich bei SinapTec, einem wichtigen Akteur bei der Unterst\u00fctzung von Projekten, die Ultraschall erfordern.","robots":{"index":"index","follow":"follow","max-snippet":"max-snippet:-1","max-image-preview":"max-image-preview:large","max-video-preview":"max-video-preview:-1"},"canonical":"https:\/\/www.sinaptec.fr\/de\/rekrutierung\/","og_locale":"de_DE","og_type":"article","og_title":"Jobs und Rekrutierung | SinapTec ultrasonic","og_description":"Geben Sie Ihrer Karriere Fl\u00fcgel und bewerben Sie sich bei SinapTec, einem wichtigen Akteur bei der Unterst\u00fctzung von Projekten, die Ultraschall erfordern.","og_url":"https:\/\/www.sinaptec.fr\/de\/rekrutierung\/","og_site_name":"Sinaptec","article_modified_time":"2023-11-14T17:08:26+00:00","og_image":[{"width":1200,"height":675,"url":"https:\/\/www.sinaptec.fr\/wp-content\/uploads\/2023\/11\/logo-synap-tec-metadonnees.jpg","type":"image\/jpeg"}],"twitter_card":"summary_large_image","twitter_misc":{"Gesch\u00e4tzte Lesezeit":"2\u00a0Minuten"},"schema":{"@context":"https:\/\/schema.org","@graph":[{"@type":"WebPage","@id":"https:\/\/www.sinaptec.fr\/de\/rekrutierung\/","url":"https:\/\/www.sinaptec.fr\/de\/rekrutierung\/","name":"Jobs und Rekrutierung | SinapTec ultrasonic","isPartOf":{"@id":"https:\/\/www.sinaptec.fr\/de\/#website"},"datePublished":"2019-06-25T08:05:31+00:00","dateModified":"2023-11-14T17:08:26+00:00","description":"Geben Sie Ihrer Karriere Fl\u00fcgel und bewerben Sie sich bei SinapTec, einem wichtigen Akteur bei der Unterst\u00fctzung von Projekten, die Ultraschall erfordern.","breadcrumb":{"@id":"https:\/\/www.sinaptec.fr\/de\/rekrutierung\/#breadcrumb"},"inLanguage":"de","potentialAction":[{"@type":"ReadAction","target":["https:\/\/www.sinaptec.fr\/de\/rekrutierung\/"]}]},{"@type":"BreadcrumbList","@id":"https:\/\/www.sinaptec.fr\/de\/rekrutierung\/#breadcrumb","itemListElement":[{"@type":"ListItem","position":1,"name":"Accueil","item":"https:\/\/www.sinaptec.fr\/de\/"},{"@type":"ListItem","position":2,"name":"Rekrutierung"}]},{"@type":"WebSite","@id":"https:\/\/www.sinaptec.fr\/de\/#website","url":"https:\/\/www.sinaptec.fr\/de\/","name":"Sinaptec","description":"Technologie Ultrasons","publisher":{"@id":"https:\/\/www.sinaptec.fr\/de\/#organization"},"alternateName":"Expertise Ultrason","potentialAction":[{"@type":"SearchAction","target":{"@type":"EntryPoint","urlTemplate":"https:\/\/www.sinaptec.fr\/de\/?s={search_term_string}"},"query-input":{"@type":"PropertyValueSpecification","valueRequired":true,"valueName":"search_term_string"}}],"inLanguage":"de"},{"@type":"Organization","@id":"https:\/\/www.sinaptec.fr\/de\/#organization","name":"Sinap Tec","alternateName":"Sinap Tec","url":"https:\/\/www.sinaptec.fr\/de\/","logo":{"@type":"ImageObject","inLanguage":"de","@id":"https:\/\/www.sinaptec.fr\/de\/#\/schema\/logo\/image\/","url":"https:\/\/www.sinaptec.fr\/wp-content\/uploads\/2023\/11\/logo-synap-tec-metadonnees.jpg","contentUrl":"https:\/\/www.sinaptec.fr\/wp-content\/uploads\/2023\/11\/logo-synap-tec-metadonnees.jpg","width":1200,"height":675,"caption":"Sinap Tec"},"image":{"@id":"https:\/\/www.sinaptec.fr\/de\/#\/schema\/logo\/image\/"}}]}},"_links":{"self":[{"href":"https:\/\/www.sinaptec.fr\/de\/wp-json\/wp\/v2\/pages\/8491","targetHints":{"allow":["GET"]}}],"collection":[{"href":"https:\/\/www.sinaptec.fr\/de\/wp-json\/wp\/v2\/pages"}],"about":[{"href":"https:\/\/www.sinaptec.fr\/de\/wp-json\/wp\/v2\/types\/page"}],"author":[{"embeddable":true,"href":"https:\/\/www.sinaptec.fr\/de\/wp-json\/wp\/v2\/users\/1"}],"replies":[{"embeddable":true,"href":"https:\/\/www.sinaptec.fr\/de\/wp-json\/wp\/v2\/comments?post=8491"}],"version-history":[{"count":6,"href":"https:\/\/www.sinaptec.fr\/de\/wp-json\/wp\/v2\/pages\/8491\/revisions"}],"predecessor-version":[{"id":11149,"href":"https:\/\/www.sinaptec.fr\/de\/wp-json\/wp\/v2\/pages\/8491\/revisions\/11149"}],"wp:attachment":[{"href":"https:\/\/www.sinaptec.fr\/de\/wp-json\/wp\/v2\/media?parent=8491"}],"curies":[{"name":"wp","href":"https:\/\/api.w.org\/{rel}","templated":true}]}}