{"id":8483,"date":"2019-07-09T15:12:25","date_gmt":"2019-07-09T13:12:25","guid":{"rendered":"http:\/\/www.sinaptec.fr\/le-fondateur-sinaptec\/"},"modified":"2023-11-14T17:16:06","modified_gmt":"2023-11-14T16:16:06","slug":"firmengrunder-sinaptec","status":"publish","type":"page","link":"https:\/\/www.sinaptec.fr\/de\/firmengrunder-sinaptec\/","title":{"rendered":"Firmengru\u0308nder"},"content":{"rendered":"[mk_page_section][vc_column width=&#8220;1\/2&#8243;][vc_single_image image=&#8220;6057&#8243; img_size=&#8220;600&#215;600 px&#8220;][\/vc_column][vc_column width=&#8220;1\/2&#8243;][vc_column_text css=&#8220;.vc_custom_1583770902773{margin-bottom: 0px !important;}&#8220;]Nach Absolvierung seiner Studien im Bereich der Ultraschallphysik, tauscht <strong>Pascal Tierce<\/strong> seinen Laborkittel eines lehrenden Forschers gegen den Anzug eines Unternehmensleiters ein. Das war vor 35 Jahren. Seit seiner Gru\u0308ndung hat er es verstanden das Unternehmen auch international zu positionieren; eine Entwicklung, die nach wie vor der Wachstumsmotor von SinapTec bleibt.[\/vc_column_text][mk_blockquote font_family=&#8220;none&#8220;]Unsere durch inzwischen \u00fcber 30 Patente weltweit gesch\u00fctzte Technologie zielt darauf ab, sowohl flexibel zu sein, weil an die Kundenbed\u00fcrfnisse anpassbar, als auch ausgereift, weil von einer 35- j\u00e4hrigen Erfahrung profitierend.<\/p>\n<p>Seit unseren Anf\u00e4ngen haben wir uns besonders darum bemu\u0308ht eng mit unseren Kunden zusammenzuarbeiten, sei es bei der Umsetzung neuer Produkte oder bei der Entwicklung ma\u00dfgeschneiderter neuer L\u00f6sungen.<\/p>\n<p>Heute erm\u00f6glichen es uns dieser Geist der Zusammenarbeit, das Knowhow unseres Teams aus Ingenieuren\/Fachleuten, eine vollst\u00e4ndige Beherrschung der Technologie sowie der Nutzung von Softwaretools und den spezifisch einsetzbaren Materialien, unseren Kunden optimal angepasste L\u00f6sungen zu bieten.[\/mk_blockquote][\/vc_column][\/mk_page_section]\n","protected":false},"excerpt":{"rendered":"<p>[mk_page_section][vc_column width=&#8220;1\/2&#8243;][vc_single_image image=&#8220;6057&#8243; img_size=&#8220;600&#215;600 px&#8220;][\/vc_column][vc_column width=&#8220;1\/2&#8243;][vc_column_text css=&#8220;.vc_custom_1583770902773{margin-bottom: 0px !important;}&#8220;]Nach Absolvierung seiner Studien im Bereich der Ultraschallphysik, tauscht Pascal Tierce seinen Laborkittel eines lehrenden Forschers gegen den Anzug eines Unternehmensleiters ein. Das war vor 35 Jahren. Seit seiner Gru\u0308ndung hat er es verstanden das Unternehmen auch international zu positionieren; eine Entwicklung, die nach wie vor der [&hellip;]<\/p>\n","protected":false},"author":1,"featured_media":0,"parent":0,"menu_order":0,"comment_status":"closed","ping_status":"closed","template":"","meta":{"_acf_changed":false,"footnotes":""},"class_list":["post-8483","page","type-page","status-publish","hentry"],"acf":[],"yoast_head":"<!-- This site is optimized with the Yoast SEO plugin v27.5 - https:\/\/yoast.com\/product\/yoast-seo-wordpress\/ -->\n<title>Firmengru\u0308nder Pascal Tierce | SinapTec ultrasonic France<\/title>\n<meta name=\"description\" content=\"Entdecken Sie Pascal Tierce, den Gr\u00fcnder von SinapTec, einem wichtigen Anbieter von Ultraschallanwendungen in Frankreich und auf der ganzen Welt.\" \/>\n<meta name=\"robots\" content=\"index, follow, max-snippet:-1, max-image-preview:large, max-video-preview:-1\" \/>\n<link rel=\"canonical\" href=\"https:\/\/www.sinaptec.fr\/de\/firmengrunder-sinaptec\/\" \/>\n<meta property=\"og:locale\" content=\"de_DE\" \/>\n<meta property=\"og:type\" content=\"article\" \/>\n<meta property=\"og:title\" content=\"Firmengru\u0308nder Pascal Tierce | SinapTec ultrasonic France\" \/>\n<meta property=\"og:description\" content=\"Entdecken Sie Pascal Tierce, den Gr\u00fcnder von SinapTec, einem wichtigen Anbieter von Ultraschallanwendungen in Frankreich und auf der ganzen Welt.\" \/>\n<meta property=\"og:url\" content=\"https:\/\/www.sinaptec.fr\/de\/firmengrunder-sinaptec\/\" \/>\n<meta property=\"og:site_name\" content=\"Sinaptec\" \/>\n<meta property=\"article:modified_time\" content=\"2023-11-14T16:16:06+00:00\" \/>\n<meta property=\"og:image\" content=\"https:\/\/www.sinaptec.fr\/wp-content\/uploads\/2023\/11\/logo-synap-tec-metadonnees.jpg\" \/>\n\t<meta property=\"og:image:width\" content=\"1200\" \/>\n\t<meta property=\"og:image:height\" content=\"675\" \/>\n\t<meta property=\"og:image:type\" content=\"image\/jpeg\" \/>\n<meta name=\"twitter:card\" content=\"summary_large_image\" \/>\n<meta name=\"twitter:label1\" content=\"Gesch\u00e4tzte Lesezeit\" \/>\n\t<meta name=\"twitter:data1\" content=\"1\u00a0Minute\" \/>\n<script type=\"application\/ld+json\" class=\"yoast-schema-graph\">{\"@context\":\"https:\\\/\\\/schema.org\",\"@graph\":[{\"@type\":\"WebPage\",\"@id\":\"https:\\\/\\\/www.sinaptec.fr\\\/de\\\/firmengrunder-sinaptec\\\/\",\"url\":\"https:\\\/\\\/www.sinaptec.fr\\\/de\\\/firmengrunder-sinaptec\\\/\",\"name\":\"Firmengru\u0308nder Pascal Tierce | SinapTec ultrasonic France\",\"isPartOf\":{\"@id\":\"https:\\\/\\\/www.sinaptec.fr\\\/de\\\/#website\"},\"datePublished\":\"2019-07-09T13:12:25+00:00\",\"dateModified\":\"2023-11-14T16:16:06+00:00\",\"description\":\"Entdecken Sie Pascal Tierce, den Gr\u00fcnder von SinapTec, einem wichtigen Anbieter von Ultraschallanwendungen in Frankreich und auf der ganzen Welt.\",\"breadcrumb\":{\"@id\":\"https:\\\/\\\/www.sinaptec.fr\\\/de\\\/firmengrunder-sinaptec\\\/#breadcrumb\"},\"inLanguage\":\"de\",\"potentialAction\":[{\"@type\":\"ReadAction\",\"target\":[\"https:\\\/\\\/www.sinaptec.fr\\\/de\\\/firmengrunder-sinaptec\\\/\"]}]},{\"@type\":\"BreadcrumbList\",\"@id\":\"https:\\\/\\\/www.sinaptec.fr\\\/de\\\/firmengrunder-sinaptec\\\/#breadcrumb\",\"itemListElement\":[{\"@type\":\"ListItem\",\"position\":1,\"name\":\"Accueil\",\"item\":\"https:\\\/\\\/www.sinaptec.fr\\\/de\\\/\"},{\"@type\":\"ListItem\",\"position\":2,\"name\":\"Firmengru\u0308nder\"}]},{\"@type\":\"WebSite\",\"@id\":\"https:\\\/\\\/www.sinaptec.fr\\\/de\\\/#website\",\"url\":\"https:\\\/\\\/www.sinaptec.fr\\\/de\\\/\",\"name\":\"Sinaptec\",\"description\":\"Technologie Ultrasons\",\"publisher\":{\"@id\":\"https:\\\/\\\/www.sinaptec.fr\\\/de\\\/#organization\"},\"alternateName\":\"Expertise Ultrason\",\"potentialAction\":[{\"@type\":\"SearchAction\",\"target\":{\"@type\":\"EntryPoint\",\"urlTemplate\":\"https:\\\/\\\/www.sinaptec.fr\\\/de\\\/?s={search_term_string}\"},\"query-input\":{\"@type\":\"PropertyValueSpecification\",\"valueRequired\":true,\"valueName\":\"search_term_string\"}}],\"inLanguage\":\"de\"},{\"@type\":\"Organization\",\"@id\":\"https:\\\/\\\/www.sinaptec.fr\\\/de\\\/#organization\",\"name\":\"Sinap Tec\",\"alternateName\":\"Sinap Tec\",\"url\":\"https:\\\/\\\/www.sinaptec.fr\\\/de\\\/\",\"logo\":{\"@type\":\"ImageObject\",\"inLanguage\":\"de\",\"@id\":\"https:\\\/\\\/www.sinaptec.fr\\\/de\\\/#\\\/schema\\\/logo\\\/image\\\/\",\"url\":\"https:\\\/\\\/www.sinaptec.fr\\\/wp-content\\\/uploads\\\/2023\\\/11\\\/logo-synap-tec-metadonnees.jpg\",\"contentUrl\":\"https:\\\/\\\/www.sinaptec.fr\\\/wp-content\\\/uploads\\\/2023\\\/11\\\/logo-synap-tec-metadonnees.jpg\",\"width\":1200,\"height\":675,\"caption\":\"Sinap Tec\"},\"image\":{\"@id\":\"https:\\\/\\\/www.sinaptec.fr\\\/de\\\/#\\\/schema\\\/logo\\\/image\\\/\"}}]}<\/script>\n<!-- \/ Yoast SEO plugin. -->","yoast_head_json":{"title":"Firmengru\u0308nder Pascal Tierce | SinapTec ultrasonic France","description":"Entdecken Sie Pascal Tierce, den Gr\u00fcnder von SinapTec, einem wichtigen Anbieter von Ultraschallanwendungen in Frankreich und auf der ganzen Welt.","robots":{"index":"index","follow":"follow","max-snippet":"max-snippet:-1","max-image-preview":"max-image-preview:large","max-video-preview":"max-video-preview:-1"},"canonical":"https:\/\/www.sinaptec.fr\/de\/firmengrunder-sinaptec\/","og_locale":"de_DE","og_type":"article","og_title":"Firmengru\u0308nder Pascal Tierce | SinapTec ultrasonic France","og_description":"Entdecken Sie Pascal Tierce, den Gr\u00fcnder von SinapTec, einem wichtigen Anbieter von Ultraschallanwendungen in Frankreich und auf der ganzen Welt.","og_url":"https:\/\/www.sinaptec.fr\/de\/firmengrunder-sinaptec\/","og_site_name":"Sinaptec","article_modified_time":"2023-11-14T16:16:06+00:00","og_image":[{"width":1200,"height":675,"url":"https:\/\/www.sinaptec.fr\/wp-content\/uploads\/2023\/11\/logo-synap-tec-metadonnees.jpg","type":"image\/jpeg"}],"twitter_card":"summary_large_image","twitter_misc":{"Gesch\u00e4tzte Lesezeit":"1\u00a0Minute"},"schema":{"@context":"https:\/\/schema.org","@graph":[{"@type":"WebPage","@id":"https:\/\/www.sinaptec.fr\/de\/firmengrunder-sinaptec\/","url":"https:\/\/www.sinaptec.fr\/de\/firmengrunder-sinaptec\/","name":"Firmengru\u0308nder Pascal Tierce | SinapTec ultrasonic France","isPartOf":{"@id":"https:\/\/www.sinaptec.fr\/de\/#website"},"datePublished":"2019-07-09T13:12:25+00:00","dateModified":"2023-11-14T16:16:06+00:00","description":"Entdecken Sie Pascal Tierce, den Gr\u00fcnder von SinapTec, einem wichtigen Anbieter von Ultraschallanwendungen in Frankreich und auf der ganzen Welt.","breadcrumb":{"@id":"https:\/\/www.sinaptec.fr\/de\/firmengrunder-sinaptec\/#breadcrumb"},"inLanguage":"de","potentialAction":[{"@type":"ReadAction","target":["https:\/\/www.sinaptec.fr\/de\/firmengrunder-sinaptec\/"]}]},{"@type":"BreadcrumbList","@id":"https:\/\/www.sinaptec.fr\/de\/firmengrunder-sinaptec\/#breadcrumb","itemListElement":[{"@type":"ListItem","position":1,"name":"Accueil","item":"https:\/\/www.sinaptec.fr\/de\/"},{"@type":"ListItem","position":2,"name":"Firmengru\u0308nder"}]},{"@type":"WebSite","@id":"https:\/\/www.sinaptec.fr\/de\/#website","url":"https:\/\/www.sinaptec.fr\/de\/","name":"Sinaptec","description":"Technologie Ultrasons","publisher":{"@id":"https:\/\/www.sinaptec.fr\/de\/#organization"},"alternateName":"Expertise Ultrason","potentialAction":[{"@type":"SearchAction","target":{"@type":"EntryPoint","urlTemplate":"https:\/\/www.sinaptec.fr\/de\/?s={search_term_string}"},"query-input":{"@type":"PropertyValueSpecification","valueRequired":true,"valueName":"search_term_string"}}],"inLanguage":"de"},{"@type":"Organization","@id":"https:\/\/www.sinaptec.fr\/de\/#organization","name":"Sinap Tec","alternateName":"Sinap Tec","url":"https:\/\/www.sinaptec.fr\/de\/","logo":{"@type":"ImageObject","inLanguage":"de","@id":"https:\/\/www.sinaptec.fr\/de\/#\/schema\/logo\/image\/","url":"https:\/\/www.sinaptec.fr\/wp-content\/uploads\/2023\/11\/logo-synap-tec-metadonnees.jpg","contentUrl":"https:\/\/www.sinaptec.fr\/wp-content\/uploads\/2023\/11\/logo-synap-tec-metadonnees.jpg","width":1200,"height":675,"caption":"Sinap Tec"},"image":{"@id":"https:\/\/www.sinaptec.fr\/de\/#\/schema\/logo\/image\/"}}]}},"_links":{"self":[{"href":"https:\/\/www.sinaptec.fr\/de\/wp-json\/wp\/v2\/pages\/8483","targetHints":{"allow":["GET"]}}],"collection":[{"href":"https:\/\/www.sinaptec.fr\/de\/wp-json\/wp\/v2\/pages"}],"about":[{"href":"https:\/\/www.sinaptec.fr\/de\/wp-json\/wp\/v2\/types\/page"}],"author":[{"embeddable":true,"href":"https:\/\/www.sinaptec.fr\/de\/wp-json\/wp\/v2\/users\/1"}],"replies":[{"embeddable":true,"href":"https:\/\/www.sinaptec.fr\/de\/wp-json\/wp\/v2\/comments?post=8483"}],"version-history":[{"count":7,"href":"https:\/\/www.sinaptec.fr\/de\/wp-json\/wp\/v2\/pages\/8483\/revisions"}],"predecessor-version":[{"id":11121,"href":"https:\/\/www.sinaptec.fr\/de\/wp-json\/wp\/v2\/pages\/8483\/revisions\/11121"}],"wp:attachment":[{"href":"https:\/\/www.sinaptec.fr\/de\/wp-json\/wp\/v2\/media?parent=8483"}],"curies":[{"name":"wp","href":"https:\/\/api.w.org\/{rel}","templated":true}]}}