{"id":8476,"date":"2019-10-03T17:43:54","date_gmt":"2019-10-03T15:43:54","guid":{"rendered":"http:\/\/www.sinaptec.fr\/nos-ressources\/"},"modified":"2023-11-14T18:06:11","modified_gmt":"2023-11-14T17:06:11","slug":"ressourcen","status":"publish","type":"page","link":"https:\/\/www.sinaptec.fr\/de\/ressourcen\/","title":{"rendered":"Ressourcen"},"content":{"rendered":"[mk_page_section padding_top=&#8220;20&#8243; sidebar=&#8220;sidebar-1&#8243;][vc_column][vc_column_text css=&#8220;.vc_custom_1699981527500{margin-bottom: 0px !important;}&#8220;]\n<h2 style=\"font-size: 18px;\"><strong>Unsere Innovationskraft im Ultraschall :<\/strong><\/h2>\n<p>Das weite Anwendungsfeld von Ultraschall erfordert das Bu\u0308ndeln von Kr\u00e4ften und Mitteln aus zahlreichen wissenschaftlichen und technischen Disziplinen.<\/p>\n<p>Je nach Projekt setzt unser aus erprobten und erfahrenen Ingenieuren und Technikern gebildetes Team folgende Resourcen fu\u0308r Sie ein :<\/p>\n<ul>\n<li>Die Grundlagenkenntnisse der Ultraschallphysik sowie der Verbreitung von Ultraschallschwingungen in Medien,<\/li>\n<li>Die allerneuesten Tools und Ausru\u0308stungen im Bereich der Modellierung, von Entwurf und Studie : Berechnungssoftware nach FEM, 3D mechanisches CAD und elektronisches CAD. Das Ingenieurbu\u0308ro ist in der Lage ein breit gef\u00e4chertes Spektrum an Ultraschallsystemen fu\u0308r eine Vielzahl von Anwendungen zu entwerfen.<\/li>\n<li>Eine umfangreiche Kompetenz in Elektronik und Mechanik.<\/li>\n<li>Eine fu\u0308r den Ultraschall spezifische Me\u00df- und Regeltechnik, Netzwerkanalyse, Laservibrometer\u2026<\/li>\n<li>Une Technologie Brevet\u00e9e : Notre plate-forme technologique NexTgen\u00a0:<\/li>\n<li>Eine patentierte Technologie : Unsere technologische Plattform NexTgen :\n<ul>\n<li>Eine einzigartige Verbindung aus Software und Hardware, die die traditionelle Elektronik der Ultraschallerzeugung u\u0308berflu\u0308ssig macht<\/li>\n<li>Ein Instrumentarium an Tools und CAD-Softwarel\u00f6sungen zum beschleunigten Wissenstransfer an unsere Teams und zur Verku\u0308rzung der Dauer bis zur Marktreife<\/li>\n<\/ul>\n<\/li>\n<li class=\"p2\">Eine Erfahrungskonzentration zur Verminderung der Entwicklungsdauer bis zur Marktreife :\n<ul>\n<li class=\"p2\">Unsere Flexibilit\u00e4t und unsere Anpassungsf\u00e4higkeit st\u00fctzen sich auf eine hauseigene patentierte Technologieplattform &#8211; NexTgen \u2013 sowie auf die in 35 Jahren angeeigneten F\u00e4hig- und Fertigkeiten beim Entwerfen der Wandlertechnologie (Konvertertechnologie).<\/li>\n<li class=\"p2\">Unsere empirische Erfahrung in zahllosen Anwendungsfeldern<span class=\"s3\">.<\/span><\/li>\n<\/ul>\n<\/li>\n<\/ul>\n<h2 style=\"font-size: 18px;\"><b>Unsere Organisation: <\/b><\/h2>\n<ul>\n<li>Ein einziger Ansprechpartner in jedem einzelnen T\u00e4tigkeitsfeld,<\/li>\n<li>Kundendienst,<\/li>\n<li>Eine Produktionsst\u00e4tte vor Ort,<\/li>\n<li>Eine Forschungs- und Entwicklungsabteilung, die es mit den Herausforderungen von Morgen aufnimmt.<\/li>\n<\/ul>\n<h2 style=\"font-size: 18px;\"><strong>Mitglied in einem Netzwerk :<\/strong><\/h2>\n<p>Unser Netzwerk erm\u00f6glicht uns den best\u00e4ndigen Kontakt mit denjenigen Akteuren aus<br \/>\nForschung und Industrie, die mit der Ultraschalltechnologie befa\u00dft sind.<\/p>\n<p><strong>Einige franz\u00f6sische Partnerlabore und Forschungseinrichtungen:<\/strong><\/p>\n<ul>\n<li>\n<p class=\"p2\">INPT-ENSEEIHT \/ Groupe de Recherche en Electrodynamique (Toulouse),<\/p>\n<\/li>\n<li>\n<p class=\"p2\">INPT-ENSIACET \/ Laboratoire de G\u00e9nie Chimique Ing\u00e9nierie des R\u00e9acteurs Polyphasiques Innovants &#8211; G\u00e9nie Sonochimique (TOULOUSE),<\/p>\n<\/li>\n<li>\n<p class=\"p2\">Centre Rapsodee, UMR CNRS 5302 Ecole des mines d&#8217;Albi-Carmaux (ALBI),<\/p>\n<\/li>\n<li>\n<p class=\"p2\">CRITT G\u00e9nie des Proc\u00e9d\u00e9s et Technologies Environnementales (Toulouse),<\/p>\n<\/li>\n<li>\n<p class=\"p2\">UTINAM UMR 6213 CNRS\/ Universit\u00e9 de Franche Comt\u00e9 (Besan\u00e7on),<\/p>\n<\/li>\n<li>\n<p class=\"p2\">Laboratoire de Chimie Mol\u00e9culaire et Environnement (LCME), Universit\u00e9 Savoie Mont-Blanc (Le Bourget du Lac),<\/p>\n<\/li>\n<li>\n<p class=\"p2\">Institut Charles Viollette, Equipe ProBioGEM Polytech Lille USTL 1Sciences et Technologies (Villeneuve d&#8217;Ascq).<\/p>\n<\/li>\n<\/ul>\n<p class=\"p1\"><b>Franko-Europ\u00e4ische Partnerprojekte: <\/b><\/p>\n<ul>\n<li>\n<p class=\"p2\">LOWTEV II: Low Temperature and Lean Cleaning System,<\/p>\n<\/li>\n<li>\n<p class=\"p2\">PIEZOBIO: Development of piezoelectric solutions for cold plasma generation dedicated to biomedical applications,<\/p>\n<\/li>\n<li>\n<p class=\"p2\">INEXUS: Intensification of the extraction processes of bioactive compounds from plant material with ultrasonics systems,<\/p>\n<\/li>\n<li>\n<p class=\"p2\">ULTRACLEAN: Innovative ultrasonic antifouling system for membrane bioreactor (MBR) in wastewater treatment,<\/p>\n<\/li>\n<li>MASCOFIL: To develop a quality alternative mask for the general public, dedicated to the fight against pandemics, comfortable, washable, with high filtration performance and manufactured on an automatic machine,<\/li>\n<\/ul>\n[\/vc_column_text][\/vc_column][\/mk_page_section]\n","protected":false},"excerpt":{"rendered":"<p>[mk_page_section padding_top=&#8220;20&#8243; sidebar=&#8220;sidebar-1&#8243;][vc_column][vc_column_text css=&#8220;.vc_custom_1699981527500{margin-bottom: 0px !important;}&#8220;] Unsere Innovationskraft im Ultraschall : Das weite Anwendungsfeld von Ultraschall erfordert das Bu\u0308ndeln von Kr\u00e4ften und Mitteln aus zahlreichen wissenschaftlichen und technischen Disziplinen. Je nach Projekt setzt unser aus erprobten und erfahrenen Ingenieuren und Technikern gebildetes Team folgende Resourcen fu\u0308r Sie ein : Die Grundlagenkenntnisse der Ultraschallphysik sowie der [&hellip;]<\/p>\n","protected":false},"author":1,"featured_media":0,"parent":0,"menu_order":0,"comment_status":"closed","ping_status":"closed","template":"","meta":{"_acf_changed":false,"footnotes":""},"class_list":["post-8476","page","type-page","status-publish","hentry"],"acf":[],"yoast_head":"<!-- This site is optimized with the Yoast SEO plugin v27.3 - https:\/\/yoast.com\/product\/yoast-seo-wordpress\/ -->\n<title>Ressourcen | SinapTec Ultrasonics<\/title>\n<meta name=\"description\" content=\"Dank der Ressourcen f\u00fcr Ultraschallinnovationen, seiner ge\u00f6lten Organisation und seines \u00fcber 35 Jahre aufgebauten Netzwerks ist SinapTec der ideale Partner f\u00fcr Ihre Projekte.\" \/>\n<meta name=\"robots\" content=\"index, follow, max-snippet:-1, max-image-preview:large, max-video-preview:-1\" \/>\n<link rel=\"canonical\" href=\"https:\/\/www.sinaptec.fr\/de\/ressourcen\/\" \/>\n<meta property=\"og:locale\" content=\"de_DE\" \/>\n<meta property=\"og:type\" content=\"article\" \/>\n<meta property=\"og:title\" content=\"Ressourcen | SinapTec Ultrasonics\" \/>\n<meta property=\"og:description\" content=\"Dank der Ressourcen f\u00fcr Ultraschallinnovationen, seiner ge\u00f6lten Organisation und seines \u00fcber 35 Jahre aufgebauten Netzwerks ist SinapTec der ideale Partner f\u00fcr Ihre Projekte.\" \/>\n<meta property=\"og:url\" content=\"https:\/\/www.sinaptec.fr\/de\/ressourcen\/\" \/>\n<meta property=\"og:site_name\" content=\"Sinaptec\" \/>\n<meta property=\"article:modified_time\" content=\"2023-11-14T17:06:11+00:00\" \/>\n<meta property=\"og:image\" content=\"https:\/\/www.sinaptec.fr\/wp-content\/uploads\/2023\/11\/logo-synap-tec-metadonnees.jpg\" \/>\n\t<meta property=\"og:image:width\" content=\"1200\" \/>\n\t<meta property=\"og:image:height\" content=\"675\" \/>\n\t<meta property=\"og:image:type\" content=\"image\/jpeg\" \/>\n<meta name=\"twitter:card\" content=\"summary_large_image\" \/>\n<meta name=\"twitter:label1\" content=\"Gesch\u00e4tzte Lesezeit\" \/>\n\t<meta name=\"twitter:data1\" content=\"3\u00a0Minuten\" \/>\n<script type=\"application\/ld+json\" class=\"yoast-schema-graph\">{\"@context\":\"https:\\\/\\\/schema.org\",\"@graph\":[{\"@type\":\"WebPage\",\"@id\":\"https:\\\/\\\/www.sinaptec.fr\\\/de\\\/ressourcen\\\/\",\"url\":\"https:\\\/\\\/www.sinaptec.fr\\\/de\\\/ressourcen\\\/\",\"name\":\"Ressourcen | SinapTec Ultrasonics\",\"isPartOf\":{\"@id\":\"https:\\\/\\\/www.sinaptec.fr\\\/de\\\/#website\"},\"datePublished\":\"2019-10-03T15:43:54+00:00\",\"dateModified\":\"2023-11-14T17:06:11+00:00\",\"description\":\"Dank der Ressourcen f\u00fcr Ultraschallinnovationen, seiner ge\u00f6lten Organisation und seines \u00fcber 35 Jahre aufgebauten Netzwerks ist SinapTec der ideale Partner f\u00fcr Ihre Projekte.\",\"breadcrumb\":{\"@id\":\"https:\\\/\\\/www.sinaptec.fr\\\/de\\\/ressourcen\\\/#breadcrumb\"},\"inLanguage\":\"de\",\"potentialAction\":[{\"@type\":\"ReadAction\",\"target\":[\"https:\\\/\\\/www.sinaptec.fr\\\/de\\\/ressourcen\\\/\"]}]},{\"@type\":\"BreadcrumbList\",\"@id\":\"https:\\\/\\\/www.sinaptec.fr\\\/de\\\/ressourcen\\\/#breadcrumb\",\"itemListElement\":[{\"@type\":\"ListItem\",\"position\":1,\"name\":\"Accueil\",\"item\":\"https:\\\/\\\/www.sinaptec.fr\\\/de\\\/\"},{\"@type\":\"ListItem\",\"position\":2,\"name\":\"Ressourcen\"}]},{\"@type\":\"WebSite\",\"@id\":\"https:\\\/\\\/www.sinaptec.fr\\\/de\\\/#website\",\"url\":\"https:\\\/\\\/www.sinaptec.fr\\\/de\\\/\",\"name\":\"Sinaptec\",\"description\":\"Technologie Ultrasons\",\"publisher\":{\"@id\":\"https:\\\/\\\/www.sinaptec.fr\\\/de\\\/#organization\"},\"alternateName\":\"Expertise Ultrason\",\"potentialAction\":[{\"@type\":\"SearchAction\",\"target\":{\"@type\":\"EntryPoint\",\"urlTemplate\":\"https:\\\/\\\/www.sinaptec.fr\\\/de\\\/?s={search_term_string}\"},\"query-input\":{\"@type\":\"PropertyValueSpecification\",\"valueRequired\":true,\"valueName\":\"search_term_string\"}}],\"inLanguage\":\"de\"},{\"@type\":\"Organization\",\"@id\":\"https:\\\/\\\/www.sinaptec.fr\\\/de\\\/#organization\",\"name\":\"Sinap Tec\",\"alternateName\":\"Sinap Tec\",\"url\":\"https:\\\/\\\/www.sinaptec.fr\\\/de\\\/\",\"logo\":{\"@type\":\"ImageObject\",\"inLanguage\":\"de\",\"@id\":\"https:\\\/\\\/www.sinaptec.fr\\\/de\\\/#\\\/schema\\\/logo\\\/image\\\/\",\"url\":\"https:\\\/\\\/www.sinaptec.fr\\\/wp-content\\\/uploads\\\/2023\\\/11\\\/logo-synap-tec-metadonnees.jpg\",\"contentUrl\":\"https:\\\/\\\/www.sinaptec.fr\\\/wp-content\\\/uploads\\\/2023\\\/11\\\/logo-synap-tec-metadonnees.jpg\",\"width\":1200,\"height\":675,\"caption\":\"Sinap Tec\"},\"image\":{\"@id\":\"https:\\\/\\\/www.sinaptec.fr\\\/de\\\/#\\\/schema\\\/logo\\\/image\\\/\"}}]}<\/script>\n<!-- \/ Yoast SEO plugin. -->","yoast_head_json":{"title":"Ressourcen | SinapTec Ultrasonics","description":"Dank der Ressourcen f\u00fcr Ultraschallinnovationen, seiner ge\u00f6lten Organisation und seines \u00fcber 35 Jahre aufgebauten Netzwerks ist SinapTec der ideale Partner f\u00fcr Ihre Projekte.","robots":{"index":"index","follow":"follow","max-snippet":"max-snippet:-1","max-image-preview":"max-image-preview:large","max-video-preview":"max-video-preview:-1"},"canonical":"https:\/\/www.sinaptec.fr\/de\/ressourcen\/","og_locale":"de_DE","og_type":"article","og_title":"Ressourcen | SinapTec Ultrasonics","og_description":"Dank der Ressourcen f\u00fcr Ultraschallinnovationen, seiner ge\u00f6lten Organisation und seines \u00fcber 35 Jahre aufgebauten Netzwerks ist SinapTec der ideale Partner f\u00fcr Ihre Projekte.","og_url":"https:\/\/www.sinaptec.fr\/de\/ressourcen\/","og_site_name":"Sinaptec","article_modified_time":"2023-11-14T17:06:11+00:00","og_image":[{"width":1200,"height":675,"url":"https:\/\/www.sinaptec.fr\/wp-content\/uploads\/2023\/11\/logo-synap-tec-metadonnees.jpg","type":"image\/jpeg"}],"twitter_card":"summary_large_image","twitter_misc":{"Gesch\u00e4tzte Lesezeit":"3\u00a0Minuten"},"schema":{"@context":"https:\/\/schema.org","@graph":[{"@type":"WebPage","@id":"https:\/\/www.sinaptec.fr\/de\/ressourcen\/","url":"https:\/\/www.sinaptec.fr\/de\/ressourcen\/","name":"Ressourcen | SinapTec Ultrasonics","isPartOf":{"@id":"https:\/\/www.sinaptec.fr\/de\/#website"},"datePublished":"2019-10-03T15:43:54+00:00","dateModified":"2023-11-14T17:06:11+00:00","description":"Dank der Ressourcen f\u00fcr Ultraschallinnovationen, seiner ge\u00f6lten Organisation und seines \u00fcber 35 Jahre aufgebauten Netzwerks ist SinapTec der ideale Partner f\u00fcr Ihre Projekte.","breadcrumb":{"@id":"https:\/\/www.sinaptec.fr\/de\/ressourcen\/#breadcrumb"},"inLanguage":"de","potentialAction":[{"@type":"ReadAction","target":["https:\/\/www.sinaptec.fr\/de\/ressourcen\/"]}]},{"@type":"BreadcrumbList","@id":"https:\/\/www.sinaptec.fr\/de\/ressourcen\/#breadcrumb","itemListElement":[{"@type":"ListItem","position":1,"name":"Accueil","item":"https:\/\/www.sinaptec.fr\/de\/"},{"@type":"ListItem","position":2,"name":"Ressourcen"}]},{"@type":"WebSite","@id":"https:\/\/www.sinaptec.fr\/de\/#website","url":"https:\/\/www.sinaptec.fr\/de\/","name":"Sinaptec","description":"Technologie Ultrasons","publisher":{"@id":"https:\/\/www.sinaptec.fr\/de\/#organization"},"alternateName":"Expertise Ultrason","potentialAction":[{"@type":"SearchAction","target":{"@type":"EntryPoint","urlTemplate":"https:\/\/www.sinaptec.fr\/de\/?s={search_term_string}"},"query-input":{"@type":"PropertyValueSpecification","valueRequired":true,"valueName":"search_term_string"}}],"inLanguage":"de"},{"@type":"Organization","@id":"https:\/\/www.sinaptec.fr\/de\/#organization","name":"Sinap Tec","alternateName":"Sinap Tec","url":"https:\/\/www.sinaptec.fr\/de\/","logo":{"@type":"ImageObject","inLanguage":"de","@id":"https:\/\/www.sinaptec.fr\/de\/#\/schema\/logo\/image\/","url":"https:\/\/www.sinaptec.fr\/wp-content\/uploads\/2023\/11\/logo-synap-tec-metadonnees.jpg","contentUrl":"https:\/\/www.sinaptec.fr\/wp-content\/uploads\/2023\/11\/logo-synap-tec-metadonnees.jpg","width":1200,"height":675,"caption":"Sinap Tec"},"image":{"@id":"https:\/\/www.sinaptec.fr\/de\/#\/schema\/logo\/image\/"}}]}},"_links":{"self":[{"href":"https:\/\/www.sinaptec.fr\/de\/wp-json\/wp\/v2\/pages\/8476","targetHints":{"allow":["GET"]}}],"collection":[{"href":"https:\/\/www.sinaptec.fr\/de\/wp-json\/wp\/v2\/pages"}],"about":[{"href":"https:\/\/www.sinaptec.fr\/de\/wp-json\/wp\/v2\/types\/page"}],"author":[{"embeddable":true,"href":"https:\/\/www.sinaptec.fr\/de\/wp-json\/wp\/v2\/users\/1"}],"replies":[{"embeddable":true,"href":"https:\/\/www.sinaptec.fr\/de\/wp-json\/wp\/v2\/comments?post=8476"}],"version-history":[{"count":11,"href":"https:\/\/www.sinaptec.fr\/de\/wp-json\/wp\/v2\/pages\/8476\/revisions"}],"predecessor-version":[{"id":11146,"href":"https:\/\/www.sinaptec.fr\/de\/wp-json\/wp\/v2\/pages\/8476\/revisions\/11146"}],"wp:attachment":[{"href":"https:\/\/www.sinaptec.fr\/de\/wp-json\/wp\/v2\/media?parent=8476"}],"curies":[{"name":"wp","href":"https:\/\/api.w.org\/{rel}","templated":true}]}}