{"id":8470,"date":"2019-09-19T09:57:22","date_gmt":"2019-09-19T07:57:22","guid":{"rendered":"http:\/\/www.sinaptec.fr\/societe\/"},"modified":"2024-05-24T11:51:34","modified_gmt":"2024-05-24T09:51:34","slug":"gesellschaft","status":"publish","type":"page","link":"https:\/\/www.sinaptec.fr\/de\/gesellschaft\/","title":{"rendered":"\u00dcber uns"},"content":{"rendered":"<div class=\"wpb-content-wrapper\">[mk_page_section bg_image=&#8220;http:\/\/www.sinaptec.fr\/wp-content\/uploads\/2015\/06\/about-header.jpg&#8220; bg_position=&#8220;center center&#8220; bg_repeat=&#8220;no-repeat&#8220; bg_stretch=&#8220;true&#8220; enable_3d=&#8220;true&#8220; video_color_mask=&#8220;#000000&#8243; min_height=&#8220;0&#8243; full_width=&#8220;true&#8220; padding_top=&#8220;30&#8243; padding_bottom=&#8220;0&#8243; sidebar=&#8220;sidebar-1&#8243;][vc_column width=&#8220;1\/6&#8243;][\/vc_column][vc_column width=&#8220;2\/6&#8243;][mk_padding_divider size=&#8220;110&#8243;][mk_fancy_title size=&#8220;65&#8243; margin_top=&#8220;10&#8243; margin_bottom=&#8220;10&#8243; font_family=&#8220;Montserrat&#8220; font_type=&#8220;google&#8220;]NexTgen Inside\u00ae[\/mk_fancy_title][\/vc_column][vc_column width=&#8220;3\/6&#8243;][mk_image src=&#8220;http:\/\/www.sinaptec.fr\/wp-content\/uploads\/2015\/06\/workers.png&#8220; image_size=&#8220;full&#8220; margin_bottom=&#8220;0&#8243;][\/vc_column][\/mk_page_section][mk_page_section padding_top=&#8220;20&#8243; sidebar=&#8220;sidebar-1&#8243;][vc_column][vc_column_text css=&#8220;.vc_custom_1583769015105{margin-bottom: 0px !important;}&#8220;]\n<h3><strong>Sinaptec, kurz gefasst:<\/strong><\/h3>\n<p>SinapTec ist ein aus einem Forschungslabor hervogegangenes mittelst\u00e4ndisches Unternehmen mit mittlerweile u\u0308ber 35 Jahren Erfahrung in der Forschung und Umsetzung von Ultraschalltechnologien.<\/p>\n<p>35 Jahre an Innovationen, gleichbedeutend mit neuen Anwendungen in vielen Industriebereichen, von der Medzin zu anspruchsvollen Umgebungen\u2026 (Temperatur, Druck, Explosions- oder Strahlenbereiche&#8230;),<\/p>\n<p>Ein Kernbereich, der sich auf Entwurf, Entwicklung, Implementierung und Herstellung von Ultraschallwandlern (Konvertern) und elektronischen Generatoren stu\u0308tzt und fu\u0308r die mannigfaltigsten Anwendungen und an jeglichen Kundenbedarf angepasst ist,<\/p>\n<p>Eine Produktionskapazit\u00e4t von mehreren Tausend Ultraschallsystemen,<\/p>\n<p>Aufbau eines internationalen Partner- und Vertreternetzes.[\/vc_column_text][\/vc_column][\/mk_page_section][mk_page_section][vc_column width=&#8220;1\/2&#8243;][vc_column_text css=&#8220;.vc_custom_1583771371653{margin-bottom: 0px !important;}&#8220;]\n<h3><strong>Unsere Werte:<\/strong><\/h3>\n<p>Die Weiterentwicklung unserer Aktivit\u00e4ten h\u00e4ngt vom weiteren Erfolg unserer Kunden ab. Wann immer die Ultraschalltechnologie den Schlu\u0308ssel zu ihrem Erfolg in den H\u00e4nden h\u00e4lt, ist die Bildung langfristiger Partnerschaften notwendig zur Erzielung von Synergieeffekten.<\/p>\n<p>Wir verpflichtern uns :<\/p>\n<ul>\n<li>Ein Qualit\u00e4tsprodukt und \u2013service anzubieten,<\/li>\n<li>den Kunden zuzuh\u00f6ren, um ihren Bedu\u0308rfnissen zu entsprechen,<\/li>\n<li>im Dienste unserer Kunden zu sein,<\/li>\n<li>an den Innovationen und Entwicklungen von Morgen zu arbeiten.<\/li>\n<\/ul>\n[\/vc_column_text][\/vc_column][vc_column width=&#8220;1\/2&#8243;][vc_single_image image=&#8220;6939&#8243; img_size=&#8220;350&#215;350 px&#8220; alignment=&#8220;center&#8220;][\/vc_column][\/mk_page_section][vc_row][vc_column][mk_padding_divider size=&#8220;80&#8243;][\/vc_column][\/vc_row][vc_row][vc_column][mk_fancy_title color=&#8220;#000000&#8243; size=&#8220;48&#8243; txt_transform=&#8220;capitalize&#8220; letter_spacing=&#8220;1&#8243; font_family=&#8220;Montserrat&#8220; font_type=&#8220;google&#8220; align=&#8220;center&#8220;]Ein Expertenteam im Dienste Ihrer Anwendungen:[\/mk_fancy_title][\/vc_column][\/vc_row][mk_page_section bg_image=&#8220;http:\/\/www.sinaptec.fr\/wp-content\/uploads\/2015\/06\/about-bg.jpg&#8220; bg_position=&#8220;center center&#8220; bg_repeat=&#8220;no-repeat&#8220; bg_stretch=&#8220;true&#8220; video_color_mask=&#8220;#000000&#8243; full_width=&#8220;true&#8220; padding_top=&#8220;120&#8243; padding_bottom=&#8220;50&#8243; sidebar=&#8220;sidebar-1&#8243;][vc_column width=&#8220;1\/4&#8243;][\/vc_column][vc_column width=&#8220;1\/2&#8243;][mk_fancy_title color=&#8220;#ffffff&#8220; size=&#8220;30&#8243; font_weight=&#8220;300&#8243; txt_transform=&#8220;capitalize&#8220; margin_bottom=&#8220;00&#8243; font_family=&#8220;Montserrat&#8220; font_type=&#8220;google&#8220;]\n<p style=\"color: #ffffff;\">Unsere durch inzwischen u\u0308ber 30 Patente weltweit geschu\u0308tzte Technologie zielt darauf<br \/>\nab, sowohl flexibel zu sein, weil an die Kundenbedu\u0308rfnisse anpassbar, als auch<br \/>\nausgereift, weil von einer 30-j\u00e4higen Erfahrung profitierend.<\/p>\n[\/mk_fancy_title][vc_column_text disable_pattern=&#8220;false&#8220; css=&#8220;.vc_custom_1568882693807{margin-bottom: 0px !important;}&#8220;]\n<div style=\"color: #30a0e7; font-weight: bold;\">Pascal TIERCE, CEO.<\/div>\n[\/vc_column_text][\/vc_column][vc_column width=&#8220;1\/4&#8243;][\/vc_column][\/mk_page_section][mk_page_section bg_color=&#8220;#e5e5e5&#8243; sidebar=&#8220;sidebar-1&#8243;][vc_column width=&#8220;1\/6&#8243;][\/vc_column][vc_column width=&#8220;2\/3&#8243;][mk_fancy_title color=&#8220;#000000&#8243; size=&#8220;48&#8243; font_weight=&#8220;300&#8243; txt_transform=&#8220;capitalize&#8220; letter_spacing=&#8220;1&#8243; margin_top=&#8220;39&#8243; margin_bottom=&#8220;0&#8243; font_family=&#8220;Montserrat&#8220; font_type=&#8220;google&#8220;]NexTgen\u00ae[\/mk_fancy_title][vc_column_text css=&#8220;.vc_custom_1580816497646{margin-bottom: 0px !important;}&#8220;]\n<h4 style=\"text-align: left;\">The world&#8217;s finest choice in ultrasonic technology<\/h4>\n[\/vc_column_text][mk_padding_divider][mk_laptop_slideshow images=&#8220;7833,7723,7572,8031,7914,8042&#8243; animation_speed=&#8220;300&#8243; slideshow_speed=&#8220;2000&#8243; pause_on_hover=&#8220;true&#8220;][\/vc_column][vc_column width=&#8220;1\/6&#8243;][\/vc_column][\/mk_page_section][mk_page_section padding_top=&#8220;50&#8243; sidebar=&#8220;sidebar-1&#8243;][vc_column width=&#8220;1\/2&#8243;][vc_single_image image=&#8220;6112&#8243; img_size=&#8220;full&#8220;][\/vc_column][vc_column width=&#8220;1\/2&#8243;][mk_fancy_title size=&#8220;30&#8243; font_family=&#8220;none&#8220;]Das Morgen beginnt schon heute, mit Ihnen, bei <strong>SinapTec\u00ae<\/strong>[\/mk_fancy_title][vc_column_text css=&#8220;.vc_custom_1583769316659{margin-bottom: 0px !important;}&#8220;]Entdecken Sie unsere Kultur, unsere Werte, unser Gesch\u00e4ft und die Kultur unseres innovativen Unternehmens an der Spitze der Ultraschalltechnologie[\/vc_column_text][mk_button dimension=&#8220;two&#8220; size=&#8220;x-large&#8220; url=&#8220;kontakt&#8220; align=&#8220;center&#8220; fullwidth=&#8220;true&#8220;]Mach mit![\/mk_button][\/vc_column][\/mk_page_section]\n<\/div>","protected":false},"excerpt":{"rendered":"<p>[mk_page_section bg_image=&#8220;http:\/\/www.sinaptec.fr\/wp-content\/uploads\/2015\/06\/about-header.jpg&#8220; bg_position=&#8220;center center&#8220; bg_repeat=&#8220;no-repeat&#8220; bg_stretch=&#8220;true&#8220; enable_3d=&#8220;true&#8220; video_color_mask=&#8220;#000000&#8243; min_height=&#8220;0&#8243; full_width=&#8220;true&#8220; padding_top=&#8220;30&#8243; padding_bottom=&#8220;0&#8243; sidebar=&#8220;sidebar-1&#8243;][vc_column width=&#8220;1\/6&#8243;][\/vc_column][vc_column width=&#8220;2\/6&#8243;][mk_padding_divider size=&#8220;110&#8243;][mk_fancy_title size=&#8220;65&#8243; margin_top=&#8220;10&#8243; margin_bottom=&#8220;10&#8243; font_family=&#8220;Montserrat&#8220; font_type=&#8220;google&#8220;]NexTgen Inside\u00ae[\/mk_fancy_title][\/vc_column][vc_column width=&#8220;3\/6&#8243;][mk_image src=&#8220;http:\/\/www.sinaptec.fr\/wp-content\/uploads\/2015\/06\/workers.png&#8220; image_size=&#8220;full&#8220; margin_bottom=&#8220;0&#8243;][\/vc_column][\/mk_page_section][mk_page_section padding_top=&#8220;20&#8243; sidebar=&#8220;sidebar-1&#8243;][vc_column][vc_column_text css=&#8220;.vc_custom_1583769015105{margin-bottom: 0px !important;}&#8220;] Sinaptec, kurz gefasst: SinapTec ist ein aus einem Forschungslabor hervogegangenes mittelst\u00e4ndisches Unternehmen mit mittlerweile u\u0308ber 35 Jahren Erfahrung in der Forschung und Umsetzung von [&hellip;]<\/p>\n","protected":false},"author":1,"featured_media":0,"parent":0,"menu_order":0,"comment_status":"closed","ping_status":"closed","template":"","meta":{"_acf_changed":false,"footnotes":""},"class_list":["post-8470","page","type-page","status-publish","hentry"],"acf":[],"yoast_head":"<!-- This site is optimized with the Yoast SEO plugin v27.4 - https:\/\/yoast.com\/product\/yoast-seo-wordpress\/ -->\n<title>\u00dcber Sinaptec, franz\u00f6sischen Ultraschallspezialisten<\/title>\n<meta name=\"description\" content=\"Sinaptec, ein franz\u00f6sisches Unternehmen, das sich auf Ultraschalltechnologie f\u00fcr alle Arten von Anwendungen in allen Bereichen der Industrie und des Gesundheitswesens spezialisiert hat.\" \/>\n<meta name=\"robots\" content=\"index, follow, max-snippet:-1, max-image-preview:large, max-video-preview:-1\" \/>\n<link rel=\"canonical\" href=\"https:\/\/www.sinaptec.fr\/de\/gesellschaft\/\" \/>\n<meta property=\"og:locale\" content=\"de_DE\" \/>\n<meta property=\"og:type\" content=\"article\" \/>\n<meta property=\"og:title\" content=\"\u00dcber Sinaptec, franz\u00f6sischen Ultraschallspezialisten\" \/>\n<meta property=\"og:description\" content=\"Sinaptec, ein franz\u00f6sisches Unternehmen, das sich auf Ultraschalltechnologie f\u00fcr alle Arten von Anwendungen in allen Bereichen der Industrie und des Gesundheitswesens spezialisiert hat.\" \/>\n<meta property=\"og:url\" content=\"https:\/\/www.sinaptec.fr\/de\/gesellschaft\/\" \/>\n<meta property=\"og:site_name\" content=\"Sinaptec\" \/>\n<meta property=\"article:modified_time\" content=\"2024-05-24T09:51:34+00:00\" \/>\n<meta property=\"og:image\" content=\"https:\/\/www.sinaptec.fr\/wp-content\/uploads\/2023\/11\/logo-synap-tec-metadonnees.jpg\" \/>\n\t<meta property=\"og:image:width\" content=\"1200\" \/>\n\t<meta property=\"og:image:height\" content=\"675\" \/>\n\t<meta property=\"og:image:type\" content=\"image\/jpeg\" \/>\n<meta name=\"twitter:card\" content=\"summary_large_image\" \/>\n<meta name=\"twitter:label1\" content=\"Gesch\u00e4tzte Lesezeit\" \/>\n\t<meta name=\"twitter:data1\" content=\"2\u00a0Minuten\" \/>\n<script type=\"application\/ld+json\" class=\"yoast-schema-graph\">{\"@context\":\"https:\\\/\\\/schema.org\",\"@graph\":[{\"@type\":\"WebPage\",\"@id\":\"https:\\\/\\\/www.sinaptec.fr\\\/de\\\/gesellschaft\\\/\",\"url\":\"https:\\\/\\\/www.sinaptec.fr\\\/de\\\/gesellschaft\\\/\",\"name\":\"\u00dcber Sinaptec, franz\u00f6sischen Ultraschallspezialisten\",\"isPartOf\":{\"@id\":\"https:\\\/\\\/www.sinaptec.fr\\\/de\\\/#website\"},\"datePublished\":\"2019-09-19T07:57:22+00:00\",\"dateModified\":\"2024-05-24T09:51:34+00:00\",\"description\":\"Sinaptec, ein franz\u00f6sisches Unternehmen, das sich auf Ultraschalltechnologie f\u00fcr alle Arten von Anwendungen in allen Bereichen der Industrie und des Gesundheitswesens spezialisiert hat.\",\"breadcrumb\":{\"@id\":\"https:\\\/\\\/www.sinaptec.fr\\\/de\\\/gesellschaft\\\/#breadcrumb\"},\"inLanguage\":\"de\",\"potentialAction\":[{\"@type\":\"ReadAction\",\"target\":[\"https:\\\/\\\/www.sinaptec.fr\\\/de\\\/gesellschaft\\\/\"]}]},{\"@type\":\"BreadcrumbList\",\"@id\":\"https:\\\/\\\/www.sinaptec.fr\\\/de\\\/gesellschaft\\\/#breadcrumb\",\"itemListElement\":[{\"@type\":\"ListItem\",\"position\":1,\"name\":\"Accueil\",\"item\":\"https:\\\/\\\/www.sinaptec.fr\\\/de\\\/\"},{\"@type\":\"ListItem\",\"position\":2,\"name\":\"\u00dcber uns\"}]},{\"@type\":\"WebSite\",\"@id\":\"https:\\\/\\\/www.sinaptec.fr\\\/de\\\/#website\",\"url\":\"https:\\\/\\\/www.sinaptec.fr\\\/de\\\/\",\"name\":\"Sinaptec\",\"description\":\"Technologie Ultrasons\",\"publisher\":{\"@id\":\"https:\\\/\\\/www.sinaptec.fr\\\/de\\\/#organization\"},\"alternateName\":\"Expertise Ultrason\",\"potentialAction\":[{\"@type\":\"SearchAction\",\"target\":{\"@type\":\"EntryPoint\",\"urlTemplate\":\"https:\\\/\\\/www.sinaptec.fr\\\/de\\\/?s={search_term_string}\"},\"query-input\":{\"@type\":\"PropertyValueSpecification\",\"valueRequired\":true,\"valueName\":\"search_term_string\"}}],\"inLanguage\":\"de\"},{\"@type\":\"Organization\",\"@id\":\"https:\\\/\\\/www.sinaptec.fr\\\/de\\\/#organization\",\"name\":\"Sinap Tec\",\"alternateName\":\"Sinap Tec\",\"url\":\"https:\\\/\\\/www.sinaptec.fr\\\/de\\\/\",\"logo\":{\"@type\":\"ImageObject\",\"inLanguage\":\"de\",\"@id\":\"https:\\\/\\\/www.sinaptec.fr\\\/de\\\/#\\\/schema\\\/logo\\\/image\\\/\",\"url\":\"https:\\\/\\\/www.sinaptec.fr\\\/wp-content\\\/uploads\\\/2023\\\/11\\\/logo-synap-tec-metadonnees.jpg\",\"contentUrl\":\"https:\\\/\\\/www.sinaptec.fr\\\/wp-content\\\/uploads\\\/2023\\\/11\\\/logo-synap-tec-metadonnees.jpg\",\"width\":1200,\"height\":675,\"caption\":\"Sinap Tec\"},\"image\":{\"@id\":\"https:\\\/\\\/www.sinaptec.fr\\\/de\\\/#\\\/schema\\\/logo\\\/image\\\/\"}}]}<\/script>\n<!-- \/ Yoast SEO plugin. -->","yoast_head_json":{"title":"\u00dcber Sinaptec, franz\u00f6sischen Ultraschallspezialisten","description":"Sinaptec, ein franz\u00f6sisches Unternehmen, das sich auf Ultraschalltechnologie f\u00fcr alle Arten von Anwendungen in allen Bereichen der Industrie und des Gesundheitswesens spezialisiert hat.","robots":{"index":"index","follow":"follow","max-snippet":"max-snippet:-1","max-image-preview":"max-image-preview:large","max-video-preview":"max-video-preview:-1"},"canonical":"https:\/\/www.sinaptec.fr\/de\/gesellschaft\/","og_locale":"de_DE","og_type":"article","og_title":"\u00dcber Sinaptec, franz\u00f6sischen Ultraschallspezialisten","og_description":"Sinaptec, ein franz\u00f6sisches Unternehmen, das sich auf Ultraschalltechnologie f\u00fcr alle Arten von Anwendungen in allen Bereichen der Industrie und des Gesundheitswesens spezialisiert hat.","og_url":"https:\/\/www.sinaptec.fr\/de\/gesellschaft\/","og_site_name":"Sinaptec","article_modified_time":"2024-05-24T09:51:34+00:00","og_image":[{"width":1200,"height":675,"url":"https:\/\/www.sinaptec.fr\/wp-content\/uploads\/2023\/11\/logo-synap-tec-metadonnees.jpg","type":"image\/jpeg"}],"twitter_card":"summary_large_image","twitter_misc":{"Gesch\u00e4tzte Lesezeit":"2\u00a0Minuten"},"schema":{"@context":"https:\/\/schema.org","@graph":[{"@type":"WebPage","@id":"https:\/\/www.sinaptec.fr\/de\/gesellschaft\/","url":"https:\/\/www.sinaptec.fr\/de\/gesellschaft\/","name":"\u00dcber Sinaptec, franz\u00f6sischen Ultraschallspezialisten","isPartOf":{"@id":"https:\/\/www.sinaptec.fr\/de\/#website"},"datePublished":"2019-09-19T07:57:22+00:00","dateModified":"2024-05-24T09:51:34+00:00","description":"Sinaptec, ein franz\u00f6sisches Unternehmen, das sich auf Ultraschalltechnologie f\u00fcr alle Arten von Anwendungen in allen Bereichen der Industrie und des Gesundheitswesens spezialisiert hat.","breadcrumb":{"@id":"https:\/\/www.sinaptec.fr\/de\/gesellschaft\/#breadcrumb"},"inLanguage":"de","potentialAction":[{"@type":"ReadAction","target":["https:\/\/www.sinaptec.fr\/de\/gesellschaft\/"]}]},{"@type":"BreadcrumbList","@id":"https:\/\/www.sinaptec.fr\/de\/gesellschaft\/#breadcrumb","itemListElement":[{"@type":"ListItem","position":1,"name":"Accueil","item":"https:\/\/www.sinaptec.fr\/de\/"},{"@type":"ListItem","position":2,"name":"\u00dcber uns"}]},{"@type":"WebSite","@id":"https:\/\/www.sinaptec.fr\/de\/#website","url":"https:\/\/www.sinaptec.fr\/de\/","name":"Sinaptec","description":"Technologie Ultrasons","publisher":{"@id":"https:\/\/www.sinaptec.fr\/de\/#organization"},"alternateName":"Expertise Ultrason","potentialAction":[{"@type":"SearchAction","target":{"@type":"EntryPoint","urlTemplate":"https:\/\/www.sinaptec.fr\/de\/?s={search_term_string}"},"query-input":{"@type":"PropertyValueSpecification","valueRequired":true,"valueName":"search_term_string"}}],"inLanguage":"de"},{"@type":"Organization","@id":"https:\/\/www.sinaptec.fr\/de\/#organization","name":"Sinap Tec","alternateName":"Sinap Tec","url":"https:\/\/www.sinaptec.fr\/de\/","logo":{"@type":"ImageObject","inLanguage":"de","@id":"https:\/\/www.sinaptec.fr\/de\/#\/schema\/logo\/image\/","url":"https:\/\/www.sinaptec.fr\/wp-content\/uploads\/2023\/11\/logo-synap-tec-metadonnees.jpg","contentUrl":"https:\/\/www.sinaptec.fr\/wp-content\/uploads\/2023\/11\/logo-synap-tec-metadonnees.jpg","width":1200,"height":675,"caption":"Sinap Tec"},"image":{"@id":"https:\/\/www.sinaptec.fr\/de\/#\/schema\/logo\/image\/"}}]}},"_links":{"self":[{"href":"https:\/\/www.sinaptec.fr\/de\/wp-json\/wp\/v2\/pages\/8470","targetHints":{"allow":["GET"]}}],"collection":[{"href":"https:\/\/www.sinaptec.fr\/de\/wp-json\/wp\/v2\/pages"}],"about":[{"href":"https:\/\/www.sinaptec.fr\/de\/wp-json\/wp\/v2\/types\/page"}],"author":[{"embeddable":true,"href":"https:\/\/www.sinaptec.fr\/de\/wp-json\/wp\/v2\/users\/1"}],"replies":[{"embeddable":true,"href":"https:\/\/www.sinaptec.fr\/de\/wp-json\/wp\/v2\/comments?post=8470"}],"version-history":[{"count":6,"href":"https:\/\/www.sinaptec.fr\/de\/wp-json\/wp\/v2\/pages\/8470\/revisions"}],"predecessor-version":[{"id":12321,"href":"https:\/\/www.sinaptec.fr\/de\/wp-json\/wp\/v2\/pages\/8470\/revisions\/12321"}],"wp:attachment":[{"href":"https:\/\/www.sinaptec.fr\/de\/wp-json\/wp\/v2\/media?parent=8470"}],"curies":[{"name":"wp","href":"https:\/\/api.w.org\/{rel}","templated":true}]}}