{"id":8462,"date":"2019-07-30T10:53:21","date_gmt":"2019-07-30T08:53:21","guid":{"rendered":"http:\/\/www.sinaptec.fr\/la-technologie\/"},"modified":"2023-11-14T17:12:36","modified_gmt":"2023-11-14T16:12:36","slug":"technologie","status":"publish","type":"page","link":"https:\/\/www.sinaptec.fr\/de\/technologie\/","title":{"rendered":"Die Technologie"},"content":{"rendered":"[mk_page_section bg_color=&#8220;#ffffff&#8220; min_height=&#8220;50&#8243; sidebar=&#8220;sidebar-1&#8243;][vc_column][vc_column_text css=&#8220;.vc_custom_1583515642967{margin-bottom: 0px !important;}&#8220;]Die durch die Fortschritte der Elektronik hervorgebrachten Leistungssteigerungen der Materialien, die Planungstools und eine verbesserte Materialkenntnis er\u00f6ffnen der Nutzung von Ultraschall neue Perspektiven.[\/vc_column_text][\/vc_column][\/mk_page_section][mk_page_section padding_top=&#8220;00&#8243; section_id=&#8220;piezoeffekt&#8220; sidebar=&#8220;sidebar-1&#8243;][vc_column][vc_column_text css=&#8220;.vc_custom_1699978288301{margin-bottom: 0px !important;}&#8220;]\n<h2 style=\"font-size: 18px;\"><strong>Der piezoelektrische Effekt:<\/strong><\/h2>\n<p>Es gibt zwar zahlreiche Methoden, um Ultraschall zu erzeugen, in erster Linie jedoch verwenden Ultraschallwandler (Konverter) den piezoelektrischen Effekt, um elektrische Energie in mechanische Bewegung umzuwandeln.<\/p>\n<p>Im Jahr 1880 wiesen Pierre und Jacques Curie den piezoelektrischen Effekt an einer Quarzprobe nach; der Quarz l\u00e4dt sich elektrisch auf, wenn er einer Druckbelastung ausgesetzt wird. Umgekehrt verformt sich der Kristall bei Anlegen einer elektrischen Spannung.[\/vc_column_text][\/vc_column][\/mk_page_section][mk_page_section section_id=&#8220;konverters&#8220; sidebar=&#8220;sidebar-1&#8243;][vc_column][vc_column_text css=&#8220;.vc_custom_1699978304236{margin-bottom: 0px !important;}&#8220;]\n<h2 style=\"font-size: 18px;\"><strong>Ultraschallwandler (Konverter):<\/strong><\/h2>\n<p>Die Erzeugung von Ultraschall erfolgt mittels piezoelektrischen Wandlern (Konvertern). Diese Wandler erm\u00f6glichen die Umwandlung von elektrischer Energie in mechanische Energie und umgekehrt.<br \/>\nDiese sollten je nach ihrer Nutzung spezifiziert werden:<\/p>\n<ul>\n<li>Emission: Die gewu\u0308nschten Eigenschaften sind die Leistungsrate und die F\u00e4higkeit, ein starkes Signal zu senden,<\/li>\n<li>Empfang: Empfindlichkeit und der Signal-St\u00f6rabstand sind die grundlegenden Merkmale der Leistung des Wandlers (Konverters).<\/li>\n<\/ul>\n<p>Es ist m\u00f6glich einen Wandler (Konverter) als Sender\/Empf\u00e4nger zu nutzen, insbesondere in Messanlagen und in der Regeltechnik. In diesem Fall muss der Wandler (Konverter) einen Kompromiss zwischen den oben aufgefu\u0308hrten Kriterien darstellen. Es gibt eine Vielzahl von Wandlern (Konvertern), die fu\u0308r die meisten Anwendungen geeignet sind und innerhalb des Frequenzbereichs des Ultraschalls liegen. Sie k\u00f6nnen jedoch je nach Verwendung bzw. Frequenzbereich unterschieden werden.<\/p>\n<p>Zwei erg\u00e4nzende Technologien werden angeboten :<\/p>\n<ol>\n<li><em><u>Niederfrequenz<\/u> :<\/em><\/li>\n<\/ol>\n<p>Die Wandler (Konverter) bestehen aus Keramikscheiben, die von zwei Metallteilen gehalten und gespannt werden (Langevin-Wandler) oder werden auf der Grundlage einer Scheibe hergestellt, welche den Poisson-Effekt nutzt.<\/p>\n<p>Der Leistungswandler (-konverter) wird an zwei Teile angeschlossen, um die \u00dcbertragung der Energie in das Medium anzupassen:<\/p>\n<p>Die <strong>Sonotrode<\/strong>, die die mechanische Schwingung auf das Medium u\u0308bertr\u00e4gt; ihre Bauart bestimmt die Schwingungsamplitude, die der Wandler (Konverter) erzeugt.<\/p>\n<p>Der optionale <strong>Booster<\/strong> wird zwischen Wandler (Konverter) und Sonotrode geschaltet. Er dient der Verst\u00e4rkung der mechanischen Schwingung.<\/p>\n<ul>\n<li><em><u>Hochfrequenz<\/u> :<\/em><\/li>\n<\/ul>\n<p>Die Wandler (Konverter) bestehen aus einer Keramik, die aus einem homogenen Material oder einem Piezokomposit gefertigt werden. Anpassungsschichten erm\u00f6glichen eine optimierte \u00dcbertragung der Energie in das Ausbreitungsmedium fu\u0308r Messungen; der Ultraschallwandler (Konverter) wird anschlie\u00dfend durch eine akustisch signaldurchl\u00e4ssige Membran geschu\u0308tzt.<\/p>\n<p style=\"text-align: center;\">Hochfrequenzwandler (-konverter) werden fu\u0308r s\u00e4mtliche medizinisch-therapeutischen Anwendungen entwickelt.<\/p>\n[\/vc_column_text][\/vc_column][\/mk_page_section][mk_page_section section_id=&#8220;elektronik&#8220; sidebar=&#8220;sidebar-1&#8243;][vc_column][vc_column_text css=&#8220;.vc_custom_1699978320702{margin-bottom: 0px !important;}&#8220;]\n<h2 style=\"font-size: 18px;\"><strong>Elektronik:<\/strong><\/h2>\n<p>Starker Ultraschall<\/p>\n<p>Ein Ultraschallger\u00e4t besteht aus einer Leistungselektronik, die entsprechend dem Wandler (Konverter) gew\u00e4hlt wurde. Die Versorgung des Generators erfolgt u\u0308ber das Stromnetz. Fu\u0308r mittlere Leistung werden einige unserer Generatoren auch mit einer niederen Spannung von 24 V gespeist.<\/p>\n<p>Der Generator erfu\u0308llt zwei wichtige Zwecke:<\/p>\n<ul>\n<li>Die <strong>Umwandlung von Netzspannung<\/strong> in geeignete Spannung fu\u0308r den Wandler (Konverter) (kann 1kV u\u0308bersteigen). Die Kontrolle dieser Spannung erm\u00f6glicht es, die an den Wandler abgegebene Leistung zu steuern. Es gibt zahlreiche Strategien, um eine korrekte Regelung des Ger\u00e4ts zu erreichen; sie h\u00e4ngen in erster Linie von dem<br \/>\nAnwendungstyp ab. Unsere Generatoren lassen sich an verschiedene von der Anwendung hervorgerufene Problemstellungen anpassen.<\/li>\n<li>Die <strong>Umwandlung der Netzfrequenz<\/strong> in die Resonanzfrequenz des Wandlers (oder(Konverters). Der Wandler (Konverter) erbringt optimale Leistung, wenn er in seinem Resonanz- Antiresonanz-) frequenzbereich arbeitet. Die Elektronik muss also in der Lage sein, die Wandlerfrequenz abzugeben, die je nach Medium und Umgebung unterschiedlich ist. Es gibt zahlreiche Strategien, um eine korrekte Regelung des Ger\u00e4ts zu erreichen; sie h\u00e4ngen in erster Linie von der Anwendungsart ab.<\/li>\n<\/ul>\n<p>Unsere leistungsstarken Generatoren k\u00f6nnen eine Leistung von einigen W bis 5KWatt bereitstellen. Leistungsstarke Wandler (Konverter) fu\u0308r eine Schwei\u00dfanwendung sind h\u00e4ufig w\u00e4hrend \u00e4u\u00dferst kurzer Erregungszeiten auf 3kW bis 4kW begrenzt. Bei Anwendungen in flu\u0308ssigen Medien, z. B. der Reinigung, werden die Wandler (Konverter) gruppenweise geschaltet, um Leistungen von einigen Dutzend kWatt zu liefern.<\/p>\n<p>Unsere aktuellen Ger\u00e4te der Reihe NexTgen sind vollst\u00e4ndig digital, die Kontrollfunktionen wurden fu\u0308r eine hohe funktionale Effizienz ausgelegt. Insbesondere erm\u00f6glicht unser Modus \u00ab remote control \u00bb eine Steuerung aus der Ferne zur Sicherstellung der Diagnostik und der Anpassung von Einstellungen durch unseren Kundendienst.[\/vc_column_text][\/vc_column][\/mk_page_section][mk_page_section section_id=&#8220;literaturangaben&#8220; sidebar=&#8220;sidebar-1&#8243;][vc_column][vc_column_text css=&#8220;.vc_custom_1699978336551{margin-bottom: 0px !important;}&#8220;]\n<h2 style=\"font-size: 18px;\"><strong>Literaturangaben:<\/strong><\/h2>\n<p>Power ultrasonics: Applications of high-intensity Ultrasound:<br \/>\nGallego-Juarez and Karl F.Graff \u2013 WOODHEAD PUBLISHING<\/p>\n<p>Handbook on Application of Ultrasound \u2013 Sonochemistry and Sustainability:<br \/>\nDong Chen, Sanjay K. Sharma, Ackmez Mudhoo \u2013 CRC Press<\/p>\n<p>Sonochemistry: From Basic Principles to Innovative Applications<br \/>\nJuan Carlos Colmenares, Gregory Chatel &#8211; Springer<\/p>\n<p>Ultrasonics: Fundamentals, Technologies, and Applications, Third Edition: Dale Ensminger, Leonard J.Bond<br \/>\nLa cavitation:<\/p>\n<p><u><a href=\"https:\/\/perso.imt-mines-albi.fr\/~louisnar\/CAVITATION\/ultrasons.html\">https:\/\/perso.imt-mines-albi.fr\/~louisnar\/CAVITATION\/ultrasons.html<\/a><\/u>[\/vc_column_text][\/vc_column][\/mk_page_section]\n","protected":false},"excerpt":{"rendered":"<p>[mk_page_section bg_color=&#8220;#ffffff&#8220; min_height=&#8220;50&#8243; sidebar=&#8220;sidebar-1&#8243;][vc_column][vc_column_text css=&#8220;.vc_custom_1583515642967{margin-bottom: 0px !important;}&#8220;]Die durch die Fortschritte der Elektronik hervorgebrachten Leistungssteigerungen der Materialien, die Planungstools und eine verbesserte Materialkenntnis er\u00f6ffnen der Nutzung von Ultraschall neue Perspektiven.[\/vc_column_text][\/vc_column][\/mk_page_section][mk_page_section padding_top=&#8220;00&#8243; section_id=&#8220;piezoeffekt&#8220; sidebar=&#8220;sidebar-1&#8243;][vc_column][vc_column_text css=&#8220;.vc_custom_1699978288301{margin-bottom: 0px !important;}&#8220;] Der piezoelektrische Effekt: Es gibt zwar zahlreiche Methoden, um Ultraschall zu erzeugen, in erster Linie jedoch verwenden Ultraschallwandler (Konverter) den [&hellip;]<\/p>\n","protected":false},"author":1,"featured_media":12053,"parent":0,"menu_order":0,"comment_status":"closed","ping_status":"closed","template":"","meta":{"_acf_changed":false,"footnotes":""},"class_list":["post-8462","page","type-page","status-publish","has-post-thumbnail","hentry"],"acf":[],"yoast_head":"<!-- This site is optimized with the Yoast SEO plugin v27.3 - https:\/\/yoast.com\/product\/yoast-seo-wordpress\/ -->\n<title>Technologie und piezoelektrischer Effekt | Sinaptec ultrasonic<\/title>\n<meta name=\"description\" content=\"Pr\u00e4zise Ultraschall: Piezoeffekt, Wandler, Ultraschallelektronik von Sinaptec, dem franz\u00f6sischen Ultraschallspezialisten.\" \/>\n<meta name=\"robots\" content=\"index, follow, max-snippet:-1, max-image-preview:large, max-video-preview:-1\" \/>\n<link rel=\"canonical\" href=\"https:\/\/www.sinaptec.fr\/de\/technologie\/\" \/>\n<meta property=\"og:locale\" content=\"de_DE\" \/>\n<meta property=\"og:type\" content=\"article\" \/>\n<meta property=\"og:title\" content=\"Technologie und piezoelektrischer Effekt | Sinaptec ultrasonic\" \/>\n<meta property=\"og:description\" content=\"Pr\u00e4zise Ultraschall: Piezoeffekt, Wandler, Ultraschallelektronik von Sinaptec, dem franz\u00f6sischen Ultraschallspezialisten.\" \/>\n<meta property=\"og:url\" content=\"https:\/\/www.sinaptec.fr\/de\/technologie\/\" \/>\n<meta property=\"og:site_name\" content=\"Sinaptec\" \/>\n<meta property=\"article:modified_time\" content=\"2023-11-14T16:12:36+00:00\" \/>\n<meta property=\"og:image\" content=\"https:\/\/www.sinaptec.fr\/wp-content\/uploads\/2023\/11\/logo-synap-tec-metadonnees.jpg\" \/>\n\t<meta property=\"og:image:width\" content=\"1200\" \/>\n\t<meta property=\"og:image:height\" content=\"675\" \/>\n\t<meta property=\"og:image:type\" content=\"image\/jpeg\" \/>\n<meta name=\"twitter:card\" content=\"summary_large_image\" \/>\n<meta name=\"twitter:label1\" content=\"Gesch\u00e4tzte Lesezeit\" \/>\n\t<meta name=\"twitter:data1\" content=\"4\u00a0Minuten\" \/>\n<script type=\"application\/ld+json\" class=\"yoast-schema-graph\">{\"@context\":\"https:\\\/\\\/schema.org\",\"@graph\":[{\"@type\":\"WebPage\",\"@id\":\"https:\\\/\\\/www.sinaptec.fr\\\/de\\\/technologie\\\/\",\"url\":\"https:\\\/\\\/www.sinaptec.fr\\\/de\\\/technologie\\\/\",\"name\":\"Technologie und piezoelektrischer Effekt | Sinaptec ultrasonic\",\"isPartOf\":{\"@id\":\"https:\\\/\\\/www.sinaptec.fr\\\/de\\\/#website\"},\"primaryImageOfPage\":{\"@id\":\"https:\\\/\\\/www.sinaptec.fr\\\/de\\\/technologie\\\/#primaryimage\"},\"image\":{\"@id\":\"https:\\\/\\\/www.sinaptec.fr\\\/de\\\/technologie\\\/#primaryimage\"},\"thumbnailUrl\":\"https:\\\/\\\/www.sinaptec.fr\\\/wp-content\\\/uploads\\\/2024\\\/04\\\/transducteur-piezoelectrique-ultrason.jpg\",\"datePublished\":\"2019-07-30T08:53:21+00:00\",\"dateModified\":\"2023-11-14T16:12:36+00:00\",\"description\":\"Pr\u00e4zise Ultraschall: Piezoeffekt, Wandler, Ultraschallelektronik von Sinaptec, dem franz\u00f6sischen Ultraschallspezialisten.\",\"breadcrumb\":{\"@id\":\"https:\\\/\\\/www.sinaptec.fr\\\/de\\\/technologie\\\/#breadcrumb\"},\"inLanguage\":\"de\",\"potentialAction\":[{\"@type\":\"ReadAction\",\"target\":[\"https:\\\/\\\/www.sinaptec.fr\\\/de\\\/technologie\\\/\"]}]},{\"@type\":\"ImageObject\",\"inLanguage\":\"de\",\"@id\":\"https:\\\/\\\/www.sinaptec.fr\\\/de\\\/technologie\\\/#primaryimage\",\"url\":\"https:\\\/\\\/www.sinaptec.fr\\\/wp-content\\\/uploads\\\/2024\\\/04\\\/transducteur-piezoelectrique-ultrason.jpg\",\"contentUrl\":\"https:\\\/\\\/www.sinaptec.fr\\\/wp-content\\\/uploads\\\/2024\\\/04\\\/transducteur-piezoelectrique-ultrason.jpg\",\"width\":650,\"height\":637,\"caption\":\"transducteur pi\u00e9zo\u00e9lectrique ultrason\"},{\"@type\":\"BreadcrumbList\",\"@id\":\"https:\\\/\\\/www.sinaptec.fr\\\/de\\\/technologie\\\/#breadcrumb\",\"itemListElement\":[{\"@type\":\"ListItem\",\"position\":1,\"name\":\"Accueil\",\"item\":\"https:\\\/\\\/www.sinaptec.fr\\\/de\\\/\"},{\"@type\":\"ListItem\",\"position\":2,\"name\":\"Die Technologie\"}]},{\"@type\":\"WebSite\",\"@id\":\"https:\\\/\\\/www.sinaptec.fr\\\/de\\\/#website\",\"url\":\"https:\\\/\\\/www.sinaptec.fr\\\/de\\\/\",\"name\":\"Sinaptec\",\"description\":\"Technologie Ultrasons\",\"publisher\":{\"@id\":\"https:\\\/\\\/www.sinaptec.fr\\\/de\\\/#organization\"},\"alternateName\":\"Expertise Ultrason\",\"potentialAction\":[{\"@type\":\"SearchAction\",\"target\":{\"@type\":\"EntryPoint\",\"urlTemplate\":\"https:\\\/\\\/www.sinaptec.fr\\\/de\\\/?s={search_term_string}\"},\"query-input\":{\"@type\":\"PropertyValueSpecification\",\"valueRequired\":true,\"valueName\":\"search_term_string\"}}],\"inLanguage\":\"de\"},{\"@type\":\"Organization\",\"@id\":\"https:\\\/\\\/www.sinaptec.fr\\\/de\\\/#organization\",\"name\":\"Sinap Tec\",\"alternateName\":\"Sinap Tec\",\"url\":\"https:\\\/\\\/www.sinaptec.fr\\\/de\\\/\",\"logo\":{\"@type\":\"ImageObject\",\"inLanguage\":\"de\",\"@id\":\"https:\\\/\\\/www.sinaptec.fr\\\/de\\\/#\\\/schema\\\/logo\\\/image\\\/\",\"url\":\"https:\\\/\\\/www.sinaptec.fr\\\/wp-content\\\/uploads\\\/2023\\\/11\\\/logo-synap-tec-metadonnees.jpg\",\"contentUrl\":\"https:\\\/\\\/www.sinaptec.fr\\\/wp-content\\\/uploads\\\/2023\\\/11\\\/logo-synap-tec-metadonnees.jpg\",\"width\":1200,\"height\":675,\"caption\":\"Sinap Tec\"},\"image\":{\"@id\":\"https:\\\/\\\/www.sinaptec.fr\\\/de\\\/#\\\/schema\\\/logo\\\/image\\\/\"}}]}<\/script>\n<!-- \/ Yoast SEO plugin. -->","yoast_head_json":{"title":"Technologie und piezoelektrischer Effekt | Sinaptec ultrasonic","description":"Pr\u00e4zise Ultraschall: Piezoeffekt, Wandler, Ultraschallelektronik von Sinaptec, dem franz\u00f6sischen Ultraschallspezialisten.","robots":{"index":"index","follow":"follow","max-snippet":"max-snippet:-1","max-image-preview":"max-image-preview:large","max-video-preview":"max-video-preview:-1"},"canonical":"https:\/\/www.sinaptec.fr\/de\/technologie\/","og_locale":"de_DE","og_type":"article","og_title":"Technologie und piezoelektrischer Effekt | Sinaptec ultrasonic","og_description":"Pr\u00e4zise Ultraschall: Piezoeffekt, Wandler, Ultraschallelektronik von Sinaptec, dem franz\u00f6sischen Ultraschallspezialisten.","og_url":"https:\/\/www.sinaptec.fr\/de\/technologie\/","og_site_name":"Sinaptec","article_modified_time":"2023-11-14T16:12:36+00:00","og_image":[{"width":1200,"height":675,"url":"https:\/\/www.sinaptec.fr\/wp-content\/uploads\/2023\/11\/logo-synap-tec-metadonnees.jpg","type":"image\/jpeg"}],"twitter_card":"summary_large_image","twitter_misc":{"Gesch\u00e4tzte Lesezeit":"4\u00a0Minuten"},"schema":{"@context":"https:\/\/schema.org","@graph":[{"@type":"WebPage","@id":"https:\/\/www.sinaptec.fr\/de\/technologie\/","url":"https:\/\/www.sinaptec.fr\/de\/technologie\/","name":"Technologie und piezoelektrischer Effekt | Sinaptec ultrasonic","isPartOf":{"@id":"https:\/\/www.sinaptec.fr\/de\/#website"},"primaryImageOfPage":{"@id":"https:\/\/www.sinaptec.fr\/de\/technologie\/#primaryimage"},"image":{"@id":"https:\/\/www.sinaptec.fr\/de\/technologie\/#primaryimage"},"thumbnailUrl":"https:\/\/www.sinaptec.fr\/wp-content\/uploads\/2024\/04\/transducteur-piezoelectrique-ultrason.jpg","datePublished":"2019-07-30T08:53:21+00:00","dateModified":"2023-11-14T16:12:36+00:00","description":"Pr\u00e4zise Ultraschall: Piezoeffekt, Wandler, Ultraschallelektronik von Sinaptec, dem franz\u00f6sischen Ultraschallspezialisten.","breadcrumb":{"@id":"https:\/\/www.sinaptec.fr\/de\/technologie\/#breadcrumb"},"inLanguage":"de","potentialAction":[{"@type":"ReadAction","target":["https:\/\/www.sinaptec.fr\/de\/technologie\/"]}]},{"@type":"ImageObject","inLanguage":"de","@id":"https:\/\/www.sinaptec.fr\/de\/technologie\/#primaryimage","url":"https:\/\/www.sinaptec.fr\/wp-content\/uploads\/2024\/04\/transducteur-piezoelectrique-ultrason.jpg","contentUrl":"https:\/\/www.sinaptec.fr\/wp-content\/uploads\/2024\/04\/transducteur-piezoelectrique-ultrason.jpg","width":650,"height":637,"caption":"transducteur pi\u00e9zo\u00e9lectrique ultrason"},{"@type":"BreadcrumbList","@id":"https:\/\/www.sinaptec.fr\/de\/technologie\/#breadcrumb","itemListElement":[{"@type":"ListItem","position":1,"name":"Accueil","item":"https:\/\/www.sinaptec.fr\/de\/"},{"@type":"ListItem","position":2,"name":"Die Technologie"}]},{"@type":"WebSite","@id":"https:\/\/www.sinaptec.fr\/de\/#website","url":"https:\/\/www.sinaptec.fr\/de\/","name":"Sinaptec","description":"Technologie Ultrasons","publisher":{"@id":"https:\/\/www.sinaptec.fr\/de\/#organization"},"alternateName":"Expertise Ultrason","potentialAction":[{"@type":"SearchAction","target":{"@type":"EntryPoint","urlTemplate":"https:\/\/www.sinaptec.fr\/de\/?s={search_term_string}"},"query-input":{"@type":"PropertyValueSpecification","valueRequired":true,"valueName":"search_term_string"}}],"inLanguage":"de"},{"@type":"Organization","@id":"https:\/\/www.sinaptec.fr\/de\/#organization","name":"Sinap Tec","alternateName":"Sinap Tec","url":"https:\/\/www.sinaptec.fr\/de\/","logo":{"@type":"ImageObject","inLanguage":"de","@id":"https:\/\/www.sinaptec.fr\/de\/#\/schema\/logo\/image\/","url":"https:\/\/www.sinaptec.fr\/wp-content\/uploads\/2023\/11\/logo-synap-tec-metadonnees.jpg","contentUrl":"https:\/\/www.sinaptec.fr\/wp-content\/uploads\/2023\/11\/logo-synap-tec-metadonnees.jpg","width":1200,"height":675,"caption":"Sinap Tec"},"image":{"@id":"https:\/\/www.sinaptec.fr\/de\/#\/schema\/logo\/image\/"}}]}},"_links":{"self":[{"href":"https:\/\/www.sinaptec.fr\/de\/wp-json\/wp\/v2\/pages\/8462","targetHints":{"allow":["GET"]}}],"collection":[{"href":"https:\/\/www.sinaptec.fr\/de\/wp-json\/wp\/v2\/pages"}],"about":[{"href":"https:\/\/www.sinaptec.fr\/de\/wp-json\/wp\/v2\/types\/page"}],"author":[{"embeddable":true,"href":"https:\/\/www.sinaptec.fr\/de\/wp-json\/wp\/v2\/users\/1"}],"replies":[{"embeddable":true,"href":"https:\/\/www.sinaptec.fr\/de\/wp-json\/wp\/v2\/comments?post=8462"}],"version-history":[{"count":7,"href":"https:\/\/www.sinaptec.fr\/de\/wp-json\/wp\/v2\/pages\/8462\/revisions"}],"predecessor-version":[{"id":11119,"href":"https:\/\/www.sinaptec.fr\/de\/wp-json\/wp\/v2\/pages\/8462\/revisions\/11119"}],"wp:featuredmedia":[{"embeddable":true,"href":"https:\/\/www.sinaptec.fr\/de\/wp-json\/wp\/v2\/media\/12053"}],"wp:attachment":[{"href":"https:\/\/www.sinaptec.fr\/de\/wp-json\/wp\/v2\/media?parent=8462"}],"curies":[{"name":"wp","href":"https:\/\/api.w.org\/{rel}","templated":true}]}}