{"id":8448,"date":"2019-07-23T16:43:51","date_gmt":"2019-07-23T14:43:51","guid":{"rendered":"http:\/\/www.sinaptec.fr\/principes-generaux-ultrasons\/"},"modified":"2023-11-14T17:04:22","modified_gmt":"2023-11-14T16:04:22","slug":"allgemeine-grundlagen-ultraschall","status":"publish","type":"page","link":"https:\/\/www.sinaptec.fr\/de\/allgemeine-grundlagen-ultraschall\/","title":{"rendered":"Allgemeine Grundlagen"},"content":{"rendered":"<div class=\"wpb-content-wrapper\">[vc_row id=&#8220;histoireultrasons&#8220;][vc_column][vc_column_text css=&#8220;.vc_custom_1699977698761{margin-bottom: 0px !important;}&#8220;]\n<h2 style=\"font-size: 18px;\">Geschichte des Ultraschalls<\/h2>\n<p style=\"text-align: justify;\">Ultraschall sind elastische Wellen, deren Frequenz von etwa 16 kHz bis zu mehreren Hundert Mhz geht.<\/p>\n<p style=\"text-align: justify;\">Die ersten Arbeiten zu Ultraschallerzeugungstechniken fu\u0308r das SONAR fu\u0308hrte der Franzose Paul Langevin gegen Ende des Ersten Weltkriegs durch. Gegen Ende der 50er Jahre sind die ersten industriellen Anwendungen und Nutzungen von Ultraschall zu verzeichnen. Etwa zur gleichen Zeit haben zahlreiche Laboratorien nachgewiesen, dass das Anwendungsspektrum fu\u0308r Ultraschall \u00e4u\u00dferst breit gef\u00e4chert ist.<\/p>\n<p style=\"text-align: justify;\">Einige dieser Arbeiten fu\u0308hrten schnell zu Anwendungen in den Bereichen der Kontrolle und der medizinischen Diagnostik, die Nutzung von starken Ultraschallwellen, mit Ausnahme der Reinigung und dem Schwei\u00dfen, wurde von der Industrie zun\u00e4chst nicht gut aufgenommen. Im Verlauf der 80er Jahre haben die gro\u00dfen Fortschritte auf dem Gebiet der Modellierungstechniken einen wichtigen Schritt auf dem Weg zur Beherrschung dieser Technologie erm\u00f6glicht.<\/p>\n[\/vc_column_text][\/vc_column][\/vc_row][mk_page_section section_id=&#8220;typesapplication&#8220; sidebar=&#8220;sidebar-1&#8243;][vc_column][vc_column_text css=&#8220;.vc_custom_1699977725336{margin-bottom: 0px !important;}&#8220;]\n<h2 style=\"font-size: 18px;\">Anwendungsarten<\/h2>\n<p align=\"justify\">Die Anwendungen von Ultraschall werden allgemein in <strong>zwei Kategorien<\/strong> eingeteilt\u00a0:<\/p>\n<ul>\n<li>\u00a0<strong>Schwacher Ultraschall<\/strong> fu\u0308r Diagnose, Messung und Steuerung,<\/li>\n<li>\u00a0<strong>Starker Ultraschall<\/strong>.<\/li>\n<\/ul>\n<p align=\"justify\">Als starker Ultraschall wird bezeichnet, wenn die Wellen das Medium ver\u00e4ndern, in dem sie sich ausbreiten. Die haupts\u00e4chlichen Auswirkungen sind mechanischer, thermischer bzw. chemischer Art. Die Anwendung von Ultraschall an Festk\u00f6rpern kann zu einer Erw\u00e4rmung fu\u0308hren, z. B. beim Schwei\u00dfen, oder zu einer Vibration, die den Reibfaktor ver\u00e4ndert oder Siebgeflechte von Schmutz befreit, somit wieder durchl\u00e4ssig macht.<\/p>\n[\/vc_column_text][\/vc_column][\/mk_page_section][mk_page_section section_id=&#8220;liquides&#8220; sidebar=&#8220;sidebar-1&#8243;][vc_column width=&#8220;1\/2&#8243;][vc_column_text css=&#8220;.vc_custom_1699977803215{margin-bottom: 0px !important;}&#8220;]\n<ul>\n<li>\n<h3 style=\"font-size: 16px;\"><strong>Ultraschall in Fl\u00fcssigkeiten:<\/strong><\/h3>\n<p class=\"p2\"><b>Die Kavitation <\/b>ist das wichtigste durch Ultraschall erzeugte Ph\u00e4nomen. Sie entsteht durch sehr intensive Ultraschallwellen, die abwechselnd verdichtete und gedehnte Bereiche schaffen. Ab einer bestimmten Grenze f\u00fchren sie zur Implosion der Mikro-Blasen, so dass \u00f6rtlich eine starke Temperaturerh\u00f6hung sowie eine Druckwelle mit einer im Vergleich zum Atmosph\u00e4rendruck mehrere tausendfach verst\u00e4rkten Druckwelle auftritt. Dieses Ph\u00e4nomen wird f\u00fcr die <b>Reinigung und Behandlung von Oberfl\u00e4chen<\/b>, f\u00fcr Dispersion, <b>Homogenisierung<\/b>, die Verkleinerung von Partikelgr\u00f6\u00dfen, f\u00fcr Pflanzenextraktion oder <b>\u00d6ko-Extraktion <\/b>(essentielle Fette, Mikroalgen, Cannabis, Polyphenole&#8230;), f\u00fcr <b>Zelllyse <\/b>(Zellaufschluss) und Sonochemie, etc. genutzt. S\u00e4mtliche Anwendungen in fl\u00fcssigem Milieu, mit Ausnahme der Reinigung, sind unter der Bezeichnung <b>\u00ab Behandlung von Fl\u00fcssigkeiten mittels Ultraschall\u00bb <\/b>oder <b>\u00ab Ultrasonic Liquid Processing \u00bb <\/b>zusammengefasst.<\/p>\n<\/li>\n<\/ul>\n[\/vc_column_text][\/vc_column][vc_column width=&#8220;1\/2&#8243;][vc_single_image image=&#8220;7567&#8243; img_size=&#8220;600&#215;400&#8243;][\/vc_column][\/mk_page_section][mk_page_section section_id=&#8220;poudres&#8220; sidebar=&#8220;sidebar-1&#8243;][vc_column][vc_column_text css=&#8220;.vc_custom_1699977823934{margin-bottom: 0px !important;}&#8220;]\n<ul>\n<li>\n<h3 style=\"font-size: 16px;\"><strong>Ultraschall in Pulver:<\/strong><\/h3>\n<\/li>\n<\/ul>\n<p><strong>\u00a0<\/strong>Die Einwirkung von Ultraschall auf pulvrige Stoffe erzielt Wirkungen, die bei der Herstellung, dem Umgang und dem Einsatz von Pulvern genutzt werden k\u00f6nnen. Ultraschall verhindert die Verstopfung von Siebgeflechten und ist besonders wirksam beim <strong>Sieben<\/strong> feinerer Partikelgr\u00f6\u00dfen. Die <strong>Herstellung von Pulver<\/strong> mittels Zerst\u00e4ubung vermindert die Dispersion der Partikeldurchmesser betr\u00e4chtlich, wodurch die Ertr\u00e4ge gesteigert werden. Die Oberfl\u00e4chenbehandlung durch Ultraschall erm\u00f6glicht die <strong>Abl\u00f6sung anhaftender Teilchen<\/strong> und stellt die wirkungsvolle Reinigung des Siebs sicher Diese Technik verwendet man bei der Reinigung von Siebgeflechten, bei der Reinigung von durch Trockenablagerungen verschmutzten <strong>Rohrleitungen<\/strong>. Die <strong>Verdichtung von Pulvern<\/strong> mithilfe von Ultraschall steigert deutlich die Dichte von gesinterten Materialien.[\/vc_column_text][\/vc_column][\/mk_page_section][mk_page_section section_id=&#8220;gaz&#8220; sidebar=&#8220;sidebar-1&#8243;][vc_column width=&#8220;1\/2&#8243;][vc_single_image image=&#8220;7572&#8243; img_size=&#8220;full&#8220;][\/vc_column][vc_column width=&#8220;1\/2&#8243;][vc_column_text css=&#8220;.vc_custom_1699977837049{margin-bottom: 0px !important;}&#8220;]\n<ul>\n<li>\n<h3 style=\"font-size: 16px;\"><strong>Ultraschall in Gas:<\/strong><\/h3>\n<\/li>\n<\/ul>\n<p class=\"p1\">Auf kurzen Distanzen ist es m\u00f6glich sehr intensive akustische Felder zu erzeugen, die <b>Fl\u00fcssigkeiten zerst\u00e4uben<\/b>, <b>Pulver dispergieren<\/b>, Agglomerationen von Schwebeteilchen erzeugen, bei Abf\u00fcllvorg\u00e4ngen das <b>Entsch\u00e4umen <\/b>erm\u00f6glichen (Flaschen, Bierdosen, Molkereiprodukte&#8230;)<\/p>\n[\/vc_column_text][\/vc_column][\/mk_page_section][mk_page_section section_id=&#8220;solides&#8220; sidebar=&#8220;sidebar-1&#8243;][vc_column][vc_column_text css=&#8220;.vc_custom_1699977852614{margin-bottom: 0px !important;}&#8220;]\n<ul>\n<li>\n<h3 style=\"font-size: 16px;\"><strong>Ultraschall in Feststoffen (W\u00e4rme, Vibration)\u00a0:<\/strong><\/h3>\n<\/li>\n<\/ul>\n<p>Ein Material wird in Schwingung versetzt durch:<\/p>\n<ul>\n<li style=\"list-style-type: none;\">\n<ul>\n<li>Erw\u00e4rmung, gekennzeichnet durch die Aufnahme von Vibrationswellen ins Medium,<\/li>\n<li>Die Ausbreitung der Welle an der Oberfl\u00e4che, was zur Minderung der Reibungskr\u00e4fte fu\u0308hrt und unter bestimmten Bedingungen die Oberfl\u00e4chenschichten des Materials beeintr\u00e4chtigen kann.<\/li>\n<\/ul>\n<\/li>\n<\/ul>\n<p>Die Erw\u00e4rmung dient im Wesentlichen dem Schwei\u00dfen von thermoplastischen Materialien (Plastik, Thermofilm und technische Textilien\u2026).<\/p>\n<p>Das Metallschwei\u00dfen ist das Ergebnis der Schwingungen, denen zwei zu schwei\u00dfende Teile bei gleichzeitigem Anpressdruck ausgesetzt werden. Diese Technik bietet einen wesentlichen Vorteil : das Schwei\u00dfen geschieht bei einer Temperatur unterhalb des Schmelzpunktes der Materialien.[\/vc_column_text][\/vc_column][\/mk_page_section]\n<\/div>","protected":false},"excerpt":{"rendered":"<p>[vc_row id=&#8220;histoireultrasons&#8220;][vc_column][vc_column_text css=&#8220;.vc_custom_1699977698761{margin-bottom: 0px !important;}&#8220;] Geschichte des Ultraschalls Ultraschall sind elastische Wellen, deren Frequenz von etwa 16 kHz bis zu mehreren Hundert Mhz geht. Die ersten Arbeiten zu Ultraschallerzeugungstechniken fu\u0308r das SONAR fu\u0308hrte der Franzose Paul Langevin gegen Ende des Ersten Weltkriegs durch. Gegen Ende der 50er Jahre sind die ersten industriellen Anwendungen und Nutzungen [&hellip;]<\/p>\n","protected":false},"author":1,"featured_media":11900,"parent":0,"menu_order":0,"comment_status":"closed","ping_status":"closed","template":"","meta":{"_acf_changed":false,"footnotes":""},"class_list":["post-8448","page","type-page","status-publish","has-post-thumbnail","hentry"],"acf":[],"yoast_head":"<!-- This site is optimized with the Yoast SEO plugin v27.4 - https:\/\/yoast.com\/product\/yoast-seo-wordpress\/ -->\n<title>Allgemeine Grundlagen des Ultraschalles | Sinaptec ultrasonic<\/title>\n<meta name=\"description\" content=\"Allgemeine Prinzipien des Ultraschalls: Geschichte, Arten von Anwendungen und Leistungsanwendungen, von Sinaptec, dem franz\u00f6sischen Spezialisten f\u00fcr Ultraschall.\" \/>\n<meta name=\"robots\" content=\"index, follow, max-snippet:-1, max-image-preview:large, max-video-preview:-1\" \/>\n<link rel=\"canonical\" href=\"https:\/\/www.sinaptec.fr\/de\/allgemeine-grundlagen-ultraschall\/\" \/>\n<meta property=\"og:locale\" content=\"de_DE\" \/>\n<meta property=\"og:type\" content=\"article\" \/>\n<meta property=\"og:title\" content=\"Allgemeine Grundlagen des Ultraschalles | Sinaptec ultrasonic\" \/>\n<meta property=\"og:description\" content=\"Allgemeine Prinzipien des Ultraschalls: Geschichte, Arten von Anwendungen und Leistungsanwendungen, von Sinaptec, dem franz\u00f6sischen Spezialisten f\u00fcr Ultraschall.\" \/>\n<meta property=\"og:url\" content=\"https:\/\/www.sinaptec.fr\/de\/allgemeine-grundlagen-ultraschall\/\" \/>\n<meta property=\"og:site_name\" content=\"Sinaptec\" \/>\n<meta property=\"article:modified_time\" content=\"2023-11-14T16:04:22+00:00\" \/>\n<meta property=\"og:image\" content=\"https:\/\/www.sinaptec.fr\/wp-content\/uploads\/2023\/11\/logo-synap-tec-metadonnees.jpg\" \/>\n\t<meta property=\"og:image:width\" content=\"1200\" \/>\n\t<meta property=\"og:image:height\" content=\"675\" \/>\n\t<meta property=\"og:image:type\" content=\"image\/jpeg\" \/>\n<meta name=\"twitter:card\" content=\"summary_large_image\" \/>\n<meta name=\"twitter:label1\" content=\"Gesch\u00e4tzte Lesezeit\" \/>\n\t<meta name=\"twitter:data1\" content=\"4\u00a0Minuten\" \/>\n<script type=\"application\/ld+json\" class=\"yoast-schema-graph\">{\"@context\":\"https:\\\/\\\/schema.org\",\"@graph\":[{\"@type\":\"WebPage\",\"@id\":\"https:\\\/\\\/www.sinaptec.fr\\\/de\\\/allgemeine-grundlagen-ultraschall\\\/\",\"url\":\"https:\\\/\\\/www.sinaptec.fr\\\/de\\\/allgemeine-grundlagen-ultraschall\\\/\",\"name\":\"Allgemeine Grundlagen des Ultraschalles | Sinaptec ultrasonic\",\"isPartOf\":{\"@id\":\"https:\\\/\\\/www.sinaptec.fr\\\/de\\\/#website\"},\"primaryImageOfPage\":{\"@id\":\"https:\\\/\\\/www.sinaptec.fr\\\/de\\\/allgemeine-grundlagen-ultraschall\\\/#primaryimage\"},\"image\":{\"@id\":\"https:\\\/\\\/www.sinaptec.fr\\\/de\\\/allgemeine-grundlagen-ultraschall\\\/#primaryimage\"},\"thumbnailUrl\":\"https:\\\/\\\/www.sinaptec.fr\\\/wp-content\\\/uploads\\\/2024\\\/04\\\/ultrasons.jpg\",\"datePublished\":\"2019-07-23T14:43:51+00:00\",\"dateModified\":\"2023-11-14T16:04:22+00:00\",\"description\":\"Allgemeine Prinzipien des Ultraschalls: Geschichte, Arten von Anwendungen und Leistungsanwendungen, von Sinaptec, dem franz\u00f6sischen Spezialisten f\u00fcr Ultraschall.\",\"breadcrumb\":{\"@id\":\"https:\\\/\\\/www.sinaptec.fr\\\/de\\\/allgemeine-grundlagen-ultraschall\\\/#breadcrumb\"},\"inLanguage\":\"de\",\"potentialAction\":[{\"@type\":\"ReadAction\",\"target\":[\"https:\\\/\\\/www.sinaptec.fr\\\/de\\\/allgemeine-grundlagen-ultraschall\\\/\"]}]},{\"@type\":\"ImageObject\",\"inLanguage\":\"de\",\"@id\":\"https:\\\/\\\/www.sinaptec.fr\\\/de\\\/allgemeine-grundlagen-ultraschall\\\/#primaryimage\",\"url\":\"https:\\\/\\\/www.sinaptec.fr\\\/wp-content\\\/uploads\\\/2024\\\/04\\\/ultrasons.jpg\",\"contentUrl\":\"https:\\\/\\\/www.sinaptec.fr\\\/wp-content\\\/uploads\\\/2024\\\/04\\\/ultrasons.jpg\",\"width\":1200,\"height\":564,\"caption\":\"ultrasons\"},{\"@type\":\"BreadcrumbList\",\"@id\":\"https:\\\/\\\/www.sinaptec.fr\\\/de\\\/allgemeine-grundlagen-ultraschall\\\/#breadcrumb\",\"itemListElement\":[{\"@type\":\"ListItem\",\"position\":1,\"name\":\"Accueil\",\"item\":\"https:\\\/\\\/www.sinaptec.fr\\\/de\\\/\"},{\"@type\":\"ListItem\",\"position\":2,\"name\":\"Allgemeine Grundlagen\"}]},{\"@type\":\"WebSite\",\"@id\":\"https:\\\/\\\/www.sinaptec.fr\\\/de\\\/#website\",\"url\":\"https:\\\/\\\/www.sinaptec.fr\\\/de\\\/\",\"name\":\"Sinaptec\",\"description\":\"Technologie Ultrasons\",\"publisher\":{\"@id\":\"https:\\\/\\\/www.sinaptec.fr\\\/de\\\/#organization\"},\"alternateName\":\"Expertise Ultrason\",\"potentialAction\":[{\"@type\":\"SearchAction\",\"target\":{\"@type\":\"EntryPoint\",\"urlTemplate\":\"https:\\\/\\\/www.sinaptec.fr\\\/de\\\/?s={search_term_string}\"},\"query-input\":{\"@type\":\"PropertyValueSpecification\",\"valueRequired\":true,\"valueName\":\"search_term_string\"}}],\"inLanguage\":\"de\"},{\"@type\":\"Organization\",\"@id\":\"https:\\\/\\\/www.sinaptec.fr\\\/de\\\/#organization\",\"name\":\"Sinap Tec\",\"alternateName\":\"Sinap Tec\",\"url\":\"https:\\\/\\\/www.sinaptec.fr\\\/de\\\/\",\"logo\":{\"@type\":\"ImageObject\",\"inLanguage\":\"de\",\"@id\":\"https:\\\/\\\/www.sinaptec.fr\\\/de\\\/#\\\/schema\\\/logo\\\/image\\\/\",\"url\":\"https:\\\/\\\/www.sinaptec.fr\\\/wp-content\\\/uploads\\\/2023\\\/11\\\/logo-synap-tec-metadonnees.jpg\",\"contentUrl\":\"https:\\\/\\\/www.sinaptec.fr\\\/wp-content\\\/uploads\\\/2023\\\/11\\\/logo-synap-tec-metadonnees.jpg\",\"width\":1200,\"height\":675,\"caption\":\"Sinap Tec\"},\"image\":{\"@id\":\"https:\\\/\\\/www.sinaptec.fr\\\/de\\\/#\\\/schema\\\/logo\\\/image\\\/\"}}]}<\/script>\n<!-- \/ Yoast SEO plugin. -->","yoast_head_json":{"title":"Allgemeine Grundlagen des Ultraschalles | Sinaptec ultrasonic","description":"Allgemeine Prinzipien des Ultraschalls: Geschichte, Arten von Anwendungen und Leistungsanwendungen, von Sinaptec, dem franz\u00f6sischen Spezialisten f\u00fcr Ultraschall.","robots":{"index":"index","follow":"follow","max-snippet":"max-snippet:-1","max-image-preview":"max-image-preview:large","max-video-preview":"max-video-preview:-1"},"canonical":"https:\/\/www.sinaptec.fr\/de\/allgemeine-grundlagen-ultraschall\/","og_locale":"de_DE","og_type":"article","og_title":"Allgemeine Grundlagen des Ultraschalles | Sinaptec ultrasonic","og_description":"Allgemeine Prinzipien des Ultraschalls: Geschichte, Arten von Anwendungen und Leistungsanwendungen, von Sinaptec, dem franz\u00f6sischen Spezialisten f\u00fcr Ultraschall.","og_url":"https:\/\/www.sinaptec.fr\/de\/allgemeine-grundlagen-ultraschall\/","og_site_name":"Sinaptec","article_modified_time":"2023-11-14T16:04:22+00:00","og_image":[{"width":1200,"height":675,"url":"https:\/\/www.sinaptec.fr\/wp-content\/uploads\/2023\/11\/logo-synap-tec-metadonnees.jpg","type":"image\/jpeg"}],"twitter_card":"summary_large_image","twitter_misc":{"Gesch\u00e4tzte Lesezeit":"4\u00a0Minuten"},"schema":{"@context":"https:\/\/schema.org","@graph":[{"@type":"WebPage","@id":"https:\/\/www.sinaptec.fr\/de\/allgemeine-grundlagen-ultraschall\/","url":"https:\/\/www.sinaptec.fr\/de\/allgemeine-grundlagen-ultraschall\/","name":"Allgemeine Grundlagen des Ultraschalles | Sinaptec ultrasonic","isPartOf":{"@id":"https:\/\/www.sinaptec.fr\/de\/#website"},"primaryImageOfPage":{"@id":"https:\/\/www.sinaptec.fr\/de\/allgemeine-grundlagen-ultraschall\/#primaryimage"},"image":{"@id":"https:\/\/www.sinaptec.fr\/de\/allgemeine-grundlagen-ultraschall\/#primaryimage"},"thumbnailUrl":"https:\/\/www.sinaptec.fr\/wp-content\/uploads\/2024\/04\/ultrasons.jpg","datePublished":"2019-07-23T14:43:51+00:00","dateModified":"2023-11-14T16:04:22+00:00","description":"Allgemeine Prinzipien des Ultraschalls: Geschichte, Arten von Anwendungen und Leistungsanwendungen, von Sinaptec, dem franz\u00f6sischen Spezialisten f\u00fcr Ultraschall.","breadcrumb":{"@id":"https:\/\/www.sinaptec.fr\/de\/allgemeine-grundlagen-ultraschall\/#breadcrumb"},"inLanguage":"de","potentialAction":[{"@type":"ReadAction","target":["https:\/\/www.sinaptec.fr\/de\/allgemeine-grundlagen-ultraschall\/"]}]},{"@type":"ImageObject","inLanguage":"de","@id":"https:\/\/www.sinaptec.fr\/de\/allgemeine-grundlagen-ultraschall\/#primaryimage","url":"https:\/\/www.sinaptec.fr\/wp-content\/uploads\/2024\/04\/ultrasons.jpg","contentUrl":"https:\/\/www.sinaptec.fr\/wp-content\/uploads\/2024\/04\/ultrasons.jpg","width":1200,"height":564,"caption":"ultrasons"},{"@type":"BreadcrumbList","@id":"https:\/\/www.sinaptec.fr\/de\/allgemeine-grundlagen-ultraschall\/#breadcrumb","itemListElement":[{"@type":"ListItem","position":1,"name":"Accueil","item":"https:\/\/www.sinaptec.fr\/de\/"},{"@type":"ListItem","position":2,"name":"Allgemeine Grundlagen"}]},{"@type":"WebSite","@id":"https:\/\/www.sinaptec.fr\/de\/#website","url":"https:\/\/www.sinaptec.fr\/de\/","name":"Sinaptec","description":"Technologie Ultrasons","publisher":{"@id":"https:\/\/www.sinaptec.fr\/de\/#organization"},"alternateName":"Expertise Ultrason","potentialAction":[{"@type":"SearchAction","target":{"@type":"EntryPoint","urlTemplate":"https:\/\/www.sinaptec.fr\/de\/?s={search_term_string}"},"query-input":{"@type":"PropertyValueSpecification","valueRequired":true,"valueName":"search_term_string"}}],"inLanguage":"de"},{"@type":"Organization","@id":"https:\/\/www.sinaptec.fr\/de\/#organization","name":"Sinap Tec","alternateName":"Sinap Tec","url":"https:\/\/www.sinaptec.fr\/de\/","logo":{"@type":"ImageObject","inLanguage":"de","@id":"https:\/\/www.sinaptec.fr\/de\/#\/schema\/logo\/image\/","url":"https:\/\/www.sinaptec.fr\/wp-content\/uploads\/2023\/11\/logo-synap-tec-metadonnees.jpg","contentUrl":"https:\/\/www.sinaptec.fr\/wp-content\/uploads\/2023\/11\/logo-synap-tec-metadonnees.jpg","width":1200,"height":675,"caption":"Sinap Tec"},"image":{"@id":"https:\/\/www.sinaptec.fr\/de\/#\/schema\/logo\/image\/"}}]}},"_links":{"self":[{"href":"https:\/\/www.sinaptec.fr\/de\/wp-json\/wp\/v2\/pages\/8448","targetHints":{"allow":["GET"]}}],"collection":[{"href":"https:\/\/www.sinaptec.fr\/de\/wp-json\/wp\/v2\/pages"}],"about":[{"href":"https:\/\/www.sinaptec.fr\/de\/wp-json\/wp\/v2\/types\/page"}],"author":[{"embeddable":true,"href":"https:\/\/www.sinaptec.fr\/de\/wp-json\/wp\/v2\/users\/1"}],"replies":[{"embeddable":true,"href":"https:\/\/www.sinaptec.fr\/de\/wp-json\/wp\/v2\/comments?post=8448"}],"version-history":[{"count":8,"href":"https:\/\/www.sinaptec.fr\/de\/wp-json\/wp\/v2\/pages\/8448\/revisions"}],"predecessor-version":[{"id":11114,"href":"https:\/\/www.sinaptec.fr\/de\/wp-json\/wp\/v2\/pages\/8448\/revisions\/11114"}],"wp:featuredmedia":[{"embeddable":true,"href":"https:\/\/www.sinaptec.fr\/de\/wp-json\/wp\/v2\/media\/11900"}],"wp:attachment":[{"href":"https:\/\/www.sinaptec.fr\/de\/wp-json\/wp\/v2\/media?parent=8448"}],"curies":[{"name":"wp","href":"https:\/\/api.w.org\/{rel}","templated":true}]}}