{"id":8425,"date":"2019-06-21T16:17:27","date_gmt":"2019-06-21T14:17:27","guid":{"rendered":"http:\/\/www.sinaptec.fr\/sante\/"},"modified":"2024-05-29T16:02:38","modified_gmt":"2024-05-29T14:02:38","slug":"gesundheit","status":"publish","type":"page","link":"https:\/\/www.sinaptec.fr\/de\/gesundheit\/","title":{"rendered":"Gesundheit"},"content":{"rendered":"[mk_page_section][vc_column][vc_single_image image=&#8220;10671&#8243; img_size=&#8220;1160&#215;414&#8243;][\/vc_column][\/mk_page_section][mk_page_section][vc_column][vc_column_text css=&#8220;.vc_custom_1583510852783{margin-bottom: 0px !important;}&#8220;]Starke Ultraschallwellen ergeben vielf\u00e4ltige Wirkungen oder Anwendungen in den Bereichen der Biologie, der Mikrobiologie, der Medikamentenherstellung sowie der therapeutischen Behandlung mittels Ultraschall, vorz\u00fcglich geeignet zur nicht-invasiven Behandlung von Patienten.<\/p>\n<p>Unsere Technologie, unsere Laborger\u00e4te sowie unsere 35-j\u00e4hrige Erfahrung liefern geeignete L\u00f6sungen, um zahllose Anwendungsbed\u00fcrfnisse zu erf\u00fcllen.<br \/>\n[\/vc_column_text][\/vc_column][\/mk_page_section][mk_page_section][vc_column width=&#8220;1\/2&#8243;][mk_fancy_title size=&#8220;30&#8243; font_family=&#8220;none&#8220;]Biologie und Mikrobiologie[\/mk_fancy_title][vc_column_text css=&#8220;.vc_custom_1583510899267{margin-bottom: 0px !important;}&#8220;]Dispergieren, Homogenisieren, Lysieren von Zellen zur Extraktion von Zellmaterial (DNS, Proteine, \u2026), sowohl f\u00fcr eine direkte Behandlung durch Einf\u00fchren einer Sonde in das Medium als auch f\u00fcr eine indirekte, durch den Beh\u00e4lter hindurch, die <strong>Laborger\u00e4te<\/strong> der Reihe SilabTec gew\u00e4hrleisten Wiederholbarkeit und R\u00fcckverfolgbarkeit von Einzelproben und Versuchsreihen.[\/vc_column_text][mk_button dimension=&#8220;two&#8220; size=&#8220;large&#8220; url=&#8220;kontakt&#8220;]Kontakt aufnehmen[\/mk_button][\/vc_column][vc_column width=&#8220;1\/2&#8243;][vc_single_image image=&#8220;12279&#8243; img_size=&#8220;full&#8220;][\/vc_column][\/mk_page_section][mk_page_section][vc_column width=&#8220;1\/2&#8243;][vc_single_image image=&#8220;12210&#8243; img_size=&#8220;full&#8220;][\/vc_column][vc_column width=&#8220;1\/2&#8243;][mk_fancy_title size=&#8220;30&#8243; font_family=&#8220;none&#8220;]Pharmazeutik und Kosmetik[\/mk_fancy_title][vc_column_text css=&#8220;.vc_custom_1583510977152{margin-bottom: 0px !important;}&#8220;]Mischen und Emulgieren z\u00e4hlen zu den Schl\u00fcsselphasen bei der Herstellung kosmetischer Produkte. In der Pharmazeutik sind Ultraschallwellen beteiligt an der Synthese chemischer Bestandteile, an der Extraktion von Wirkstoffen aus Pflanzen&#8230;<\/p>\n<p>Bei der Entwicklung von Verfahren auf der Laborebene bis hin zur Industriereife, unsere Technologie und Anlagen erm\u00f6glichen die Steuerung der Ultraschallumwandlung.<br \/>\n[\/vc_column_text][mk_button dimension=&#8220;two&#8220; size=&#8220;large&#8220; url=&#8220;kontakt&#8220;]Kontakt aufnehmen[\/mk_button][\/vc_column][\/mk_page_section][mk_page_section][vc_column width=&#8220;1\/2&#8243;][mk_fancy_title size=&#8220;30&#8243; font_family=&#8220;none&#8220;]Medizinische Therapeutik[\/mk_fancy_title][vc_column_text css=&#8220;.vc_custom_1583511032459{margin-bottom: 0px !important;}&#8220;]Die Entstehung neuer therapeutischer Methoden <strong>durch die Ultraschalltechnologie l\u00e4sst SinapTec<\/strong> zum idealen Partner bei der Verwirklichung geeigneter medizinischer Ger\u00e4te avanzieren. Dies umfasst Analyseanlagen, niederfrequente oder hochfrequente Ultraschallger\u00e4te (HIFU), die technologische Expertise und Erfahrung der SinapTec-Forschungsteams sind in der Lage die verschiedenen Spezifikationen unserer Kunden zu erf\u00fcllen.[\/vc_column_text][mk_button dimension=&#8220;two&#8220; size=&#8220;large&#8220; url=&#8220;kontakt&#8220;]Kontakt aufnehmen[\/mk_button][\/vc_column][vc_column width=&#8220;1\/2&#8243;][vc_single_image image=&#8220;12272&#8243; img_size=&#8220;full&#8220;][\/vc_column][\/mk_page_section]\n","protected":false},"excerpt":{"rendered":"<p>[mk_page_section][vc_column][vc_single_image image=&#8220;10671&#8243; img_size=&#8220;1160&#215;414&#8243;][\/vc_column][\/mk_page_section][mk_page_section][vc_column][vc_column_text css=&#8220;.vc_custom_1583510852783{margin-bottom: 0px !important;}&#8220;]Starke Ultraschallwellen ergeben vielf\u00e4ltige Wirkungen oder Anwendungen in den Bereichen der Biologie, der Mikrobiologie, der Medikamentenherstellung sowie der therapeutischen Behandlung mittels Ultraschall, vorz\u00fcglich geeignet zur nicht-invasiven Behandlung von Patienten. Unsere Technologie, unsere Laborger\u00e4te sowie unsere 35-j\u00e4hrige Erfahrung liefern geeignete L\u00f6sungen, um zahllose Anwendungsbed\u00fcrfnisse zu erf\u00fcllen. [\/vc_column_text][\/vc_column][\/mk_page_section][mk_page_section][vc_column width=&#8220;1\/2&#8243;][mk_fancy_title size=&#8220;30&#8243; font_family=&#8220;none&#8220;]Biologie und [&hellip;]<\/p>\n","protected":false},"author":1,"featured_media":0,"parent":0,"menu_order":0,"comment_status":"closed","ping_status":"closed","template":"","meta":{"_acf_changed":false,"footnotes":""},"class_list":["post-8425","page","type-page","status-publish","hentry"],"acf":[],"yoast_head":"<!-- This site is optimized with the Yoast SEO plugin v27.3 - https:\/\/yoast.com\/product\/yoast-seo-wordpress\/ -->\n<title>Ultraschall und Medizin |\u00a0SinapTec ultrasonic<\/title>\n<meta name=\"description\" content=\"SinapTec ist der ideale Partner f\u00fcr die Implementierung des geeigneten medizinischen Ultraschallger\u00e4ts: Analyseger\u00e4te, Nieder- oder Hochfrequenzger\u00e4te (HIFU)...\" \/>\n<meta name=\"robots\" content=\"index, follow, max-snippet:-1, max-image-preview:large, max-video-preview:-1\" \/>\n<link rel=\"canonical\" href=\"https:\/\/www.sinaptec.fr\/de\/gesundheit\/\" \/>\n<meta property=\"og:locale\" content=\"de_DE\" \/>\n<meta property=\"og:type\" content=\"article\" \/>\n<meta property=\"og:title\" content=\"Ultraschall und Medizin |\u00a0SinapTec ultrasonic\" \/>\n<meta property=\"og:description\" content=\"SinapTec ist der ideale Partner f\u00fcr die Implementierung des geeigneten medizinischen Ultraschallger\u00e4ts: Analyseger\u00e4te, Nieder- oder Hochfrequenzger\u00e4te (HIFU)...\" \/>\n<meta property=\"og:url\" content=\"https:\/\/www.sinaptec.fr\/de\/gesundheit\/\" \/>\n<meta property=\"og:site_name\" content=\"Sinaptec\" \/>\n<meta property=\"article:modified_time\" content=\"2024-05-29T14:02:38+00:00\" \/>\n<meta property=\"og:image\" content=\"https:\/\/www.sinaptec.fr\/wp-content\/uploads\/2023\/11\/logo-synap-tec-metadonnees.jpg\" \/>\n\t<meta property=\"og:image:width\" content=\"1200\" \/>\n\t<meta property=\"og:image:height\" content=\"675\" \/>\n\t<meta property=\"og:image:type\" content=\"image\/jpeg\" \/>\n<meta name=\"twitter:card\" content=\"summary_large_image\" \/>\n<meta name=\"twitter:label1\" content=\"Gesch\u00e4tzte Lesezeit\" \/>\n\t<meta name=\"twitter:data1\" content=\"2\u00a0Minuten\" \/>\n<script type=\"application\/ld+json\" class=\"yoast-schema-graph\">{\"@context\":\"https:\\\/\\\/schema.org\",\"@graph\":[{\"@type\":\"WebPage\",\"@id\":\"https:\\\/\\\/www.sinaptec.fr\\\/de\\\/gesundheit\\\/\",\"url\":\"https:\\\/\\\/www.sinaptec.fr\\\/de\\\/gesundheit\\\/\",\"name\":\"Ultraschall und Medizin |\u00a0SinapTec ultrasonic\",\"isPartOf\":{\"@id\":\"https:\\\/\\\/www.sinaptec.fr\\\/de\\\/#website\"},\"datePublished\":\"2019-06-21T14:17:27+00:00\",\"dateModified\":\"2024-05-29T14:02:38+00:00\",\"description\":\"SinapTec ist der ideale Partner f\u00fcr die Implementierung des geeigneten medizinischen Ultraschallger\u00e4ts: Analyseger\u00e4te, Nieder- oder Hochfrequenzger\u00e4te (HIFU)...\",\"breadcrumb\":{\"@id\":\"https:\\\/\\\/www.sinaptec.fr\\\/de\\\/gesundheit\\\/#breadcrumb\"},\"inLanguage\":\"de\",\"potentialAction\":[{\"@type\":\"ReadAction\",\"target\":[\"https:\\\/\\\/www.sinaptec.fr\\\/de\\\/gesundheit\\\/\"]}]},{\"@type\":\"BreadcrumbList\",\"@id\":\"https:\\\/\\\/www.sinaptec.fr\\\/de\\\/gesundheit\\\/#breadcrumb\",\"itemListElement\":[{\"@type\":\"ListItem\",\"position\":1,\"name\":\"Accueil\",\"item\":\"https:\\\/\\\/www.sinaptec.fr\\\/de\\\/\"},{\"@type\":\"ListItem\",\"position\":2,\"name\":\"Gesundheit\"}]},{\"@type\":\"WebSite\",\"@id\":\"https:\\\/\\\/www.sinaptec.fr\\\/de\\\/#website\",\"url\":\"https:\\\/\\\/www.sinaptec.fr\\\/de\\\/\",\"name\":\"Sinaptec\",\"description\":\"Technologie Ultrasons\",\"publisher\":{\"@id\":\"https:\\\/\\\/www.sinaptec.fr\\\/de\\\/#organization\"},\"alternateName\":\"Expertise Ultrason\",\"potentialAction\":[{\"@type\":\"SearchAction\",\"target\":{\"@type\":\"EntryPoint\",\"urlTemplate\":\"https:\\\/\\\/www.sinaptec.fr\\\/de\\\/?s={search_term_string}\"},\"query-input\":{\"@type\":\"PropertyValueSpecification\",\"valueRequired\":true,\"valueName\":\"search_term_string\"}}],\"inLanguage\":\"de\"},{\"@type\":\"Organization\",\"@id\":\"https:\\\/\\\/www.sinaptec.fr\\\/de\\\/#organization\",\"name\":\"Sinap Tec\",\"alternateName\":\"Sinap Tec\",\"url\":\"https:\\\/\\\/www.sinaptec.fr\\\/de\\\/\",\"logo\":{\"@type\":\"ImageObject\",\"inLanguage\":\"de\",\"@id\":\"https:\\\/\\\/www.sinaptec.fr\\\/de\\\/#\\\/schema\\\/logo\\\/image\\\/\",\"url\":\"https:\\\/\\\/www.sinaptec.fr\\\/wp-content\\\/uploads\\\/2023\\\/11\\\/logo-synap-tec-metadonnees.jpg\",\"contentUrl\":\"https:\\\/\\\/www.sinaptec.fr\\\/wp-content\\\/uploads\\\/2023\\\/11\\\/logo-synap-tec-metadonnees.jpg\",\"width\":1200,\"height\":675,\"caption\":\"Sinap Tec\"},\"image\":{\"@id\":\"https:\\\/\\\/www.sinaptec.fr\\\/de\\\/#\\\/schema\\\/logo\\\/image\\\/\"}}]}<\/script>\n<!-- \/ Yoast SEO plugin. -->","yoast_head_json":{"title":"Ultraschall und Medizin |\u00a0SinapTec ultrasonic","description":"SinapTec ist der ideale Partner f\u00fcr die Implementierung des geeigneten medizinischen Ultraschallger\u00e4ts: Analyseger\u00e4te, Nieder- oder Hochfrequenzger\u00e4te (HIFU)...","robots":{"index":"index","follow":"follow","max-snippet":"max-snippet:-1","max-image-preview":"max-image-preview:large","max-video-preview":"max-video-preview:-1"},"canonical":"https:\/\/www.sinaptec.fr\/de\/gesundheit\/","og_locale":"de_DE","og_type":"article","og_title":"Ultraschall und Medizin |\u00a0SinapTec ultrasonic","og_description":"SinapTec ist der ideale Partner f\u00fcr die Implementierung des geeigneten medizinischen Ultraschallger\u00e4ts: Analyseger\u00e4te, Nieder- oder Hochfrequenzger\u00e4te (HIFU)...","og_url":"https:\/\/www.sinaptec.fr\/de\/gesundheit\/","og_site_name":"Sinaptec","article_modified_time":"2024-05-29T14:02:38+00:00","og_image":[{"width":1200,"height":675,"url":"https:\/\/www.sinaptec.fr\/wp-content\/uploads\/2023\/11\/logo-synap-tec-metadonnees.jpg","type":"image\/jpeg"}],"twitter_card":"summary_large_image","twitter_misc":{"Gesch\u00e4tzte Lesezeit":"2\u00a0Minuten"},"schema":{"@context":"https:\/\/schema.org","@graph":[{"@type":"WebPage","@id":"https:\/\/www.sinaptec.fr\/de\/gesundheit\/","url":"https:\/\/www.sinaptec.fr\/de\/gesundheit\/","name":"Ultraschall und Medizin |\u00a0SinapTec ultrasonic","isPartOf":{"@id":"https:\/\/www.sinaptec.fr\/de\/#website"},"datePublished":"2019-06-21T14:17:27+00:00","dateModified":"2024-05-29T14:02:38+00:00","description":"SinapTec ist der ideale Partner f\u00fcr die Implementierung des geeigneten medizinischen Ultraschallger\u00e4ts: Analyseger\u00e4te, Nieder- oder Hochfrequenzger\u00e4te (HIFU)...","breadcrumb":{"@id":"https:\/\/www.sinaptec.fr\/de\/gesundheit\/#breadcrumb"},"inLanguage":"de","potentialAction":[{"@type":"ReadAction","target":["https:\/\/www.sinaptec.fr\/de\/gesundheit\/"]}]},{"@type":"BreadcrumbList","@id":"https:\/\/www.sinaptec.fr\/de\/gesundheit\/#breadcrumb","itemListElement":[{"@type":"ListItem","position":1,"name":"Accueil","item":"https:\/\/www.sinaptec.fr\/de\/"},{"@type":"ListItem","position":2,"name":"Gesundheit"}]},{"@type":"WebSite","@id":"https:\/\/www.sinaptec.fr\/de\/#website","url":"https:\/\/www.sinaptec.fr\/de\/","name":"Sinaptec","description":"Technologie Ultrasons","publisher":{"@id":"https:\/\/www.sinaptec.fr\/de\/#organization"},"alternateName":"Expertise Ultrason","potentialAction":[{"@type":"SearchAction","target":{"@type":"EntryPoint","urlTemplate":"https:\/\/www.sinaptec.fr\/de\/?s={search_term_string}"},"query-input":{"@type":"PropertyValueSpecification","valueRequired":true,"valueName":"search_term_string"}}],"inLanguage":"de"},{"@type":"Organization","@id":"https:\/\/www.sinaptec.fr\/de\/#organization","name":"Sinap Tec","alternateName":"Sinap Tec","url":"https:\/\/www.sinaptec.fr\/de\/","logo":{"@type":"ImageObject","inLanguage":"de","@id":"https:\/\/www.sinaptec.fr\/de\/#\/schema\/logo\/image\/","url":"https:\/\/www.sinaptec.fr\/wp-content\/uploads\/2023\/11\/logo-synap-tec-metadonnees.jpg","contentUrl":"https:\/\/www.sinaptec.fr\/wp-content\/uploads\/2023\/11\/logo-synap-tec-metadonnees.jpg","width":1200,"height":675,"caption":"Sinap Tec"},"image":{"@id":"https:\/\/www.sinaptec.fr\/de\/#\/schema\/logo\/image\/"}}]}},"_links":{"self":[{"href":"https:\/\/www.sinaptec.fr\/de\/wp-json\/wp\/v2\/pages\/8425","targetHints":{"allow":["GET"]}}],"collection":[{"href":"https:\/\/www.sinaptec.fr\/de\/wp-json\/wp\/v2\/pages"}],"about":[{"href":"https:\/\/www.sinaptec.fr\/de\/wp-json\/wp\/v2\/types\/page"}],"author":[{"embeddable":true,"href":"https:\/\/www.sinaptec.fr\/de\/wp-json\/wp\/v2\/users\/1"}],"replies":[{"embeddable":true,"href":"https:\/\/www.sinaptec.fr\/de\/wp-json\/wp\/v2\/comments?post=8425"}],"version-history":[{"count":15,"href":"https:\/\/www.sinaptec.fr\/de\/wp-json\/wp\/v2\/pages\/8425\/revisions"}],"predecessor-version":[{"id":12392,"href":"https:\/\/www.sinaptec.fr\/de\/wp-json\/wp\/v2\/pages\/8425\/revisions\/12392"}],"wp:attachment":[{"href":"https:\/\/www.sinaptec.fr\/de\/wp-json\/wp\/v2\/media?parent=8425"}],"curies":[{"name":"wp","href":"https:\/\/api.w.org\/{rel}","templated":true}]}}