{"id":8419,"date":"2019-10-29T09:34:31","date_gmt":"2019-10-29T08:34:31","guid":{"rendered":"http:\/\/www.sinaptec.fr\/modules-et-composants-ultrasons\/"},"modified":"2024-05-29T16:44:37","modified_gmt":"2024-05-29T14:44:37","slug":"module-und-komponenten","status":"publish","type":"page","link":"https:\/\/www.sinaptec.fr\/de\/module-und-komponenten\/","title":{"rendered":"Module und Komponenten"},"content":{"rendered":"<div class=\"wpb-content-wrapper\">[vc_row][vc_column][vc_single_image image=&#8220;7529&#8243; img_size=&#8220;1160&#215;400&#8243;][\/vc_column][\/vc_row][vc_row][vc_column][vc_empty_space height=&#8220;10px&#8220;][vc_column_text css=&#8220;.vc_custom_1699879944674{margin-bottom: 0px !important;}&#8220;]\n<p class=\"western\" lang=\"en-GB\">39 Jahre f\u00fcr den Einsatz von Ultraschall in mannigfaltigen Anwendungen, 10 Jahre im Dienste der Forschung, um die neuesten Elektronikkomponenten zu integrieren, eine umfassende Softwareentwicklung, multi-physikalische Simulationstools f\u00fcr das Design von Wandlern : unsere <strong>NexTgen-Entwicklungsplattform<\/strong> bildet die ideale Basis f\u00fcr Planung und Herstellung von auf Ihre technologischen Sachzw\u00e4nge sowie Marktanforderungen abgestimmten Ultraschallmodulen&#8230;<\/p>\n[\/vc_column_text][\/vc_column][\/vc_row][mk_page_section][vc_column width=&#8220;1\/2&#8243;][mk_fancy_title size=&#8220;30&#8243; font_family=&#8220;none&#8220;]Generatoren und Komponenten [\/mk_fancy_title][vc_column_text css=&#8220;.vc_custom_1583510102637{margin-bottom: 0px !important;}&#8220;]Unsere standardisierten Module aus den Reihen Incase und Inside werden erfolgreich in s\u00e4mtlichen industriellen Anwendungen eingesetzt.<br \/>\nDie Generatoren sind in dem Leistungsbereich zwischen 30W und 5kW f\u00fcr Wandler mit Frequenzen zwischen 12kHz und 100kHz.[\/vc_column_text][mk_button dimension=&#8220;two&#8220; corner_style=&#8220;rounded&#8220; size=&#8220;large&#8220; url=&#8220;kontakt&#8220;]Kontaktieren Sie uns[\/mk_button][\/vc_column][vc_column width=&#8220;1\/2&#8243;][vc_single_image image=&#8220;12434&#8243; img_size=&#8220;600&#215;400&#8243; alignment=&#8220;center&#8220;][\/vc_column][\/mk_page_section][mk_page_section][vc_column width=&#8220;1\/2&#8243;][vc_single_image image=&#8220;8777&#8243; img_size=&#8220;600&#215;400&#8243;][\/vc_column][vc_column width=&#8220;1\/2&#8243;][mk_fancy_title size=&#8220;30&#8243; font_family=&#8220;none&#8220;]OEM-Module[\/mk_fancy_title][vc_column_text css=&#8220;.vc_custom_1583510291761{margin-bottom: 0px !important;}&#8220;]Wir verf\u00fcgen \u00fcber ein Sortiment an kompakten und integrierten Generatoren f\u00fcr alle Anwendungen in eingebetteten Systemen. Der Leistungsbereich liegt zwischen 10W und 300W. Diese Ger\u00e4te passen zu Wandlern im Bereich von 20kHz bis 100kHz.[\/vc_column_text][mk_button dimension=&#8220;two&#8220; corner_style=&#8220;rounded&#8220; size=&#8220;large&#8220; url=&#8220;oem-module&#8220;]Mehr dazu +[\/mk_button][\/vc_column][\/mk_page_section][mk_page_section][vc_column width=&#8220;1\/2&#8243;][mk_fancy_title size=&#8220;30&#8243; font_family=&#8220;none&#8220;]OEM-Module nach Ma\u00df[\/mk_fancy_title][vc_column_text css=&#8220;.vc_custom_1583510200771{margin-bottom: 0px !important;}&#8220;]Spezifische I\/O-Integration<br \/>\nSpezifische Hardware- oder Software-Funktionen<br \/>\nSpezifische Gr\u00f6\u00dfen f\u00fcr Elektronik oder Transducer<br \/>\nLeistungsspektrum 10W bis 300W<br \/>\nUnsere Technologie wird an Ihre Nutzungsvorgaben angepasst, Design von Speicherkarten, Entwurf von Wandlern, Umsetzung und Herstellung.<br \/>\n[\/vc_column_text][mk_button dimension=&#8220;two&#8220; corner_style=&#8220;rounded&#8220; size=&#8220;large&#8220; url=&#8220;kontakt&#8220;]Kontaktieren Sie uns[\/mk_button][\/vc_column][vc_column width=&#8220;1\/2&#8243;][vc_single_image image=&#8220;12374&#8243; img_size=&#8220;600&#215;400&#8243;][\/vc_column][\/mk_page_section]\n<\/div>","protected":false},"excerpt":{"rendered":"<p>[vc_row][vc_column][vc_single_image image=&#8220;7529&#8243; img_size=&#8220;1160&#215;400&#8243;][\/vc_column][\/vc_row][vc_row][vc_column][vc_empty_space height=&#8220;10px&#8220;][vc_column_text css=&#8220;.vc_custom_1699879944674{margin-bottom: 0px !important;}&#8220;] 39 Jahre f\u00fcr den Einsatz von Ultraschall in mannigfaltigen Anwendungen, 10 Jahre im Dienste der Forschung, um die neuesten Elektronikkomponenten zu integrieren, eine umfassende Softwareentwicklung, multi-physikalische Simulationstools f\u00fcr das Design von Wandlern : unsere NexTgen-Entwicklungsplattform bildet die ideale Basis f\u00fcr Planung und Herstellung von auf Ihre technologischen Sachzw\u00e4nge [&hellip;]<\/p>\n","protected":false},"author":1,"featured_media":0,"parent":0,"menu_order":0,"comment_status":"closed","ping_status":"closed","template":"","meta":{"_acf_changed":false,"footnotes":""},"class_list":["post-8419","page","type-page","status-publish","hentry"],"acf":[],"yoast_head":"<!-- This site is optimized with the Yoast SEO plugin v27.3 - https:\/\/yoast.com\/product\/yoast-seo-wordpress\/ -->\n<title>Ultraschallmodule und komponenten | Sinaptec ultrasonic<\/title>\n<meta name=\"description\" content=\"Unsere NexTgen-Plattform ist das ideale Werkzeug f\u00fcr die Entwicklung und Herstellung des Ultraschallmoduls, das an Ihre technologischen Anforderungen und Ihre Anwendung angepasst ist.\" \/>\n<meta name=\"robots\" content=\"index, follow, max-snippet:-1, max-image-preview:large, max-video-preview:-1\" \/>\n<link rel=\"canonical\" href=\"https:\/\/www.sinaptec.fr\/de\/module-und-komponenten\/\" \/>\n<meta property=\"og:locale\" content=\"de_DE\" \/>\n<meta property=\"og:type\" content=\"article\" \/>\n<meta property=\"og:title\" content=\"Ultraschallmodule und komponenten | Sinaptec ultrasonic\" \/>\n<meta property=\"og:description\" content=\"Unsere NexTgen-Plattform ist das ideale Werkzeug f\u00fcr die Entwicklung und Herstellung des Ultraschallmoduls, das an Ihre technologischen Anforderungen und Ihre Anwendung angepasst ist.\" \/>\n<meta property=\"og:url\" content=\"https:\/\/www.sinaptec.fr\/de\/module-und-komponenten\/\" \/>\n<meta property=\"og:site_name\" content=\"Sinaptec\" \/>\n<meta property=\"article:modified_time\" content=\"2024-05-29T14:44:37+00:00\" \/>\n<meta property=\"og:image\" content=\"https:\/\/www.sinaptec.fr\/wp-content\/uploads\/2023\/11\/logo-synap-tec-metadonnees.jpg\" \/>\n\t<meta property=\"og:image:width\" content=\"1200\" \/>\n\t<meta property=\"og:image:height\" content=\"675\" \/>\n\t<meta property=\"og:image:type\" content=\"image\/jpeg\" \/>\n<meta name=\"twitter:card\" content=\"summary_large_image\" \/>\n<meta name=\"twitter:label1\" content=\"Gesch\u00e4tzte Lesezeit\" \/>\n\t<meta name=\"twitter:data1\" content=\"2\u00a0Minuten\" \/>\n<script type=\"application\/ld+json\" class=\"yoast-schema-graph\">{\"@context\":\"https:\\\/\\\/schema.org\",\"@graph\":[{\"@type\":\"WebPage\",\"@id\":\"https:\\\/\\\/www.sinaptec.fr\\\/de\\\/module-und-komponenten\\\/\",\"url\":\"https:\\\/\\\/www.sinaptec.fr\\\/de\\\/module-und-komponenten\\\/\",\"name\":\"Ultraschallmodule und komponenten | Sinaptec ultrasonic\",\"isPartOf\":{\"@id\":\"https:\\\/\\\/www.sinaptec.fr\\\/de\\\/#website\"},\"datePublished\":\"2019-10-29T08:34:31+00:00\",\"dateModified\":\"2024-05-29T14:44:37+00:00\",\"description\":\"Unsere NexTgen-Plattform ist das ideale Werkzeug f\u00fcr die Entwicklung und Herstellung des Ultraschallmoduls, das an Ihre technologischen Anforderungen und Ihre Anwendung angepasst ist.\",\"breadcrumb\":{\"@id\":\"https:\\\/\\\/www.sinaptec.fr\\\/de\\\/module-und-komponenten\\\/#breadcrumb\"},\"inLanguage\":\"de\",\"potentialAction\":[{\"@type\":\"ReadAction\",\"target\":[\"https:\\\/\\\/www.sinaptec.fr\\\/de\\\/module-und-komponenten\\\/\"]}]},{\"@type\":\"BreadcrumbList\",\"@id\":\"https:\\\/\\\/www.sinaptec.fr\\\/de\\\/module-und-komponenten\\\/#breadcrumb\",\"itemListElement\":[{\"@type\":\"ListItem\",\"position\":1,\"name\":\"Accueil\",\"item\":\"https:\\\/\\\/www.sinaptec.fr\\\/de\\\/\"},{\"@type\":\"ListItem\",\"position\":2,\"name\":\"Module und Komponenten\"}]},{\"@type\":\"WebSite\",\"@id\":\"https:\\\/\\\/www.sinaptec.fr\\\/de\\\/#website\",\"url\":\"https:\\\/\\\/www.sinaptec.fr\\\/de\\\/\",\"name\":\"Sinaptec\",\"description\":\"Technologie Ultrasons\",\"publisher\":{\"@id\":\"https:\\\/\\\/www.sinaptec.fr\\\/de\\\/#organization\"},\"alternateName\":\"Expertise Ultrason\",\"potentialAction\":[{\"@type\":\"SearchAction\",\"target\":{\"@type\":\"EntryPoint\",\"urlTemplate\":\"https:\\\/\\\/www.sinaptec.fr\\\/de\\\/?s={search_term_string}\"},\"query-input\":{\"@type\":\"PropertyValueSpecification\",\"valueRequired\":true,\"valueName\":\"search_term_string\"}}],\"inLanguage\":\"de\"},{\"@type\":\"Organization\",\"@id\":\"https:\\\/\\\/www.sinaptec.fr\\\/de\\\/#organization\",\"name\":\"Sinap Tec\",\"alternateName\":\"Sinap Tec\",\"url\":\"https:\\\/\\\/www.sinaptec.fr\\\/de\\\/\",\"logo\":{\"@type\":\"ImageObject\",\"inLanguage\":\"de\",\"@id\":\"https:\\\/\\\/www.sinaptec.fr\\\/de\\\/#\\\/schema\\\/logo\\\/image\\\/\",\"url\":\"https:\\\/\\\/www.sinaptec.fr\\\/wp-content\\\/uploads\\\/2023\\\/11\\\/logo-synap-tec-metadonnees.jpg\",\"contentUrl\":\"https:\\\/\\\/www.sinaptec.fr\\\/wp-content\\\/uploads\\\/2023\\\/11\\\/logo-synap-tec-metadonnees.jpg\",\"width\":1200,\"height\":675,\"caption\":\"Sinap Tec\"},\"image\":{\"@id\":\"https:\\\/\\\/www.sinaptec.fr\\\/de\\\/#\\\/schema\\\/logo\\\/image\\\/\"}}]}<\/script>\n<!-- \/ Yoast SEO plugin. -->","yoast_head_json":{"title":"Ultraschallmodule und komponenten | Sinaptec ultrasonic","description":"Unsere NexTgen-Plattform ist das ideale Werkzeug f\u00fcr die Entwicklung und Herstellung des Ultraschallmoduls, das an Ihre technologischen Anforderungen und Ihre Anwendung angepasst ist.","robots":{"index":"index","follow":"follow","max-snippet":"max-snippet:-1","max-image-preview":"max-image-preview:large","max-video-preview":"max-video-preview:-1"},"canonical":"https:\/\/www.sinaptec.fr\/de\/module-und-komponenten\/","og_locale":"de_DE","og_type":"article","og_title":"Ultraschallmodule und komponenten | Sinaptec ultrasonic","og_description":"Unsere NexTgen-Plattform ist das ideale Werkzeug f\u00fcr die Entwicklung und Herstellung des Ultraschallmoduls, das an Ihre technologischen Anforderungen und Ihre Anwendung angepasst ist.","og_url":"https:\/\/www.sinaptec.fr\/de\/module-und-komponenten\/","og_site_name":"Sinaptec","article_modified_time":"2024-05-29T14:44:37+00:00","og_image":[{"width":1200,"height":675,"url":"https:\/\/www.sinaptec.fr\/wp-content\/uploads\/2023\/11\/logo-synap-tec-metadonnees.jpg","type":"image\/jpeg"}],"twitter_card":"summary_large_image","twitter_misc":{"Gesch\u00e4tzte Lesezeit":"2\u00a0Minuten"},"schema":{"@context":"https:\/\/schema.org","@graph":[{"@type":"WebPage","@id":"https:\/\/www.sinaptec.fr\/de\/module-und-komponenten\/","url":"https:\/\/www.sinaptec.fr\/de\/module-und-komponenten\/","name":"Ultraschallmodule und komponenten | Sinaptec ultrasonic","isPartOf":{"@id":"https:\/\/www.sinaptec.fr\/de\/#website"},"datePublished":"2019-10-29T08:34:31+00:00","dateModified":"2024-05-29T14:44:37+00:00","description":"Unsere NexTgen-Plattform ist das ideale Werkzeug f\u00fcr die Entwicklung und Herstellung des Ultraschallmoduls, das an Ihre technologischen Anforderungen und Ihre Anwendung angepasst ist.","breadcrumb":{"@id":"https:\/\/www.sinaptec.fr\/de\/module-und-komponenten\/#breadcrumb"},"inLanguage":"de","potentialAction":[{"@type":"ReadAction","target":["https:\/\/www.sinaptec.fr\/de\/module-und-komponenten\/"]}]},{"@type":"BreadcrumbList","@id":"https:\/\/www.sinaptec.fr\/de\/module-und-komponenten\/#breadcrumb","itemListElement":[{"@type":"ListItem","position":1,"name":"Accueil","item":"https:\/\/www.sinaptec.fr\/de\/"},{"@type":"ListItem","position":2,"name":"Module und Komponenten"}]},{"@type":"WebSite","@id":"https:\/\/www.sinaptec.fr\/de\/#website","url":"https:\/\/www.sinaptec.fr\/de\/","name":"Sinaptec","description":"Technologie Ultrasons","publisher":{"@id":"https:\/\/www.sinaptec.fr\/de\/#organization"},"alternateName":"Expertise Ultrason","potentialAction":[{"@type":"SearchAction","target":{"@type":"EntryPoint","urlTemplate":"https:\/\/www.sinaptec.fr\/de\/?s={search_term_string}"},"query-input":{"@type":"PropertyValueSpecification","valueRequired":true,"valueName":"search_term_string"}}],"inLanguage":"de"},{"@type":"Organization","@id":"https:\/\/www.sinaptec.fr\/de\/#organization","name":"Sinap Tec","alternateName":"Sinap Tec","url":"https:\/\/www.sinaptec.fr\/de\/","logo":{"@type":"ImageObject","inLanguage":"de","@id":"https:\/\/www.sinaptec.fr\/de\/#\/schema\/logo\/image\/","url":"https:\/\/www.sinaptec.fr\/wp-content\/uploads\/2023\/11\/logo-synap-tec-metadonnees.jpg","contentUrl":"https:\/\/www.sinaptec.fr\/wp-content\/uploads\/2023\/11\/logo-synap-tec-metadonnees.jpg","width":1200,"height":675,"caption":"Sinap Tec"},"image":{"@id":"https:\/\/www.sinaptec.fr\/de\/#\/schema\/logo\/image\/"}}]}},"_links":{"self":[{"href":"https:\/\/www.sinaptec.fr\/de\/wp-json\/wp\/v2\/pages\/8419","targetHints":{"allow":["GET"]}}],"collection":[{"href":"https:\/\/www.sinaptec.fr\/de\/wp-json\/wp\/v2\/pages"}],"about":[{"href":"https:\/\/www.sinaptec.fr\/de\/wp-json\/wp\/v2\/types\/page"}],"author":[{"embeddable":true,"href":"https:\/\/www.sinaptec.fr\/de\/wp-json\/wp\/v2\/users\/1"}],"replies":[{"embeddable":true,"href":"https:\/\/www.sinaptec.fr\/de\/wp-json\/wp\/v2\/comments?post=8419"}],"version-history":[{"count":20,"href":"https:\/\/www.sinaptec.fr\/de\/wp-json\/wp\/v2\/pages\/8419\/revisions"}],"predecessor-version":[{"id":12438,"href":"https:\/\/www.sinaptec.fr\/de\/wp-json\/wp\/v2\/pages\/8419\/revisions\/12438"}],"wp:attachment":[{"href":"https:\/\/www.sinaptec.fr\/de\/wp-json\/wp\/v2\/media?parent=8419"}],"curies":[{"name":"wp","href":"https:\/\/api.w.org\/{rel}","templated":true}]}}