{"id":8411,"date":"2019-06-21T16:19:19","date_gmt":"2019-06-21T14:19:19","guid":{"rendered":"http:\/\/www.sinaptec.fr\/recherche\/"},"modified":"2024-05-30T09:09:38","modified_gmt":"2024-05-30T07:09:38","slug":"forschung","status":"publish","type":"page","link":"https:\/\/www.sinaptec.fr\/de\/forschung\/","title":{"rendered":"Forschung\u00a0"},"content":{"rendered":"<div class=\"wpb-content-wrapper\">[vc_row][vc_column][vc_single_image image=&#8220;10664&#8243; img_size=&#8220;1160&#215;400&#8243;][\/vc_column][\/vc_row][mk_page_section][vc_column][vc_column_text css=&#8220;.vc_custom_1583235855318{margin-bottom: 0px !important;}&#8220;]Die NexTgen-Technologie bietet der Forschung entscheidende Vorteile:<\/p>\n<ul>\n<li>\n<p align=\"left\">Ein dualer Modus zur Steuerung von Frequenz und Vibrationsamplitude in Echtzeit, um Bestleistungen zu gew\u00e4hrleisten,<\/p>\n<\/li>\n<li>\n<p align=\"left\">Erfassung aller wichtigen Parameter aus unseren Ultraschallgeneratoren (Amplitude, Frequenz, Leistung, Temperatur des behandelten Mediums\u2026) \u00fcbertragbar per Ethernetverbindung f\u00fcr sp\u00e4tere Nutzung,<\/p>\n<\/li>\n<li>Ein Modus <strong>\u00ab\u00a0Fernsteuerung\u00a0\u00bb<\/strong>, der unserem Kundendienst alle Diagnosen und Aktualisierungen aus der Ferne erm\u00f6glicht<\/li>\n<\/ul>\n[\/vc_column_text][\/vc_column][vc_column][\/vc_column][\/mk_page_section][mk_page_section][vc_column width=&#8220;1\/2&#8243;][mk_fancy_title size=&#8220;30&#8243; font_family=&#8220;none&#8220;]Laboratorium\u00a0[\/mk_fancy_title][vc_column_text css=&#8220;.vc_custom_1583235882220{margin-bottom: 0px !important;}&#8220;]\n<p class=\"western\">Aus den Erfahrungen, die SinapTec im Industriesektor gesammelt hat, verbunden mit unserer Entwicklungsarbeit im Bereich der Ultraschallanwendungen f\u00fcr die Industrieproduktion entstand wie von selbst ein Instrumentarium von Ger\u00e4ten f\u00fcr die Laboranalytik, welche Forscher in die Lage versetzen s\u00e4mtliche Ultraschallvariabeln eines Prozesses zu kontrollieren und somit die exakte Analyse von Versuchen zu gew\u00e4hrleisten.<\/p>\n[\/vc_column_text][mk_button dimension=&#8220;two&#8220; corner_style=&#8220;rounded&#8220; size=&#8220;large&#8220; url=&#8220;https:\/\/www.silabtec.com\/&#8220; target=&#8220;_blank&#8220;]Mehr dazu [\/mk_button][\/vc_column][vc_column width=&#8220;1\/2&#8243;][vc_single_image image=&#8220;10733&#8243; img_size=&#8220;600&#215;400&#8243;][\/vc_column][\/mk_page_section][mk_page_section][vc_column width=&#8220;1\/2&#8243;][vc_single_image image=&#8220;12473&#8243; img_size=&#8220;600&#215;400&#8243;][\/vc_column][vc_column width=&#8220;1\/2&#8243;][mk_fancy_title size=&#8220;30&#8243; font_family=&#8220;none&#8220;]Pilotprojekte auf Laborma\u00dfstab[\/mk_fancy_title][vc_column_text css=&#8220;.vc_custom_1583235961567{margin-bottom: 0px !important;}&#8220;]Die st\u00e4ndige Zusammenarbeit mit Forschungslaboren und die dadurch bedingte N\u00e4he zu ihnen verfolgen das Ziel die Ultraschalltechnologie f\u00fcr neue Anwendungen und Nutzungen fortzuentwickeln und dabei insbesondere Skalierungsm\u00f6glichkeiten f\u00fcr die Industrie im Auge zu haben (<strong>Pflanzenextraktion, Sono-Elektrochemie, Sonochemie, Verfahrenstechnik<\/strong>, andere&#8230;)[\/vc_column_text][mk_button dimension=&#8220;two&#8220; corner_style=&#8220;rounded&#8220; size=&#8220;large&#8220; url=&#8220;https:\/\/www.silabtec.com\/&#8220; target=&#8220;_blank&#8220;]Mehr dazu[\/mk_button][\/vc_column][\/mk_page_section]\n<\/div>","protected":false},"excerpt":{"rendered":"<p>[vc_row][vc_column][vc_single_image image=&#8220;10664&#8243; img_size=&#8220;1160&#215;400&#8243;][\/vc_column][\/vc_row][mk_page_section][vc_column][vc_column_text css=&#8220;.vc_custom_1583235855318{margin-bottom: 0px !important;}&#8220;]Die NexTgen-Technologie bietet der Forschung entscheidende Vorteile: Ein dualer Modus zur Steuerung von Frequenz und Vibrationsamplitude in Echtzeit, um Bestleistungen zu gew\u00e4hrleisten, Erfassung aller wichtigen Parameter aus unseren Ultraschallgeneratoren (Amplitude, Frequenz, Leistung, Temperatur des behandelten Mediums\u2026) \u00fcbertragbar per Ethernetverbindung f\u00fcr sp\u00e4tere Nutzung, Ein Modus \u00ab\u00a0Fernsteuerung\u00a0\u00bb, der unserem Kundendienst alle Diagnosen [&hellip;]<\/p>\n","protected":false},"author":1,"featured_media":0,"parent":0,"menu_order":0,"comment_status":"closed","ping_status":"closed","template":"","meta":{"_acf_changed":false,"footnotes":""},"class_list":["post-8411","page","type-page","status-publish","hentry"],"acf":[],"yoast_head":"<!-- This site is optimized with the Yoast SEO plugin v27.3 - https:\/\/yoast.com\/product\/yoast-seo-wordpress\/ -->\n<title>Ultraschallforschung |\u00a0SinapTec Ultrasonic<\/title>\n<meta name=\"description\" content=\"Die st\u00e4ndige Zusammenarbeit von Sinaptec mit Ultraschallforschungslabors erm\u00f6glicht es der Technologie, neue Anwendungen voranzutreiben.\" \/>\n<meta name=\"robots\" content=\"index, follow, max-snippet:-1, max-image-preview:large, max-video-preview:-1\" \/>\n<link rel=\"canonical\" href=\"https:\/\/www.sinaptec.fr\/de\/forschung\/\" \/>\n<meta property=\"og:locale\" content=\"de_DE\" \/>\n<meta property=\"og:type\" content=\"article\" \/>\n<meta property=\"og:title\" content=\"Ultraschallforschung |\u00a0SinapTec Ultrasonic\" \/>\n<meta property=\"og:description\" content=\"Die st\u00e4ndige Zusammenarbeit von Sinaptec mit Ultraschallforschungslabors erm\u00f6glicht es der Technologie, neue Anwendungen voranzutreiben.\" \/>\n<meta property=\"og:url\" content=\"https:\/\/www.sinaptec.fr\/de\/forschung\/\" \/>\n<meta property=\"og:site_name\" content=\"Sinaptec\" \/>\n<meta property=\"article:modified_time\" content=\"2024-05-30T07:09:38+00:00\" \/>\n<meta property=\"og:image\" content=\"https:\/\/www.sinaptec.fr\/wp-content\/uploads\/2023\/11\/logo-synap-tec-metadonnees.jpg\" \/>\n\t<meta property=\"og:image:width\" content=\"1200\" \/>\n\t<meta property=\"og:image:height\" content=\"675\" \/>\n\t<meta property=\"og:image:type\" content=\"image\/jpeg\" \/>\n<meta name=\"twitter:card\" content=\"summary_large_image\" \/>\n<meta name=\"twitter:label1\" content=\"Gesch\u00e4tzte Lesezeit\" \/>\n\t<meta name=\"twitter:data1\" content=\"1\u00a0Minute\" \/>\n<script type=\"application\/ld+json\" class=\"yoast-schema-graph\">{\"@context\":\"https:\\\/\\\/schema.org\",\"@graph\":[{\"@type\":\"WebPage\",\"@id\":\"https:\\\/\\\/www.sinaptec.fr\\\/de\\\/forschung\\\/\",\"url\":\"https:\\\/\\\/www.sinaptec.fr\\\/de\\\/forschung\\\/\",\"name\":\"Ultraschallforschung |\u00a0SinapTec Ultrasonic\",\"isPartOf\":{\"@id\":\"https:\\\/\\\/www.sinaptec.fr\\\/de\\\/#website\"},\"datePublished\":\"2019-06-21T14:19:19+00:00\",\"dateModified\":\"2024-05-30T07:09:38+00:00\",\"description\":\"Die st\u00e4ndige Zusammenarbeit von Sinaptec mit Ultraschallforschungslabors erm\u00f6glicht es der Technologie, neue Anwendungen voranzutreiben.\",\"breadcrumb\":{\"@id\":\"https:\\\/\\\/www.sinaptec.fr\\\/de\\\/forschung\\\/#breadcrumb\"},\"inLanguage\":\"de\",\"potentialAction\":[{\"@type\":\"ReadAction\",\"target\":[\"https:\\\/\\\/www.sinaptec.fr\\\/de\\\/forschung\\\/\"]}]},{\"@type\":\"BreadcrumbList\",\"@id\":\"https:\\\/\\\/www.sinaptec.fr\\\/de\\\/forschung\\\/#breadcrumb\",\"itemListElement\":[{\"@type\":\"ListItem\",\"position\":1,\"name\":\"Accueil\",\"item\":\"https:\\\/\\\/www.sinaptec.fr\\\/de\\\/\"},{\"@type\":\"ListItem\",\"position\":2,\"name\":\"Forschung\u00a0\"}]},{\"@type\":\"WebSite\",\"@id\":\"https:\\\/\\\/www.sinaptec.fr\\\/de\\\/#website\",\"url\":\"https:\\\/\\\/www.sinaptec.fr\\\/de\\\/\",\"name\":\"Sinaptec\",\"description\":\"Technologie Ultrasons\",\"publisher\":{\"@id\":\"https:\\\/\\\/www.sinaptec.fr\\\/de\\\/#organization\"},\"alternateName\":\"Expertise Ultrason\",\"potentialAction\":[{\"@type\":\"SearchAction\",\"target\":{\"@type\":\"EntryPoint\",\"urlTemplate\":\"https:\\\/\\\/www.sinaptec.fr\\\/de\\\/?s={search_term_string}\"},\"query-input\":{\"@type\":\"PropertyValueSpecification\",\"valueRequired\":true,\"valueName\":\"search_term_string\"}}],\"inLanguage\":\"de\"},{\"@type\":\"Organization\",\"@id\":\"https:\\\/\\\/www.sinaptec.fr\\\/de\\\/#organization\",\"name\":\"Sinap Tec\",\"alternateName\":\"Sinap Tec\",\"url\":\"https:\\\/\\\/www.sinaptec.fr\\\/de\\\/\",\"logo\":{\"@type\":\"ImageObject\",\"inLanguage\":\"de\",\"@id\":\"https:\\\/\\\/www.sinaptec.fr\\\/de\\\/#\\\/schema\\\/logo\\\/image\\\/\",\"url\":\"https:\\\/\\\/www.sinaptec.fr\\\/wp-content\\\/uploads\\\/2023\\\/11\\\/logo-synap-tec-metadonnees.jpg\",\"contentUrl\":\"https:\\\/\\\/www.sinaptec.fr\\\/wp-content\\\/uploads\\\/2023\\\/11\\\/logo-synap-tec-metadonnees.jpg\",\"width\":1200,\"height\":675,\"caption\":\"Sinap Tec\"},\"image\":{\"@id\":\"https:\\\/\\\/www.sinaptec.fr\\\/de\\\/#\\\/schema\\\/logo\\\/image\\\/\"}}]}<\/script>\n<!-- \/ Yoast SEO plugin. -->","yoast_head_json":{"title":"Ultraschallforschung |\u00a0SinapTec Ultrasonic","description":"Die st\u00e4ndige Zusammenarbeit von Sinaptec mit Ultraschallforschungslabors erm\u00f6glicht es der Technologie, neue Anwendungen voranzutreiben.","robots":{"index":"index","follow":"follow","max-snippet":"max-snippet:-1","max-image-preview":"max-image-preview:large","max-video-preview":"max-video-preview:-1"},"canonical":"https:\/\/www.sinaptec.fr\/de\/forschung\/","og_locale":"de_DE","og_type":"article","og_title":"Ultraschallforschung |\u00a0SinapTec Ultrasonic","og_description":"Die st\u00e4ndige Zusammenarbeit von Sinaptec mit Ultraschallforschungslabors erm\u00f6glicht es der Technologie, neue Anwendungen voranzutreiben.","og_url":"https:\/\/www.sinaptec.fr\/de\/forschung\/","og_site_name":"Sinaptec","article_modified_time":"2024-05-30T07:09:38+00:00","og_image":[{"width":1200,"height":675,"url":"https:\/\/www.sinaptec.fr\/wp-content\/uploads\/2023\/11\/logo-synap-tec-metadonnees.jpg","type":"image\/jpeg"}],"twitter_card":"summary_large_image","twitter_misc":{"Gesch\u00e4tzte Lesezeit":"1\u00a0Minute"},"schema":{"@context":"https:\/\/schema.org","@graph":[{"@type":"WebPage","@id":"https:\/\/www.sinaptec.fr\/de\/forschung\/","url":"https:\/\/www.sinaptec.fr\/de\/forschung\/","name":"Ultraschallforschung |\u00a0SinapTec Ultrasonic","isPartOf":{"@id":"https:\/\/www.sinaptec.fr\/de\/#website"},"datePublished":"2019-06-21T14:19:19+00:00","dateModified":"2024-05-30T07:09:38+00:00","description":"Die st\u00e4ndige Zusammenarbeit von Sinaptec mit Ultraschallforschungslabors erm\u00f6glicht es der Technologie, neue Anwendungen voranzutreiben.","breadcrumb":{"@id":"https:\/\/www.sinaptec.fr\/de\/forschung\/#breadcrumb"},"inLanguage":"de","potentialAction":[{"@type":"ReadAction","target":["https:\/\/www.sinaptec.fr\/de\/forschung\/"]}]},{"@type":"BreadcrumbList","@id":"https:\/\/www.sinaptec.fr\/de\/forschung\/#breadcrumb","itemListElement":[{"@type":"ListItem","position":1,"name":"Accueil","item":"https:\/\/www.sinaptec.fr\/de\/"},{"@type":"ListItem","position":2,"name":"Forschung\u00a0"}]},{"@type":"WebSite","@id":"https:\/\/www.sinaptec.fr\/de\/#website","url":"https:\/\/www.sinaptec.fr\/de\/","name":"Sinaptec","description":"Technologie Ultrasons","publisher":{"@id":"https:\/\/www.sinaptec.fr\/de\/#organization"},"alternateName":"Expertise Ultrason","potentialAction":[{"@type":"SearchAction","target":{"@type":"EntryPoint","urlTemplate":"https:\/\/www.sinaptec.fr\/de\/?s={search_term_string}"},"query-input":{"@type":"PropertyValueSpecification","valueRequired":true,"valueName":"search_term_string"}}],"inLanguage":"de"},{"@type":"Organization","@id":"https:\/\/www.sinaptec.fr\/de\/#organization","name":"Sinap Tec","alternateName":"Sinap Tec","url":"https:\/\/www.sinaptec.fr\/de\/","logo":{"@type":"ImageObject","inLanguage":"de","@id":"https:\/\/www.sinaptec.fr\/de\/#\/schema\/logo\/image\/","url":"https:\/\/www.sinaptec.fr\/wp-content\/uploads\/2023\/11\/logo-synap-tec-metadonnees.jpg","contentUrl":"https:\/\/www.sinaptec.fr\/wp-content\/uploads\/2023\/11\/logo-synap-tec-metadonnees.jpg","width":1200,"height":675,"caption":"Sinap Tec"},"image":{"@id":"https:\/\/www.sinaptec.fr\/de\/#\/schema\/logo\/image\/"}}]}},"_links":{"self":[{"href":"https:\/\/www.sinaptec.fr\/de\/wp-json\/wp\/v2\/pages\/8411","targetHints":{"allow":["GET"]}}],"collection":[{"href":"https:\/\/www.sinaptec.fr\/de\/wp-json\/wp\/v2\/pages"}],"about":[{"href":"https:\/\/www.sinaptec.fr\/de\/wp-json\/wp\/v2\/types\/page"}],"author":[{"embeddable":true,"href":"https:\/\/www.sinaptec.fr\/de\/wp-json\/wp\/v2\/users\/1"}],"replies":[{"embeddable":true,"href":"https:\/\/www.sinaptec.fr\/de\/wp-json\/wp\/v2\/comments?post=8411"}],"version-history":[{"count":13,"href":"https:\/\/www.sinaptec.fr\/de\/wp-json\/wp\/v2\/pages\/8411\/revisions"}],"predecessor-version":[{"id":12476,"href":"https:\/\/www.sinaptec.fr\/de\/wp-json\/wp\/v2\/pages\/8411\/revisions\/12476"}],"wp:attachment":[{"href":"https:\/\/www.sinaptec.fr\/de\/wp-json\/wp\/v2\/media?parent=8411"}],"curies":[{"name":"wp","href":"https:\/\/api.w.org\/{rel}","templated":true}]}}