{"id":8397,"date":"2019-06-21T16:06:28","date_gmt":"2019-06-21T14:06:28","guid":{"rendered":"http:\/\/www.sinaptec.fr\/industrie\/"},"modified":"2024-05-29T15:53:02","modified_gmt":"2024-05-29T13:53:02","slug":"industrie","status":"publish","type":"page","link":"https:\/\/www.sinaptec.fr\/de\/industrie\/","title":{"rendered":"Industrie"},"content":{"rendered":"<div class=\"wpb-content-wrapper\">[mk_page_section bg_stretch=&#8220;true&#8220; full_width=&#8220;true&#8220; sidebar=&#8220;sidebar-1&#8243;][vc_column][vc_single_image image=&#8220;10647&#8243; img_size=&#8220;1100&#215;455&#8243; alignment=&#8220;center&#8220;][\/vc_column][\/mk_page_section][mk_page_section][vc_column][vc_column_text css=&#8220;.vc_custom_1583230803363{margin-bottom: 0px !important;}&#8220;]SinapTec bietet \u00ab\u00a0einsatzbereite Ultraschallmodule\u00a0\u00bb mit der <strong>NexTgen<\/strong> Fernsteuerungstechnologie zur leichteren Integration und Einsatz, aber auch f\u00fcr alle Diagnosen und Aktualisierungen aus der Ferne durch unseren Kundendienst.<\/p>\n<p>Sei es f\u00fcr klassische Anwendungen wie <strong>Schwei\u00dfen, Reinigen, Schneiden, Entsch\u00e4umen, Herstellen,<\/strong> in schwierigen Umgebungen (Temperatur, Strahlung, hoher Druck, Explosionsgefahr\u2026) oder bei besonderen Anforderungen, die Flexibilit\u00e4t der <strong>NexTgen-Technologie<\/strong> stellt einen einzigartigen Vorteil dar.[\/vc_column_text][\/vc_column][\/mk_page_section][mk_page_section][vc_column width=&#8220;1\/2&#8243;][vc_single_image image=&#8220;10691&#8243; img_size=&#8220;full&#8220;][\/vc_column][vc_column width=&#8220;1\/2&#8243;][mk_fancy_title size=&#8220;30&#8243; font_weight=&#8220;300&#8243; margin_top=&#8220;15&#8243; font_family=&#8220;none&#8220;]Agroalimentaire[\/mk_fancy_title][vc_column_text css=&#8220;.vc_custom_1583230825713{margin-bottom: 0px !important;}&#8220;]\n<p class=\"western\">Wegen ihrer geringen Kosten bieten sich Ultraschalll\u00f6sungen als leistungsf\u00e4hige Alternative bei Verfahren wie Aufschneiden, Entsch\u00e4umen, Schneiden oder auch in der Reinigung und Dekontamination an.<\/p>\n[\/vc_column_text][mk_button dimension=&#8220;two&#8220; corner_style=&#8220;rounded&#8220; size=&#8220;medium&#8220;]Reinigung[\/mk_button][mk_button dimension=&#8220;two&#8220; corner_style=&#8220;rounded&#8220; size=&#8220;medium&#8220;]Aufschneiden[\/mk_button][mk_button dimension=&#8220;two&#8220; corner_style=&#8220;rounded&#8220; size=&#8220;medium&#8220;]Entsch\u00e4umen[\/mk_button][mk_button dimension=&#8220;two&#8220; corner_style=&#8220;rounded&#8220; size=&#8220;medium&#8220; letter_spacing=&#8220;4&#8243;] Schwei\u00dfen [\/mk_button][mk_button dimension=&#8220;two&#8220; corner_style=&#8220;rounded&#8220; size=&#8220;medium&#8220;]Dekontamination[\/mk_button][mk_button dimension=&#8220;two&#8220; corner_style=&#8220;rounded&#8220; size=&#8220;medium&#8220;]Spezialanwendungen[\/mk_button][\/vc_column][\/mk_page_section][mk_page_section min_height=&#8220;0&#8243; sidebar=&#8220;sidebar-1&#8243;][vc_column][vc_separator][\/vc_column][\/mk_page_section][mk_page_section][vc_column width=&#8220;1\/2&#8243;][mk_fancy_title size=&#8220;30&#8243; font_weight=&#8220;300&#8243; margin_top=&#8220;15&#8243; font_family=&#8220;none&#8220;]Anlageg\u00fcter[\/mk_fancy_title][vc_column_text css=&#8220;.vc_custom_1583230988616{margin-bottom: 0px !important;}&#8220;]\n<p class=\"western\">SinapTec bietet Technologie und Entwicklungsressourcen f\u00fcr <strong>ma\u00dfgeschneiderte L\u00f6sungen<\/strong><\/p>\n[\/vc_column_text][mk_button dimension=&#8220;two&#8220; corner_style=&#8220;rounded&#8220; size=&#8220;medium&#8220;]Reinigen[\/mk_button][mk_button dimension=&#8220;two&#8220; corner_style=&#8220;rounded&#8220; size=&#8220;medium&#8220;]Schwei\u00dfen[\/mk_button][mk_button dimension=&#8220;two&#8220; corner_style=&#8220;rounded&#8220; size=&#8220;medium&#8220;]Schneiden[\/mk_button][mk_button dimension=&#8220;two&#8220; corner_style=&#8220;rounded&#8220; size=&#8220;medium&#8220;]Spezialanwendungen[\/mk_button][\/vc_column][vc_column width=&#8220;1\/2&#8243;][vc_single_image image=&#8220;10701&#8243; img_size=&#8220;600&#215;400&#8243;][\/vc_column][\/mk_page_section][mk_page_section min_height=&#8220;0&#8243; sidebar=&#8220;sidebar-1&#8243;][vc_column][vc_separator][\/vc_column][\/mk_page_section][mk_page_section][vc_column width=&#8220;1\/2&#8243;][vc_single_image image=&#8220;10706&#8243; img_size=&#8220;600&#215;400&#8243;][\/vc_column][vc_column width=&#8220;1\/2&#8243;][mk_fancy_title size=&#8220;30&#8243; font_weight=&#8220;300&#8243; margin_top=&#8220;15&#8243; font_family=&#8220;none&#8220;]Chemie und gr\u00fcne Verfahren[\/mk_fancy_title][vc_column_text css=&#8220;.vc_custom_1583231087422{margin-bottom: 0px !important;}&#8220;]\n<p class=\"western\">Ultraschallwellen beg\u00fcnstigen chemische Reaktionen mit hohem Ertrag indem die Zufuhr an W\u00e4rme, Reagenzien oder Katalysatoren reduziert wird. Sie sind erwiesen als wirksame Aktivierungsmethode in Elektrochemischen Verfahren, Bioprozessen und ganz allgemein steuern sie zur Entwicklung einer nachhaltigen Chemie bei und mindern somit die Menge an Abw\u00e4ssern.<br \/>\nSinapTec hat eine Produktpalette entwickelt, die den Einsatz von Ultraschall von der Laborstufe bis zur Industrieanlage erm\u00f6glicht.<\/p>\n[\/vc_column_text][\/vc_column][\/mk_page_section][mk_page_section][vc_column][mk_button dimension=&#8220;two&#8220; corner_style=&#8220;rounded&#8220; size=&#8220;medium&#8220;]Homogenisierung[\/mk_button][mk_button dimension=&#8220;two&#8220; corner_style=&#8220;rounded&#8220; size=&#8220;medium&#8220;]Dispergierung[\/mk_button][mk_button dimension=&#8220;two&#8220; corner_style=&#8220;rounded&#8220; size=&#8220;medium&#8220;]Emulgierung[\/mk_button][mk_button dimension=&#8220;two&#8220; corner_style=&#8220;rounded&#8220; size=&#8220;medium&#8220;]Extrahieren[\/mk_button][mk_button dimension=&#8220;two&#8220; corner_style=&#8220;rounded&#8220; size=&#8220;medium&#8220;]Entgasung[\/mk_button][mk_button dimension=&#8220;two&#8220; corner_style=&#8220;rounded&#8220; size=&#8220;medium&#8220;]Sonochemie\u00a0[\/mk_button][mk_button dimension=&#8220;two&#8220; corner_style=&#8220;rounded&#8220; size=&#8220;medium&#8220;]Sonstige Anwendungen[\/mk_button][vc_separator][\/vc_column][\/mk_page_section][mk_page_section][vc_column width=&#8220;1\/2&#8243;][mk_fancy_title size=&#8220;30&#8243; font_weight=&#8220;300&#8243; margin_top=&#8220;15&#8243; font_family=&#8220;none&#8220;]Umwelt[\/mk_fancy_title][vc_column_text css=&#8220;.vc_custom_1583231191565{margin-bottom: 0px !important;}&#8220;]\n<p class=\"western\">Sei es die Minderung von Klimaauswirkungen durch energiesparendere Prozesse, die beschleunigte Aufbereitung von Biomasse, die Herstellung von Biokraftstoffen, der Erhalt der Einsatzf\u00e4higkeit von Anlagen zur Dekontamination und Aufbereitung von Ballastwasser aus Schiffen, die Ultraschalltechnologie er\u00f6ffnet neue Perspektiven auf die Umweltschutzherausforderungen von Morgen.<\/p>\n<p class=\"western\">Durch seine patentierte NexTgen-Technologie ist SinapTec schon jetzt ein wichtiger \u00ab\u00a0Player\u00a0\u00bb und Impulsgeber in diesem Sektor.<\/p>\n[\/vc_column_text][mk_button dimension=&#8220;two&#8220; corner_style=&#8220;rounded&#8220; size=&#8220;medium&#8220;]Deagglomeration[\/mk_button][mk_button dimension=&#8220;two&#8220; corner_style=&#8220;rounded&#8220; size=&#8220;medium&#8220;]Zelllyse[\/mk_button][mk_button dimension=&#8220;two&#8220; corner_style=&#8220;rounded&#8220; size=&#8220;medium&#8220;]Wasseraufbereitung[\/mk_button][mk_button dimension=&#8220;two&#8220; corner_style=&#8220;rounded&#8220; size=&#8220;medium&#8220;]Sonstige Anwendungen[\/mk_button][\/vc_column][vc_column width=&#8220;1\/2&#8243;][vc_single_image image=&#8220;12387&#8243; img_size=&#8220;full&#8220;][\/vc_column][\/mk_page_section][mk_page_section min_height=&#8220;0&#8243; sidebar=&#8220;sidebar-1&#8243;][vc_column][vc_separator][\/vc_column][\/mk_page_section][mk_page_section][vc_column width=&#8220;1\/2&#8243;][vc_single_image image=&#8220;10671&#8243; img_size=&#8220;600&#215;400&#8243;][\/vc_column][vc_column width=&#8220;1\/2&#8243;][mk_fancy_title size=&#8220;30&#8243; font_weight=&#8220;300&#8243; margin_top=&#8220;15&#8243; font_family=&#8220;none&#8220;]Laboranalytik[\/mk_fancy_title][vc_column_text css=&#8220;.vc_custom_1583231293717{margin-bottom: 0px !important;}&#8220;]Dank der Eigenschaften von Ultraschall wird die Probenvorbereitung erleichtert, ganz gleich, ob zum Zweck des Mischens, der Dispergierung oder einer zellul\u00e4ren Aufbereitung. Unser Technologieangebot erm\u00f6glicht problemlos den Einsatz von Ultraschall, ob es sich um Laborger\u00e4te aus unserer SilabTec-Reihe handelt oder um die Integration von Ultraschallmodulen in ein automatisiertes Laboranalysesystem zur Extraktion von gel\u00f6stem Gas, zur Vermeidung von Kreuzkontaminierung von Proben, f\u00fcr Erosionstests\u2026 [\/vc_column_text][mk_button dimension=&#8220;two&#8220; corner_style=&#8220;rounded&#8220; size=&#8220;medium&#8220;]Aufl\u00f6sung[\/mk_button][mk_button dimension=&#8220;two&#8220; corner_style=&#8220;rounded&#8220; size=&#8220;medium&#8220;]L\u00f6sung-Spr\u00fchen[\/mk_button][mk_button dimension=&#8220;two&#8220; corner_style=&#8220;rounded&#8220; size=&#8220;medium&#8220;]Extraktion gel\u00f6stes Gas[\/mk_button][mk_button dimension=&#8220;two&#8220; corner_style=&#8220;rounded&#8220; size=&#8220;medium&#8220;]Erosionstest (ASTM G32-92)[\/mk_button][mk_button dimension=&#8220;two&#8220; corner_style=&#8220;rounded&#8220; size=&#8220;medium&#8220;]Sonstige Anwendungen[\/mk_button][\/vc_column][\/mk_page_section][vc_row][vc_column width=&#8220;1\/2&#8243;][\/vc_column][vc_column width=&#8220;1\/2&#8243;][\/vc_column][\/vc_row]\n<\/div>","protected":false},"excerpt":{"rendered":"<p>[mk_page_section bg_stretch=&#8220;true&#8220; full_width=&#8220;true&#8220; sidebar=&#8220;sidebar-1&#8243;][vc_column][vc_single_image image=&#8220;10647&#8243; img_size=&#8220;1100&#215;455&#8243; alignment=&#8220;center&#8220;][\/vc_column][\/mk_page_section][mk_page_section][vc_column][vc_column_text css=&#8220;.vc_custom_1583230803363{margin-bottom: 0px !important;}&#8220;]SinapTec bietet \u00ab\u00a0einsatzbereite Ultraschallmodule\u00a0\u00bb mit der NexTgen Fernsteuerungstechnologie zur leichteren Integration und Einsatz, aber auch f\u00fcr alle Diagnosen und Aktualisierungen aus der Ferne durch unseren Kundendienst. Sei es f\u00fcr klassische Anwendungen wie Schwei\u00dfen, Reinigen, Schneiden, Entsch\u00e4umen, Herstellen, in schwierigen Umgebungen (Temperatur, Strahlung, hoher Druck, Explosionsgefahr\u2026) oder [&hellip;]<\/p>\n","protected":false},"author":1,"featured_media":0,"parent":0,"menu_order":0,"comment_status":"closed","ping_status":"closed","template":"","meta":{"_acf_changed":false,"footnotes":""},"class_list":["post-8397","page","type-page","status-publish","hentry"],"acf":[],"yoast_head":"<!-- This site is optimized with the Yoast SEO plugin v27.3 - https:\/\/yoast.com\/product\/yoast-seo-wordpress\/ -->\n<title>Unsere T\u00e4tigkeitsfelder |\u00a0SinapTec Ultrasonic<\/title>\n<meta name=\"description\" content=\"Unser industrielles Angebot an Ultraschallmodulen ist an die Verwendungszwecke und Anwendungen von Schneiden, Schwei\u00dfen, Zerst\u00e4uben und Reinigen angepasst.\" \/>\n<meta name=\"robots\" content=\"index, follow, max-snippet:-1, max-image-preview:large, max-video-preview:-1\" \/>\n<link rel=\"canonical\" href=\"https:\/\/www.sinaptec.fr\/de\/industrie\/\" \/>\n<meta property=\"og:locale\" content=\"de_DE\" \/>\n<meta property=\"og:type\" content=\"article\" \/>\n<meta property=\"og:title\" content=\"Unsere T\u00e4tigkeitsfelder |\u00a0SinapTec Ultrasonic\" \/>\n<meta property=\"og:description\" content=\"Unser industrielles Angebot an Ultraschallmodulen ist an die Verwendungszwecke und Anwendungen von Schneiden, Schwei\u00dfen, Zerst\u00e4uben und Reinigen angepasst.\" \/>\n<meta property=\"og:url\" content=\"https:\/\/www.sinaptec.fr\/de\/industrie\/\" \/>\n<meta property=\"og:site_name\" content=\"Sinaptec\" \/>\n<meta property=\"article:modified_time\" content=\"2024-05-29T13:53:02+00:00\" \/>\n<meta property=\"og:image\" content=\"https:\/\/www.sinaptec.fr\/wp-content\/uploads\/2023\/11\/logo-synap-tec-metadonnees.jpg\" \/>\n\t<meta property=\"og:image:width\" content=\"1200\" \/>\n\t<meta property=\"og:image:height\" content=\"675\" \/>\n\t<meta property=\"og:image:type\" content=\"image\/jpeg\" \/>\n<meta name=\"twitter:card\" content=\"summary_large_image\" \/>\n<meta name=\"twitter:label1\" content=\"Gesch\u00e4tzte Lesezeit\" \/>\n\t<meta name=\"twitter:data1\" content=\"3\u00a0Minuten\" \/>\n<script type=\"application\/ld+json\" class=\"yoast-schema-graph\">{\"@context\":\"https:\\\/\\\/schema.org\",\"@graph\":[{\"@type\":\"WebPage\",\"@id\":\"https:\\\/\\\/www.sinaptec.fr\\\/de\\\/industrie\\\/\",\"url\":\"https:\\\/\\\/www.sinaptec.fr\\\/de\\\/industrie\\\/\",\"name\":\"Unsere T\u00e4tigkeitsfelder |\u00a0SinapTec Ultrasonic\",\"isPartOf\":{\"@id\":\"https:\\\/\\\/www.sinaptec.fr\\\/de\\\/#website\"},\"datePublished\":\"2019-06-21T14:06:28+00:00\",\"dateModified\":\"2024-05-29T13:53:02+00:00\",\"description\":\"Unser industrielles Angebot an Ultraschallmodulen ist an die Verwendungszwecke und Anwendungen von Schneiden, Schwei\u00dfen, Zerst\u00e4uben und Reinigen angepasst.\",\"breadcrumb\":{\"@id\":\"https:\\\/\\\/www.sinaptec.fr\\\/de\\\/industrie\\\/#breadcrumb\"},\"inLanguage\":\"de\",\"potentialAction\":[{\"@type\":\"ReadAction\",\"target\":[\"https:\\\/\\\/www.sinaptec.fr\\\/de\\\/industrie\\\/\"]}]},{\"@type\":\"BreadcrumbList\",\"@id\":\"https:\\\/\\\/www.sinaptec.fr\\\/de\\\/industrie\\\/#breadcrumb\",\"itemListElement\":[{\"@type\":\"ListItem\",\"position\":1,\"name\":\"Accueil\",\"item\":\"https:\\\/\\\/www.sinaptec.fr\\\/de\\\/\"},{\"@type\":\"ListItem\",\"position\":2,\"name\":\"Industrie\"}]},{\"@type\":\"WebSite\",\"@id\":\"https:\\\/\\\/www.sinaptec.fr\\\/de\\\/#website\",\"url\":\"https:\\\/\\\/www.sinaptec.fr\\\/de\\\/\",\"name\":\"Sinaptec\",\"description\":\"Technologie Ultrasons\",\"publisher\":{\"@id\":\"https:\\\/\\\/www.sinaptec.fr\\\/de\\\/#organization\"},\"alternateName\":\"Expertise Ultrason\",\"potentialAction\":[{\"@type\":\"SearchAction\",\"target\":{\"@type\":\"EntryPoint\",\"urlTemplate\":\"https:\\\/\\\/www.sinaptec.fr\\\/de\\\/?s={search_term_string}\"},\"query-input\":{\"@type\":\"PropertyValueSpecification\",\"valueRequired\":true,\"valueName\":\"search_term_string\"}}],\"inLanguage\":\"de\"},{\"@type\":\"Organization\",\"@id\":\"https:\\\/\\\/www.sinaptec.fr\\\/de\\\/#organization\",\"name\":\"Sinap Tec\",\"alternateName\":\"Sinap Tec\",\"url\":\"https:\\\/\\\/www.sinaptec.fr\\\/de\\\/\",\"logo\":{\"@type\":\"ImageObject\",\"inLanguage\":\"de\",\"@id\":\"https:\\\/\\\/www.sinaptec.fr\\\/de\\\/#\\\/schema\\\/logo\\\/image\\\/\",\"url\":\"https:\\\/\\\/www.sinaptec.fr\\\/wp-content\\\/uploads\\\/2023\\\/11\\\/logo-synap-tec-metadonnees.jpg\",\"contentUrl\":\"https:\\\/\\\/www.sinaptec.fr\\\/wp-content\\\/uploads\\\/2023\\\/11\\\/logo-synap-tec-metadonnees.jpg\",\"width\":1200,\"height\":675,\"caption\":\"Sinap Tec\"},\"image\":{\"@id\":\"https:\\\/\\\/www.sinaptec.fr\\\/de\\\/#\\\/schema\\\/logo\\\/image\\\/\"}}]}<\/script>\n<!-- \/ Yoast SEO plugin. -->","yoast_head_json":{"title":"Unsere T\u00e4tigkeitsfelder |\u00a0SinapTec Ultrasonic","description":"Unser industrielles Angebot an Ultraschallmodulen ist an die Verwendungszwecke und Anwendungen von Schneiden, Schwei\u00dfen, Zerst\u00e4uben und Reinigen angepasst.","robots":{"index":"index","follow":"follow","max-snippet":"max-snippet:-1","max-image-preview":"max-image-preview:large","max-video-preview":"max-video-preview:-1"},"canonical":"https:\/\/www.sinaptec.fr\/de\/industrie\/","og_locale":"de_DE","og_type":"article","og_title":"Unsere T\u00e4tigkeitsfelder |\u00a0SinapTec Ultrasonic","og_description":"Unser industrielles Angebot an Ultraschallmodulen ist an die Verwendungszwecke und Anwendungen von Schneiden, Schwei\u00dfen, Zerst\u00e4uben und Reinigen angepasst.","og_url":"https:\/\/www.sinaptec.fr\/de\/industrie\/","og_site_name":"Sinaptec","article_modified_time":"2024-05-29T13:53:02+00:00","og_image":[{"width":1200,"height":675,"url":"https:\/\/www.sinaptec.fr\/wp-content\/uploads\/2023\/11\/logo-synap-tec-metadonnees.jpg","type":"image\/jpeg"}],"twitter_card":"summary_large_image","twitter_misc":{"Gesch\u00e4tzte Lesezeit":"3\u00a0Minuten"},"schema":{"@context":"https:\/\/schema.org","@graph":[{"@type":"WebPage","@id":"https:\/\/www.sinaptec.fr\/de\/industrie\/","url":"https:\/\/www.sinaptec.fr\/de\/industrie\/","name":"Unsere T\u00e4tigkeitsfelder |\u00a0SinapTec Ultrasonic","isPartOf":{"@id":"https:\/\/www.sinaptec.fr\/de\/#website"},"datePublished":"2019-06-21T14:06:28+00:00","dateModified":"2024-05-29T13:53:02+00:00","description":"Unser industrielles Angebot an Ultraschallmodulen ist an die Verwendungszwecke und Anwendungen von Schneiden, Schwei\u00dfen, Zerst\u00e4uben und Reinigen angepasst.","breadcrumb":{"@id":"https:\/\/www.sinaptec.fr\/de\/industrie\/#breadcrumb"},"inLanguage":"de","potentialAction":[{"@type":"ReadAction","target":["https:\/\/www.sinaptec.fr\/de\/industrie\/"]}]},{"@type":"BreadcrumbList","@id":"https:\/\/www.sinaptec.fr\/de\/industrie\/#breadcrumb","itemListElement":[{"@type":"ListItem","position":1,"name":"Accueil","item":"https:\/\/www.sinaptec.fr\/de\/"},{"@type":"ListItem","position":2,"name":"Industrie"}]},{"@type":"WebSite","@id":"https:\/\/www.sinaptec.fr\/de\/#website","url":"https:\/\/www.sinaptec.fr\/de\/","name":"Sinaptec","description":"Technologie Ultrasons","publisher":{"@id":"https:\/\/www.sinaptec.fr\/de\/#organization"},"alternateName":"Expertise Ultrason","potentialAction":[{"@type":"SearchAction","target":{"@type":"EntryPoint","urlTemplate":"https:\/\/www.sinaptec.fr\/de\/?s={search_term_string}"},"query-input":{"@type":"PropertyValueSpecification","valueRequired":true,"valueName":"search_term_string"}}],"inLanguage":"de"},{"@type":"Organization","@id":"https:\/\/www.sinaptec.fr\/de\/#organization","name":"Sinap Tec","alternateName":"Sinap Tec","url":"https:\/\/www.sinaptec.fr\/de\/","logo":{"@type":"ImageObject","inLanguage":"de","@id":"https:\/\/www.sinaptec.fr\/de\/#\/schema\/logo\/image\/","url":"https:\/\/www.sinaptec.fr\/wp-content\/uploads\/2023\/11\/logo-synap-tec-metadonnees.jpg","contentUrl":"https:\/\/www.sinaptec.fr\/wp-content\/uploads\/2023\/11\/logo-synap-tec-metadonnees.jpg","width":1200,"height":675,"caption":"Sinap Tec"},"image":{"@id":"https:\/\/www.sinaptec.fr\/de\/#\/schema\/logo\/image\/"}}]}},"_links":{"self":[{"href":"https:\/\/www.sinaptec.fr\/de\/wp-json\/wp\/v2\/pages\/8397","targetHints":{"allow":["GET"]}}],"collection":[{"href":"https:\/\/www.sinaptec.fr\/de\/wp-json\/wp\/v2\/pages"}],"about":[{"href":"https:\/\/www.sinaptec.fr\/de\/wp-json\/wp\/v2\/types\/page"}],"author":[{"embeddable":true,"href":"https:\/\/www.sinaptec.fr\/de\/wp-json\/wp\/v2\/users\/1"}],"replies":[{"embeddable":true,"href":"https:\/\/www.sinaptec.fr\/de\/wp-json\/wp\/v2\/comments?post=8397"}],"version-history":[{"count":15,"href":"https:\/\/www.sinaptec.fr\/de\/wp-json\/wp\/v2\/pages\/8397\/revisions"}],"predecessor-version":[{"id":12391,"href":"https:\/\/www.sinaptec.fr\/de\/wp-json\/wp\/v2\/pages\/8397\/revisions\/12391"}],"wp:attachment":[{"href":"https:\/\/www.sinaptec.fr\/de\/wp-json\/wp\/v2\/media?parent=8397"}],"curies":[{"name":"wp","href":"https:\/\/api.w.org\/{rel}","templated":true}]}}