{"id":6211,"date":"2015-06-10T09:45:25","date_gmt":"2015-06-10T09:45:25","guid":{"rendered":"http:\/\/www.sinaptec.fr\/?page_id=6211"},"modified":"2024-10-29T13:10:25","modified_gmt":"2024-10-29T12:10:25","slug":"home","status":"publish","type":"page","link":"https:\/\/www.sinaptec.fr\/de\/","title":{"rendered":"Home"},"content":{"rendered":"[mk_page_section padding_bottom=&#8220;0&#8243; sidebar=&#8220;sidebar-1&#8243;][vc_column][\/vc_column][\/mk_page_section][mk_page_section bg_color=&#8220;#f4f4f4&#8243; sidebar=&#8220;sidebar-1&#8243;][vc_column][layerslider_vc id=&#8220;4&#8243;][mk_fancy_title tag_name=&#8220;h1&#8243; size=&#8220;25&#8243; font_weight=&#8220;400&#8243; margin_top=&#8220;10&#8243; margin_bottom=&#8220;10&#8243; font_family=&#8220;none&#8220;]\n<p style=\"text-align: center;\">SinapTecs Kerngesch\u00e4ft : Design, Entwicklung, Herstellung und Vertrieb von Generatoren und Ultraschallwandlern f\u00fcr<br \/>\nIndustrie, Gesundheitswesen, Biowissenschaften und Forschung<br \/>\nf\u00fcr eine nachhaltige und bessere Zukunft.[\/mk_fancy_title][\/vc_column][\/mk_page_section][mk_page_section bg_color=&#8220;#ededed&#8220; min_height=&#8220;50&#8243; padding_top=&#8220;0&#8243; padding_bottom=&#8220;0&#8243; sidebar=&#8220;sidebar-1&#8243;][vc_column][mk_fancy_title size=&#8220;25&#8243; font_weight=&#8220;600&#8243; margin_top=&#8220;10&#8243; margin_bottom=&#8220;10&#8243; font_family=&#8220;none&#8220;]\n<p style=\"text-align: center;\">Unsere Spezialit\u00e4t<\/p>\n[\/mk_fancy_title][\/vc_column][\/mk_page_section][mk_page_section bg_color=&#8220;#ededed&#8220; padding_top=&#8220;0&#8243; sidebar=&#8220;sidebar-1&#8243;][vc_column width=&#8220;1\/2&#8243;][mk_fancy_title tag_name=&#8220;h3&#8243; size=&#8220;20&#8243; font_weight=&#8220;400&#8243; margin_top=&#8220;10&#8243; margin_bottom=&#8220;10&#8243; font_family=&#8220;none&#8220;]<strong>Wir beraten und begleiten unsere Kunden<\/strong> w\u00e4hrend der Integration und optimierten Nutzung unserer Technologie im<br \/>\nRahmen ihrer Projekte im Hinblick auf <strong>Ultraschallanwendungen und -prozesse.<\/strong>[\/mk_fancy_title][\/vc_column][vc_column width=&#8220;1\/2&#8243;][mk_fancy_title tag_name=&#8220;h3&#8243; size=&#8220;20&#8243; font_weight=&#8220;400&#8243; margin_top=&#8220;10&#8243; margin_bottom=&#8220;10&#8243; font_family=&#8220;none&#8220;]\n<p class=\"p1\"><strong>Wir beobachten und \u00fcberwachen unsere Produkte<\/strong> w\u00e4hrend des gesamten Lebenszyklus dank unserer F\u00e4higkeit aus der<br \/>\n<strong>Ferne schnell einzugreifen<\/strong> , wodurch kurze Reaktionszeiten und rigorose Kostenkontrolle gew\u00e4hrleistet werden.[\/mk_fancy_title][\/vc_column][\/mk_page_section][mk_page_section bg_color=&#8220;#dddddd&#8220; min_height=&#8220;50&#8243; padding_top=&#8220;0&#8243; padding_bottom=&#8220;0&#8243; sidebar=&#8220;sidebar-1&#8243;][vc_column][mk_fancy_title size=&#8220;25&#8243; font_weight=&#8220;600&#8243; margin_top=&#8220;10&#8243; margin_bottom=&#8220;10&#8243; font_family=&#8220;none&#8220;]\n<p style=\"text-align: center;\">Unsere Technologie<\/p>\n[\/mk_fancy_title][\/vc_column][\/mk_page_section][mk_page_section bg_color=&#8220;#dddddd&#8220; sidebar=&#8220;sidebar-1&#8243;][vc_column width=&#8220;1\/3&#8243;][vc_single_image image=&#8220;10647&#8243; img_size=&#8220;560&#215;440&#8243; add_caption=&#8220;yes&#8220; alignment=&#8220;center&#8220; onclick=&#8220;custom_link&#8220; link=&#8220;industrie&#8220;][vc_column_text css=&#8220;.vc_custom_1644844855917{margin-bottom: 0px !important;}&#8220;]<strong>Eine Kommunikationstechnologie f\u00fcr die verarbeitende Industrie<\/strong>[\/vc_column_text][mk_button dimension=&#8220;two&#8220; size=&#8220;medium&#8220; url=&#8220;industrie&#8220; margin_bottom=&#8220;0&#8243; bg_color=&#8220;#1c9cd8&#8243;]Weiterlesen[\/mk_button][\/vc_column][vc_column width=&#8220;1\/3&#8243;][vc_single_image image=&#8220;10656&#8243; img_size=&#8220;560&#215;440&#8243; alignment=&#8220;center&#8220; onclick=&#8220;custom_link&#8220; link=&#8220;nucleaire&#8220;][vc_column_text css=&#8220;.vc_custom_1644845006574{margin-bottom: 0px !important;}&#8220;]<strong>Eine langlebige Technologie f\u00fcr den Einsatz in der Atomkraft<\/strong>[\/vc_column_text][mk_button dimension=&#8220;two&#8220; size=&#8220;medium&#8220; url=&#8220;nucleaire\/&#8220; bg_color=&#8220;#1c9cd8&#8243;]Weiterlesen[\/mk_button][\/vc_column][vc_column width=&#8220;1\/3&#8243;][vc_single_image image=&#8220;10664&#8243; img_size=&#8220;560&#215;440&#8243; alignment=&#8220;center&#8220; onclick=&#8220;custom_link&#8220; link=&#8220;recherche\/&#8220;][vc_column_text css=&#8220;.vc_custom_1644845062731{margin-bottom: 0px !important;}&#8220;]<strong>Eine Analysetechnologie f\u00fcr die Forschung<\/strong>[\/vc_column_text][mk_button dimension=&#8220;two&#8220; size=&#8220;medium&#8220; url=&#8220;recherche\/&#8220; bg_color=&#8220;#1c9cd8&#8243;]Weiterlesen[\/mk_button][\/vc_column][\/mk_page_section][mk_page_section bg_color=&#8220;#c4c4c4&#8243; sidebar=&#8220;sidebar-1&#8243;][vc_column width=&#8220;1\/6&#8243;][\/vc_column][vc_column width=&#8220;1\/3&#8243;][vc_single_image image=&#8220;10668&#8243; img_size=&#8220;560&#215;440&#8243; add_caption=&#8220;yes&#8220; alignment=&#8220;center&#8220; onclick=&#8220;custom_link&#8220; link=&#8220;modules-et-composants-ultrasons\/&#8220;][vc_column_text css=&#8220;.vc_custom_1644845207967{margin-bottom: 0px !important;}&#8220;]<strong>Eine vielseitige Technologie f\u00fcr die Produktinnovation<\/strong>[\/vc_column_text][mk_button dimension=&#8220;two&#8220; size=&#8220;medium&#8220; url=&#8220;modules-et-composants-ultrasons\/&#8220; margin_bottom=&#8220;0&#8243; bg_color=&#8220;#1c9cd8&#8243;]Weiterlesen[\/mk_button][\/vc_column][vc_column width=&#8220;1\/3&#8243;][vc_single_image image=&#8220;10671&#8243; img_size=&#8220;560&#215;440&#8243; alignment=&#8220;center&#8220; onclick=&#8220;custom_link&#8220; link=&#8220;sante&#8220;][vc_column_text css=&#8220;.vc_custom_1644845247873{margin-bottom: 0px !important;}&#8220;]<strong>Eine verl\u00e4ssliche Technologie ideal f\u00fcr das Gesundheitswesen<\/strong>[\/vc_column_text][mk_button dimension=&#8220;two&#8220; size=&#8220;medium&#8220; url=&#8220;sante&#8220; bg_color=&#8220;#1c9cd8&#8243;]Weiterlesen[\/mk_button][\/vc_column][\/mk_page_section][mk_page_section bg_color=&#8220;#c4c4c4&#8243; sidebar=&#8220;sidebar-1&#8243;][vc_column width=&#8220;1\/4&#8243;][\/vc_column][vc_column width=&#8220;1\/2&#8243;][mk_button dimension=&#8220;two&#8220; size=&#8220;large&#8220; url=&#8220;category\/actus-2\/&#8220; align=&#8220;center&#8220; margin_top=&#8220;&#8220; bg_color=&#8220;#1c9cd8&#8243;]Nachrichten und Neuigkeiten[\/mk_button][\/vc_column][vc_column width=&#8220;1\/4&#8243;][\/vc_column][\/mk_page_section][mk_page_section bg_color=&#8220;#59585b&#8220; min_height=&#8220;0&#8243; padding_top=&#8220;80&#8243; padding_bottom=&#8220;40&#8243; first_page=&#8220;false&#8220; last_page=&#8220;false&#8220; sidebar=&#8220;sidebar-1&#8243;][vc_column width=&#8220;1\/4&#8243;][mk_milestone icon=&#8220;mk-li-users&#8220; icon_size=&#8220;large&#8220; align=&#8220;center&#8220; icon_color=&#8220;#ffffff&#8220; stop=&#8220;250&#8243; text=&#8220;Clients&#8220; text_color=&#8220;#ffffff&#8220; text_size=&#8220;36&#8243; font_family=&#8220;Montserrat&#8220; font_type=&#8220;google&#8220; font_weight=&#8220;300&#8243; desc_size=&#8220;18&#8243;][\/vc_column][vc_column width=&#8220;1\/4&#8243;][mk_milestone icon=&#8220;mk-li-file&#8220; icon_size=&#8220;large&#8220; align=&#8220;center&#8220; icon_color=&#8220;#ffffff&#8220; stop=&#8220;9500&#8243; text=&#8220;Produits vendus&#8220; text_color=&#8220;#ffffff&#8220; text_size=&#8220;36&#8243; font_family=&#8220;Montserrat&#8220; font_type=&#8220;google&#8220; font_weight=&#8220;300&#8243; desc_size=&#8220;18&#8243;][\/vc_column][vc_column width=&#8220;1\/4&#8243;][mk_milestone icon=&#8220;mk-li-host&#8220; icon_size=&#8220;large&#8220; align=&#8220;center&#8220; icon_color=&#8220;#ffffff&#8220; stop=&#8220;12&#8243; text=&#8220;Pays servis&#8220; text_color=&#8220;#ffffff&#8220; text_size=&#8220;36&#8243; font_family=&#8220;Montserrat&#8220; font_type=&#8220;google&#8220; font_weight=&#8220;300&#8243; desc_size=&#8220;18&#8243;][\/vc_column][vc_column width=&#8220;1\/4&#8243;][mk_milestone icon=&#8220;mk-li-graph&#8220; icon_size=&#8220;large&#8220; align=&#8220;center&#8220; icon_color=&#8220;#ffffff&#8220; stop=&#8220;+15%&#8220; text=&#8220;% de croissance annuelle&#8220; text_color=&#8220;#ffffff&#8220; text_size=&#8220;36&#8243; font_family=&#8220;Montserrat&#8220; font_type=&#8220;google&#8220; font_weight=&#8220;300&#8243; desc_size=&#8220;18&#8243;][\/vc_column][\/mk_page_section][mk_page_section][vc_column][vc_empty_space height=&#8220;20px&#8220;][\/vc_column][\/mk_page_section]\n","protected":false},"excerpt":{"rendered":"<p>[mk_page_section padding_bottom=&#8220;0&#8243; sidebar=&#8220;sidebar-1&#8243;][vc_column][\/vc_column][\/mk_page_section][mk_page_section bg_color=&#8220;#f4f4f4&#8243; sidebar=&#8220;sidebar-1&#8243;][vc_column][layerslider_vc id=&#8220;4&#8243;][mk_fancy_title tag_name=&#8220;h1&#8243; size=&#8220;25&#8243; font_weight=&#8220;400&#8243; margin_top=&#8220;10&#8243; margin_bottom=&#8220;10&#8243; font_family=&#8220;none&#8220;] SinapTecs Kerngesch\u00e4ft : Design, Entwicklung, Herstellung und Vertrieb von Generatoren und Ultraschallwandlern f\u00fcr Industrie, Gesundheitswesen, Biowissenschaften und Forschung f\u00fcr eine nachhaltige und bessere Zukunft.[\/mk_fancy_title][\/vc_column][\/mk_page_section][mk_page_section bg_color=&#8220;#ededed&#8220; min_height=&#8220;50&#8243; padding_top=&#8220;0&#8243; padding_bottom=&#8220;0&#8243; sidebar=&#8220;sidebar-1&#8243;][vc_column][mk_fancy_title size=&#8220;25&#8243; font_weight=&#8220;600&#8243; margin_top=&#8220;10&#8243; margin_bottom=&#8220;10&#8243; font_family=&#8220;none&#8220;] Unsere Spezialit\u00e4t [\/mk_fancy_title][\/vc_column][\/mk_page_section][mk_page_section bg_color=&#8220;#ededed&#8220; padding_top=&#8220;0&#8243; sidebar=&#8220;sidebar-1&#8243;][vc_column width=&#8220;1\/2&#8243;][mk_fancy_title tag_name=&#8220;h3&#8243; size=&#8220;20&#8243; [&hellip;]<\/p>\n","protected":false},"author":3,"featured_media":0,"parent":0,"menu_order":0,"comment_status":"closed","ping_status":"closed","template":"","meta":{"_acf_changed":false,"footnotes":""},"class_list":["post-6211","page","type-page","status-publish","hentry"],"acf":[],"yoast_head":"<!-- This site is optimized with the Yoast SEO plugin v27.3 - https:\/\/yoast.com\/product\/yoast-seo-wordpress\/ -->\n<title>Ultraschall Module und Verfahren | SinapTec ultrasonics<\/title>\n<meta name=\"description\" content=\"Mit fast 40 Jahren Erfahrung als franz\u00f6sischer Hersteller bietet SinapTec eine innovative Reihe von Ultraschallgeneratoren und -transduktoren f\u00fcr Ihre Anwendungen an.\" \/>\n<meta name=\"robots\" content=\"index, follow, max-snippet:-1, max-image-preview:large, max-video-preview:-1\" \/>\n<link rel=\"canonical\" href=\"https:\/\/www.sinaptec.fr\/de\/\" \/>\n<meta property=\"og:locale\" content=\"de_DE\" \/>\n<meta property=\"og:type\" content=\"article\" \/>\n<meta property=\"og:title\" content=\"Ultraschall Module und Verfahren | SinapTec ultrasonics\" \/>\n<meta property=\"og:description\" content=\"Mit fast 40 Jahren Erfahrung als franz\u00f6sischer Hersteller bietet SinapTec eine innovative Reihe von Ultraschallgeneratoren und -transduktoren f\u00fcr Ihre Anwendungen an.\" \/>\n<meta property=\"og:url\" content=\"https:\/\/www.sinaptec.fr\/de\/\" \/>\n<meta property=\"og:site_name\" content=\"Sinaptec\" \/>\n<meta property=\"article:modified_time\" content=\"2024-10-29T12:10:25+00:00\" \/>\n<meta property=\"og:image\" content=\"https:\/\/www.sinaptec.fr\/wp-content\/uploads\/2023\/11\/logo-synap-tec-metadonnees.jpg\" \/>\n\t<meta property=\"og:image:width\" content=\"1200\" \/>\n\t<meta property=\"og:image:height\" content=\"675\" \/>\n\t<meta property=\"og:image:type\" content=\"image\/jpeg\" \/>\n<meta name=\"twitter:card\" content=\"summary_large_image\" \/>\n<meta name=\"twitter:label1\" content=\"Gesch\u00e4tzte Lesezeit\" \/>\n\t<meta name=\"twitter:data1\" content=\"3\u00a0Minuten\" \/>\n<script type=\"application\/ld+json\" class=\"yoast-schema-graph\">{\"@context\":\"https:\\\/\\\/schema.org\",\"@graph\":[{\"@type\":\"WebPage\",\"@id\":\"https:\\\/\\\/www.sinaptec.fr\\\/de\\\/\",\"url\":\"https:\\\/\\\/www.sinaptec.fr\\\/de\\\/\",\"name\":\"Ultraschall Module und Verfahren | SinapTec ultrasonics\",\"isPartOf\":{\"@id\":\"https:\\\/\\\/www.sinaptec.fr\\\/de\\\/#website\"},\"datePublished\":\"2015-06-10T09:45:25+00:00\",\"dateModified\":\"2024-10-29T12:10:25+00:00\",\"description\":\"Mit fast 40 Jahren Erfahrung als franz\u00f6sischer Hersteller bietet SinapTec eine innovative Reihe von Ultraschallgeneratoren und -transduktoren f\u00fcr Ihre Anwendungen an.\",\"breadcrumb\":{\"@id\":\"https:\\\/\\\/www.sinaptec.fr\\\/de\\\/#breadcrumb\"},\"inLanguage\":\"de\",\"potentialAction\":[{\"@type\":\"ReadAction\",\"target\":[\"https:\\\/\\\/www.sinaptec.fr\\\/de\\\/\"]}]},{\"@type\":\"BreadcrumbList\",\"@id\":\"https:\\\/\\\/www.sinaptec.fr\\\/de\\\/#breadcrumb\",\"itemListElement\":[{\"@type\":\"ListItem\",\"position\":1,\"name\":\"Accueil\",\"item\":\"https:\\\/\\\/www.sinaptec.fr\\\/de\\\/\"},{\"@type\":\"ListItem\",\"position\":2,\"name\":\"Home\"}]},{\"@type\":\"WebSite\",\"@id\":\"https:\\\/\\\/www.sinaptec.fr\\\/de\\\/#website\",\"url\":\"https:\\\/\\\/www.sinaptec.fr\\\/de\\\/\",\"name\":\"Sinaptec\",\"description\":\"Technologie Ultrasons\",\"publisher\":{\"@id\":\"https:\\\/\\\/www.sinaptec.fr\\\/de\\\/#organization\"},\"alternateName\":\"Expertise Ultrason\",\"potentialAction\":[{\"@type\":\"SearchAction\",\"target\":{\"@type\":\"EntryPoint\",\"urlTemplate\":\"https:\\\/\\\/www.sinaptec.fr\\\/de\\\/?s={search_term_string}\"},\"query-input\":{\"@type\":\"PropertyValueSpecification\",\"valueRequired\":true,\"valueName\":\"search_term_string\"}}],\"inLanguage\":\"de\"},{\"@type\":\"Organization\",\"@id\":\"https:\\\/\\\/www.sinaptec.fr\\\/de\\\/#organization\",\"name\":\"Sinap Tec\",\"alternateName\":\"Sinap Tec\",\"url\":\"https:\\\/\\\/www.sinaptec.fr\\\/de\\\/\",\"logo\":{\"@type\":\"ImageObject\",\"inLanguage\":\"de\",\"@id\":\"https:\\\/\\\/www.sinaptec.fr\\\/de\\\/#\\\/schema\\\/logo\\\/image\\\/\",\"url\":\"https:\\\/\\\/www.sinaptec.fr\\\/wp-content\\\/uploads\\\/2023\\\/11\\\/logo-synap-tec-metadonnees.jpg\",\"contentUrl\":\"https:\\\/\\\/www.sinaptec.fr\\\/wp-content\\\/uploads\\\/2023\\\/11\\\/logo-synap-tec-metadonnees.jpg\",\"width\":1200,\"height\":675,\"caption\":\"Sinap Tec\"},\"image\":{\"@id\":\"https:\\\/\\\/www.sinaptec.fr\\\/de\\\/#\\\/schema\\\/logo\\\/image\\\/\"}}]}<\/script>\n<!-- \/ Yoast SEO plugin. -->","yoast_head_json":{"title":"Ultraschall Module und Verfahren | SinapTec ultrasonics","description":"Mit fast 40 Jahren Erfahrung als franz\u00f6sischer Hersteller bietet SinapTec eine innovative Reihe von Ultraschallgeneratoren und -transduktoren f\u00fcr Ihre Anwendungen an.","robots":{"index":"index","follow":"follow","max-snippet":"max-snippet:-1","max-image-preview":"max-image-preview:large","max-video-preview":"max-video-preview:-1"},"canonical":"https:\/\/www.sinaptec.fr\/de\/","og_locale":"de_DE","og_type":"article","og_title":"Ultraschall Module und Verfahren | SinapTec ultrasonics","og_description":"Mit fast 40 Jahren Erfahrung als franz\u00f6sischer Hersteller bietet SinapTec eine innovative Reihe von Ultraschallgeneratoren und -transduktoren f\u00fcr Ihre Anwendungen an.","og_url":"https:\/\/www.sinaptec.fr\/de\/","og_site_name":"Sinaptec","article_modified_time":"2024-10-29T12:10:25+00:00","og_image":[{"width":1200,"height":675,"url":"https:\/\/www.sinaptec.fr\/wp-content\/uploads\/2023\/11\/logo-synap-tec-metadonnees.jpg","type":"image\/jpeg"}],"twitter_card":"summary_large_image","twitter_misc":{"Gesch\u00e4tzte Lesezeit":"3\u00a0Minuten"},"schema":{"@context":"https:\/\/schema.org","@graph":[{"@type":"WebPage","@id":"https:\/\/www.sinaptec.fr\/de\/","url":"https:\/\/www.sinaptec.fr\/de\/","name":"Ultraschall Module und Verfahren | SinapTec ultrasonics","isPartOf":{"@id":"https:\/\/www.sinaptec.fr\/de\/#website"},"datePublished":"2015-06-10T09:45:25+00:00","dateModified":"2024-10-29T12:10:25+00:00","description":"Mit fast 40 Jahren Erfahrung als franz\u00f6sischer Hersteller bietet SinapTec eine innovative Reihe von Ultraschallgeneratoren und -transduktoren f\u00fcr Ihre Anwendungen an.","breadcrumb":{"@id":"https:\/\/www.sinaptec.fr\/de\/#breadcrumb"},"inLanguage":"de","potentialAction":[{"@type":"ReadAction","target":["https:\/\/www.sinaptec.fr\/de\/"]}]},{"@type":"BreadcrumbList","@id":"https:\/\/www.sinaptec.fr\/de\/#breadcrumb","itemListElement":[{"@type":"ListItem","position":1,"name":"Accueil","item":"https:\/\/www.sinaptec.fr\/de\/"},{"@type":"ListItem","position":2,"name":"Home"}]},{"@type":"WebSite","@id":"https:\/\/www.sinaptec.fr\/de\/#website","url":"https:\/\/www.sinaptec.fr\/de\/","name":"Sinaptec","description":"Technologie Ultrasons","publisher":{"@id":"https:\/\/www.sinaptec.fr\/de\/#organization"},"alternateName":"Expertise Ultrason","potentialAction":[{"@type":"SearchAction","target":{"@type":"EntryPoint","urlTemplate":"https:\/\/www.sinaptec.fr\/de\/?s={search_term_string}"},"query-input":{"@type":"PropertyValueSpecification","valueRequired":true,"valueName":"search_term_string"}}],"inLanguage":"de"},{"@type":"Organization","@id":"https:\/\/www.sinaptec.fr\/de\/#organization","name":"Sinap Tec","alternateName":"Sinap Tec","url":"https:\/\/www.sinaptec.fr\/de\/","logo":{"@type":"ImageObject","inLanguage":"de","@id":"https:\/\/www.sinaptec.fr\/de\/#\/schema\/logo\/image\/","url":"https:\/\/www.sinaptec.fr\/wp-content\/uploads\/2023\/11\/logo-synap-tec-metadonnees.jpg","contentUrl":"https:\/\/www.sinaptec.fr\/wp-content\/uploads\/2023\/11\/logo-synap-tec-metadonnees.jpg","width":1200,"height":675,"caption":"Sinap Tec"},"image":{"@id":"https:\/\/www.sinaptec.fr\/de\/#\/schema\/logo\/image\/"}}]}},"_links":{"self":[{"href":"https:\/\/www.sinaptec.fr\/de\/wp-json\/wp\/v2\/pages\/6211","targetHints":{"allow":["GET"]}}],"collection":[{"href":"https:\/\/www.sinaptec.fr\/de\/wp-json\/wp\/v2\/pages"}],"about":[{"href":"https:\/\/www.sinaptec.fr\/de\/wp-json\/wp\/v2\/types\/page"}],"author":[{"embeddable":true,"href":"https:\/\/www.sinaptec.fr\/de\/wp-json\/wp\/v2\/users\/3"}],"replies":[{"embeddable":true,"href":"https:\/\/www.sinaptec.fr\/de\/wp-json\/wp\/v2\/comments?post=6211"}],"version-history":[{"count":35,"href":"https:\/\/www.sinaptec.fr\/de\/wp-json\/wp\/v2\/pages\/6211\/revisions"}],"predecessor-version":[{"id":13381,"href":"https:\/\/www.sinaptec.fr\/de\/wp-json\/wp\/v2\/pages\/6211\/revisions\/13381"}],"wp:attachment":[{"href":"https:\/\/www.sinaptec.fr\/de\/wp-json\/wp\/v2\/media?parent=6211"}],"curies":[{"name":"wp","href":"https:\/\/api.w.org\/{rel}","templated":true}]}}